{"id":7834,"date":"2024-02-07T17:44:54","date_gmt":"2024-02-07T17:44:54","guid":{"rendered":""},"modified":"2026-03-09T10:26:03","modified_gmt":"2026-03-09T09:26:03","slug":"stativruehrwerk-fuer-60-liter-fass-antrieb-atex-zone-1","status":"publish","type":"product","link":"https:\/\/ptm-mechatronics.com\/it\/product\/stativruehrwerk-fuer-60-liter-fass-antrieb-atex-zone-1\/","title":{"rendered":"Agitatore a cavalletto per fusto da 60 litri - Azionamento ATEX Zona 1"},"content":{"rendered":"<h1><span style=\"font-size: 90%;\">Agitatore a cavalletto per fusti da 100 litri - sicuro, ergonomico e potente<\/span><\/h1>\n<p>Il miscelatore a cavalletto per fusti da 100 litri \u00e8 composto da un potente azionamento pneumatico con copertura, un cavalletto stabile con dispositivo di sollevamento automatico e pannello di controllo, nonch\u00e9 un albero agitatore con agitatore eco-Cup in acciaio inossidabile di alta qualit\u00e0 V4A 1.4404. I componenti sono adattati in modo ottimale alla miscelazione di fluidi a bassa o alta viscosit\u00e0 in fusti da 100 litri e garantiscono risultati di miscelazione affidabili e costanti.<\/p>\n<p>Il dispositivo di sollevamento automatico consente di lavorare in modo ergonomico e sicuro e di cambiare i contenitori in modo rapido e comodo. Il processo di miscelazione \u00e8 controllato in modo semplice e chiaro dal pannello di controllo sul supporto.<\/p>\n<p>Per una maggiore sicurezza, l'impastatrice \u00e8 dotata di una funzione di spegnimento automatico quando si solleva il coperchio, per evitare che si arrivi alle parti in movimento. Quando viene abbassato, l'agitatore si avvia automaticamente grazie a un sistema integrato di rilevamento dei contenitori.<\/p>\n<p>La fornitura \u00e8 senza barile.<\/p>","protected":false},"excerpt":{"rendered":"<p>Potente miscelatore a cavalletto per fusto da 100 litri - azionamento certificato per ATEX Zona 1 - elevato livello di sicurezza sul lavoro.<\/p>","protected":false},"featured_media":15445,"comment_status":"open","ping_status":"closed","template":"","meta":{"_acf_changed":false},"product_brand":[],"product_cat":[595,603],"product_tag":[],"class_list":{"0":"post-7834","1":"product","2":"type-product","3":"status-publish","4":"has-post-thumbnail","6":"product_cat-ruehrwerkstechnik","7":"product_cat-fassruehrwerke","8":"product_shipping_class-europalette-speditionsversand","9":"pa_antriebsart-pneumatisch","10":"pa_atex-zone-122122","11":"pa_behaeltervolumen-60-liter","12":"pa_deckeldurchmesser-440mm","13":"pa_dichtung-ptfe","14":"pa_drehmoment-4nm","15":"pa_drehzahl-0-300-1-min","16":"pa_durchmesser-ruehrwelle-16mm","17":"pa_ex-gas-ex-ii-2-g-ex-h-iic-t5-gb-x","18":"pa_ex-staub-ex-ii-2-d-ex-h-iiic-t100c-db-x","19":"pa_geeignete-fassdurchmesser-60-liter","20":"pa_geraeuschpegel-75db","21":"pa_gesamtbreite-550mm","22":"pa_gesamthoehe-1746mm","23":"pa_gesamttiefe-700mm","24":"pa_labs-oel-und-silikonfrei","25":"pa_laenge-ruehrwelle-ca-540mm-ab-deckeloberkante","26":"pa_material-deckel-v4a-edelstahl-1-4404","27":"pa_mittlerer-luftverbrauch-25l-min","28":"pa_model-eco-station","29":"pa_ruehrorgan-becherruehrorgan-eco-cup-210mm","30":"pa_stativverfahrweg-700mm","31":"pa_typ-stativruehrwerk","32":"pa_versorgung-5-6bar","34":"first","35":"instock","36":"taxable","37":"shipping-taxable","38":"purchasable","39":"product-type-simple"},"bundled_by":[],"bundle_stock_status":"instock","bundle_stock_quantity":null,"bundle_virtual":false,"bundle_layout":"","bundle_add_to_cart_form_location":"","bundle_editable_in_cart":false,"bundle_sold_individually_context":"","bundle_item_grouping":"","bundle_min_size":"","bundle_max_size":"","bundle_price":[],"bundled_items":[],"bundle_sell_ids":[],"exclude_global_add_ons":[],"addons":[],"acf":[],"_links":{"self":[{"href":"https:\/\/ptm-mechatronics.com\/it\/wp-json\/wp\/v2\/product\/7834","targetHints":{"allow":["GET"]}}],"collection":[{"href":"https:\/\/ptm-mechatronics.com\/it\/wp-json\/wp\/v2\/product"}],"about":[{"href":"https:\/\/ptm-mechatronics.com\/it\/wp-json\/wp\/v2\/types\/product"}],"replies":[{"embeddable":true,"href":"https:\/\/ptm-mechatronics.com\/it\/wp-json\/wp\/v2\/comments?post=7834"}],"wp:featuredmedia":[{"embeddable":true,"href":"https:\/\/ptm-mechatronics.com\/it\/wp-json\/wp\/v2\/media\/15445"}],"wp:attachment":[{"href":"https:\/\/ptm-mechatronics.com\/it\/wp-json\/wp\/v2\/media?parent=7834"}],"wp:term":[{"taxonomy":"product_brand","embeddable":true,"href":"https:\/\/ptm-mechatronics.com\/it\/wp-json\/wp\/v2\/product_brand?post=7834"},{"taxonomy":"product_cat","embeddable":true,"href":"https:\/\/ptm-mechatronics.com\/it\/wp-json\/wp\/v2\/product_cat?post=7834"},{"taxonomy":"product_tag","embeddable":true,"href":"https:\/\/ptm-mechatronics.com\/it\/wp-json\/wp\/v2\/product_tag?post=7834"}],"curies":[{"name":"wp","href":"https:\/\/api.w.org\/{rel}","templated":true}]}}