{"id":7676,"date":"2024-02-07T17:44:31","date_gmt":"2024-02-07T17:44:31","guid":{"rendered":""},"modified":"2025-11-07T15:52:22","modified_gmt":"2025-11-07T14:52:22","slug":"trapezringmischer-fuer-handruehrer-eco-up","status":"publish","type":"product","link":"https:\/\/ptm-mechatronics.com\/it\/product\/trapezringmischer-fuer-handruehrer-eco-up\/","title":{"rendered":"Miscelatore ad anello trapezoidale per miscelatore manuale eco-Up"},"content":{"rendered":"<p>Il miscelatore ad anello trapezoidale \u00e8 un agitatore assiale ad alta velocit\u00e0 con propriet\u00e0 di trasporto turbolento, spesso utilizzato per fluidi a bassa viscosit\u00e0. \u00c8 particolarmente adatto per l'omogeneizzazione e la sospensione.<\/p>","protected":false},"excerpt":{"rendered":"<p>Miscelatore ad anello trapezoidale con diametro di 150 mm in acciaio inox V4A di alta qualit\u00e0 1.4571<\/p>","protected":false},"featured_media":15450,"comment_status":"open","ping_status":"closed","template":"","meta":{"_acf_changed":false},"product_brand":[],"product_cat":[595,600,631],"product_tag":[],"class_list":{"0":"post-7676","1":"product","2":"type-product","3":"status-publish","4":"has-post-thumbnail","6":"product_cat-ruehrwerkstechnik","7":"product_cat-handruehrer","8":"product_cat-ruehrorgane","9":"product_shipping_class-karton-paketversand","10":"pa_aufnahme-fuer-ruehrorgan-m14-gewinde","11":"pa_blattanstellung-683","12":"pa_blattdicke-3mm","13":"pa_durchmesser-150mm","14":"pa_foerderrichtung-materialabwaertsfoerdernd-fuer-niedrigviskose-medien","15":"pa_laenge-600mm","16":"pa_material-mischer-v4a-edelstahl-1-4571","17":"pa_material-ruehrwelle-v4a-edelstahl-1-4404","18":"pa_oberflaeche-glasperlengestrahlt","20":"first","21":"instock","22":"taxable","23":"shipping-taxable","24":"purchasable","25":"product-type-simple"},"bundled_by":[],"bundle_stock_status":"instock","bundle_stock_quantity":null,"bundle_virtual":false,"bundle_layout":"","bundle_add_to_cart_form_location":"","bundle_editable_in_cart":false,"bundle_sold_individually_context":"","bundle_item_grouping":"","bundle_min_size":"","bundle_max_size":"","bundle_price":[],"bundled_items":[],"bundle_sell_ids":[],"exclude_global_add_ons":[],"addons":[],"acf":[],"_links":{"self":[{"href":"https:\/\/ptm-mechatronics.com\/it\/wp-json\/wp\/v2\/product\/7676","targetHints":{"allow":["GET"]}}],"collection":[{"href":"https:\/\/ptm-mechatronics.com\/it\/wp-json\/wp\/v2\/product"}],"about":[{"href":"https:\/\/ptm-mechatronics.com\/it\/wp-json\/wp\/v2\/types\/product"}],"replies":[{"embeddable":true,"href":"https:\/\/ptm-mechatronics.com\/it\/wp-json\/wp\/v2\/comments?post=7676"}],"wp:featuredmedia":[{"embeddable":true,"href":"https:\/\/ptm-mechatronics.com\/it\/wp-json\/wp\/v2\/media\/15450"}],"wp:attachment":[{"href":"https:\/\/ptm-mechatronics.com\/it\/wp-json\/wp\/v2\/media?parent=7676"}],"wp:term":[{"taxonomy":"product_brand","embeddable":true,"href":"https:\/\/ptm-mechatronics.com\/it\/wp-json\/wp\/v2\/product_brand?post=7676"},{"taxonomy":"product_cat","embeddable":true,"href":"https:\/\/ptm-mechatronics.com\/it\/wp-json\/wp\/v2\/product_cat?post=7676"},{"taxonomy":"product_tag","embeddable":true,"href":"https:\/\/ptm-mechatronics.com\/it\/wp-json\/wp\/v2\/product_tag?post=7676"}],"curies":[{"name":"wp","href":"https:\/\/api.w.org\/{rel}","templated":true}]}}