{"id":4273,"date":"2024-02-07T17:44:52","date_gmt":"2024-02-07T17:44:52","guid":{"rendered":""},"modified":"2025-11-07T15:54:51","modified_gmt":"2025-11-07T14:54:51","slug":"abluftfilter-paket","status":"publish","type":"product","link":"https:\/\/ptm-mechatronics.com\/it\/product\/abluftfilter-paket\/","title":{"rendered":"Pacchetto filtro aria di scarico per azionamenti PTM"},"content":{"rendered":"<h2 data-start=\"211\" data-end=\"306\"><span style=\"font-size: 75%;\">Pacchetto di filtri per l'aria di scarico per gli azionamenti ad aria compressa PTM - riduzione del rumore e instradamento sicuro dell'aria di scarico<\/span><\/h2>\n<p data-start=\"308\" data-end=\"642\">Il pacchetto di filtri per l'aria di scarico per gli azionamenti ad aria compressa PTM combina un'efficace riduzione del rumore con uno scarico sicuro dell'aria compressa. Dotato di un silenziatore integrato, riduce in modo affidabile il livello di rumore a soli 50 dB(A), ideale per le aree di produzione e gli ambienti di lavoro sensibili al rumore.<\/p>\n<p data-start=\"644\" data-end=\"1007\">Il sistema protegge i processi vicini da turbolenze d'aria indesiderate, umidit\u00e0 o contaminazione, scaricando selettivamente l'aria di scarico. Il pacchetto di filtri pu\u00f2 essere facilmente collegato ai convertitori di frequenza PTM esistenti ed \u00e8 efficiente e richiede poca manutenzione nel funzionamento quotidiano.<\/p>","protected":false},"excerpt":{"rendered":"<p>Il pacchetto di filtri dell'aria di scarico per i convertitori di aria compressa PTM riduce il rumore di funzionamento a 50 dB(A) e scarica l'aria compressa in modo sicuro: l'ideale per ambienti di lavoro puliti, silenziosi e sicuri.<\/p>","protected":false},"featured_media":15418,"comment_status":"open","ping_status":"closed","template":"","meta":{"_acf_changed":false},"product_brand":[],"product_cat":[595,1421],"product_tag":[3030,3031,3032,3033,3034,3035,3036,3037,3038,3039],"class_list":{"0":"post-4273","1":"product","2":"type-product","3":"status-publish","4":"has-post-thumbnail","6":"product_cat-ruehrwerkstechnik","7":"product_cat-zubehoer-ruehrwerkstechnik","8":"product_tag-abluftfilter-druckluftmotor","9":"product_tag-schalldaempfer-ptm","10":"product_tag-abluftfuehrung-druckluftantrieb","11":"product_tag-filterpaket-ptm-motor","12":"product_tag-geraeuschreduzierung-druckluft","13":"product_tag-druckluftfilter-50-db","14":"product_tag-schalldaempfer-ruehrwerksantrieb","15":"product_tag-druckluftzubehoer-ptm","16":"product_tag-druckluftmotor-filter","17":"product_tag-druckluft-schalldaempfer-atex","18":"product_shipping_class-karton-paketversand","19":"pa_schlauchlaenge-50mm","21":"first","22":"instock","23":"taxable","24":"shipping-taxable","25":"purchasable","26":"product-type-variable"},"bundled_by":[],"bundle_stock_status":"instock","bundle_stock_quantity":null,"bundle_virtual":false,"bundle_layout":"","bundle_add_to_cart_form_location":"","bundle_editable_in_cart":false,"bundle_sold_individually_context":"","bundle_item_grouping":"","bundle_min_size":"","bundle_max_size":"","bundle_price":[],"bundled_items":[],"bundle_sell_ids":[],"exclude_global_add_ons":[],"addons":[],"acf":[],"_links":{"self":[{"href":"https:\/\/ptm-mechatronics.com\/it\/wp-json\/wp\/v2\/product\/4273","targetHints":{"allow":["GET"]}}],"collection":[{"href":"https:\/\/ptm-mechatronics.com\/it\/wp-json\/wp\/v2\/product"}],"about":[{"href":"https:\/\/ptm-mechatronics.com\/it\/wp-json\/wp\/v2\/types\/product"}],"replies":[{"embeddable":true,"href":"https:\/\/ptm-mechatronics.com\/it\/wp-json\/wp\/v2\/comments?post=4273"}],"wp:featuredmedia":[{"embeddable":true,"href":"https:\/\/ptm-mechatronics.com\/it\/wp-json\/wp\/v2\/media\/15418"}],"wp:attachment":[{"href":"https:\/\/ptm-mechatronics.com\/it\/wp-json\/wp\/v2\/media?parent=4273"}],"wp:term":[{"taxonomy":"product_brand","embeddable":true,"href":"https:\/\/ptm-mechatronics.com\/it\/wp-json\/wp\/v2\/product_brand?post=4273"},{"taxonomy":"product_cat","embeddable":true,"href":"https:\/\/ptm-mechatronics.com\/it\/wp-json\/wp\/v2\/product_cat?post=4273"},{"taxonomy":"product_tag","embeddable":true,"href":"https:\/\/ptm-mechatronics.com\/it\/wp-json\/wp\/v2\/product_tag?post=4273"}],"curies":[{"name":"wp","href":"https:\/\/api.w.org\/{rel}","templated":true}]}}