{"id":3935,"date":"2024-02-07T17:44:42","date_gmt":"2024-02-07T17:44:42","guid":{"rendered":""},"modified":"2025-11-07T15:51:21","modified_gmt":"2025-11-07T14:51:21","slug":"druckluftmotor-inox-4nm-0-300rpm","status":"publish","type":"product","link":"https:\/\/ptm-mechatronics.com\/it\/product\/druckluftmotor-inox-4nm-0-300rpm\/","title":{"rendered":"Motore pneumatico INOX, 4Nm, 0-300 giri\/min."},"content":{"rendered":"<p>I motori pneumatici PTM sono adatti a un'ampia gamma di applicazioni grazie alla loro struttura molto robusta, puramente meccanica, e alla loro potenza. In generale, possono essere utilizzati come azionamenti in impianti e macchine o per generare movimenti rotatori e girevoli. I motori pneumatici PTM si basano sul principio del pistone radiale estremamente efficiente: nonostante il basso consumo d'aria, i motori sviluppano un grado di efficienza molto elevato e una coppia molto alta. Questo li rende l'alternativa moderna ed economica ai motori a palette. Possono funzionare sia in rotazione oraria che antioraria e possono essere caricati a vuoto. Grazie alle loro dimensioni compatte, possono essere integrati in quasi tutte le applicazioni. Il modello INOX \u00e8 inoltre dotato di protezione completa contro le esplosioni per le zone ATEX 1, 2, 21 e 22, conformit\u00e0 alimentare e farmaceutica, classe di camera bianca ISO1 in conformit\u00e0 alla norma DIN 14644 ed \u00e8 a tenuta stagna in conformit\u00e0 alla classe di protezione IP68, oltre a essere resistente ad acidi e sostanze chimiche.<\/p>","protected":false},"excerpt":{"rendered":"<p>Motore pneumatico INOX, Estremamente efficiente e potente, il motore pneumatico raggiunge un livello di efficienza molto elevato e una coppia molto alta nonostante il minimo consumo di aria. Certificazione ATEX, conformit\u00e0 alimentare e farmaceutica, classe di camera bianca ISO1 secondo DIN 14644, impermeabilit\u00e0 secondo la classe di protezione IP68, resistenza ad acidi e sostanze chimiche.<\/p>","protected":false},"featured_media":15382,"comment_status":"open","ping_status":"closed","template":"","meta":{"_acf_changed":false},"product_brand":[],"product_cat":[21],"product_tag":[],"class_list":{"0":"post-3935","1":"product","2":"type-product","3":"status-publish","4":"has-post-thumbnail","6":"product_cat-unkategorisiert","7":"product_shipping_class-karton-paketversand","8":"pa_antriebsart-pneumatisch","9":"pa_atex-zone-122122","10":"pa_dichtung-ptfe-fda-konform","11":"pa_drehmoment-4nm","12":"pa_drehzahl-0-300-1-min","13":"pa_durchmesser-99mm","14":"pa_ex-gas-ex-ii-2-g-ex-h-iic-t5-gb-x","15":"pa_ex-staub-ex-ii-2-d-ex-h-iiic-t100c-db-x","16":"pa_geraeuschpegel-75db","17":"pa_hoehe-52mm","18":"pa_labs-oel-und-silikonfrei","19":"pa_luftanschluesse-2xm6x075","20":"pa_material-gehaeuse-v4a-edelstahl-1-4404-elektropoliert","21":"pa_model-pmo-450-inox","22":"pa_reinraumklassifizierung-iso1-nach-din14644","23":"pa_schutzart-ip68","24":"pa_steckverschraubung-2xschlauch-o6mm","25":"pa_versorgung-5-6bar","27":"first","28":"instock","29":"taxable","30":"shipping-taxable","31":"purchasable","32":"product-type-simple"},"bundled_by":["4346"],"bundle_stock_status":"instock","bundle_stock_quantity":null,"bundle_virtual":false,"bundle_layout":"","bundle_add_to_cart_form_location":"","bundle_editable_in_cart":false,"bundle_sold_individually_context":"","bundle_item_grouping":"","bundle_min_size":"","bundle_max_size":"","bundle_price":[],"bundled_items":[],"bundle_sell_ids":[],"exclude_global_add_ons":[],"addons":[],"acf":[],"_links":{"self":[{"href":"https:\/\/ptm-mechatronics.com\/it\/wp-json\/wp\/v2\/product\/3935","targetHints":{"allow":["GET"]}}],"collection":[{"href":"https:\/\/ptm-mechatronics.com\/it\/wp-json\/wp\/v2\/product"}],"about":[{"href":"https:\/\/ptm-mechatronics.com\/it\/wp-json\/wp\/v2\/types\/product"}],"replies":[{"embeddable":true,"href":"https:\/\/ptm-mechatronics.com\/it\/wp-json\/wp\/v2\/comments?post=3935"}],"wp:featuredmedia":[{"embeddable":true,"href":"https:\/\/ptm-mechatronics.com\/it\/wp-json\/wp\/v2\/media\/15382"}],"wp:attachment":[{"href":"https:\/\/ptm-mechatronics.com\/it\/wp-json\/wp\/v2\/media?parent=3935"}],"wp:term":[{"taxonomy":"product_brand","embeddable":true,"href":"https:\/\/ptm-mechatronics.com\/it\/wp-json\/wp\/v2\/product_brand?post=3935"},{"taxonomy":"product_cat","embeddable":true,"href":"https:\/\/ptm-mechatronics.com\/it\/wp-json\/wp\/v2\/product_cat?post=3935"},{"taxonomy":"product_tag","embeddable":true,"href":"https:\/\/ptm-mechatronics.com\/it\/wp-json\/wp\/v2\/product_tag?post=3935"}],"curies":[{"name":"wp","href":"https:\/\/api.w.org\/{rel}","templated":true}]}}