{"id":3890,"date":"2024-02-07T17:44:41","date_gmt":"2024-02-07T17:44:41","guid":{"rendered":""},"modified":"2025-11-07T15:51:14","modified_gmt":"2025-11-07T14:51:14","slug":"anschlussblock-edelstahl-fuer-dauerbetrieb-in-eine-drehrichtung-fuer-ptm-antrieb-3600","status":"publish","type":"product","link":"https:\/\/ptm-mechatronics.com\/it\/product\/anschlussblock-edelstahl-fuer-dauerbetrieb-in-eine-drehrichtung-fuer-ptm-antrieb-3600\/","title":{"rendered":"Blocco di connessione in acciaio inox per funzionamento continuo in un senso di rotazione per attuatore PTM 3600"},"content":{"rendered":"<p>Il blocco di connessione garantisce una maggiore durata del prodotto per applicazioni in un solo senso di rotazione (con il mozzo rivolto in senso antiorario).<\/p>","protected":false},"excerpt":{"rendered":"<p>Der Anschlussblock sorgt f\u00fcr eine l\u00e4ngere Produktlebensdauer f\u00fcr Anwendungen in eine Drehrichtung (mit Blick auf die Nabe gegen den Uhrzeigersinn).<\/p>","protected":false},"featured_media":15381,"comment_status":"open","ping_status":"closed","template":"","meta":{"_acf_changed":false},"product_brand":[],"product_cat":[21],"product_tag":[],"class_list":{"0":"post-3890","1":"product","2":"type-product","3":"status-publish","4":"has-post-thumbnail","6":"product_cat-unkategorisiert","7":"product_shipping_class-karton-paketversand","9":"first","10":"instock","11":"taxable","12":"shipping-taxable","13":"purchasable","14":"product-type-simple"},"bundled_by":["4346"],"bundle_stock_status":"instock","bundle_stock_quantity":null,"bundle_virtual":false,"bundle_layout":"","bundle_add_to_cart_form_location":"","bundle_editable_in_cart":false,"bundle_sold_individually_context":"","bundle_item_grouping":"","bundle_min_size":"","bundle_max_size":"","bundle_price":[],"bundled_items":[],"bundle_sell_ids":[],"exclude_global_add_ons":[],"addons":[],"acf":[],"_links":{"self":[{"href":"https:\/\/ptm-mechatronics.com\/it\/wp-json\/wp\/v2\/product\/3890","targetHints":{"allow":["GET"]}}],"collection":[{"href":"https:\/\/ptm-mechatronics.com\/it\/wp-json\/wp\/v2\/product"}],"about":[{"href":"https:\/\/ptm-mechatronics.com\/it\/wp-json\/wp\/v2\/types\/product"}],"replies":[{"embeddable":true,"href":"https:\/\/ptm-mechatronics.com\/it\/wp-json\/wp\/v2\/comments?post=3890"}],"wp:featuredmedia":[{"embeddable":true,"href":"https:\/\/ptm-mechatronics.com\/it\/wp-json\/wp\/v2\/media\/15381"}],"wp:attachment":[{"href":"https:\/\/ptm-mechatronics.com\/it\/wp-json\/wp\/v2\/media?parent=3890"}],"wp:term":[{"taxonomy":"product_brand","embeddable":true,"href":"https:\/\/ptm-mechatronics.com\/it\/wp-json\/wp\/v2\/product_brand?post=3890"},{"taxonomy":"product_cat","embeddable":true,"href":"https:\/\/ptm-mechatronics.com\/it\/wp-json\/wp\/v2\/product_cat?post=3890"},{"taxonomy":"product_tag","embeddable":true,"href":"https:\/\/ptm-mechatronics.com\/it\/wp-json\/wp\/v2\/product_tag?post=3890"}],"curies":[{"name":"wp","href":"https:\/\/api.w.org\/{rel}","templated":true}]}}