{"id":3455,"date":"2024-02-07T17:44:22","date_gmt":"2024-02-07T17:44:22","guid":{"rendered":""},"modified":"2026-04-13T09:13:11","modified_gmt":"2026-04-13T07:13:11","slug":"stativruehrwerk-fuer-kleingebinde-antrieb-atex-zone-1","status":"publish","type":"product","link":"https:\/\/ptm-mechatronics.com\/it\/product\/stativruehrwerk-fuer-kleingebinde-antrieb-atex-zone-1\/","title":{"rendered":"Miscelatore pneumatico per piccoli contenitori e laboratorio - ATEX"},"content":{"rendered":"<p>Il miscelatore a stativo per piccoli contenitori e laboratori \u00e8 la soluzione ideale per processi di miscelazione efficienti e sicuri nella produzione. Combina una tecnologia all'avanguardia con un funzionamento semplice e consente di ottimizzare il processo di miscelazione in piccoli contenitori.<\/p>\n<h3><span style=\"font-size: 90%;\">Caratteristiche e vantaggi:<\/span><\/h3>\n<ul>\n<li>Potente azionamento pneumatico: per un'agitazione affidabile e costante.<\/li>\n<li>Manipolazione ergonomica e sicura: il dispositivo di sollevamento automatico facilita il processo di miscelazione e il cambio dei contenitori e garantisce un metodo di lavoro ergonomico.<\/li>\n<li>Flessibilit\u00e0 grazie alle altezze di agitazione regolabili: Grazie al freno meccanico, il supporto pu\u00f2 essere regolato con precisione a diverse altezze di agitazione. Ci\u00f2 garantisce un'elevata precisione di ripetizione nel processo di produzione e riduce i tempi di allestimento.<\/li>\n<li>Adattamento a contenitori di diverse dimensioni: Il supporto di bloccaggio consente di fissare saldamente contenitori di diverse altezze e diametri e garantisce la stabilit\u00e0 durante il processo di miscelazione.<\/li>\n<li>Semplice controllo: il pratico pannello di controllo consente un funzionamento intuitivo e il pieno controllo del processo di miscelazione.<\/li>\n<\/ul>\n<p>Questo mescolatore a cavalletto combina efficienza, sicurezza e versatilit\u00e0 ed \u00e8 la scelta perfetta per le applicazioni pi\u00f9 impegnative nella lavorazione di piccoli contenitori.<\/p>\n<p>La fornitura non comprende il tavolo e il contenitore<\/p>","protected":false},"excerpt":{"rendered":"<p>Potente miscelatore a cavalletto per piccoli contenitori fino a 30 litri - azionamento certificato per ATEX Zona 1 - elevata sicurezza sul lavoro.<\/p>","protected":false},"featured_media":15351,"comment_status":"open","ping_status":"closed","template":"","meta":{"_acf_changed":false},"product_brand":[],"product_cat":[595,612],"product_tag":[2821,2822,2549,2814,2815,2816,2817,2818,2819,2820],"class_list":{"0":"post-3455","1":"product","2":"type-product","3":"status-publish","4":"has-post-thumbnail","6":"product_cat-ruehrwerkstechnik","7":"product_cat-kleingebinderuehrwerke","8":"product_tag-ex-geschuetztes-ruehrwerk","9":"product_tag-atex-zertifiziertes-ruehrwerk","10":"product_tag-pneumatisches-ruehrwerk-atex","11":"product_tag-atex-ruehrwerk","12":"product_tag-stativruehrwerk-kleingebinde","13":"product_tag-explosionsgeschuetztes-ruehrwerk","14":"product_tag-ruehrwerk-zone-1","15":"product_tag-ptm-ruehrtechnik","16":"product_tag-ruehrwerk-fuer-gefahrstoffe","17":"product_tag-kleingebinderuehrwerk-atex","18":"product_shipping_class-europalette-speditionsversand","19":"pa_antriebsart-pneumatisch","20":"pa_atex-fuer-atex-zone-1","21":"pa_atex-zone-122122","22":"pa_behaeltervolumen-10-20-liter","23":"pa_deckeldurchmesser-380mm","24":"pa_dichtung-ptfe","25":"pa_drehmoment-4nm","26":"pa_drehzahl-0-300-1-min","27":"pa_durchmesser-ruehrwelle-16mm","28":"pa_ex-gas-ex-ii-2-g-ex-h-iic-t5-gb-x","29":"pa_ex-staub-ex-ii-2-d-ex-h-iiic-t100c-db-x","30":"pa_geeignete-fassdurchmesser-30-liter","31":"pa_geraeuschpegel-75db","32":"pa_gesamtbreite-440mm","33":"pa_gesamthoehe-1335mm","34":"pa_gesamttiefe-600mm","35":"pa_labs-oel-und-silikonfrei","36":"pa_laenge-ruehrwelle-ca-360mm-ab-deckloberkante","37":"pa_material-deckel-v4a-edelstahl-1-4404","38":"pa_mittlerer-luftverbrauch-50l-min","39":"pa_model-eco-station-30","40":"pa_ruehrorgan-becherruehrorgan-eco-cup-170mm","41":"pa_stativverfahrweg-500mm","42":"pa_typ-stativruehrwerk","43":"pa_versorgung-5-6bar","45":"first","46":"instock","47":"taxable","48":"shipping-taxable","49":"purchasable","50":"product-type-simple"},"bundled_by":[],"bundle_stock_status":"instock","bundle_stock_quantity":null,"bundle_virtual":false,"bundle_layout":"","bundle_add_to_cart_form_location":"","bundle_editable_in_cart":false,"bundle_sold_individually_context":"","bundle_item_grouping":"","bundle_min_size":"","bundle_max_size":"","bundle_price":[],"bundled_items":[],"bundle_sell_ids":[],"exclude_global_add_ons":[],"addons":[],"acf":[],"_links":{"self":[{"href":"https:\/\/ptm-mechatronics.com\/it\/wp-json\/wp\/v2\/product\/3455","targetHints":{"allow":["GET"]}}],"collection":[{"href":"https:\/\/ptm-mechatronics.com\/it\/wp-json\/wp\/v2\/product"}],"about":[{"href":"https:\/\/ptm-mechatronics.com\/it\/wp-json\/wp\/v2\/types\/product"}],"replies":[{"embeddable":true,"href":"https:\/\/ptm-mechatronics.com\/it\/wp-json\/wp\/v2\/comments?post=3455"}],"wp:featuredmedia":[{"embeddable":true,"href":"https:\/\/ptm-mechatronics.com\/it\/wp-json\/wp\/v2\/media\/15351"}],"wp:attachment":[{"href":"https:\/\/ptm-mechatronics.com\/it\/wp-json\/wp\/v2\/media?parent=3455"}],"wp:term":[{"taxonomy":"product_brand","embeddable":true,"href":"https:\/\/ptm-mechatronics.com\/it\/wp-json\/wp\/v2\/product_brand?post=3455"},{"taxonomy":"product_cat","embeddable":true,"href":"https:\/\/ptm-mechatronics.com\/it\/wp-json\/wp\/v2\/product_cat?post=3455"},{"taxonomy":"product_tag","embeddable":true,"href":"https:\/\/ptm-mechatronics.com\/it\/wp-json\/wp\/v2\/product_tag?post=3455"}],"curies":[{"name":"wp","href":"https:\/\/api.w.org\/{rel}","templated":true}]}}