{"id":3403,"date":"2024-02-07T17:44:21","date_gmt":"2024-02-07T17:44:21","guid":{"rendered":""},"modified":"2025-11-07T15:50:43","modified_gmt":"2025-11-07T14:50:43","slug":"ruehrwerk-fuer-200-liter-spundfass-antrieb-atex-zone-1","status":"publish","type":"product","link":"https:\/\/ptm-mechatronics.com\/it\/product\/ruehrwerk-fuer-200-liter-spundfass-antrieb-atex-zone-1\/","title":{"rendered":"Agitatore per fusto da 200 litri - Azionamento ATEX Zona 1"},"content":{"rendered":"<h1 data-start=\"224\" data-end=\"307\"><span style=\"font-size: 75%;\">Agitatore pneumatico per fusti a cocchiume - certificato ATEX, robusto, flessibile, pronto per l'uso immediato<\/span><\/h1>\n<p data-start=\"309\" data-end=\"686\">Il potente agitatore pneumatico per fusti a cocchiume \u00e8 ideale per miscelare in modo affidabile un'ampia gamma di sostanze, da quelle a bassa a quelle ad alta viscosit\u00e0. La traversa regolabile in acciaio inox V4A 1.4404 di alta qualit\u00e0 \u00e8 particolarmente robusta e pu\u00f2 essere adattata in modo flessibile a contenitori di diametro compreso tra 378 e 613 mm. Il sistema \u00e8 fissato saldamente in posizione grazie a due morsetti a sgancio rapido.<\/p>\n<p data-start=\"688\" data-end=\"996\">Il foro di sfiato conforme alla norma DIN 6643 - G3\/4 rimane liberamente accessibile. Grazie al miscelatore a lame inclinate incernierate fornito in dotazione, l'agitatore \u00e8 ideale per le aperture dei fusti da 2\u2033. L'albero dell'agitatore in acciaio inox \u00e8 incluso nella fornitura: il sistema \u00e8 quindi pronto per l'uso immediato.<\/p>\n<p data-start=\"688\" data-end=\"996\">Nota: i fusti dei tappi non sono standardizzati. Verificare attentamente le dimensioni e la profondit\u00e0 del proprio fusto. In alcuni casi, potrebbe essere necessario adattare l'albero dell'agitatore. Saremo lieti di consigliarvi personalmente.<\/p>\n<p data-start=\"1202\" data-end=\"1247\">La fornitura \u00e8 senza tamburo e senza tubo.<\/p>","protected":false},"excerpt":{"rendered":"<p>Agitatore pneumatico con traversa V4A per fusti con tappo, pronto per l'uso immediato, regolabile in modo flessibile e ideale per aperture di fusti da 2\u2033.<\/p>","protected":false},"featured_media":15347,"comment_status":"open","ping_status":"closed","template":"","meta":{"_acf_changed":false},"product_brand":[],"product_cat":[595,603],"product_tag":[],"class_list":{"0":"post-3403","1":"product","2":"type-product","3":"status-publish","4":"has-post-thumbnail","6":"product_cat-ruehrwerkstechnik","7":"product_cat-fassruehrwerke","8":"product_shipping_class-karton-paketversand","9":"pa_antriebsart-pneumatisch","10":"pa_atex-zone-122122","11":"pa_behaeltervolumen-200-liter","12":"pa_dichtung-ptfe","13":"pa_drehmoment-16nm","14":"pa_drehzahl-0-300-1-min","15":"pa_durchmesser-ruehrwelle-20mm","16":"pa_ex-gas-ex-ii-2-g-ex-h-iic-t5-gb-x","17":"pa_ex-staub-ex-ii-2-d-ex-h-iiic-t100c-db-x","18":"pa_geeignete-fassdurchmesser-fuer-60-bis-200-liter-spundfaesser","19":"pa_geraeuschpegel-75db","20":"pa_labs-oel-und-silikonfrei","21":"pa_laenge-ruehrwelle-ca-730mm-ab-deckeloberkante","22":"pa_material-gehaeuse-aluminium-eloxiert","23":"pa_material-traverse-v4a-edelstahl-1-4404","24":"pa_mittlerer-luftverbrauch-100l-min","25":"pa_ruehrorgan-klapp-schraegblattmischer-d200mm","26":"pa_schutzart-ip67","27":"pa_steckverschraubung-abluft-schlauch-o12mm","28":"pa_steckverschraubung-zuluft-schlauch-o8mm","29":"pa_traversenspannweite-zwischen-378-und-613mm-einstellbar","30":"pa_typ-traversenruehrwerk","31":"pa_typ-spundfassruehrwerk","32":"pa_versorgung-5-6bar","34":"first","35":"instock","36":"taxable","37":"shipping-taxable","38":"purchasable","39":"product-type-simple"},"bundled_by":[],"bundle_stock_status":"instock","bundle_stock_quantity":null,"bundle_virtual":false,"bundle_layout":"","bundle_add_to_cart_form_location":"","bundle_editable_in_cart":false,"bundle_sold_individually_context":"","bundle_item_grouping":"","bundle_min_size":"","bundle_max_size":"","bundle_price":[],"bundled_items":[],"bundle_sell_ids":[],"exclude_global_add_ons":[],"addons":[],"acf":[],"_links":{"self":[{"href":"https:\/\/ptm-mechatronics.com\/it\/wp-json\/wp\/v2\/product\/3403","targetHints":{"allow":["GET"]}}],"collection":[{"href":"https:\/\/ptm-mechatronics.com\/it\/wp-json\/wp\/v2\/product"}],"about":[{"href":"https:\/\/ptm-mechatronics.com\/it\/wp-json\/wp\/v2\/types\/product"}],"replies":[{"embeddable":true,"href":"https:\/\/ptm-mechatronics.com\/it\/wp-json\/wp\/v2\/comments?post=3403"}],"wp:featuredmedia":[{"embeddable":true,"href":"https:\/\/ptm-mechatronics.com\/it\/wp-json\/wp\/v2\/media\/15347"}],"wp:attachment":[{"href":"https:\/\/ptm-mechatronics.com\/it\/wp-json\/wp\/v2\/media?parent=3403"}],"wp:term":[{"taxonomy":"product_brand","embeddable":true,"href":"https:\/\/ptm-mechatronics.com\/it\/wp-json\/wp\/v2\/product_brand?post=3403"},{"taxonomy":"product_cat","embeddable":true,"href":"https:\/\/ptm-mechatronics.com\/it\/wp-json\/wp\/v2\/product_cat?post=3403"},{"taxonomy":"product_tag","embeddable":true,"href":"https:\/\/ptm-mechatronics.com\/it\/wp-json\/wp\/v2\/product_tag?post=3403"}],"curies":[{"name":"wp","href":"https:\/\/api.w.org\/{rel}","templated":true}]}}