{"id":3256,"date":"2024-02-07T17:44:19","date_gmt":"2024-02-07T17:44:19","guid":{"rendered":""},"modified":"2026-03-09T10:30:45","modified_gmt":"2026-03-09T09:30:45","slug":"laborruehrer-eco-lab-900g-inox","status":"publish","type":"product","link":"https:\/\/ptm-mechatronics.com\/it\/product\/laborruehrer-eco-lab-900g-inox\/","title":{"rendered":"Agitatore da laboratorio eco-Lab 900G INOX"},"content":{"rendered":"<p class=\"translation-block\" data-start=\"196\" data-end=\"555\">L\"<strong data-start=\"200\" data-end=\"228\">agitatore da laboratorio eco-Lab INOX<\/strong> \u00e8 realizzato in acciaio inossidabile di alta qualit\u00e0 <strong data-start=\"251\" data-end=\"275\">V4A 1.4404<\/strong> e convince per la sua eccezionale robustezza, igiene e prestazioni. Dotato dell'efficiente <strong data-start=\"406\" data-end=\"428\">motore agitatore Eco<\/strong>, <strong data-start=\"430\" data-end=\"452\">mandrino ad azione rapida<\/strong> e <strong data-start=\"457\" data-end=\"472\">asta di montaggio<\/strong>, eco-Lab INOX pu\u00f2 essere integrato senza problemi in un'ampia gamma di applicazioni.<\/p>\n<p class=\"translation-block\" data-start=\"557\" data-end=\"961\">La sua <strong data-start=\"563\" data-end=\"583\">bassa velocit\u00e0<\/strong> combinata con una <strong data-start=\"601\" data-end=\"626\">coppia molto elevata<\/strong> consente di miscelare in modo affidabile e uniforme tutte le sostanze, da quelle a bassa viscosit\u00e0 a quelle ad alta viscosit\u00e0. Grazie alle <strong data-start=\"749\" data-end=\"783\">superfici in acciaio inox lucidato<\/strong> e al <strong data-start=\"788\" data-end=\"808\">design soft-edge<\/strong> (pochi spigoli e sottosquadri), l'eco- Lab INOX \u00e8 stato appositamente progettato per l'uso in laboratorio.Lab INOX \u00e8 stato progettato appositamente per l'uso in <strong data-start=\"896\" data-end=\"910\">locali puliti<\/strong> e <strong data-start=\"915\" data-end=\"949\">aree sensibili dal punto di vista igienico<\/strong>.<\/p>\n<p class=\"\" data-start=\"963\" data-end=\"994\">I vantaggi in sintesi:<\/p>\n<ul>\n<li data-start=\"997\" data-end=\"1033\">In acciaio inossidabile V4A 1.4404<\/li>\n<li data-start=\"997\" data-end=\"1033\">Elevati standard di igiene per le camere bianche<\/li>\n<li data-start=\"997\" data-end=\"1033\">Adatto per fluidi a bassa e alta viscosit\u00e0<\/li>\n<li data-start=\"997\" data-end=\"1033\">Coppia elevata a bassa velocit\u00e0<\/li>\n<li data-start=\"997\" data-end=\"1033\">Integrazione rapida grazie all'asta di montaggio e al mandrino a serraggio rapido<\/li>\n<li data-start=\"997\" data-end=\"1033\">Superfici lucide e resistenti<\/li>\n<li data-start=\"997\" data-end=\"1033\">Durevole e di facile manutenzione<\/li>\n<\/ul>\n<p><span style=\"font-size: 75%;\">La fornitura non comprende il supporto e il contenitore<\/span><\/p>","protected":false},"excerpt":{"rendered":"<p>Agitatore da laboratorio in acciaio inox V4A 1.4404 di alta qualit\u00e0 con coppia elevata a bassa velocit\u00e0, design igienico per un uso affidabile in camere bianche, per sostanze a bassa o alta viscosit\u00e0.<\/p>","protected":false},"featured_media":15326,"comment_status":"open","ping_status":"closed","template":"","meta":{"_acf_changed":false},"product_brand":[],"product_cat":[596,595],"product_tag":[2839,2840,2841,2842,2843,2834,2835,2836,2837,2838],"class_list":{"0":"post-3256","1":"product","2":"type-product","3":"status-publish","4":"has-post-thumbnail","6":"product_cat-laborruehrer","7":"product_cat-ruehrwerkstechnik","8":"product_tag-ruehrwerk-fuer-hochviskose-substanzen","9":"product_tag-ruehrwerk-mit-hohem-drehmoment","10":"product_tag-schnellspannfutter-ruehrwerk","11":"product_tag-laborruehrer-fuer-reinraum","12":"product_tag-hygienisches-ruehrwerk-edelstahl","13":"product_tag-laborruehrer-edelstahl","14":"product_tag-eco-lab-inox","15":"product_tag-ruehrwerk-v4a-edelstahl","16":"product_tag-laborruehrwerk-kaufen","17":"product_tag-hygieneruehrwerk-reinraum","18":"product_shipping_class-karton-paketversand","19":"pa_antriebsart-pneumatisch","20":"pa_atex-zone-122122","21":"pa_dichtung-ptfe-fda-konform","22":"pa_drehmoment-4nm","23":"pa_drehzahl-0-600-1-min","24":"pa_durchmesser-106mm","25":"pa_ex-gas-ex-ii-2-g-ex-h-iic-t5-gb-x","26":"pa_ex-staub-ex-ii-2-d-ex-h-iiic-t100c-db-x","27":"pa_geraeuschpegel-75db","28":"pa_labeling-lasergravur","29":"pa_labs-oel-und-silikonfrei","30":"pa_material-gehaeuse-v4a-edelstahl-1-4404-elektropoliert","31":"pa_mittlerer-luftverbrauch-50l-min","32":"pa_model-eco-lab-900g-inox","33":"pa_montagestab-d12mm","34":"pa_reinraumklassifizierung-iso1-nach-din14644","35":"pa_schutzart-ip68","36":"pa_steckverschraubung-abluft-schlauch-o10mm","37":"pa_steckverschraubung-zuluft-schlauch-o6mm","38":"pa_versorgung-5-6bar","40":"first","41":"instock","42":"taxable","43":"shipping-taxable","44":"purchasable","45":"product-type-simple"},"bundled_by":[],"bundle_stock_status":"instock","bundle_stock_quantity":null,"bundle_virtual":false,"bundle_layout":"","bundle_add_to_cart_form_location":"","bundle_editable_in_cart":false,"bundle_sold_individually_context":"","bundle_item_grouping":"","bundle_min_size":"","bundle_max_size":"","bundle_price":[],"bundled_items":[],"bundle_sell_ids":[],"exclude_global_add_ons":[],"addons":[],"acf":[],"_links":{"self":[{"href":"https:\/\/ptm-mechatronics.com\/it\/wp-json\/wp\/v2\/product\/3256","targetHints":{"allow":["GET"]}}],"collection":[{"href":"https:\/\/ptm-mechatronics.com\/it\/wp-json\/wp\/v2\/product"}],"about":[{"href":"https:\/\/ptm-mechatronics.com\/it\/wp-json\/wp\/v2\/types\/product"}],"replies":[{"embeddable":true,"href":"https:\/\/ptm-mechatronics.com\/it\/wp-json\/wp\/v2\/comments?post=3256"}],"wp:featuredmedia":[{"embeddable":true,"href":"https:\/\/ptm-mechatronics.com\/it\/wp-json\/wp\/v2\/media\/15326"}],"wp:attachment":[{"href":"https:\/\/ptm-mechatronics.com\/it\/wp-json\/wp\/v2\/media?parent=3256"}],"wp:term":[{"taxonomy":"product_brand","embeddable":true,"href":"https:\/\/ptm-mechatronics.com\/it\/wp-json\/wp\/v2\/product_brand?post=3256"},{"taxonomy":"product_cat","embeddable":true,"href":"https:\/\/ptm-mechatronics.com\/it\/wp-json\/wp\/v2\/product_cat?post=3256"},{"taxonomy":"product_tag","embeddable":true,"href":"https:\/\/ptm-mechatronics.com\/it\/wp-json\/wp\/v2\/product_tag?post=3256"}],"curies":[{"name":"wp","href":"https:\/\/api.w.org\/{rel}","templated":true}]}}