{"id":15710,"date":"2025-12-01T09:36:52","date_gmt":"2025-12-01T08:36:52","guid":{"rendered":"https:\/\/ptm-mechatronics.com\/?post_type=product&#038;p=15710"},"modified":"2026-01-21T09:12:13","modified_gmt":"2026-01-21T08:12:13","slug":"fasspumpe-hygienic-design-max-foerderleistung","status":"publish","type":"product","link":"https:\/\/ptm-mechatronics.com\/it\/product\/fasspumpe-hygienic-design-max-foerderleistung\/","title":{"rendered":"Pompa per fusti Design igienico 0,8 bar"},"content":{"rendered":"<h1 data-start=\"227\" data-end=\"303\"><span style=\"font-size: 75%;\">Gruppo pompa a tamburo dal design igienico per la massima capacit\u00e0 di erogazione<\/span><\/h1>\n<p>Questa potente pompa per fusti dal design igienico \u00e8 stata sviluppata appositamente per applicazioni esigenti dal punto di vista igienico e combina la massima capacit\u00e0 di erogazione con un'affidabile sicurezza operativa. Il potente motore a corrente alternata (850 W, 230 V, 8500 giri\/min) \u00e8 dotato di protezione da sovraccarico termico, sgancio da sottotensione in conformit\u00e0 alla Direttiva Macchine 2006\/42\/CE e classe di protezione IP24 - ideale per l'uso in aree sensibili come l'industria alimentare, cosmetica o farmaceutica.<\/p>\n<p>L'unit\u00e0 di pompaggio \u00e8 realizzata in acciaio inox di alta qualit\u00e0 (1.4571) e dispone di una tenuta meccanica durevole in carbonio\/ceramica\/A4\/FKM e di una girante a flusso assiale. La profondit\u00e0 di immersione \u00e8 di 1000 mm con un diametro del tubo di 40 mm. Il sistema \u00e8 certificato ATEX per la Zona II 1\/2 G IIB T3 ed \u00e8 quindi adatto anche alle atmosfere potenzialmente esplosive.<\/p>\n<p>Il set di accessori comprende tutti i componenti necessari per un avvio immediato:<\/p>\n<ul>\n<li>2 m Tubo in tessuto PVC DN25<\/li>\n<li>2x raccordi per tubi flessibili in acciaio inox DN25<\/li>\n<li>2x fascette stringitubo in acciaio inox<\/li>\n<li>1x ugello benzina in acciaio inox\/PTFE<\/li>\n<li>1x adattatore per barile PP<\/li>\n<li>1x staffa a parete<\/li>\n<\/ul>","protected":false},"excerpt":{"rendered":"<p>Pompa a tamburo dal design igienico con motore da 850 W, gruppo pompa in acciaio inox e set di accessori per applicazioni sensibili all'igiene con portate elevate.<\/p>","protected":false},"featured_media":15716,"comment_status":"closed","ping_status":"closed","template":"","meta":{"_acf_changed":false},"product_brand":[],"product_cat":[3206,3266,3224],"product_tag":[3227,3248,3249,3250,3251,3252,3253,3254,3255],"class_list":{"0":"post-15710","1":"product","2":"type-product","3":"status-publish","4":"has-post-thumbnail","6":"product_cat-pumpentechnik","7":"product_cat-hygienic-design-pumpen","8":"product_cat-fasspumpen","9":"product_tag-fasspumpen-komplettset","10":"product_tag-chemie-fasspumpe","11":"product_tag-fasspumpen-set-chemikalien","12":"product_tag-pvdf-pumpe","13":"product_tag-hastelloy-c-pumpwerk","14":"product_tag-zapfpistole-pvdf-fep","15":"product_tag-schlauch-dn25-chemie","16":"product_tag-fasspumpe-aggressiv","17":"product_tag-pumpwerk-dl-pvdf-hc","18":"product_shipping_class-karton-paketversand","19":"pa_dichtung-kohle-keramik-a4-fkm","20":"pa_foerderleistung-max-100-l-min","21":"pa_leistung-850-watt","22":"pa_material-edelstahl","23":"pa_schutzart-ip24","24":"pa_spannung-230v","26":"first","27":"instock","28":"taxable","29":"shipping-taxable","30":"purchasable","31":"product-type-simple"},"bundled_by":[],"bundle_stock_status":"instock","bundle_stock_quantity":null,"bundle_virtual":false,"bundle_layout":"","bundle_add_to_cart_form_location":"","bundle_editable_in_cart":false,"bundle_sold_individually_context":"","bundle_item_grouping":"","bundle_min_size":"","bundle_max_size":"","bundle_price":[],"bundled_items":[],"bundle_sell_ids":[],"exclude_global_add_ons":[],"addons":[],"acf":[],"_links":{"self":[{"href":"https:\/\/ptm-mechatronics.com\/it\/wp-json\/wp\/v2\/product\/15710","targetHints":{"allow":["GET"]}}],"collection":[{"href":"https:\/\/ptm-mechatronics.com\/it\/wp-json\/wp\/v2\/product"}],"about":[{"href":"https:\/\/ptm-mechatronics.com\/it\/wp-json\/wp\/v2\/types\/product"}],"replies":[{"embeddable":true,"href":"https:\/\/ptm-mechatronics.com\/it\/wp-json\/wp\/v2\/comments?post=15710"}],"wp:featuredmedia":[{"embeddable":true,"href":"https:\/\/ptm-mechatronics.com\/it\/wp-json\/wp\/v2\/media\/15716"}],"wp:attachment":[{"href":"https:\/\/ptm-mechatronics.com\/it\/wp-json\/wp\/v2\/media?parent=15710"}],"wp:term":[{"taxonomy":"product_brand","embeddable":true,"href":"https:\/\/ptm-mechatronics.com\/it\/wp-json\/wp\/v2\/product_brand?post=15710"},{"taxonomy":"product_cat","embeddable":true,"href":"https:\/\/ptm-mechatronics.com\/it\/wp-json\/wp\/v2\/product_cat?post=15710"},{"taxonomy":"product_tag","embeddable":true,"href":"https:\/\/ptm-mechatronics.com\/it\/wp-json\/wp\/v2\/product_tag?post=15710"}],"curies":[{"name":"wp","href":"https:\/\/api.w.org\/{rel}","templated":true}]}}