{"id":15632,"date":"2025-11-20T15:13:46","date_gmt":"2025-11-20T14:13:46","guid":{"rendered":"https:\/\/ptm-mechatronics.com\/?post_type=product&#038;p=15632"},"modified":"2025-12-03T12:52:22","modified_gmt":"2025-12-03T11:52:22","slug":"universalmotor-fuer-fasspumpen-700-watt-atex","status":"publish","type":"product","link":"https:\/\/ptm-mechatronics.com\/it\/product\/universalmotor-fuer-fasspumpen-700-watt-atex\/","title":{"rendered":"Motore universale per pompe per fusti, 700 watt, ATEX"},"content":{"rendered":"<h1 data-start=\"196\" data-end=\"275\"><span style=\"font-size: 75%;\">Motore universale ATEX per pompe per fusti<br \/>\n<\/span><span style=\"font-size: 75%;\">- Compatto, potente, versatile<\/span><\/h1>\n<p data-start=\"277\" data-end=\"588\">Il motore universale certificato ATEX (Ex II 2 G EEx de IIC T5) \u00e8 l'elemento centrale di azionamento della vostra pompa per fusti modulare ATEX. Con una potenza di 700 W, una tensione di 230 V a 50 Hz e una classe di protezione IP54, il motore offre una potenza affidabile per il funzionamento continuo in ambienti potenzialmente esplosivi.<\/p>\n<p data-start=\"590\" data-end=\"911\">Il motore pu\u00f2 essere assemblato e smontato senza attrezzi, il che offre la massima flessibilit\u00e0 nella gestione e nella pulizia. \u00c8 compatibile con tutte le stazioni di pompaggio ATEX PTM e convince per il pompaggio sicuro, comodo e igienico di un'ampia gamma di liquidi.<\/p>","protected":false},"excerpt":{"rendered":"<p>Motore universale ATEX con potenza di 700 W, unit\u00e0 di azionamento compatta per pompe modulari per fusti di PTM mechatronics che pu\u00f2 essere installata senza attrezzi.<\/p>","protected":false},"featured_media":15709,"comment_status":"closed","ping_status":"closed","template":"","meta":{"_acf_changed":false},"product_brand":[],"product_cat":[3206,3224],"product_tag":[],"class_list":{"0":"post-15632","1":"product","2":"type-product","3":"status-publish","4":"has-post-thumbnail","6":"product_cat-pumpentechnik","7":"product_cat-fasspumpen","8":"product_shipping_class-karton-paketversand","9":"pa_leistung-700-watt","10":"pa_schutzart-ip54","11":"pa_spannung-230v","13":"first","14":"instock","15":"taxable","16":"shipping-taxable","17":"purchasable","18":"product-type-simple"},"bundled_by":[],"bundle_stock_status":"instock","bundle_stock_quantity":null,"bundle_virtual":false,"bundle_layout":"","bundle_add_to_cart_form_location":"","bundle_editable_in_cart":false,"bundle_sold_individually_context":"","bundle_item_grouping":"","bundle_min_size":"","bundle_max_size":"","bundle_price":[],"bundled_items":[],"bundle_sell_ids":[],"exclude_global_add_ons":[],"addons":[],"acf":[],"_links":{"self":[{"href":"https:\/\/ptm-mechatronics.com\/it\/wp-json\/wp\/v2\/product\/15632","targetHints":{"allow":["GET"]}}],"collection":[{"href":"https:\/\/ptm-mechatronics.com\/it\/wp-json\/wp\/v2\/product"}],"about":[{"href":"https:\/\/ptm-mechatronics.com\/it\/wp-json\/wp\/v2\/types\/product"}],"replies":[{"embeddable":true,"href":"https:\/\/ptm-mechatronics.com\/it\/wp-json\/wp\/v2\/comments?post=15632"}],"wp:featuredmedia":[{"embeddable":true,"href":"https:\/\/ptm-mechatronics.com\/it\/wp-json\/wp\/v2\/media\/15709"}],"wp:attachment":[{"href":"https:\/\/ptm-mechatronics.com\/it\/wp-json\/wp\/v2\/media?parent=15632"}],"wp:term":[{"taxonomy":"product_brand","embeddable":true,"href":"https:\/\/ptm-mechatronics.com\/it\/wp-json\/wp\/v2\/product_brand?post=15632"},{"taxonomy":"product_cat","embeddable":true,"href":"https:\/\/ptm-mechatronics.com\/it\/wp-json\/wp\/v2\/product_cat?post=15632"},{"taxonomy":"product_tag","embeddable":true,"href":"https:\/\/ptm-mechatronics.com\/it\/wp-json\/wp\/v2\/product_tag?post=15632"}],"curies":[{"name":"wp","href":"https:\/\/api.w.org\/{rel}","templated":true}]}}