{"id":15630,"date":"2025-11-20T13:31:26","date_gmt":"2025-11-20T12:31:26","guid":{"rendered":"https:\/\/ptm-mechatronics.com\/?post_type=product&#038;p=15630"},"modified":"2025-11-28T11:22:54","modified_gmt":"2025-11-28T10:22:54","slug":"universalmotor-fuer-fasspumpen-520-watt","status":"publish","type":"product","link":"https:\/\/ptm-mechatronics.com\/it\/product\/universalmotor-fuer-fasspumpen-520-watt\/","title":{"rendered":"Motore universale per pompe per fusti, 520 watt"},"content":{"rendered":"<h1 data-start=\"196\" data-end=\"275\"><span style=\"font-size: 75%;\">Motore universale per pompe per fusti<br \/>\n<\/span><span style=\"font-size: 75%;\">- Compatto, potente, versatile<\/span><\/h1>\n<p data-start=\"277\" data-end=\"588\">Il motore universale \u00e8 l'elemento centrale di azionamento della pompa modulare per fusti. Con una potenza di 520 W, una tensione di 230 V a 50 Hz e una classe di protezione IP24, il motore offre una potenza affidabile per il funzionamento continuo in un ambiente di produzione.<\/p>\n<p data-start=\"590\" data-end=\"911\">Il motore pu\u00f2 essere assemblato e smontato senza attrezzi, il che offre la massima flessibilit\u00e0 nella gestione e nella pulizia. \u00c8 compatibile con tutte le unit\u00e0 di pompaggio PTM e convince per il pompaggio sicuro, comodo e igienico di un'ampia gamma di liquidi.<\/p>","protected":false},"excerpt":{"rendered":"<p>Motore universale con potenza di 520 W, unit\u00e0 di azionamento compatta per pompe modulari per fusti di PTM mechatronics che pu\u00f2 essere installata senza attrezzi.<\/p>","protected":false},"featured_media":15673,"comment_status":"closed","ping_status":"closed","template":"","meta":{"_acf_changed":false},"product_brand":[],"product_cat":[3206,3224],"product_tag":[],"class_list":{"0":"post-15630","1":"product","2":"type-product","3":"status-publish","4":"has-post-thumbnail","6":"product_cat-pumpentechnik","7":"product_cat-fasspumpen","8":"product_shipping_class-karton-paketversand","9":"pa_leistung-520-watt","10":"pa_schutzart-ip24","11":"pa_spannung-230v","13":"first","14":"instock","15":"taxable","16":"shipping-taxable","17":"purchasable","18":"product-type-simple"},"bundled_by":[],"bundle_stock_status":"instock","bundle_stock_quantity":null,"bundle_virtual":false,"bundle_layout":"","bundle_add_to_cart_form_location":"","bundle_editable_in_cart":false,"bundle_sold_individually_context":"","bundle_item_grouping":"","bundle_min_size":"","bundle_max_size":"","bundle_price":[],"bundled_items":[],"bundle_sell_ids":[],"exclude_global_add_ons":[],"addons":[],"acf":[],"_links":{"self":[{"href":"https:\/\/ptm-mechatronics.com\/it\/wp-json\/wp\/v2\/product\/15630","targetHints":{"allow":["GET"]}}],"collection":[{"href":"https:\/\/ptm-mechatronics.com\/it\/wp-json\/wp\/v2\/product"}],"about":[{"href":"https:\/\/ptm-mechatronics.com\/it\/wp-json\/wp\/v2\/types\/product"}],"replies":[{"embeddable":true,"href":"https:\/\/ptm-mechatronics.com\/it\/wp-json\/wp\/v2\/comments?post=15630"}],"wp:featuredmedia":[{"embeddable":true,"href":"https:\/\/ptm-mechatronics.com\/it\/wp-json\/wp\/v2\/media\/15673"}],"wp:attachment":[{"href":"https:\/\/ptm-mechatronics.com\/it\/wp-json\/wp\/v2\/media?parent=15630"}],"wp:term":[{"taxonomy":"product_brand","embeddable":true,"href":"https:\/\/ptm-mechatronics.com\/it\/wp-json\/wp\/v2\/product_brand?post=15630"},{"taxonomy":"product_cat","embeddable":true,"href":"https:\/\/ptm-mechatronics.com\/it\/wp-json\/wp\/v2\/product_cat?post=15630"},{"taxonomy":"product_tag","embeddable":true,"href":"https:\/\/ptm-mechatronics.com\/it\/wp-json\/wp\/v2\/product_tag?post=15630"}],"curies":[{"name":"wp","href":"https:\/\/api.w.org\/{rel}","templated":true}]}}