{"id":15628,"date":"2025-11-18T15:03:55","date_gmt":"2025-11-18T14:03:55","guid":{"rendered":"https:\/\/ptm-mechatronics.com\/?post_type=product&#038;p=15628"},"modified":"2025-12-03T12:54:30","modified_gmt":"2025-12-03T11:54:30","slug":"fasspumpe-fuer-oel-neutrale-fluessigkeiten","status":"publish","type":"product","link":"https:\/\/ptm-mechatronics.com\/it\/product\/fasspumpe-fuer-oel-neutrale-fluessigkeiten\/","title":{"rendered":"Pompa a tamburo per olio e liquidi neutri"},"content":{"rendered":"<h1 data-start=\"227\" data-end=\"303\"><span style=\"font-size: 75%;\">Set di pompe a tamburo per olio e liquidi neutri, pronte per l'uso immediato<\/span><\/h1>\n<p data-start=\"716\" data-end=\"1056\">Il set di pompe per fusti d'olio \u00e8 la soluzione pratica e completa per il riempimento semplice e sicuro di olio e liquidi neutri nel settore industriale. Grazie al robusto motore elettrico e alla durevole unit\u00e0 di pompaggio, il set \u00e8 ideale per l'uso quotidiano. Grazie al tubo in PVC rinforzato con tessuto lungo 2 m (DN25) e all'ugello di erogazione in alluminio di alta qualit\u00e0, \u00e8 possibile riempire rapidamente e in modo controllato anche grandi quantit\u00e0. L'adattatore per fusti e la staffa a parete in dotazione garantiscono un'installazione semplice e poco ingombrante.<\/p>\n<p data-start=\"716\" data-end=\"1056\">La caratteristica speciale: Il motore pu\u00f2 essere separato dalla stazione di pompaggio senza l'ausilio di attrezzi e collegato ad altre stazioni di pompaggio. Ci\u00f2 significa che un motore pu\u00f2 essere utilizzato in modo flessibile con diverse stazioni di pompaggio. I componenti aggiuntivi sono disponibili anche singolarmente in negozio, per la massima modularit\u00e0 e adattabilit\u00e0.<\/p>\n<p data-start=\"644\" data-end=\"1136\">Componenti del set:<\/p>\n<ul>\n<li>Motore universale 230V, 50Hz, 4,5 A, 850W, IP24<\/li>\n<li>Unit\u00e0 di pompaggio in alluminio senza saldatura, assiale, albero in acciaio inox (Niro)<\/li>\n<li>2 m Tubo in tessuto PVC DN25<\/li>\n<li>Raccordo per tubo flessibile in alluminio DN25<\/li>\n<li>2x fascette stringitubo in acciaio inox<\/li>\n<li>Ugello di erogazione in alluminio DN25<\/li>\n<li>Adattatore canna PP<\/li>\n<li>Staffa a parete<\/li>\n<\/ul>","protected":false},"excerpt":{"rendered":"<p>Set di pompe per fusti d'olio per il riempimento sicuro di oli e liquidi neutri, pronti per l'uso immediato<\/p>","protected":false},"featured_media":15658,"comment_status":"closed","ping_status":"closed","template":"","meta":{"_acf_changed":false},"product_brand":[],"product_cat":[3206,3224],"product_tag":[],"class_list":{"0":"post-15628","1":"product","2":"type-product","3":"status-publish","4":"has-post-thumbnail","6":"product_cat-pumpentechnik","7":"product_cat-fasspumpen","8":"product_shipping_class-karton-paketversand","9":"pa_dichtung-fep","10":"pa_foerderleistung-50-80-l-min","11":"pa_leistung-850-watt","12":"pa_material-alu","13":"pa_material-edelstahl","14":"pa_material-polypropylen-pp","15":"pa_schutzart-ip24","16":"pa_spannung-230v","18":"first","19":"instock","20":"taxable","21":"shipping-taxable","22":"purchasable","23":"product-type-simple"},"bundled_by":[],"bundle_stock_status":"instock","bundle_stock_quantity":null,"bundle_virtual":false,"bundle_layout":"","bundle_add_to_cart_form_location":"","bundle_editable_in_cart":false,"bundle_sold_individually_context":"","bundle_item_grouping":"","bundle_min_size":"","bundle_max_size":"","bundle_price":[],"bundled_items":[],"bundle_sell_ids":[],"exclude_global_add_ons":[],"addons":[],"acf":[],"_links":{"self":[{"href":"https:\/\/ptm-mechatronics.com\/it\/wp-json\/wp\/v2\/product\/15628","targetHints":{"allow":["GET"]}}],"collection":[{"href":"https:\/\/ptm-mechatronics.com\/it\/wp-json\/wp\/v2\/product"}],"about":[{"href":"https:\/\/ptm-mechatronics.com\/it\/wp-json\/wp\/v2\/types\/product"}],"replies":[{"embeddable":true,"href":"https:\/\/ptm-mechatronics.com\/it\/wp-json\/wp\/v2\/comments?post=15628"}],"wp:featuredmedia":[{"embeddable":true,"href":"https:\/\/ptm-mechatronics.com\/it\/wp-json\/wp\/v2\/media\/15658"}],"wp:attachment":[{"href":"https:\/\/ptm-mechatronics.com\/it\/wp-json\/wp\/v2\/media?parent=15628"}],"wp:term":[{"taxonomy":"product_brand","embeddable":true,"href":"https:\/\/ptm-mechatronics.com\/it\/wp-json\/wp\/v2\/product_brand?post=15628"},{"taxonomy":"product_cat","embeddable":true,"href":"https:\/\/ptm-mechatronics.com\/it\/wp-json\/wp\/v2\/product_cat?post=15628"},{"taxonomy":"product_tag","embeddable":true,"href":"https:\/\/ptm-mechatronics.com\/it\/wp-json\/wp\/v2\/product_tag?post=15628"}],"curies":[{"name":"wp","href":"https:\/\/api.w.org\/{rel}","templated":true}]}}