{"id":15627,"date":"2025-11-18T10:24:39","date_gmt":"2025-11-18T09:24:39","guid":{"rendered":"https:\/\/ptm-mechatronics.com\/?post_type=product&#038;p=15627"},"modified":"2025-12-03T12:55:20","modified_gmt":"2025-12-03T11:55:20","slug":"fasspumpe-fuer-chemikalien","status":"publish","type":"product","link":"https:\/\/ptm-mechatronics.com\/it\/product\/fasspumpe-fuer-chemikalien\/","title":{"rendered":"Pompa a tamburo per prodotti chimici"},"content":{"rendered":"<h1 data-start=\"227\" data-end=\"303\"><span style=\"font-size: 75%;\">Set di pompe a tamburo per prodotti chimici, pronte per l'uso immediato<\/span><\/h1>\n<p data-start=\"272\" data-end=\"714\">Questo set di pompe per fusti \u00e8 la soluzione completa ideale per la manipolazione sicura di sostanze chimiche aggressive. Contiene un potente motore elettrico e un'unit\u00e0 di pompaggio resistente alle sostanze chimiche con un albero in Hastelloy C di alta qualit\u00e0. Ci\u00f2 rende il set ideale per il riempimento di acidi altamente corrosivi, alcali e altri mezzi aggressivi, sia in laboratorio che nel settore industriale.<\/p>\n<p data-start=\"716\" data-end=\"1056\">Un tubo chimico universale (DN25) lungo 2 m con due connettori per tubi in PVDF assicura un collegamento sicuro e a prova di perdite. L'ugello di erogazione integrato in PVDF con guarnizione in FEP garantisce un'erogazione precisa anche con prodotti sensibili. Grazie all'adattatore per fusti e al supporto a parete, il set pu\u00f2 essere utilizzato in modo flessibile e consente di risparmiare spazio.<\/p>\n<p data-start=\"716\" data-end=\"1056\">La caratteristica speciale: Il motore pu\u00f2 essere separato dalla stazione di pompaggio senza l'ausilio di attrezzi e collegato ad altre stazioni di pompaggio. Ci\u00f2 significa che un motore pu\u00f2 essere utilizzato in modo flessibile con diverse stazioni di pompaggio. I componenti aggiuntivi sono disponibili anche singolarmente in negozio, per la massima modularit\u00e0 e adattabilit\u00e0.<\/p>\n<p data-start=\"644\" data-end=\"1136\">Componenti del set:<\/p>\n<ul>\n<li>Motore universale 230V, 50Hz, 4,5 A, 850W, IP24<\/li>\n<li>Stazione di pompaggio senza tenuta, assiale, <span class=\"T286Pc\" data-sfc-cp=\"\" data-complete=\"true\">Fluoruro di polivinilidene (PVDF)<\/span>, albero in Hastelloy (HC)<\/li>\n<li>2 m di tubo universale per prodotti chimici DN25<\/li>\n<li>2x connettore per tubo flessibile PVDF DN25<\/li>\n<li>2x fascette stringitubo in acciaio inox<\/li>\n<li>Ugello di erogazione PVDF\/FEP 1 \u00bc\u201c<\/li>\n<li>Adattatore canna PP<\/li>\n<li>Staffa a parete<\/li>\n<\/ul>","protected":false},"excerpt":{"rendered":"<p>Set di pompe per fusti per il riempimento sicuro di prodotti chimici - completamente attrezzato e pronto per l'uso immediato.<\/p>","protected":false},"featured_media":15657,"comment_status":"closed","ping_status":"closed","template":"","meta":{"_acf_changed":false},"product_brand":[],"product_cat":[3206,3224],"product_tag":[3248,3249,3250,3251,3252,3253,3254,3255,3227],"class_list":{"0":"post-15627","1":"product","2":"type-product","3":"status-publish","4":"has-post-thumbnail","6":"product_cat-pumpentechnik","7":"product_cat-fasspumpen","8":"product_tag-chemie-fasspumpe","9":"product_tag-fasspumpen-set-chemikalien","10":"product_tag-pvdf-pumpe","11":"product_tag-hastelloy-c-pumpwerk","12":"product_tag-zapfpistole-pvdf-fep","13":"product_tag-schlauch-dn25-chemie","14":"product_tag-fasspumpe-aggressiv","15":"product_tag-pumpwerk-dl-pvdf-hc","16":"product_tag-fasspumpen-komplettset","17":"product_shipping_class-karton-paketversand","18":"pa_dichtung-fep","19":"pa_foerderleistung-50-80-l-min","20":"pa_leistung-850-watt","21":"pa_material-edelstahl","22":"pa_material-polypropylen-pp","23":"pa_material-hastelloy-c","24":"pa_material-polyvinylidenfluorid-pvdf","25":"pa_schutzart-ip24","26":"pa_spannung-230v","28":"first","29":"instock","30":"taxable","31":"shipping-taxable","32":"purchasable","33":"product-type-simple"},"bundled_by":[],"bundle_stock_status":"instock","bundle_stock_quantity":null,"bundle_virtual":false,"bundle_layout":"","bundle_add_to_cart_form_location":"","bundle_editable_in_cart":false,"bundle_sold_individually_context":"","bundle_item_grouping":"","bundle_min_size":"","bundle_max_size":"","bundle_price":[],"bundled_items":[],"bundle_sell_ids":[],"exclude_global_add_ons":[],"addons":[],"acf":[],"_links":{"self":[{"href":"https:\/\/ptm-mechatronics.com\/it\/wp-json\/wp\/v2\/product\/15627","targetHints":{"allow":["GET"]}}],"collection":[{"href":"https:\/\/ptm-mechatronics.com\/it\/wp-json\/wp\/v2\/product"}],"about":[{"href":"https:\/\/ptm-mechatronics.com\/it\/wp-json\/wp\/v2\/types\/product"}],"replies":[{"embeddable":true,"href":"https:\/\/ptm-mechatronics.com\/it\/wp-json\/wp\/v2\/comments?post=15627"}],"wp:featuredmedia":[{"embeddable":true,"href":"https:\/\/ptm-mechatronics.com\/it\/wp-json\/wp\/v2\/media\/15657"}],"wp:attachment":[{"href":"https:\/\/ptm-mechatronics.com\/it\/wp-json\/wp\/v2\/media?parent=15627"}],"wp:term":[{"taxonomy":"product_brand","embeddable":true,"href":"https:\/\/ptm-mechatronics.com\/it\/wp-json\/wp\/v2\/product_brand?post=15627"},{"taxonomy":"product_cat","embeddable":true,"href":"https:\/\/ptm-mechatronics.com\/it\/wp-json\/wp\/v2\/product_cat?post=15627"},{"taxonomy":"product_tag","embeddable":true,"href":"https:\/\/ptm-mechatronics.com\/it\/wp-json\/wp\/v2\/product_tag?post=15627"}],"curies":[{"name":"wp","href":"https:\/\/api.w.org\/{rel}","templated":true}]}}