{"id":15626,"date":"2025-11-18T10:02:52","date_gmt":"2025-11-18T09:02:52","guid":{"rendered":"https:\/\/ptm-mechatronics.com\/?post_type=product&#038;p=15626"},"modified":"2026-01-12T10:10:59","modified_gmt":"2026-01-12T09:10:59","slug":"fasspumpe-fuer-konzentrierte-saeuren-laugen","status":"publish","type":"product","link":"https:\/\/ptm-mechatronics.com\/it\/product\/fasspumpe-fuer-konzentrierte-saeuren-laugen\/","title":{"rendered":"Pompa per fusti per acidi e alcali concentrati"},"content":{"rendered":"<h1 data-start=\"227\" data-end=\"303\"><span style=\"font-size: 75%;\">Set di pompe a tamburo per acidi e alcali concentrati, pronte per l'uso immediato<\/span><\/h1>\n<p data-start=\"269\" data-end=\"557\">Il set completo di pompe per fusti \u00e8 stato appositamente progettato per il pompaggio sicuro e conveniente di acidi e alcali concentrati. Grazie al potente motore elettrico, all'unit\u00e0 di pompaggio e all'ampia gamma di accessori, il set pu\u00f2 essere utilizzato immediatamente - ideale per l'impiego in laboratori, produzione o officine.<\/p>\n<p data-start=\"559\" data-end=\"1126\">L'unit\u00e0 di pompaggio resistente alle sostanze chimiche in polipropilene (PP) \u00e8 dotata di un albero in Hastelloy C ed \u00e8 ideale per un'ampia gamma di sostanze, dai prodotti chimici leggermente aggressivi ai liquidi pi\u00f9 impegnativi. Il tubo flessibile in PVC rinforzato con un diametro di 25 mm e il connettore del tubo flessibile in PP garantiscono un flusso affidabile. Un ugello di erogazione con guarnizione FPM e componenti in Hastelloy C assicura un riempimento controllato e sicuro. Grazie all'adattatore per fusti e al supporto a parete, la pompa pu\u00f2 essere utilizzata in modo flessibile e senza ingombri.<\/p>\n<p data-start=\"559\" data-end=\"1126\">La caratteristica speciale: Il motore pu\u00f2 essere separato dalla stazione di pompaggio senza l'ausilio di attrezzi e collegato ad altre stazioni di pompaggio. Ci\u00f2 significa che un motore pu\u00f2 essere utilizzato in modo flessibile con diverse stazioni di pompaggio. I componenti aggiuntivi sono disponibili anche singolarmente in negozio, per la massima modularit\u00e0 e adattabilit\u00e0.<\/p>\n<p data-start=\"644\" data-end=\"1136\">Componenti del set:<\/p>\n<ul>\n<li data-start=\"644\" data-end=\"1136\">Motore universale 230V, 50Hz, 4,5 A, 850W, IP24<\/li>\n<li>Gruppo di pompaggio senza tenuta, radiale, polipropilene, albero Hastelloy (HC)<\/li>\n<li>Tubo flessibile in PVC rinforzato, 2 m, DN25<\/li>\n<li>Raccordo per tubo flessibile PP, DN25<\/li>\n<li>2x fascette stringitubo in acciaio inox<\/li>\n<li>Ugello di erogazione PP\/FPM\/Hastelloy-C, DN25<\/li>\n<li>Adattatore canna PP<\/li>\n<li>Staffa a parete<\/li>\n<\/ul>","protected":false},"excerpt":{"rendered":"<p>Set di pompe per fusti per il riempimento sicuro di acidi e alcali concentrati - completamente attrezzato e pronto per l'uso immediato.<\/p>","protected":false},"featured_media":15656,"comment_status":"closed","ping_status":"closed","template":"","meta":{"_acf_changed":false},"product_brand":[],"product_cat":[3206,3224],"product_tag":[3242,3243,3244,3236,3237,3238,3239,3240,3241],"class_list":{"0":"post-15626","1":"product","2":"type-product","3":"status-publish","4":"has-post-thumbnail","6":"product_cat-pumpentechnik","7":"product_cat-fasspumpen","8":"product_tag-pvc-schlauch-dn25","9":"product_tag-fassadapter-pp","10":"product_tag-fasspumpe-chemikalienbestaendig","11":"product_tag-fasspumpen-set","12":"product_tag-chemiepumpe-komplettset","13":"product_tag-fasspumpe-mit-hastelloy","14":"product_tag-zapfpistole-fpm-hc","15":"product_tag-motor-p400-a-230","16":"product_tag-pumpwerk-dl-pp-r-hc","17":"product_shipping_class-karton-paketversand","18":"pa_dichtung-fpm","19":"pa_foerderleistung-50-80-l-min","20":"pa_leistung-850-watt","21":"pa_material-hastelloy-c","22":"pa_material-edelstahl","23":"pa_material-polypropylen-pp","24":"pa_material-pvc","25":"pa_schutzart-ip24","26":"pa_spannung-230v","28":"first","29":"instock","30":"taxable","31":"shipping-taxable","32":"purchasable","33":"product-type-simple"},"bundled_by":[],"bundle_stock_status":"instock","bundle_stock_quantity":null,"bundle_virtual":false,"bundle_layout":"","bundle_add_to_cart_form_location":"","bundle_editable_in_cart":false,"bundle_sold_individually_context":"","bundle_item_grouping":"","bundle_min_size":"","bundle_max_size":"","bundle_price":[],"bundled_items":[],"bundle_sell_ids":[],"exclude_global_add_ons":[],"addons":[],"acf":[],"_links":{"self":[{"href":"https:\/\/ptm-mechatronics.com\/it\/wp-json\/wp\/v2\/product\/15626","targetHints":{"allow":["GET"]}}],"collection":[{"href":"https:\/\/ptm-mechatronics.com\/it\/wp-json\/wp\/v2\/product"}],"about":[{"href":"https:\/\/ptm-mechatronics.com\/it\/wp-json\/wp\/v2\/types\/product"}],"replies":[{"embeddable":true,"href":"https:\/\/ptm-mechatronics.com\/it\/wp-json\/wp\/v2\/comments?post=15626"}],"wp:featuredmedia":[{"embeddable":true,"href":"https:\/\/ptm-mechatronics.com\/it\/wp-json\/wp\/v2\/media\/15656"}],"wp:attachment":[{"href":"https:\/\/ptm-mechatronics.com\/it\/wp-json\/wp\/v2\/media?parent=15626"}],"wp:term":[{"taxonomy":"product_brand","embeddable":true,"href":"https:\/\/ptm-mechatronics.com\/it\/wp-json\/wp\/v2\/product_brand?post=15626"},{"taxonomy":"product_cat","embeddable":true,"href":"https:\/\/ptm-mechatronics.com\/it\/wp-json\/wp\/v2\/product_cat?post=15626"},{"taxonomy":"product_tag","embeddable":true,"href":"https:\/\/ptm-mechatronics.com\/it\/wp-json\/wp\/v2\/product_tag?post=15626"}],"curies":[{"name":"wp","href":"https:\/\/api.w.org\/{rel}","templated":true}]}}