{"id":15621,"date":"2025-11-26T11:55:40","date_gmt":"2025-11-26T10:55:40","guid":{"rendered":"https:\/\/ptm-mechatronics.com\/?post_type=product&#038;p=15621"},"modified":"2025-12-03T12:48:27","modified_gmt":"2025-12-03T11:48:27","slug":"fasspumpe-fuer-verduennte-saeuren-laugen","status":"publish","type":"product","link":"https:\/\/ptm-mechatronics.com\/it\/product\/fasspumpe-fuer-verduennte-saeuren-laugen\/","title":{"rendered":"Pompa a tamburo per acidi e alcali diluiti"},"content":{"rendered":"<h1 data-start=\"227\" data-end=\"303\"><span style=\"font-size: 75%;\">Set di pompe a tamburo per acidi e alcali diluiti, pronte per l'uso immediato<\/span><\/h1>\n<p data-start=\"305\" data-end=\"642\">Il set completo di pompe per fusti \u00e8 stato appositamente progettato per il pompaggio sicuro e conveniente di acidi e alcali diluiti. Grazie al potente motore elettrico, all'unit\u00e0 di pompaggio e all'ampia gamma di accessori, il set pu\u00f2 essere utilizzato immediatamente - ideale per l'impiego in laboratori, produzione o officine.<\/p>\n<p data-start=\"644\" data-end=\"1136\">L'unit\u00e0 di pompaggio \u00e8 realizzata in polipropilene (PP) resistente agli agenti chimici con un albero di trasmissione in acciaio inox, che la rende particolarmente durevole. Il tubo in PVC rinforzato in dotazione (2 m, DN19) con raccordo e fascette in acciaio inox garantisce un collegamento sicuro e a prova di perdite. L'ugello di erogazione in PP con guarnizione FPM e componenti in acciaio inox assicura una comoda erogazione. L'adattatore per la canna in PP e la pratica staffa a muro completano il set.<\/p>\n<p data-start=\"644\" data-end=\"1136\">La caratteristica speciale: Il motore pu\u00f2 essere separato dalla stazione di pompaggio senza l'ausilio di attrezzi e collegato ad altre stazioni di pompaggio. Ci\u00f2 significa che un motore pu\u00f2 essere utilizzato in modo flessibile con diverse stazioni di pompaggio. I componenti aggiuntivi sono disponibili anche singolarmente in negozio, per la massima modularit\u00e0 e adattabilit\u00e0.<\/p>\n<p data-start=\"644\" data-end=\"1136\">Componenti del set:<\/p>\n<ul>\n<li>Motore universale 230V, 50Hz, 2,5 A, 520W, IP24<\/li>\n<li>Gruppo pompa senza tenuta, assiale, polipropilene, albero in acciaio inox (Niro)<\/li>\n<li>Tubo flessibile in PVC rinforzato, 2 m, DN19<\/li>\n<li>Raccordo per tubo flessibile PP, DN19<\/li>\n<li>2x fascette stringitubo in acciaio inox<\/li>\n<li>Ugello di erogazione PP\/FPM\/Niro<\/li>\n<li>Adattatore canna PP<\/li>\n<li>Staffa a parete<\/li>\n<\/ul>","protected":false},"excerpt":{"rendered":"<p>Set di pompe per fusti per il riempimento sicuro di acidi e alcali diluiti - completamente attrezzato e pronto per l'uso immediato.<\/p>","protected":false},"featured_media":15655,"comment_status":"closed","ping_status":"closed","template":"","meta":{"_acf_changed":false},"product_brand":[],"product_cat":[3206,3224],"product_tag":[3228,3229,3230,3231,3232,3233,3234,3235,3226,3227],"class_list":{"0":"post-15621","1":"product","2":"type-product","3":"status-publish","4":"has-post-thumbnail","6":"product_cat-pumpentechnik","7":"product_cat-fasspumpen","8":"product_tag-labor-fasspumpe","9":"product_tag-fasspumpenset-bs1","10":"product_tag-fasspumpe-verduennte-saeuren","11":"product_tag-fasspumpe-laugen","12":"product_tag-chemiepumpe-set","13":"product_tag-pp-fasspumpensystem","14":"product_tag-edelstahlwelle-fasspumpe","15":"product_tag-zapfpistole-fpm","16":"product_tag-fasspumpe-set","17":"product_tag-fasspumpen-komplettset","18":"product_shipping_class-karton-paketversand","19":"pa_dichtung-fpm","20":"pa_foerderleistung-30-50-l-min","21":"pa_leistung-520-watt","22":"pa_material-edelstahl","23":"pa_material-polypropylen-pp","24":"pa_material-pvc","25":"pa_schutzart-ip24","26":"pa_spannung-230v","28":"first","29":"instock","30":"taxable","31":"shipping-taxable","32":"purchasable","33":"product-type-simple"},"bundled_by":[],"bundle_stock_status":"instock","bundle_stock_quantity":null,"bundle_virtual":false,"bundle_layout":"","bundle_add_to_cart_form_location":"","bundle_editable_in_cart":false,"bundle_sold_individually_context":"","bundle_item_grouping":"","bundle_min_size":"","bundle_max_size":"","bundle_price":[],"bundled_items":[],"bundle_sell_ids":[],"exclude_global_add_ons":[],"addons":[],"acf":[],"_links":{"self":[{"href":"https:\/\/ptm-mechatronics.com\/it\/wp-json\/wp\/v2\/product\/15621","targetHints":{"allow":["GET"]}}],"collection":[{"href":"https:\/\/ptm-mechatronics.com\/it\/wp-json\/wp\/v2\/product"}],"about":[{"href":"https:\/\/ptm-mechatronics.com\/it\/wp-json\/wp\/v2\/types\/product"}],"replies":[{"embeddable":true,"href":"https:\/\/ptm-mechatronics.com\/it\/wp-json\/wp\/v2\/comments?post=15621"}],"wp:featuredmedia":[{"embeddable":true,"href":"https:\/\/ptm-mechatronics.com\/it\/wp-json\/wp\/v2\/media\/15655"}],"wp:attachment":[{"href":"https:\/\/ptm-mechatronics.com\/it\/wp-json\/wp\/v2\/media?parent=15621"}],"wp:term":[{"taxonomy":"product_brand","embeddable":true,"href":"https:\/\/ptm-mechatronics.com\/it\/wp-json\/wp\/v2\/product_brand?post=15621"},{"taxonomy":"product_cat","embeddable":true,"href":"https:\/\/ptm-mechatronics.com\/it\/wp-json\/wp\/v2\/product_cat?post=15621"},{"taxonomy":"product_tag","embeddable":true,"href":"https:\/\/ptm-mechatronics.com\/it\/wp-json\/wp\/v2\/product_tag?post=15621"}],"curies":[{"name":"wp","href":"https:\/\/api.w.org\/{rel}","templated":true}]}}