{"id":15607,"date":"2025-11-13T13:24:45","date_gmt":"2025-11-13T12:24:45","guid":{"rendered":"https:\/\/ptm-mechatronics.com\/?post_type=product&#038;p=15607"},"modified":"2025-12-15T12:40:27","modified_gmt":"2025-12-15T11:40:27","slug":"auslaufbogen-fuer-laborpumpen","status":"publish","type":"product","link":"https:\/\/ptm-mechatronics.com\/it\/product\/auslaufbogen-fuer-laborpumpen\/","title":{"rendered":"Gomito di uscita per pompe da laboratorio"},"content":{"rendered":"<h1><span style=\"font-size: 75%;\">Curva di uscita 250 mm in PP<br \/>\n- Robusto, preciso, resistente agli agenti chimici<\/span><\/h1>\n<p data-start=\"253\" data-end=\"600\">Il gomito di uscita lungo 25 cm in polipropilene (PP) \u00e8 il complemento ideale per le pompe da laboratorio modulari PTM per piccoli contenitori e taniche. Con un diametro di connessione di DN 19 e una filettatura esterna da 3\/4\u2033, il gomito di uscita garantisce un'uscita controllata e pulita del liquido, senza gocciolamenti o spruzzi.<\/p>\n<p data-start=\"602\" data-end=\"912\">Il materiale PP (polipropilene) resistente alle sostanze chimiche \u00e8 particolarmente resistente a molti mezzi aggressivi ed \u00e8 quindi adatto a numerose applicazioni in laboratorio e in produzione. Il gomito di uscita pu\u00f2 essere facilmente collegato all'unit\u00e0 di pompaggio e, se necessario, sostituito senza attrezzi.<\/p>","protected":false},"excerpt":{"rendered":"<p>Gomito di uscita lungo 25 cm in PP resistente agli agenti chimici con filettatura DN 19 e 3\/4\u2033 per un riempimento pulito e sicuro con le pompe da laboratorio PTM.<\/p>","protected":false},"featured_media":15884,"comment_status":"closed","ping_status":"closed","template":"","meta":{"_acf_changed":false},"product_brand":[],"product_cat":[3206,3215],"product_tag":[],"class_list":{"0":"post-15607","1":"product","2":"type-product","3":"status-publish","4":"has-post-thumbnail","6":"product_cat-pumpentechnik","7":"product_cat-laborpumpen","8":"product_shipping_class-karton-paketversand","9":"pa_laenge-250mm","10":"pa_material-polypropylen-pp","12":"first","13":"instock","14":"taxable","15":"shipping-taxable","16":"purchasable","17":"product-type-simple"},"bundled_by":[],"bundle_stock_status":"instock","bundle_stock_quantity":1,"bundle_virtual":false,"bundle_layout":"","bundle_add_to_cart_form_location":"","bundle_editable_in_cart":false,"bundle_sold_individually_context":"","bundle_item_grouping":"","bundle_min_size":"","bundle_max_size":"","bundle_price":[],"bundled_items":[],"bundle_sell_ids":[],"exclude_global_add_ons":[],"addons":[],"acf":[],"_links":{"self":[{"href":"https:\/\/ptm-mechatronics.com\/it\/wp-json\/wp\/v2\/product\/15607","targetHints":{"allow":["GET"]}}],"collection":[{"href":"https:\/\/ptm-mechatronics.com\/it\/wp-json\/wp\/v2\/product"}],"about":[{"href":"https:\/\/ptm-mechatronics.com\/it\/wp-json\/wp\/v2\/types\/product"}],"replies":[{"embeddable":true,"href":"https:\/\/ptm-mechatronics.com\/it\/wp-json\/wp\/v2\/comments?post=15607"}],"wp:featuredmedia":[{"embeddable":true,"href":"https:\/\/ptm-mechatronics.com\/it\/wp-json\/wp\/v2\/media\/15884"}],"wp:attachment":[{"href":"https:\/\/ptm-mechatronics.com\/it\/wp-json\/wp\/v2\/media?parent=15607"}],"wp:term":[{"taxonomy":"product_brand","embeddable":true,"href":"https:\/\/ptm-mechatronics.com\/it\/wp-json\/wp\/v2\/product_brand?post=15607"},{"taxonomy":"product_cat","embeddable":true,"href":"https:\/\/ptm-mechatronics.com\/it\/wp-json\/wp\/v2\/product_cat?post=15607"},{"taxonomy":"product_tag","embeddable":true,"href":"https:\/\/ptm-mechatronics.com\/it\/wp-json\/wp\/v2\/product_tag?post=15607"}],"curies":[{"name":"wp","href":"https:\/\/api.w.org\/{rel}","templated":true}]}}