{"id":15596,"date":"2025-11-13T13:01:24","date_gmt":"2025-11-13T12:01:24","guid":{"rendered":"https:\/\/ptm-mechatronics.com\/?post_type=product&#038;p=15596"},"modified":"2025-12-15T13:08:04","modified_gmt":"2025-12-15T12:08:04","slug":"universalmotor-fuer-laborpumpen","status":"publish","type":"product","link":"https:\/\/ptm-mechatronics.com\/it\/product\/universalmotor-fuer-laborpumpen\/","title":{"rendered":"Motore universale per pompe da laboratorio"},"content":{"rendered":"<h1 data-start=\"196\" data-end=\"275\"><span style=\"font-size: 75%;\"><strong data-start=\"196\" data-end=\"275\">Motore universale per pompe da laboratorio<br \/>\n<\/strong><\/span><span style=\"font-size: 75%;\">- Compatto, potente, versatile<\/span><\/h1>\n<p data-start=\"277\" data-end=\"588\">Il motore universale \u00e8 l'elemento centrale di azionamento della pompa modulare da laboratorio per piccoli contenitori e taniche. Con una potenza di 130 W e una gamma di tensione di 130-230 V a 50 Hz, il motore offre una potenza affidabile per il funzionamento continuo in laboratorio o in produzione.<\/p>\n<p data-start=\"590\" data-end=\"911\">Grazie al suo design compatto e alla classe di protezione IP21, il motore \u00e8 ideale per le applicazioni con spazio limitato, in combinazione con le unit\u00e0 di pompaggio corrispondenti di PTM mechatronics. Il motore pu\u00f2 essere assemblato e smontato senza attrezzi, il che offre la massima flessibilit\u00e0 nella gestione e nella pulizia.<\/p>\n<p data-start=\"913\" data-end=\"1078\">\u00c8 compatibile con tutte le stazioni di pompaggio PTM presenti in negozio e convince per il pompaggio sicuro, comodo e igienico di un'ampia variet\u00e0 di liquidi.<\/p>","protected":false},"excerpt":{"rendered":"<p>Motore universale con potenza di 130 W, unit\u00e0 di azionamento compatta per pompe da laboratorio modulari di PTM mechatronics, installabile senza attrezzi.<\/p>","protected":false},"featured_media":15890,"comment_status":"closed","ping_status":"closed","template":"","meta":{"_acf_changed":false},"product_brand":[],"product_cat":[3206,3215],"product_tag":[],"class_list":{"0":"post-15596","1":"product","2":"type-product","3":"status-publish","4":"has-post-thumbnail","6":"product_cat-pumpentechnik","7":"product_cat-laborpumpen","8":"product_shipping_class-karton-paketversand","9":"pa_leistung-130-watt","10":"pa_schutzart-ip21","11":"pa_spannung-130-230v","13":"first","14":"instock","15":"taxable","16":"shipping-taxable","17":"purchasable","18":"product-type-simple"},"bundled_by":[],"bundle_stock_status":"instock","bundle_stock_quantity":null,"bundle_virtual":false,"bundle_layout":"","bundle_add_to_cart_form_location":"","bundle_editable_in_cart":false,"bundle_sold_individually_context":"","bundle_item_grouping":"","bundle_min_size":"","bundle_max_size":"","bundle_price":[],"bundled_items":[],"bundle_sell_ids":[],"exclude_global_add_ons":[],"addons":[],"acf":[],"_links":{"self":[{"href":"https:\/\/ptm-mechatronics.com\/it\/wp-json\/wp\/v2\/product\/15596","targetHints":{"allow":["GET"]}}],"collection":[{"href":"https:\/\/ptm-mechatronics.com\/it\/wp-json\/wp\/v2\/product"}],"about":[{"href":"https:\/\/ptm-mechatronics.com\/it\/wp-json\/wp\/v2\/types\/product"}],"replies":[{"embeddable":true,"href":"https:\/\/ptm-mechatronics.com\/it\/wp-json\/wp\/v2\/comments?post=15596"}],"wp:featuredmedia":[{"embeddable":true,"href":"https:\/\/ptm-mechatronics.com\/it\/wp-json\/wp\/v2\/media\/15890"}],"wp:attachment":[{"href":"https:\/\/ptm-mechatronics.com\/it\/wp-json\/wp\/v2\/media?parent=15596"}],"wp:term":[{"taxonomy":"product_brand","embeddable":true,"href":"https:\/\/ptm-mechatronics.com\/it\/wp-json\/wp\/v2\/product_brand?post=15596"},{"taxonomy":"product_cat","embeddable":true,"href":"https:\/\/ptm-mechatronics.com\/it\/wp-json\/wp\/v2\/product_cat?post=15596"},{"taxonomy":"product_tag","embeddable":true,"href":"https:\/\/ptm-mechatronics.com\/it\/wp-json\/wp\/v2\/product_tag?post=15596"}],"curies":[{"name":"wp","href":"https:\/\/api.w.org\/{rel}","templated":true}]}}