{"id":15595,"date":"2025-11-12T13:02:05","date_gmt":"2025-11-12T12:02:05","guid":{"rendered":"https:\/\/ptm-mechatronics.com\/?post_type=product&#038;p=15595"},"modified":"2025-12-15T12:39:44","modified_gmt":"2025-12-15T11:39:44","slug":"pumpwerk-fuer-kleingebinde","status":"publish","type":"product","link":"https:\/\/ptm-mechatronics.com\/it\/product\/pumpwerk-fuer-kleingebinde\/","title":{"rendered":"Stazione di pompaggio per piccoli container"},"content":{"rendered":"<h1 data-start=\"242\" data-end=\"330\"><span style=\"font-size: 75%;\"><strong data-start=\"242\" data-end=\"330\">Gruppo di pompaggio 500 mm per pompe da laboratorio<br \/>\n<\/strong><\/span><span style=\"font-size: 75%;\">- Modulare, resistente agli agenti chimici, flessibile nell'uso<\/span><\/h1>\n<p data-start=\"332\" data-end=\"703\">L'unit\u00e0 di pompaggio con una lunghezza di 500 mm \u00e8 l'estensione perfetta per la vostra pompa da laboratorio modulare per piccoli contenitori e taniche. \u00c8 ideale per il riempimento di un'ampia gamma di liquidi in laboratorio e in produzione, che si tratti di prodotti chimici, acqua o altri mezzi. Grazie ai materiali di alta qualit\u00e0, l'unit\u00e0 di pompaggio \u00e8 particolarmente robusta e durevole.<\/p>\n<p data-start=\"705\" data-end=\"1074\">Il design modulare consente un'installazione facile e senza attrezzi di un motore elettrico adatto, disponibile separatamente. Il tubo di aspirazione \u00e8 in polipropilene (PP) resistente agli agenti chimici, l'albero di trasmissione \u00e8 in robusto acciaio inox e la guarnizione \u00e8 in FKM (Viton). Il gomito di scarico in PP in dotazione garantisce uno scarico pulito nel contenitore di destinazione.<\/p>\n<p data-start=\"1076\" data-end=\"1237\">L'unit\u00e0 di pompaggio \u00e8 compatibile con il sistema di pompe da laboratorio di PTM mechatronics e consente una rapida sostituzione per applicazioni o mezzi diversi.<\/p>","protected":false},"excerpt":{"rendered":"<p>Unit\u00e0 di pompaggio lunga 500 mm per l'aggiunta modulare alle pompe da laboratorio PTM, materiali resistenti alle sostanze chimiche e montaggio del motore senza attrezzi.<\/p>","protected":false},"featured_media":15883,"comment_status":"closed","ping_status":"closed","template":"","meta":{"_acf_changed":false},"product_brand":[],"product_cat":[3206,3215],"product_tag":[],"class_list":{"0":"post-15595","1":"product","2":"type-product","3":"status-publish","4":"has-post-thumbnail","6":"product_cat-pumpentechnik","7":"product_cat-laborpumpen","8":"product_shipping_class-karton-paketversand","9":"pa_dichtung-fkm","10":"pa_laenge-500mm","11":"pa_material-polypropylen-pp","12":"pa_material-edelstahl","14":"first","15":"instock","16":"taxable","17":"shipping-taxable","18":"purchasable","19":"product-type-simple"},"bundled_by":[],"bundle_stock_status":"instock","bundle_stock_quantity":null,"bundle_virtual":false,"bundle_layout":"","bundle_add_to_cart_form_location":"","bundle_editable_in_cart":false,"bundle_sold_individually_context":"","bundle_item_grouping":"","bundle_min_size":"","bundle_max_size":"","bundle_price":[],"bundled_items":[],"bundle_sell_ids":[],"exclude_global_add_ons":[],"addons":[],"acf":[],"_links":{"self":[{"href":"https:\/\/ptm-mechatronics.com\/it\/wp-json\/wp\/v2\/product\/15595","targetHints":{"allow":["GET"]}}],"collection":[{"href":"https:\/\/ptm-mechatronics.com\/it\/wp-json\/wp\/v2\/product"}],"about":[{"href":"https:\/\/ptm-mechatronics.com\/it\/wp-json\/wp\/v2\/types\/product"}],"replies":[{"embeddable":true,"href":"https:\/\/ptm-mechatronics.com\/it\/wp-json\/wp\/v2\/comments?post=15595"}],"wp:featuredmedia":[{"embeddable":true,"href":"https:\/\/ptm-mechatronics.com\/it\/wp-json\/wp\/v2\/media\/15883"}],"wp:attachment":[{"href":"https:\/\/ptm-mechatronics.com\/it\/wp-json\/wp\/v2\/media?parent=15595"}],"wp:term":[{"taxonomy":"product_brand","embeddable":true,"href":"https:\/\/ptm-mechatronics.com\/it\/wp-json\/wp\/v2\/product_brand?post=15595"},{"taxonomy":"product_cat","embeddable":true,"href":"https:\/\/ptm-mechatronics.com\/it\/wp-json\/wp\/v2\/product_cat?post=15595"},{"taxonomy":"product_tag","embeddable":true,"href":"https:\/\/ptm-mechatronics.com\/it\/wp-json\/wp\/v2\/product_tag?post=15595"}],"curies":[{"name":"wp","href":"https:\/\/api.w.org\/{rel}","templated":true}]}}