{"id":15591,"date":"2025-11-12T12:30:42","date_gmt":"2025-11-12T11:30:42","guid":{"rendered":"https:\/\/ptm-mechatronics.com\/?post_type=product&#038;p=15591"},"modified":"2026-03-09T11:11:45","modified_gmt":"2026-03-09T10:11:45","slug":"laborpumpe-fuer-kleingebinde","status":"publish","type":"product","link":"https:\/\/ptm-mechatronics.com\/it\/product\/laborpumpe-fuer-kleingebinde\/","title":{"rendered":"Pompa da laboratorio per piccoli contenitori"},"content":{"rendered":"<p data-start=\"344\" data-end=\"712\">Questa pompa elettrica da laboratorio per piccoli contenitori e taniche \u00e8 la soluzione ideale per il riempimento pulito ed efficiente di un'ampia gamma di liquidi in laboratorio o in produzione. A differenza delle classiche pompe manuali, questo modello funziona con un potente motore elettrico da 130 watt, che garantisce una portata costante e una comoda gestione.<\/p>\n<p data-start=\"714\" data-end=\"1003\">La caratteristica speciale: Il motore pu\u00f2 essere separato dalla stazione di pompaggio senza l'ausilio di attrezzi e collegato ad altre stazioni di pompaggio. Ci\u00f2 significa che un motore pu\u00f2 essere utilizzato in modo flessibile con diverse stazioni di pompaggio. I componenti aggiuntivi sono disponibili anche singolarmente in negozio, per la massima modularit\u00e0 e adattabilit\u00e0.<\/p>\n<h4 data-start=\"1005\" data-end=\"1038\">Componenti dell'insieme:<\/h4>\n<ul>\n<li data-start=\"1041\" data-end=\"1064\">Stazione di pompaggio (500 mm)<\/li>\n<li data-start=\"1041\" data-end=\"1064\">Tubo di aspirazione in PP (polipropilene)<\/li>\n<li data-start=\"1106\" data-end=\"1139\">Albero di trasmissione in acciaio inox<\/li>\n<li data-start=\"1142\" data-end=\"1172\">Guarnizione in FKM (Viton)<\/li>\n<li data-start=\"1175\" data-end=\"1212\">Motore elettrico con potenza di 130 W<\/li>\n<li data-start=\"1215\" data-end=\"1233\">Curva di uscita<\/li>\n<li data-start=\"1236\" data-end=\"1289\">Tappo in PP per aperture del vaso 40-58 mm<\/li>\n<\/ul>\n<p data-start=\"1291\" data-end=\"1464\">Il set \u00e8 ideale per piccoli contenitori, taniche e contenitori da laboratorio simili e convince per la facilit\u00e0 di pulizia, la durata e la resistenza chimica.<\/p>\n<p data-start=\"1291\" data-end=\"1464\">Volume di fornitura senza container<\/p>","protected":false},"excerpt":{"rendered":"<p>Pompa elettrica da laboratorio come set completo di motore, unit\u00e0 di pompaggio e accessori per taniche e piccoli contenitori, convertibile senza attrezzi, design modulare.<\/p>","protected":false},"featured_media":15892,"comment_status":"closed","ping_status":"closed","template":"","meta":{"_acf_changed":false},"product_brand":[],"product_cat":[3206,3215],"product_tag":[],"class_list":{"0":"post-15591","1":"product","2":"type-product","3":"status-publish","4":"has-post-thumbnail","6":"product_cat-pumpentechnik","7":"product_cat-laborpumpen","8":"product_shipping_class-karton-paketversand","9":"pa_dichtung-fkm","10":"pa_foerderleistung-0-30-l-min","11":"pa_laenge-500mm","12":"pa_leistung-130-watt","13":"pa_material-edelstahl","14":"pa_material-polypropylen-pp","16":"first","17":"instock","18":"taxable","19":"shipping-taxable","20":"purchasable","21":"product-type-simple"},"bundled_by":[],"bundle_stock_status":"instock","bundle_stock_quantity":null,"bundle_virtual":false,"bundle_layout":"","bundle_add_to_cart_form_location":"","bundle_editable_in_cart":false,"bundle_sold_individually_context":"","bundle_item_grouping":"","bundle_min_size":"","bundle_max_size":"","bundle_price":[],"bundled_items":[],"bundle_sell_ids":[],"exclude_global_add_ons":[],"addons":[],"acf":[],"_links":{"self":[{"href":"https:\/\/ptm-mechatronics.com\/it\/wp-json\/wp\/v2\/product\/15591","targetHints":{"allow":["GET"]}}],"collection":[{"href":"https:\/\/ptm-mechatronics.com\/it\/wp-json\/wp\/v2\/product"}],"about":[{"href":"https:\/\/ptm-mechatronics.com\/it\/wp-json\/wp\/v2\/types\/product"}],"replies":[{"embeddable":true,"href":"https:\/\/ptm-mechatronics.com\/it\/wp-json\/wp\/v2\/comments?post=15591"}],"wp:featuredmedia":[{"embeddable":true,"href":"https:\/\/ptm-mechatronics.com\/it\/wp-json\/wp\/v2\/media\/15892"}],"wp:attachment":[{"href":"https:\/\/ptm-mechatronics.com\/it\/wp-json\/wp\/v2\/media?parent=15591"}],"wp:term":[{"taxonomy":"product_brand","embeddable":true,"href":"https:\/\/ptm-mechatronics.com\/it\/wp-json\/wp\/v2\/product_brand?post=15591"},{"taxonomy":"product_cat","embeddable":true,"href":"https:\/\/ptm-mechatronics.com\/it\/wp-json\/wp\/v2\/product_cat?post=15591"},{"taxonomy":"product_tag","embeddable":true,"href":"https:\/\/ptm-mechatronics.com\/it\/wp-json\/wp\/v2\/product_tag?post=15591"}],"curies":[{"name":"wp","href":"https:\/\/api.w.org\/{rel}","templated":true}]}}