{"id":15048,"date":"2025-09-25T10:09:13","date_gmt":"2025-09-25T08:09:13","guid":{"rendered":"https:\/\/ptm-mechatronics.com\/?post_type=product&#038;p=15048"},"modified":"2026-03-09T10:16:50","modified_gmt":"2026-03-09T09:16:50","slug":"stativruehrwerk-pro-hygienic-design-fuer-kleingebinde","status":"publish","type":"product","link":"https:\/\/ptm-mechatronics.com\/it\/product\/stativruehrwerk-pro-hygienic-design-fuer-kleingebinde\/","title":{"rendered":"Agitatore a stativo pro Design igienico per piccoli contenitori"},"content":{"rendered":"<h1><span style=\"font-size: 90%;\">Miscelatore a colonna in acciaio inox - Design igienico per la massima sicurezza alimentare<\/span><\/h1>\n<p>Il nostro miscelatore a colonna in acciaio inox di alta qualit\u00e0 \u00e8 stato sviluppato appositamente per i processi di miscelazione pi\u00f9 impegnativi nell'industria alimentare, farmaceutica e chimica. Grazie al suo design igienico e alla costruzione senza spazi morti, garantisce la massima igiene e sicurezza alimentare.<\/p>\n<h2><span style=\"font-size: 80%;\">Miscela perfetta con la massima igiene<\/span><\/h2>\n<p>L'agitatore garantisce una miscelazione potente e uniforme di liquidi, emulsioni e sostanze viscose. Grazie alle superfici lisce in acciaio inox, \u00e8 facile da pulire e impedisce la contaminazione del prodotto, ideale per le applicazioni critiche dal punto di vista igienico.<\/p>\n<p>I vostri vantaggi in sintesi:<\/p>\n<ul>\n<li>Design igienico - senza spazio morto, facile da pulire, per i pi\u00f9 alti requisiti di igiene<\/li>\n<li>Struttura in acciaio inox - resistente alla corrosione, robusta e duratura<\/li>\n<li>Sicurezza alimentare - Materiali certificati per l'uso nell'industria alimentare<\/li>\n<li>Azionamento a scelta - elettrico o pneumatico a seconda delle esigenze<\/li>\n<li>Certificazione ATEX - adatto anche all'uso in atmosfere potenzialmente esplosive<\/li>\n<li>Applicazione flessibile - Per contenitori di dimensioni e processi produttivi diversi, ampia gamma di accessori<\/li>\n<\/ul>\n<p>Aree di applicazione:<\/p>\n<ul>\n<li>Produzione alimentare (prodotti lattiero-caseari, salse, bevande)<\/li>\n<li>Industria farmaceutica (liquidi sterili, creme, unguenti)<\/li>\n<li>Produzione di cosmetici (emulsioni, lozioni, shampoo)<\/li>\n<li>Industria chimica (vernici, pitture, solventi)<\/li>\n<li>Zone ATEX (atmosfere potenzialmente esplosive)<\/li>\n<\/ul>\n<p>Grazie alla lavorazione di alta qualit\u00e0 e al design sofisticato, il nostro miscelatore a colonna soddisfa tutti i requisiti di igiene, efficienza e sicurezza.<\/p>\n<p>Il nostro miscelatore a colonna in acciaio inox pu\u00f2 essere adattato in modo ottimale alle vostre esigenze specifiche grazie a un'ampia gamma di opzioni e accessori, tra cui design personalizzati per processi di miscelazione speciali.<\/p>","protected":false},"excerpt":{"rendered":"<p>Miscelatore a colonna in acciaio inox con design igienico per la massima sicurezza alimentare, disponibile con azionamento elettrico o pneumatico, certificato ATEX, opzioni e accessori versatili<\/p>","protected":false},"featured_media":15501,"comment_status":"open","ping_status":"closed","template":"","meta":{"_acf_changed":false},"product_brand":[],"product_cat":[595,612],"product_tag":[2556,2546,2557,2547,2558,2548,2559,2549,2560,2550,2561,2551,2562,2552,2553,2554,2544,2555,2545],"class_list":{"0":"post-15048","1":"product","2":"type-product","3":"status-publish","4":"has-post-thumbnail","6":"product_cat-ruehrwerkstechnik","7":"product_cat-kleingebinderuehrwerke","8":"product_tag-hygienisches-ruehrwerk","9":"product_tag-ruehrwerk-fuer-lebensmittelindustrie","10":"product_tag-edelstahlruehrwerk-mit-atex","11":"product_tag-lebensmittelsicherheit-ruehrwerk","12":"product_tag-lebensmittelruehrwerk-edelstahl","13":"product_tag-atex-ruehrwerk-edelstahl","14":"product_tag-pharma-ruehrwerk-edelstahl","15":"product_tag-pneumatisches-ruehrwerk-atex","16":"product_tag-chemie-ruehrwerk-edelstahl","17":"product_tag-elektrisches-stativruehrwerk","18":"product_tag-pneumatisches-ruehrwerk-fuer-lebensmittel","19":"product_tag-industrie-ruehrwerk-edelstahl","20":"product_tag-ruehrwerk-mit-drehzahlregelung","21":"product_tag-ruehrwerk-mit-hygienic-design","22":"product_tag-edelstahl-ruehrwerk-lebensmittel","23":"product_tag-ruehrwerk-atex-zertifiziert","24":"product_tag-stativruehrwerk-edelstahl","25":"product_tag-mischtechnik-edelstahl","26":"product_tag-hygienic-design-ruehrwerk","27":"product_shipping_class-sonderpalette-speditionsversand","28":"pa_antriebsart-pneumatisch","29":"pa_antriebsart-elektrisch","30":"pa_atex-zone-122122","31":"pa_atex-zone-0-1","32":"pa_behaeltervolumen-60-liter","33":"pa_behaeltervolumen-30-liter","34":"pa_behaeltervolumen-100-liter","35":"pa_behaeltervolumen-200-liter","36":"pa_behaeltervolumen-ibc","37":"pa_dichtung-ptfe","38":"pa_ex-gas-ex-ii-2-g-ex-h-iic-t5-gb-x","39":"pa_ex-staub-ex-ii-2-d-ex-h-iiic-t100c-db-x","40":"pa_labs-oel-und-silikonfrei","41":"pa_material-deckel-v4a-edelstahl-1-4404","42":"pa_model-eco-station-pro","43":"pa_typ-stativruehrwerk","45":"first","46":"outofstock","47":"taxable","48":"shipping-taxable","49":"product-type-simple"},"bundled_by":[],"bundle_stock_status":"outofstock","bundle_stock_quantity":null,"bundle_virtual":false,"bundle_layout":"","bundle_add_to_cart_form_location":"","bundle_editable_in_cart":false,"bundle_sold_individually_context":"","bundle_item_grouping":"","bundle_min_size":"","bundle_max_size":"","bundle_price":[],"bundled_items":[],"bundle_sell_ids":[],"exclude_global_add_ons":[],"addons":[],"acf":[],"_links":{"self":[{"href":"https:\/\/ptm-mechatronics.com\/it\/wp-json\/wp\/v2\/product\/15048","targetHints":{"allow":["GET"]}}],"collection":[{"href":"https:\/\/ptm-mechatronics.com\/it\/wp-json\/wp\/v2\/product"}],"about":[{"href":"https:\/\/ptm-mechatronics.com\/it\/wp-json\/wp\/v2\/types\/product"}],"replies":[{"embeddable":true,"href":"https:\/\/ptm-mechatronics.com\/it\/wp-json\/wp\/v2\/comments?post=15048"}],"wp:featuredmedia":[{"embeddable":true,"href":"https:\/\/ptm-mechatronics.com\/it\/wp-json\/wp\/v2\/media\/15501"}],"wp:attachment":[{"href":"https:\/\/ptm-mechatronics.com\/it\/wp-json\/wp\/v2\/media?parent=15048"}],"wp:term":[{"taxonomy":"product_brand","embeddable":true,"href":"https:\/\/ptm-mechatronics.com\/it\/wp-json\/wp\/v2\/product_brand?post=15048"},{"taxonomy":"product_cat","embeddable":true,"href":"https:\/\/ptm-mechatronics.com\/it\/wp-json\/wp\/v2\/product_cat?post=15048"},{"taxonomy":"product_tag","embeddable":true,"href":"https:\/\/ptm-mechatronics.com\/it\/wp-json\/wp\/v2\/product_tag?post=15048"}],"curies":[{"name":"wp","href":"https:\/\/api.w.org\/{rel}","templated":true}]}}