{"id":14906,"date":"2025-09-08T12:33:49","date_gmt":"2025-09-08T10:33:49","guid":{"rendered":"https:\/\/ptm-mechatronics.com\/?post_type=product&#038;p=14906"},"modified":"2026-05-04T12:28:57","modified_gmt":"2026-05-04T10:28:57","slug":"elektrisches-stativruehrwerk-fuer-30-liter-fass","status":"publish","type":"product","link":"https:\/\/ptm-mechatronics.com\/it\/product\/elektrisches-stativruehrwerk-fuer-30-liter-fass\/","title":{"rendered":"Miscelatore elettrico a colonna per fusto da 30 litri"},"content":{"rendered":"<h1><span style=\"font-size: 90%;\">Miscelatore elettrico a colonna per fusti da 30 litri - potente, sicuro ed ergonomico<\/span><\/h1>\n<p>Il miscelatore a cavalletto per fusti da 30 litri \u00e8 stato sviluppato per il trattamento efficiente e sicuro di sostanze a bassa o alta viscosit\u00e0. \u00c8 composto da un potente azionamento elettrico, un solido coperchio in acciaio inox, un albero agitatore con elemento agitante e un supporto con dispositivo di sollevamento automatico e pannello di controllo. Tutti i componenti a contatto con i fluidi - albero agitatore ed elemento agitatore - sono realizzati in acciaio inox V4A (1.4404) e offrono un elevato livello di igiene e resistenza alla corrosione.<\/p>\n<p>L'agitatore \u00e8 completamente adattato all'uso in fusti standardizzati da 30 litri e offre un risultato di miscelazione uniforme e omogeneo, anche con sostanze dure e viscose. Il dispositivo di sollevamento automatico facilita il sollevamento e l'abbassamento dell'agitatore, garantisce un cambio sicuro dei contenitori e riduce lo sforzo fisico nel lavoro quotidiano.<\/p>\n<p>Per la massima sicurezza sul lavoro, l'agitatore \u00e8 dotato di una funzione di spegnimento automatico quando il coperchio viene sollevato, per evitare interferenze con le parti in movimento. Il processo di agitazione riprende automaticamente tramite il rilevamento del contenitore quando il coperchio viene abbassato, in modo efficiente e sicuro.<\/p>\n<p>Le vostre opzioni:<\/p>\n<p>Sistema di cambio rapido dell'albero dell'agitatore:<br \/>\nIl nostro sistema di cambio rapido eco-Quick consente di sostituire l'albero dell'agitatore in modo rapido e pulito, in pochi secondi e senza l'ausilio di altri strumenti.<\/p>\n<p>Agitatore a tazza eco-Cup o a lame inclinate:<br \/>\nGrazie al suo comportamento di agitazione laminare, l'agitatore a tazza eco-Cup offre una miscelazione omogenea, anche con fluidi difficili e altamente viscosi come paste, sospensioni o emulsioni.<\/p>\n<p>Il miscelatore a lame inclinate convince per le sue caratteristiche di trasporto assiale con una componente leggermente radiale e genera un flusso turbolento che consente una miscelazione particolarmente efficace. La sua struttura robusta lo rende ideale per le sostanze altamente viscose.<\/p>\n<p>Chiusura:<br \/>\nIl miscelatore a colonna \u00e8 disponibile sia con montaggio a parete che a pavimento.<\/p>\n<p>I vantaggi in sintesi:<\/p>\n<ul>\n<li>Azionamento elettrico per un'agitazione potente<\/li>\n<li>Ottimizzato per fusti da 30 litri<\/li>\n<li>Albero ed elemento agitatore in acciaio inox V4A<\/li>\n<li>Dispositivo di sollevamento automatico per un lavoro ergonomico<\/li>\n<li>Pannello di controllo per un controllo semplice<\/li>\n<li>Taglio di sicurezza per il sollevamento del coperchio<\/li>\n<li>Riavvio automatico grazie al rilevamento del contenitore<\/li>\n<li>Per fluidi a bassa o alta viscosit\u00e0<\/li>\n<li>Igienico, sicuro, adatto all'uso industriale<\/li>\n<\/ul>\n<p>Nota: Consegna senza barile.<\/p>","protected":false},"excerpt":{"rendered":"<p><span class=\"_fadeIn_m1hgl_8\">Agitatore a cavalletto <\/span><span class=\"_fadeIn_m1hgl_8\">per <\/span><span class=\"_fadeIn_m1hgl_8\">30-<\/span><span class=\"_fadeIn_m1hgl_8\">Litro<\/span><span class=\"_fadeIn_m1hgl_8\">Botti <\/span><span class=\"_fadeIn_m1hgl_8\">con l'impianto elettrico<\/span><span class=\"_fadeIn_m1hgl_8\">\u00a0<\/span><span class=\"_fadeIn_m1hgl_8\">Guida, <\/span><span class=\"_fadeIn_m1hgl_8\">V4A-<\/span><span class=\"_fadeIn_m1hgl_8\">Componenti, <\/span><span class=\"_fadeIn_m1hgl_8\">pi\u00f9 automatico <\/span><span class=\"_fadeIn_m1hgl_8\">Dispositivo di sollevamento, <\/span><span class=\"_fadeIn_m1hgl_8\">Arresto di sicurezza <\/span><span class=\"_fadeIn_m1hgl_8\">e <\/span><span class=\"_fadeIn_m1hgl_8\">Organismo di agitazione elettorale<\/span><span class=\"_fadeIn_m1hgl_8\">\u00a0<\/span><span class=\"_fadeIn_m1hgl_8\">per <\/span><span class=\"_fadeIn_m1hgl_8\">efficiente, <\/span><span class=\"_fadeIn_m1hgl_8\">sicuro <\/span><span class=\"_fadeIn_m1hgl_8\">Mescolare <\/span><span class=\"_fadeIn_m1hgl_8\">con <\/span><span class=\"_fadeIn_m1hgl_8\">tutti <\/span><span class=\"_fadeIn_m1hgl_8\">viscosit\u00e0, con montaggio a parete o a pavimento.<\/span><\/p>","protected":false},"featured_media":15565,"comment_status":"open","ping_status":"closed","template":"","meta":{"_acf_changed":false},"product_brand":[],"product_cat":[595,612],"product_tag":[2971,2977,3173,3174,2637,2893,2965,2966,2967,2968,3199,2969,3200],"class_list":{"0":"post-14906","1":"product","2":"type-product","3":"status-publish","4":"has-post-thumbnail","6":"product_cat-ruehrwerkstechnik","7":"product_cat-kleingebinderuehrwerke","8":"product_tag-bedienpult-ruehrtechnik","9":"product_tag-stativruehrwerk-30-liter","10":"product_tag-ruehrwerk-elektrisch","11":"product_tag-ruehrstation-elektrisch","12":"product_tag-ruehrwerk-fuer-hochviskose-medien","13":"product_tag-ruehrwerk-mit-hebevorrichtung","14":"product_tag-pneumatisches-ruehrwerk-edelstahl","15":"product_tag-v4a-ruehrwelle-eco-cup","16":"product_tag-fassruehrwerk-mit-sicherheit","17":"product_tag-ergonomisches-ruehrwerk-industrie","18":"product_tag-edelstahl-ruehrwerk-30l","19":"product_tag-automatisches-ruehrsystem","20":"product_tag-ruehrwerk-30-liter","21":"product_shipping_class-europalette-speditionsversand","22":"pa_antriebsart-elektrisch","23":"pa_befestigung-mit-bodenbefestigung","24":"pa_befestigung-mit-wandbefestigung","25":"pa_behaeltervolumen-30-liter","26":"pa_deckeldurchmesser-380mm","27":"pa_dichtung-ptfe","28":"pa_durchmesser-ruehrwelle-16mm","29":"pa_geeignete-fassdurchmesser-30-liter","30":"pa_gesamtbreite-440mm","31":"pa_gesamthoehe-1335mm","32":"pa_gesamttiefe-600mm","33":"pa_labs-oel-und-silikonfrei","34":"pa_laenge-ruehrwelle-ca-360mm-ab-deckeloberkante","35":"pa_material-deckel-v4a-edelstahl-1-4404","36":"pa_model-eco-station-30","37":"pa_ruehrorgan-schraegblattmischer-175mm","38":"pa_ruehrorgan-becherruehrorgan-eco-cup-170mm","39":"pa_schnellwechselsystem-mit-gewindeverbindung","40":"pa_schnellwechselsystem-mit-schnellwechselsystem","41":"pa_stativverfahrweg-500mm","42":"pa_typ-stativruehrwerk","44":"first","45":"instock","46":"taxable","47":"shipping-taxable","48":"purchasable","49":"product-type-variable"},"bundled_by":[],"bundle_stock_status":"instock","bundle_stock_quantity":null,"bundle_virtual":false,"bundle_layout":"","bundle_add_to_cart_form_location":"","bundle_editable_in_cart":false,"bundle_sold_individually_context":"","bundle_item_grouping":"","bundle_min_size":"","bundle_max_size":"","bundle_price":[],"bundled_items":[],"bundle_sell_ids":[],"exclude_global_add_ons":[],"addons":[],"acf":[],"_links":{"self":[{"href":"https:\/\/ptm-mechatronics.com\/it\/wp-json\/wp\/v2\/product\/14906","targetHints":{"allow":["GET"]}}],"collection":[{"href":"https:\/\/ptm-mechatronics.com\/it\/wp-json\/wp\/v2\/product"}],"about":[{"href":"https:\/\/ptm-mechatronics.com\/it\/wp-json\/wp\/v2\/types\/product"}],"replies":[{"embeddable":true,"href":"https:\/\/ptm-mechatronics.com\/it\/wp-json\/wp\/v2\/comments?post=14906"}],"wp:featuredmedia":[{"embeddable":true,"href":"https:\/\/ptm-mechatronics.com\/it\/wp-json\/wp\/v2\/media\/15565"}],"wp:attachment":[{"href":"https:\/\/ptm-mechatronics.com\/it\/wp-json\/wp\/v2\/media?parent=14906"}],"wp:term":[{"taxonomy":"product_brand","embeddable":true,"href":"https:\/\/ptm-mechatronics.com\/it\/wp-json\/wp\/v2\/product_brand?post=14906"},{"taxonomy":"product_cat","embeddable":true,"href":"https:\/\/ptm-mechatronics.com\/it\/wp-json\/wp\/v2\/product_cat?post=14906"},{"taxonomy":"product_tag","embeddable":true,"href":"https:\/\/ptm-mechatronics.com\/it\/wp-json\/wp\/v2\/product_tag?post=14906"}],"curies":[{"name":"wp","href":"https:\/\/api.w.org\/{rel}","templated":true}]}}