{"id":14503,"date":"2025-08-25T09:10:11","date_gmt":"2025-08-25T07:10:11","guid":{"rendered":"https:\/\/ptm-mechatronics.com\/?post_type=product&#038;p=14503"},"modified":"2025-11-07T15:56:13","modified_gmt":"2025-11-07T14:56:13","slug":"elektrisches-ruehrwerk-mit-traverse-fuer-ibc-container-atex","status":"publish","type":"product","link":"https:\/\/ptm-mechatronics.com\/it\/product\/elektrisches-ruehrwerk-mit-traverse-fuer-ibc-container-atex\/","title":{"rendered":"Agitatore elettrico con traslazione per IBC e container ATEX"},"content":{"rendered":"<h1><span style=\"font-size: 75%;\">Agitatore elettrico per IBC e container - sicuro ATEX, flessibile, facile da installare<\/span><\/h1>\n<p>I nostri agitatori elettrici per IBC e container convincono per la loro maneggevolezza e la loro qualit\u00e0 robusta, anche nelle aree a rischio ATEX zona 1. Grazie alla pratica traversa in acciaio inox V4A di alta qualit\u00e0 (1.4404), \u00e8 possibile fissare l'agitatore al container in modo rapido e sicuro. Grazie ai due morsetti a sgancio rapido, l'installazione \u00e8 completata in pochi secondi.<\/p>\n<p>La traversa \u00e8 regolabile in modo flessibile ed \u00e8 adatta a IBC con un volume compreso tra 600 e 1200 litri. L'agitatore viene fornito completamente pronto per l'uso, compreso l'albero dell'agitatore e l'agitatore a tazze incernierate eco-Cup, anch'esso realizzato in acciaio inox V4A (1.4404).<\/p>\n<p>Come opzione, la velocit\u00e0 pu\u00f2 essere controllata e letta in modo preciso e comodo tramite un convertitore di frequenza con circuito di protezione del motore e arresto di emergenza. Gli attacchi preassemblati per carrelli elevatori garantiscono un trasporto semplice e sono ideali per l'uso con un carrello elevatore.<\/p>\n<h3 data-start=\"1337\" data-end=\"1549\"><span class=\"_fadeIn_m1hgl_8\">Le vostre opzioni:<\/span><\/h3>\n<p>Tre livelli di prestazioni per le vostre esigenze:<\/p>\n<ul>\n<li>Per liquidi con viscosit\u00e0 fino a 2.000 mPas.<\/li>\n<li>Per liquidi con viscosit\u00e0 fino a 10.000 mPas.<\/li>\n<li>Per liquidi con viscosit\u00e0 fino a 50.000 mPas.<\/li>\n<\/ul>\n<p>Sistema di cambio rapido dell'albero dell'agitatore:<br \/>\nIl nostro <a href=\"https:\/\/youtu.be\/TjagGW4DoyA?feature=shared\" target=\"_blank\" rel=\"noopener\">Sistema di cambio rapido eco-Quick<\/a> offre una sostituzione rapida e pulita dell'albero dell'agitatore in pochi secondi, senza bisogno di altri strumenti.<\/p>\n<p>Inverter di frequenza:<br \/>\nScegliere un inverter opzionale per il montaggio a parete.<\/p>\n<p>&nbsp;<\/p>\n<p>Nota importante:<br \/>\nPoich\u00e9 i contenitori IBC non sono standardizzati, vi chiediamo di controllare attentamente le dimensioni dei vostri contenitori in anticipo. Per qualsiasi domanda, non esitate a contattarci: saremo lieti di consigliarvi personalmente!<\/p>\n<p>Ambito di fornitura:<br \/>\nL'agitatore viene fornito senza contenitore.<\/p>","protected":false},"excerpt":{"rendered":"<p>Potente agitatore IBC completamente equipaggiato con albero agitatore, elemento agitatore e traversa. Motore elettrico disponibile in tre varianti di potenza.<\/p>","protected":false},"featured_media":15561,"comment_status":"open","ping_status":"closed","template":"","meta":{"_acf_changed":false},"product_brand":[],"product_cat":[595,614],"product_tag":[3166,3167,3168,3169,3170,2816,2854,2867,3159],"class_list":{"0":"post-14503","1":"product","2":"type-product","3":"status-publish","4":"has-post-thumbnail","6":"product_cat-ruehrwerkstechnik","7":"product_cat-containerruehrwerke","8":"product_tag-elektrisches-ibc-ruehrwerk","9":"product_tag-ruehrwerk-fuer-container","10":"product_tag-ibc-ruehrwerk-edelstahl","11":"product_tag-v4a-ruehrwerk","12":"product_tag-ruehrwerk-mit-traverse","13":"product_tag-explosionsgeschuetztes-ruehrwerk","14":"product_tag-frequenzumrichter-ruehrwerk","15":"product_tag-atex-ruehrwerk-elektrisch","16":"product_tag-eco-cup-ruehrorgan","17":"product_shipping_class-europalette-speditionsversand","18":"pa_antriebsart-elektrisch","19":"pa_atex-zone-122122","20":"pa_atex-gas-ex-db-eb-iic-t4-gb","21":"pa_behaeltervolumen-ibc","22":"pa_durchmesser-ruehrwelle-25mm","23":"pa_frequenzumrichter-zur-wandmontage","24":"pa_frequenzumrichter-ohne","25":"pa_geeignete-ibc-groessen-600-1200-liter","26":"pa_laenge-ruehrwelle-ca-795mm-ab-deckeloberkante","27":"pa_material-traverse-v4a-edelstahl-1-4404","28":"pa_motorart-stirnradgetriebemotor","29":"pa_motorgroessen-0-411-1-min-15kw-32nm-bis-2-000mpas","30":"pa_motorgroessen-0-245-1-min-15kw-58nm-bis-10-000mpas","31":"pa_motorgroessen-0-337-1-min-3kw-85nm-bis-50-000mpas","32":"pa_ruehrorgan-becherruehrorgan-eco-cup-500mm","33":"pa_schaltart-dreieck-stern","34":"pa_schnellwechselsystem-mit-gewindeverbindung","35":"pa_schnellwechselsystem-mit-schnellwechselsystem","36":"pa_typ-traversenruehrwerk","38":"first","39":"instock","40":"taxable","41":"shipping-taxable","42":"purchasable","43":"product-type-variable"},"bundled_by":[],"bundle_stock_status":"instock","bundle_stock_quantity":null,"bundle_virtual":false,"bundle_layout":"","bundle_add_to_cart_form_location":"","bundle_editable_in_cart":false,"bundle_sold_individually_context":"","bundle_item_grouping":"","bundle_min_size":"","bundle_max_size":"","bundle_price":[],"bundled_items":[],"bundle_sell_ids":[],"exclude_global_add_ons":[],"addons":[],"acf":[],"_links":{"self":[{"href":"https:\/\/ptm-mechatronics.com\/it\/wp-json\/wp\/v2\/product\/14503","targetHints":{"allow":["GET"]}}],"collection":[{"href":"https:\/\/ptm-mechatronics.com\/it\/wp-json\/wp\/v2\/product"}],"about":[{"href":"https:\/\/ptm-mechatronics.com\/it\/wp-json\/wp\/v2\/types\/product"}],"replies":[{"embeddable":true,"href":"https:\/\/ptm-mechatronics.com\/it\/wp-json\/wp\/v2\/comments?post=14503"}],"wp:featuredmedia":[{"embeddable":true,"href":"https:\/\/ptm-mechatronics.com\/it\/wp-json\/wp\/v2\/media\/15561"}],"wp:attachment":[{"href":"https:\/\/ptm-mechatronics.com\/it\/wp-json\/wp\/v2\/media?parent=14503"}],"wp:term":[{"taxonomy":"product_brand","embeddable":true,"href":"https:\/\/ptm-mechatronics.com\/it\/wp-json\/wp\/v2\/product_brand?post=14503"},{"taxonomy":"product_cat","embeddable":true,"href":"https:\/\/ptm-mechatronics.com\/it\/wp-json\/wp\/v2\/product_cat?post=14503"},{"taxonomy":"product_tag","embeddable":true,"href":"https:\/\/ptm-mechatronics.com\/it\/wp-json\/wp\/v2\/product_tag?post=14503"}],"curies":[{"name":"wp","href":"https:\/\/api.w.org\/{rel}","templated":true}]}}