{"id":14041,"date":"2025-07-18T10:01:00","date_gmt":"2025-07-18T08:01:00","guid":{"rendered":"https:\/\/ptm-mechatronics.com\/?post_type=product&#038;p=14041"},"modified":"2025-11-07T15:55:17","modified_gmt":"2025-11-07T14:55:17","slug":"filterkatuschen","status":"publish","type":"product","link":"https:\/\/ptm-mechatronics.com\/it\/product\/filterkatuschen\/","title":{"rendered":"Cartucce filtranti"},"content":{"rendered":"<h1 data-start=\"198\" data-end=\"281\"><span style=\"font-size: 75%;\">Cartuccia filtrante di ricambio per il pacchetto di filtri per l'aria di scarico - pulita, sicura, adatta per le camere bianche<\/span><\/h1>\n<p data-start=\"283\" data-end=\"724\">Questa cartuccia filtrante di ricambio \u00e8 stata progettata appositamente per il pacchetto di filtri dell'aria di scarico dei convertitori di frequenza PTM e garantisce in modo affidabile un'efficace separazione delle particelle nelle aree di produzione sensibili. Grazie alla sua struttura filtrante di alta qualit\u00e0, riduce le impurit\u00e0 dell'aria e favorisce una qualit\u00e0 costante dell'aria, soprattutto nelle camere bianche o in ambienti sensibili dal punto di vista igienico, come la tecnologia farmaceutica, alimentare o di laboratorio.<\/p>\n<p data-start=\"726\" data-end=\"1025\">Il filtro pu\u00f2 essere sostituito in modo semplice e veloce e ripristina le prestazioni del sistema di scarico dell'aria. La cartuccia filtrante \u00e8 perfettamente abbinata al modulo di alimentazione dell'aria PTM e contribuisce alla sicurezza, alla longevit\u00e0 e all'efficienza energetica dell'intero sistema.<\/p>","protected":false},"excerpt":{"rendered":"<p>Cartucce filtranti di ricambio per il pacchetto di filtri per l'aria di scarico PTM Cleanroom per un'aria di scarico pulita e una separazione affidabile delle particelle, ideale per camere bianche e applicazioni igieniche.<\/p>","protected":false},"featured_media":15549,"comment_status":"closed","ping_status":"closed","template":"","meta":{"_acf_changed":false},"product_brand":[],"product_cat":[2745],"product_tag":[3149,3150,3151,3143,3144,3145,3146,3147,3148],"class_list":{"0":"post-14041","1":"product","2":"type-product","3":"status-publish","4":"has-post-thumbnail","6":"product_cat-ersatzteile","7":"product_tag-druckluftfilter-ersatz","8":"product_tag-abluftfilter-industrie","9":"product_tag-reinraum-ersatzfilter","10":"product_tag-ersatzfilter-abluftpaket","11":"product_tag-abluftfilter-reinraum","12":"product_tag-filterkartusche-ptm-antrieb","13":"product_tag-abluftfilter-ersatzteil","14":"product_tag-hygienischer-abluftfilter","15":"product_tag-abluft-filterkupplung","16":"product_shipping_class-karton-paketversand","18":"first","19":"instock","20":"taxable","21":"shipping-taxable","22":"purchasable","23":"product-type-variable"},"bundled_by":[],"bundle_stock_status":"instock","bundle_stock_quantity":null,"bundle_virtual":false,"bundle_layout":"","bundle_add_to_cart_form_location":"","bundle_editable_in_cart":false,"bundle_sold_individually_context":"","bundle_item_grouping":"","bundle_min_size":"","bundle_max_size":"","bundle_price":[],"bundled_items":[],"bundle_sell_ids":[],"exclude_global_add_ons":[],"addons":[],"acf":[],"_links":{"self":[{"href":"https:\/\/ptm-mechatronics.com\/it\/wp-json\/wp\/v2\/product\/14041","targetHints":{"allow":["GET"]}}],"collection":[{"href":"https:\/\/ptm-mechatronics.com\/it\/wp-json\/wp\/v2\/product"}],"about":[{"href":"https:\/\/ptm-mechatronics.com\/it\/wp-json\/wp\/v2\/types\/product"}],"replies":[{"embeddable":true,"href":"https:\/\/ptm-mechatronics.com\/it\/wp-json\/wp\/v2\/comments?post=14041"}],"wp:featuredmedia":[{"embeddable":true,"href":"https:\/\/ptm-mechatronics.com\/it\/wp-json\/wp\/v2\/media\/15549"}],"wp:attachment":[{"href":"https:\/\/ptm-mechatronics.com\/it\/wp-json\/wp\/v2\/media?parent=14041"}],"wp:term":[{"taxonomy":"product_brand","embeddable":true,"href":"https:\/\/ptm-mechatronics.com\/it\/wp-json\/wp\/v2\/product_brand?post=14041"},{"taxonomy":"product_cat","embeddable":true,"href":"https:\/\/ptm-mechatronics.com\/it\/wp-json\/wp\/v2\/product_cat?post=14041"},{"taxonomy":"product_tag","embeddable":true,"href":"https:\/\/ptm-mechatronics.com\/it\/wp-json\/wp\/v2\/product_tag?post=14041"}],"curies":[{"name":"wp","href":"https:\/\/api.w.org\/{rel}","templated":true}]}}