{"id":14021,"date":"2025-07-17T09:40:00","date_gmt":"2025-07-17T07:40:00","guid":{"rendered":"https:\/\/ptm-mechatronics.com\/?post_type=product&#038;p=14021"},"modified":"2025-11-07T15:55:17","modified_gmt":"2025-11-07T14:55:17","slug":"ruehrwellen-fuer-ibc-fuer-schnellmischer-mit-gewindenabe","status":"publish","type":"product","link":"https:\/\/ptm-mechatronics.com\/it\/product\/ruehrwellen-fuer-ibc-fuer-schnellmischer-mit-gewindenabe\/","title":{"rendered":"Alberi agitatori per IBC per miscelatori ad alta velocit\u00e0 con mozzo filettato"},"content":{"rendered":"<h1 data-start=\"178\" data-end=\"265\"><span style=\"font-size: 75%;\">Alberi agitatori in acciaio inox V4A con mozzo filettato - robusti, precisi, adatti a velocit\u00e0 elevate<\/span><\/h1>\n<p data-start=\"267\" data-end=\"562\">I nostri alberi agitatori in acciaio inossidabile V4A 1.4404 di alta qualit\u00e0 convincono per l'elevata resistenza alla corrosione, la stabilit\u00e0 e la lunga durata - ideali per le applicazioni pi\u00f9 esigenti dal punto di vista igienico. Il mozzo filettato brevettato consente di montarli in modo sicuro e preciso sulle unit\u00e0 PTM.<\/p>\n<p data-start=\"564\" data-end=\"750\">Questo albero agitatore \u00e8 stato sviluppato appositamente per l'uso con miscelatori ad alta velocit\u00e0 con velocit\u00e0 superiori a 600 giri\/min. e offre la massima scorrevolezza e affidabilit\u00e0 del processo in presenza di carichi elevati.<\/p>\n<p data-start=\"752\" data-end=\"914\">Al momento della scelta, tenere presente il diametro dell'albero appropriato per il proprio azionamento. In caso di domande, il nostro servizio clienti PTM sar\u00e0 lieto di consigliarvi.<\/p>","protected":false},"excerpt":{"rendered":"<p>Albero agitatore in acciaio inox V4A 1.4404 con mozzo filettato per miscelatori ad alta velocit\u00e0 con velocit\u00e0 superiori a 600 giri\/min - robusto, preciso e durevole.<\/p>","protected":false},"featured_media":15364,"comment_status":"closed","ping_status":"closed","template":"","meta":{"_acf_changed":false},"product_brand":[],"product_cat":[651,595],"product_tag":[3134,3135,3116,3117,3119,3123,3125,3128,3132,3133],"class_list":{"0":"post-14021","1":"product","2":"type-product","3":"status-publish","4":"has-post-thumbnail","6":"product_cat-ruehrwellen","7":"product_cat-ruehrwerkstechnik","8":"product_tag-ruehrwelle-600-u-min","9":"product_tag-ptm-ruehrwelle","10":"product_tag-ruehrwelle-edelstahl","11":"product_tag-v4a-ruehrwelle","12":"product_tag-gewindenabe-ptm","13":"product_tag-hygienische-ruehrwelle","14":"product_tag-ruehrwelle-industrie","15":"product_tag-edelstahlruehrwelle-1-4404","16":"product_tag-ruehrwelle-schnellmischer","17":"product_tag-hochdrehzahl-ruehrwelle","18":"product_shipping_class-karton-paketversand","19":"pa_gewinde-m16","20":"pa_material-v4a-edelstahl-1-4404","21":"pa_patentnummer-20-2020-107-558","23":"first","24":"instock","25":"taxable","26":"shipping-taxable","27":"purchasable","28":"product-type-variable"},"bundled_by":[],"bundle_stock_status":"instock","bundle_stock_quantity":null,"bundle_virtual":false,"bundle_layout":"","bundle_add_to_cart_form_location":"","bundle_editable_in_cart":false,"bundle_sold_individually_context":"","bundle_item_grouping":"","bundle_min_size":"","bundle_max_size":"","bundle_price":[],"bundled_items":[],"bundle_sell_ids":[],"exclude_global_add_ons":[],"addons":[],"acf":[],"_links":{"self":[{"href":"https:\/\/ptm-mechatronics.com\/it\/wp-json\/wp\/v2\/product\/14021","targetHints":{"allow":["GET"]}}],"collection":[{"href":"https:\/\/ptm-mechatronics.com\/it\/wp-json\/wp\/v2\/product"}],"about":[{"href":"https:\/\/ptm-mechatronics.com\/it\/wp-json\/wp\/v2\/types\/product"}],"replies":[{"embeddable":true,"href":"https:\/\/ptm-mechatronics.com\/it\/wp-json\/wp\/v2\/comments?post=14021"}],"wp:featuredmedia":[{"embeddable":true,"href":"https:\/\/ptm-mechatronics.com\/it\/wp-json\/wp\/v2\/media\/15364"}],"wp:attachment":[{"href":"https:\/\/ptm-mechatronics.com\/it\/wp-json\/wp\/v2\/media?parent=14021"}],"wp:term":[{"taxonomy":"product_brand","embeddable":true,"href":"https:\/\/ptm-mechatronics.com\/it\/wp-json\/wp\/v2\/product_brand?post=14021"},{"taxonomy":"product_cat","embeddable":true,"href":"https:\/\/ptm-mechatronics.com\/it\/wp-json\/wp\/v2\/product_cat?post=14021"},{"taxonomy":"product_tag","embeddable":true,"href":"https:\/\/ptm-mechatronics.com\/it\/wp-json\/wp\/v2\/product_tag?post=14021"}],"curies":[{"name":"wp","href":"https:\/\/api.w.org\/{rel}","templated":true}]}}