{"id":13886,"date":"2025-06-30T09:58:43","date_gmt":"2025-06-30T07:58:43","guid":{"rendered":"https:\/\/ptm-mechatronics.com\/?post_type=product&#038;p=13886"},"modified":"2025-11-07T15:55:03","modified_gmt":"2025-11-07T14:55:03","slug":"drosselventil-metall","status":"publish","type":"product","link":"https:\/\/ptm-mechatronics.com\/it\/product\/drosselventil-metall\/","title":{"rendered":"Valvola a farfalla in metallo"},"content":{"rendered":"<h2 data-start=\"198\" data-end=\"297\"><span style=\"font-size: 75%;\">Valvola a farfalla in zinco fuso cromato per attuatori pneumatici - precisa, robusta e durevole<\/span><\/h2>\n<p data-start=\"299\" data-end=\"670\">La valvola a farfalla in zinco cromato consente una regolazione fine del volume d'aria per i motori pneumatici e gli agitatori PTM (tipo 450-3600) e garantisce una regolazione precisa della velocit\u00e0 in base alle esigenze del processo. Il materiale in zinco fuso cromato offre un'elevata forza e resistenza alla corrosione, ideale per le applicazioni industriali pi\u00f9 esigenti.<\/p>\n<p data-start=\"672\" data-end=\"961\">La valvola \u00e8 comodamente montata sul blocco di connessione, consentendo un'integrazione sicura e poco ingombrante nel sistema di aria compressa. Grazie al preciso controllo del flusso d'aria, \u00e8 possibile controllare in modo affidabile sia i processi di miscelazione pi\u00f9 delicati che quelli ad alta intensit\u00e0 di potenza.<\/p>\n<p data-start=\"963\" data-end=\"1200\">Compatta, resistente e a bassa usura, questa valvola a farfalla \u00e8 il complemento perfetto per tutti gli attuatori pneumatici e gli attuatori agitatori PTM quando sono richieste la massima affidabilit\u00e0 operativa, una controllabilit\u00e0 precisa e una semplice installazione.<\/p>","protected":false},"excerpt":{"rendered":"<p>Valvola a farfalla in zinco fuso cromato da montare sul blocco di connessione per un controllo preciso della portata d'aria per motori pneumatici e azionamenti di agitatori - robusta e durevole.<\/p>","protected":false},"featured_media":15546,"comment_status":"closed","ping_status":"closed","template":"","meta":{"_acf_changed":false},"product_brand":[],"product_cat":[2745],"product_tag":[3092,3093,3094,3095,3096,3087,3088,3089,3090,3091],"class_list":{"0":"post-13886","1":"product","2":"type-product","3":"status-publish","4":"has-post-thumbnail","6":"product_cat-ersatzteile","7":"product_tag-ruehrwerksantrieb-drosselventil","8":"product_tag-regelventil-industrie","9":"product_tag-druckluftsteuerung-antrieb","10":"product_tag-langlebiges-druckluftventil","11":"product_tag-zinkgussventil-pneumatisch","12":"product_tag-drosselventil-zinkguss","13":"product_tag-verchromtes-drosselventil","14":"product_tag-anschlussblock-drosselventil","15":"product_tag-druckluftventil-ptm","16":"product_tag-luftmengenregler-pneumatisch","17":"product_shipping_class-karton-paketversand","18":"pa_anschluss-einbau-auf-anschlussblock","19":"pa_schlauchdurchmesser-6mm","20":"pa_schlauchdurchmesser-8mm","22":"first","23":"instock","24":"taxable","25":"shipping-taxable","26":"purchasable","27":"product-type-simple"},"bundled_by":[],"bundle_stock_status":"instock","bundle_stock_quantity":null,"bundle_virtual":false,"bundle_layout":"","bundle_add_to_cart_form_location":"","bundle_editable_in_cart":false,"bundle_sold_individually_context":"","bundle_item_grouping":"","bundle_min_size":"","bundle_max_size":"","bundle_price":[],"bundled_items":[],"bundle_sell_ids":[],"exclude_global_add_ons":[],"addons":[],"acf":[],"_links":{"self":[{"href":"https:\/\/ptm-mechatronics.com\/it\/wp-json\/wp\/v2\/product\/13886","targetHints":{"allow":["GET"]}}],"collection":[{"href":"https:\/\/ptm-mechatronics.com\/it\/wp-json\/wp\/v2\/product"}],"about":[{"href":"https:\/\/ptm-mechatronics.com\/it\/wp-json\/wp\/v2\/types\/product"}],"replies":[{"embeddable":true,"href":"https:\/\/ptm-mechatronics.com\/it\/wp-json\/wp\/v2\/comments?post=13886"}],"wp:featuredmedia":[{"embeddable":true,"href":"https:\/\/ptm-mechatronics.com\/it\/wp-json\/wp\/v2\/media\/15546"}],"wp:attachment":[{"href":"https:\/\/ptm-mechatronics.com\/it\/wp-json\/wp\/v2\/media?parent=13886"}],"wp:term":[{"taxonomy":"product_brand","embeddable":true,"href":"https:\/\/ptm-mechatronics.com\/it\/wp-json\/wp\/v2\/product_brand?post=13886"},{"taxonomy":"product_cat","embeddable":true,"href":"https:\/\/ptm-mechatronics.com\/it\/wp-json\/wp\/v2\/product_cat?post=13886"},{"taxonomy":"product_tag","embeddable":true,"href":"https:\/\/ptm-mechatronics.com\/it\/wp-json\/wp\/v2\/product_tag?post=13886"}],"curies":[{"name":"wp","href":"https:\/\/api.w.org\/{rel}","templated":true}]}}