{"id":13880,"date":"2025-06-30T09:29:36","date_gmt":"2025-06-30T07:29:36","guid":{"rendered":"https:\/\/ptm-mechatronics.com\/?post_type=product&#038;p=13880"},"modified":"2025-11-07T15:55:05","modified_gmt":"2025-11-07T14:55:05","slug":"drosselventil-standard","status":"publish","type":"product","link":"https:\/\/ptm-mechatronics.com\/it\/product\/drosselventil-standard\/","title":{"rendered":"Valvola a farfalla standard"},"content":{"rendered":"<div id=\"tab-description\" class=\"woocommerce-Tabs-panel woocommerce-Tabs-panel--description panel entry-content active\" role=\"tabpanel\" aria-labelledby=\"tab-title-description\">\n<h2 data-start=\"232\" data-end=\"304\">Valvola a farfalla per attuatori pneumatici - compatta, precisa, regolabile<\/h2>\n<p data-start=\"306\" data-end=\"732\">La valvola a farfalla (valvola di ritegno a farfalla, valvola a spillo) consente il controllo fine del volume d'aria per i motori pneumatici PTM e gli azionamenti degli agitatori. \u00c8 montata direttamente sul blocco di connessione (<span data-teams=\"true\">tramite il filo R1\/8\u2033)<\/span> e consente una regolazione precisa della velocit\u00e0 attraverso un flusso d'aria controllato. In questo modo \u00e8 possibile ottimizzare i convertitori di frequenza in base ai rispettivi requisiti di processo, sia per processi di miscelazione delicati che per applicazioni ad alta intensit\u00e0 di potenza.<\/p>\n<p data-start=\"734\" data-end=\"987\">La valvola \u00e8 compatta, robusta e facile da installare, ideale per ambienti industriali con elevate esigenze di affidabilit\u00e0 e comportamento di controllo. \u00c8 adatta all'uso permanente in processi di miscelazione e azionamento automatizzati.<\/p>\n<\/div>","protected":false},"excerpt":{"rendered":"<p>Valvola a farfalla per la regolazione precisa del volume d'aria per motori pneumatici e azionamenti di agitatori - ideale per la regolazione della velocit\u00e0 nel funzionamento industriale.<\/p>","protected":false},"featured_media":15545,"comment_status":"closed","ping_status":"closed","template":"","meta":{"_acf_changed":false},"product_brand":[],"product_cat":[2745],"product_tag":[3076,3077,3078,3079,3080,3081,3082,3083,3084,3075],"class_list":{"0":"post-13880","1":"product","2":"type-product","3":"status-publish","4":"has-post-thumbnail","6":"product_cat-ersatzteile","7":"product_tag-luftmengenregler-ptm","8":"product_tag-regelventil-pneumatischer-antrieb","9":"product_tag-luftsteuerung-ruehrwerk","10":"product_tag-drehzahlregelung-pneumatik","11":"product_tag-drosselventil-ruehrwerksantrieb","12":"product_tag-druckluftregelventil-ptm","13":"product_tag-pneumatikventil-feinregelbar","14":"product_tag-luftmengenventil-industrie","15":"product_tag-drosselventil-mischtechnik","16":"product_tag-drosselventil-druckluftmotor","17":"product_shipping_class-karton-paketversand","18":"pa_anschluss-einbau-auf-anschlussblock","20":"first","21":"instock","22":"taxable","23":"shipping-taxable","24":"purchasable","25":"product-type-variable"},"bundled_by":["6642"],"bundle_stock_status":"instock","bundle_stock_quantity":null,"bundle_virtual":false,"bundle_layout":"","bundle_add_to_cart_form_location":"","bundle_editable_in_cart":false,"bundle_sold_individually_context":"","bundle_item_grouping":"","bundle_min_size":"","bundle_max_size":"","bundle_price":[],"bundled_items":[],"bundle_sell_ids":[],"exclude_global_add_ons":[],"addons":[],"acf":[],"_links":{"self":[{"href":"https:\/\/ptm-mechatronics.com\/it\/wp-json\/wp\/v2\/product\/13880","targetHints":{"allow":["GET"]}}],"collection":[{"href":"https:\/\/ptm-mechatronics.com\/it\/wp-json\/wp\/v2\/product"}],"about":[{"href":"https:\/\/ptm-mechatronics.com\/it\/wp-json\/wp\/v2\/types\/product"}],"replies":[{"embeddable":true,"href":"https:\/\/ptm-mechatronics.com\/it\/wp-json\/wp\/v2\/comments?post=13880"}],"wp:featuredmedia":[{"embeddable":true,"href":"https:\/\/ptm-mechatronics.com\/it\/wp-json\/wp\/v2\/media\/15545"}],"wp:attachment":[{"href":"https:\/\/ptm-mechatronics.com\/it\/wp-json\/wp\/v2\/media?parent=13880"}],"wp:term":[{"taxonomy":"product_brand","embeddable":true,"href":"https:\/\/ptm-mechatronics.com\/it\/wp-json\/wp\/v2\/product_brand?post=13880"},{"taxonomy":"product_cat","embeddable":true,"href":"https:\/\/ptm-mechatronics.com\/it\/wp-json\/wp\/v2\/product_cat?post=13880"},{"taxonomy":"product_tag","embeddable":true,"href":"https:\/\/ptm-mechatronics.com\/it\/wp-json\/wp\/v2\/product_tag?post=13880"}],"curies":[{"name":"wp","href":"https:\/\/api.w.org\/{rel}","templated":true}]}}