{"id":13335,"date":"2025-03-31T11:08:31","date_gmt":"2025-03-31T09:08:31","guid":{"rendered":"https:\/\/ptm-mechatronics.com\/?post_type=product&#038;p=13335"},"modified":"2026-02-23T13:00:12","modified_gmt":"2026-02-23T12:00:12","slug":"schraegblattmischer-klappbar","status":"publish","type":"product","link":"https:\/\/ptm-mechatronics.com\/it\/product\/schraegblattmischer-klappbar\/","title":{"rendered":"Miscelatore a lame inclinate, incernierato"},"content":{"rendered":"<p class=\"\" data-start=\"136\" data-end=\"226\">Miscelatore a lame inclinate - miscelazione potente per sostanze viscose e processi impegnativi<\/p>\n<p class=\"\" data-start=\"228\" data-end=\"580\">Il miscelatore a pale inclinate convince per le sue caratteristiche di trasporto assiale con una leggera componente radiale e genera un flusso turbolento che consente una miscelazione particolarmente efficace. La sua struttura robusta lo rende ideale per sostanze altamente viscose e per un'ampia gamma di applicazioni industriali.<\/p>\n<p class=\"\" data-start=\"582\" data-end=\"773\">Le applicazioni tipiche comprendono l'omogeneizzazione, la dispersione e la sospensione di un'ampia gamma di sostanze, dai processi chimici alla produzione di alimenti e cosmetici.<\/p>\n<p data-start=\"582\" data-end=\"773\">Durante la rotazione, il miscelatore pieghevole si dispiega automaticamente per forza centrifuga da \u00d850 mm a \u00d8150 o 200 mm quando \u00e8 ripiegato, consentendo cos\u00ec una miscelazione potente anche con aperture strette del contenitore.<\/p>\n<p class=\"\" data-start=\"775\" data-end=\"806\">I vantaggi in sintesi:<\/p>\n<ul>\n<li data-start=\"809\" data-end=\"846\">Trasporto da assiale a leggermente radiale<\/li>\n<li data-start=\"809\" data-end=\"846\">Flusso turbolento per una miscelazione intensiva<\/li>\n<li data-start=\"809\" data-end=\"846\">Adatto a fluidi viscosi<\/li>\n<li data-start=\"809\" data-end=\"846\">Ideale per omogeneizzare, disperdere e sospendere<\/li>\n<li data-start=\"809\" data-end=\"846\">Versatile nell'uso<\/li>\n<li data-start=\"809\" data-end=\"846\">Elevata affidabilit\u00e0 del processo<\/li>\n<\/ul>","protected":false},"excerpt":{"rendered":"<p>Agitatore assiale (leggermente radiale) a flusso turbolento, ideale per omogeneizzare, disperdere e sospendere anche sostanze altamente viscose.<\/p>","protected":false},"featured_media":15348,"comment_status":"closed","ping_status":"closed","template":"","meta":{"_acf_changed":false},"product_brand":[],"product_cat":[595,631],"product_tag":[2733,2706,2715,2735,2726,2727,2728,2729,2730,2731,2732],"class_list":{"0":"post-13335","1":"product","2":"type-product","3":"status-publish","4":"has-post-thumbnail","6":"product_cat-ruehrwerkstechnik","7":"product_cat-ruehrorgane","8":"product_tag-mischtechnik-industrie","9":"product_tag-ruehrorgan-kaufen","10":"product_tag-ruehrorgan-axial","11":"product_tag-schragblattmischer","12":"product_tag-schraegblattruehrer","13":"product_tag-ruehrwerk-viskose-medien","14":"product_tag-ruehrtechnik-homogenisieren","15":"product_tag-dispergieren-ruehrwerk","16":"product_tag-suspendieren-mischtechnik","17":"product_tag-industrielles-ruehrwerkzeug","18":"product_tag-turbulente-stroemung","19":"product_shipping_class-karton-paketversand","20":"pa_blatt-4-blaettrig-28x2","21":"pa_blattanstellung-1060","22":"pa_gewicht-03kg","23":"pa_material-v4a-edelstahl-1-4571","24":"pa_oberflaeche-glasperlengestrahlt","25":"pa_schiebenabe-20mm","27":"first","28":"instock","29":"taxable","30":"shipping-taxable","31":"purchasable","32":"product-type-variable"},"bundled_by":[],"bundle_stock_status":"instock","bundle_stock_quantity":null,"bundle_virtual":false,"bundle_layout":"","bundle_add_to_cart_form_location":"","bundle_editable_in_cart":false,"bundle_sold_individually_context":"","bundle_item_grouping":"","bundle_min_size":"","bundle_max_size":"","bundle_price":[],"bundled_items":[],"bundle_sell_ids":[],"exclude_global_add_ons":[],"addons":[],"acf":[],"_links":{"self":[{"href":"https:\/\/ptm-mechatronics.com\/it\/wp-json\/wp\/v2\/product\/13335","targetHints":{"allow":["GET"]}}],"collection":[{"href":"https:\/\/ptm-mechatronics.com\/it\/wp-json\/wp\/v2\/product"}],"about":[{"href":"https:\/\/ptm-mechatronics.com\/it\/wp-json\/wp\/v2\/types\/product"}],"replies":[{"embeddable":true,"href":"https:\/\/ptm-mechatronics.com\/it\/wp-json\/wp\/v2\/comments?post=13335"}],"wp:featuredmedia":[{"embeddable":true,"href":"https:\/\/ptm-mechatronics.com\/it\/wp-json\/wp\/v2\/media\/15348"}],"wp:attachment":[{"href":"https:\/\/ptm-mechatronics.com\/it\/wp-json\/wp\/v2\/media?parent=13335"}],"wp:term":[{"taxonomy":"product_brand","embeddable":true,"href":"https:\/\/ptm-mechatronics.com\/it\/wp-json\/wp\/v2\/product_brand?post=13335"},{"taxonomy":"product_cat","embeddable":true,"href":"https:\/\/ptm-mechatronics.com\/it\/wp-json\/wp\/v2\/product_cat?post=13335"},{"taxonomy":"product_tag","embeddable":true,"href":"https:\/\/ptm-mechatronics.com\/it\/wp-json\/wp\/v2\/product_tag?post=13335"}],"curies":[{"name":"wp","href":"https:\/\/api.w.org\/{rel}","templated":true}]}}