{"id":13303,"date":"2025-03-31T09:56:54","date_gmt":"2025-03-31T07:56:54","guid":{"rendered":"https:\/\/ptm-mechatronics.com\/?post_type=product&#038;p=13303"},"modified":"2025-11-07T15:54:31","modified_gmt":"2025-11-07T14:54:31","slug":"becherruehrorgan-eco-disc","status":"publish","type":"product","link":"https:\/\/ptm-mechatronics.com\/it\/product\/becherruehrorgan-eco-disc\/","title":{"rendered":"Agitatore a tazza eco-Disc"},"content":{"rendered":"<h2 data-start=\"102\" data-end=\"193\"><span style=\"font-size: 75%;\">Agitazione efficiente con taglio minimo - agitatori a tazze per processi di miscelazione delicati<\/span><\/h2>\n<p class=\"\" data-start=\"195\" data-end=\"482\">I nostri agitatori per becher di alta qualit\u00e0, realizzati in acciaio inossidabile V4A 1.4404, offrono una miscelazione delicata ed efficiente, anche a basse velocit\u00e0. Il loro design speciale li rende ideali per prodotti sensibili e miscele delicate in cui sono richieste basse forze di taglio.<\/p>\n<p class=\"\" data-start=\"484\" data-end=\"861\">Grazie alla loro funzione di agitatori a bassa velocit\u00e0, gli agitatori a tazza generano un flusso laminare con un comportamento di trasporto assiale, che garantisce una miscelazione uniforme e delicata per il prodotto. Questo li rende la soluzione perfetta per applicazioni nell'industria farmaceutica, alimentare e cosmetica e in altri settori in cui l'integrit\u00e0 del prodotto \u00e8 una priorit\u00e0 assoluta.<\/p>\n<p class=\"\" data-start=\"863\" data-end=\"892\">I vantaggi in sintesi:<\/p>\n<ul>\n<li data-start=\"895\" data-end=\"944\">Effetto agitante efficiente a basse velocit\u00e0<\/li>\n<li data-start=\"895\" data-end=\"944\">Particolarmente adatto per i supporti sensibili<\/li>\n<li data-start=\"895\" data-end=\"944\">Il taglio minimo protegge la struttura del prodotto<\/li>\n<li data-start=\"895\" data-end=\"944\">Flusso laminare con profilo di trasporto assiale<\/li>\n<li data-start=\"895\" data-end=\"944\">Ideale per processi di miscelazione impegnativi in settori sensibili<\/li>\n<\/ul>","protected":false},"excerpt":{"rendered":"<p>Miscelazione efficiente e delicata a basse velocit\u00e0 grazie al flusso laminare con comportamento di trasporto assiale - ideale per miscele delicate con sollecitazioni di taglio minime.<\/p>","protected":false},"featured_media":15530,"comment_status":"closed","ping_status":"closed","template":"","meta":{"_acf_changed":false},"product_brand":[],"product_cat":[595,631],"product_tag":[2705,2706,2707,2708,2709,2710,2711,2712,2713,2714,2715],"class_list":{"0":"post-13303","1":"product","2":"type-product","3":"status-publish","4":"has-post-thumbnail","6":"product_cat-ruehrwerkstechnik","7":"product_cat-ruehrorgane","8":"product_tag-becherruehrorgan","9":"product_tag-ruehrorgan-kaufen","10":"product_tag-ruehrtechnik-industrie","11":"product_tag-mischtechnik-schonend","12":"product_tag-ruehrwerkzeug-sensibel","13":"product_tag-ruehrorgan-niedrige-drehzahl","14":"product_tag-ruehrwerk-pharma","15":"product_tag-ruehrsystem-laminar","16":"product_tag-mischtechnik-geringe-scherung","17":"product_tag-langsamlaeufer-ruehrwerk","18":"product_tag-ruehrorgan-axial","19":"product_shipping_class-karton-paketversand","20":"pa_material-v4a-edelstahl-1-4404","22":"first","23":"instock","24":"taxable","25":"shipping-taxable","26":"purchasable","27":"product-type-variable"},"bundled_by":[],"bundle_stock_status":"instock","bundle_stock_quantity":null,"bundle_virtual":false,"bundle_layout":"","bundle_add_to_cart_form_location":"","bundle_editable_in_cart":false,"bundle_sold_individually_context":"","bundle_item_grouping":"","bundle_min_size":"","bundle_max_size":"","bundle_price":[],"bundled_items":[],"bundle_sell_ids":[],"exclude_global_add_ons":[],"addons":[],"acf":[],"_links":{"self":[{"href":"https:\/\/ptm-mechatronics.com\/it\/wp-json\/wp\/v2\/product\/13303","targetHints":{"allow":["GET"]}}],"collection":[{"href":"https:\/\/ptm-mechatronics.com\/it\/wp-json\/wp\/v2\/product"}],"about":[{"href":"https:\/\/ptm-mechatronics.com\/it\/wp-json\/wp\/v2\/types\/product"}],"replies":[{"embeddable":true,"href":"https:\/\/ptm-mechatronics.com\/it\/wp-json\/wp\/v2\/comments?post=13303"}],"wp:featuredmedia":[{"embeddable":true,"href":"https:\/\/ptm-mechatronics.com\/it\/wp-json\/wp\/v2\/media\/15530"}],"wp:attachment":[{"href":"https:\/\/ptm-mechatronics.com\/it\/wp-json\/wp\/v2\/media?parent=13303"}],"wp:term":[{"taxonomy":"product_brand","embeddable":true,"href":"https:\/\/ptm-mechatronics.com\/it\/wp-json\/wp\/v2\/product_brand?post=13303"},{"taxonomy":"product_cat","embeddable":true,"href":"https:\/\/ptm-mechatronics.com\/it\/wp-json\/wp\/v2\/product_cat?post=13303"},{"taxonomy":"product_tag","embeddable":true,"href":"https:\/\/ptm-mechatronics.com\/it\/wp-json\/wp\/v2\/product_tag?post=13303"}],"curies":[{"name":"wp","href":"https:\/\/api.w.org\/{rel}","templated":true}]}}