{"id":13123,"date":"2025-03-20T10:04:30","date_gmt":"2025-03-20T09:04:30","guid":{"rendered":"https:\/\/ptm-mechatronics.com\/?post_type=product&#038;p=13123"},"modified":"2025-11-07T15:54:08","modified_gmt":"2025-11-07T14:54:08","slug":"ruehrwerksantrieb-eco-seal-atex-zone-0-1-mit-gewindenabe","status":"publish","type":"product","link":"https:\/\/ptm-mechatronics.com\/it\/product\/ruehrwerksantrieb-eco-seal-atex-zone-0-1-mit-gewindenabe\/","title":{"rendered":"Azionamento dell'agitatore eco-Seal, ATEX Zona 0\/1, con mozzo filettato"},"content":{"rendered":"<h3 data-start=\"0\" data-end=\"106\">Azionamento dell'agitatore certificato ATEX ed efficiente dal punto di vista energetico - Potente, sicuro e sostenibile<\/h3>\n<p data-start=\"108\" data-end=\"475\">L'azionamento dell'agitatore ad alta efficienza energetica, certificato ATEX, \u00e8 stato sviluppato appositamente per l'uso in atmosfere potenzialmente esplosive e pu\u00f2 essere installato in modo semplice e diretto grazie allo schema di foratura PTM. Grazie alla flangia di separazione integrata, \u00e8 progettato per un funzionamento sicuro nelle zone ATEX 0\/1 e soddisfa i pi\u00f9 elevati standard di sicurezza.<\/p>\n<p data-start=\"477\" data-end=\"953\">Grazie alla sua coppia elevata, l'azionamento garantisce un risultato di agitazione omogeneo, anche con fluidi altamente viscosi. Pu\u00f2 essere utilizzato anche in applicazioni a pressione positiva e negativa, il che lo rende particolarmente versatile. Il design silenzioso e poco ingombrante garantisce un'integrazione ottimale nei sistemi esistenti, mentre la struttura puramente meccanica \u00e8 sinonimo di eccezionale robustezza, durata e bassa manutenzione.<\/p>\n<p data-start=\"955\" data-end=\"1102\">La sua elevata efficienza energetica riduce il consumo di energia, ottimizza il funzionamento e contribuisce alla sostenibilit\u00e0 dei processi produttivi.<\/p>\n<h3 data-start=\"1104\" data-end=\"1139\">Caratteristiche e vantaggi:<\/h3>\n<ul>\n<li data-start=\"1140\" data-end=\"1713\">Certificazione ATEX per le zone 0\/1 - massima sicurezza in ambienti potenzialmente esplosivi<\/li>\n<li data-start=\"1140\" data-end=\"1713\">Efficienza energetica e potenza - Alta efficienza per processi ottimizzati e consumi energetici ridotti<\/li>\n<li data-start=\"1140\" data-end=\"1713\">Coppia elevata - risultati perfetti anche con fluidi altamente viscosi<\/li>\n<li data-start=\"1140\" data-end=\"1713\">Applicazioni a pressione positiva e negativa - Utilizzo versatile per diversi requisiti di processo<\/li>\n<li data-start=\"1140\" data-end=\"1713\">Risparmio di spazio e bassa rumorosit\u00e0 - Design compatto per una facile integrazione<\/li>\n<li data-start=\"1140\" data-end=\"1713\">Estremamente robusto e a bassa manutenzione - design puramente meccanico per la massima affidabilit\u00e0<\/li>\n<\/ul>\n<p data-start=\"1715\" data-end=\"1892\">Questo azionamento per agitatori ATEX di alta qualit\u00e0 ed efficienza energetica \u00e8 la soluzione ideale per le applicazioni industriali che richiedono efficienza, sicurezza e sostenibilit\u00e0.<\/p>","protected":false},"excerpt":{"rendered":"<p>Potente ed efficiente azionamento dell'agitatore con flangia di separazione delle zone per le zone ATEX 0\/1 per una facile installazione su sistemi esistenti<\/p>","protected":false},"featured_media":15514,"comment_status":"open","ping_status":"closed","template":"","meta":{"_acf_changed":false},"product_brand":[],"product_cat":[595,632],"product_tag":[2629,2581,2630,2585,2620,2631,2588,2621,2632,2599,2622,2600,2623,2624,2625,2626,2627,2575,2628,2576],"class_list":{"0":"post-13123","1":"product","2":"type-product","3":"status-publish","4":"has-post-thumbnail","6":"product_cat-ruehrwerkstechnik","7":"product_cat-ruehrwerksantriebe","8":"product_tag-ruehrwerksmotor-fuer-ueber-und-unterdruckanwendungen","9":"product_tag-geraeuscharmer-ruehrwerksantrieb","10":"product_tag-wartungsarmer-ruehrwerksmotor","11":"product_tag-langlebiger-ruehrwerksmotor","12":"product_tag-ruehrwerksantrieb-fuer-zone-0-1","13":"product_tag-zuverlaessiger-ruehrwerksmotor-fuer-industrieanwendungen","14":"product_tag-leistungsstarker-ruehrwerksantrieb","15":"product_tag-atex-ruehrwerksmotor-mit-zonentrennflansch","16":"product_tag-nachhaltiger-antrieb-fuer-ruehrwerke","17":"product_tag-explosionsgeschuetzter-ruehrwerksmotor","18":"product_tag-nachhaltiger-ruehrwerksmotor","19":"product_tag-ruehrwerksmotor-fuer-hochviskose-medien","20":"product_tag-ruehrwerksmotor-mit-optimiertem-energieverbrauch","21":"product_tag-industrieller-ruehrwerksantrieb","22":"product_tag-robuster-ruehrwerksmotor","23":"product_tag-platzsparender-ruehrwerksmotor","24":"product_tag-ruehrwerksmotor-fuer-explosionsgefaehrdete-bereiche","25":"product_tag-atex-zertifizierter-ruehrwerksantrieb","26":"product_tag-ptm-bohrbild-ruehrwerksantrieb","27":"product_tag-energieeffizienter-ruehrwerksmotor","28":"product_shipping_class-karton-paketversand","29":"pa_antriebsart-pneumatisch","30":"pa_antriebswelle-eco-seal-450-900-m12","31":"pa_antriebswelle-eco-seal-1800-3600-m16","32":"pa_atex-zone-0-1","33":"pa_dichtung-ptfe","34":"pa_durchmesser-108mm","35":"pa_ex-gas-ex-ii-1-2-g-ex-h-iic-t5-ga-gb","36":"pa_ex-staub-ex-ii-1-2-d-ex-h-iiic-t100c-da-db","37":"pa_geraeuschpegel-75db","38":"pa_labs-oel-und-silikonfrei","39":"pa_material-gehaeuse-aluminium-eloxiert","40":"pa_model-eco-seal-atex-zone-0-1","41":"pa_schutzart-ip67","42":"pa_steckverschraubung-abluft-eco-seal-1800-3600-schlauch-o12mm","43":"pa_steckverschraubung-abluft-eco-seal-450-900-schlauch-o10mm","44":"pa_steckverschraubung-zuluft-eco-seal-450-900-schlauch-o6mm","45":"pa_steckverschraubung-zuluft-eco-seal-1800-3600-schlauch-o8mm","46":"pa_versorgung-5-6bar","48":"first","49":"instock","50":"taxable","51":"shipping-taxable","52":"purchasable","53":"product-type-variable"},"bundled_by":[],"bundle_stock_status":"instock","bundle_stock_quantity":null,"bundle_virtual":false,"bundle_layout":"","bundle_add_to_cart_form_location":"","bundle_editable_in_cart":false,"bundle_sold_individually_context":"","bundle_item_grouping":"","bundle_min_size":"","bundle_max_size":"","bundle_price":[],"bundled_items":[],"bundle_sell_ids":[],"exclude_global_add_ons":[],"addons":[],"acf":[],"_links":{"self":[{"href":"https:\/\/ptm-mechatronics.com\/it\/wp-json\/wp\/v2\/product\/13123","targetHints":{"allow":["GET"]}}],"collection":[{"href":"https:\/\/ptm-mechatronics.com\/it\/wp-json\/wp\/v2\/product"}],"about":[{"href":"https:\/\/ptm-mechatronics.com\/it\/wp-json\/wp\/v2\/types\/product"}],"replies":[{"embeddable":true,"href":"https:\/\/ptm-mechatronics.com\/it\/wp-json\/wp\/v2\/comments?post=13123"}],"wp:featuredmedia":[{"embeddable":true,"href":"https:\/\/ptm-mechatronics.com\/it\/wp-json\/wp\/v2\/media\/15514"}],"wp:attachment":[{"href":"https:\/\/ptm-mechatronics.com\/it\/wp-json\/wp\/v2\/media?parent=13123"}],"wp:term":[{"taxonomy":"product_brand","embeddable":true,"href":"https:\/\/ptm-mechatronics.com\/it\/wp-json\/wp\/v2\/product_brand?post=13123"},{"taxonomy":"product_cat","embeddable":true,"href":"https:\/\/ptm-mechatronics.com\/it\/wp-json\/wp\/v2\/product_cat?post=13123"},{"taxonomy":"product_tag","embeddable":true,"href":"https:\/\/ptm-mechatronics.com\/it\/wp-json\/wp\/v2\/product_tag?post=13123"}],"curies":[{"name":"wp","href":"https:\/\/api.w.org\/{rel}","templated":true}]}}