{"id":13023,"date":"2025-02-12T09:52:34","date_gmt":"2025-02-12T08:52:34","guid":{"rendered":"https:\/\/ptm-mechatronics.com\/?post_type=product&#038;p=13023"},"modified":"2026-03-09T10:23:35","modified_gmt":"2026-03-09T09:23:35","slug":"hobbock-fixierung-fuer-kleingebindestative","status":"publish","type":"product","link":"https:\/\/ptm-mechatronics.com\/it\/product\/hobbock-fixierung-fuer-kleingebindestative\/","title":{"rendered":"Fissaggio Hobbock per piccoli supporti di rilegatura"},"content":{"rendered":"<h1 data-start=\"90\" data-end=\"188\"><span style=\"font-size: 90%;\">Fissaggio universale per piccoli stand di rilegatura - Perfetto per gli agitatori di stand PTM e i laboratori<\/span><\/h1>\n<p data-start=\"190\" data-end=\"577\">Massima flessibilit\u00e0 per il vostro agitatore! Il nostro fissaggio di alta qualit\u00e0 per piccoli supporti di rilegatura pu\u00f2 essere facilmente montato sotto qualsiasi PTM <a href=\"https:\/\/ptm-mechatronics.com\/it\/product\/stativruehrwerk-fuer-30-liter-fass-antrieb-atex-zone-1\/\" target=\"_blank\" rel=\"noopener\">Agitatore a cavalletto per fusti da 30 litri<\/a> o <a href=\"https:\/\/ptm-mechatronics.com\/it\/product\/stativruehrwerk-fuer-kleingebinde-antrieb-atex-zone-1\/\" target=\"_blank\" rel=\"noopener\">Miscelatori a colonna per piccoli contenitori e laboratori<\/a> montabile. Offre un alloggiamento sicuro e stabile per un massimo di tre diversi contenitori di banda stagnata predefiniti o per gli hobbock, consentendo di lavorare in modo efficiente e flessibile.<\/p>\n<p data-start=\"579\" data-end=\"759\">Grazie al preciso supporto di bloccaggio, i contenitori rimangono saldamente in posizione, senza attorcigliarsi o scivolare. Ideale per applicazioni industriali, laboratori e produzione.<\/p>\n<ul>\n<li data-start=\"761\" data-end=\"946\">Installazione semplice e compatibilit\u00e0 universale<\/li>\n<li data-start=\"761\" data-end=\"946\">Fissaggio sicuro e a prova di torsione per contenitori di diverse dimensioni<\/li>\n<li data-start=\"761\" data-end=\"946\">Perfetto per i miscelatori a cavalletto PTM e per l'uso in laboratorio<\/li>\n<\/ul>\n<p data-start=\"948\" data-end=\"1070\">Dopo l'acquisto, vi contatteremo per personalizzare le dimensioni dei contenitori.<\/p>\n<p data-start=\"948\" data-end=\"1070\">Fornitura senza supporto\/miscelatore a colonna<\/p>","protected":false},"excerpt":{"rendered":"<p>Il fissaggio per piccoli stand di legatura assicura fino a tre contenitori contro la torsione e pu\u00f2 essere facilmente montato sotto gli stand di miscelazione PTM.<\/p>","protected":false},"featured_media":15493,"comment_status":"open","ping_status":"closed","template":"","meta":{"_acf_changed":false},"product_brand":[],"product_cat":[612,595],"product_tag":[2489,2490,2491,2492,2493,2494],"class_list":{"0":"post-13023","1":"product","2":"type-product","3":"status-publish","4":"has-post-thumbnail","6":"product_cat-kleingebinderuehrwerke","7":"product_cat-ruehrwerkstechnik","8":"product_tag-fixierung-fuer-kleingebindestative","9":"product_tag-stativruehrwerk-fixierung","10":"product_tag-ptm-stativruehrwerk-zubehoer","11":"product_tag-kleingebinde-ruehrwerk","12":"product_tag-laborruehrwerk-halterung","13":"product_tag-verdrehsichere-fixierung-behaelter","14":"product_shipping_class-europalette-speditionsversand","15":"pa_typ-stativruehrwerk","17":"first","18":"instock","19":"taxable","20":"shipping-taxable","21":"purchasable","22":"product-type-simple"},"bundled_by":[],"bundle_stock_status":"instock","bundle_stock_quantity":null,"bundle_virtual":false,"bundle_layout":"","bundle_add_to_cart_form_location":"","bundle_editable_in_cart":false,"bundle_sold_individually_context":"","bundle_item_grouping":"","bundle_min_size":"","bundle_max_size":"","bundle_price":[],"bundled_items":[],"bundle_sell_ids":[],"exclude_global_add_ons":[],"addons":[],"acf":[],"_links":{"self":[{"href":"https:\/\/ptm-mechatronics.com\/it\/wp-json\/wp\/v2\/product\/13023","targetHints":{"allow":["GET"]}}],"collection":[{"href":"https:\/\/ptm-mechatronics.com\/it\/wp-json\/wp\/v2\/product"}],"about":[{"href":"https:\/\/ptm-mechatronics.com\/it\/wp-json\/wp\/v2\/types\/product"}],"replies":[{"embeddable":true,"href":"https:\/\/ptm-mechatronics.com\/it\/wp-json\/wp\/v2\/comments?post=13023"}],"wp:featuredmedia":[{"embeddable":true,"href":"https:\/\/ptm-mechatronics.com\/it\/wp-json\/wp\/v2\/media\/15493"}],"wp:attachment":[{"href":"https:\/\/ptm-mechatronics.com\/it\/wp-json\/wp\/v2\/media?parent=13023"}],"wp:term":[{"taxonomy":"product_brand","embeddable":true,"href":"https:\/\/ptm-mechatronics.com\/it\/wp-json\/wp\/v2\/product_brand?post=13023"},{"taxonomy":"product_cat","embeddable":true,"href":"https:\/\/ptm-mechatronics.com\/it\/wp-json\/wp\/v2\/product_cat?post=13023"},{"taxonomy":"product_tag","embeddable":true,"href":"https:\/\/ptm-mechatronics.com\/it\/wp-json\/wp\/v2\/product_tag?post=13023"}],"curies":[{"name":"wp","href":"https:\/\/api.w.org\/{rel}","templated":true}]}}