{"id":12765,"date":"2025-01-21T09:39:24","date_gmt":"2025-01-21T08:39:24","guid":{"rendered":"https:\/\/ptm-mechatronics.com\/?post_type=product&#038;p=12765"},"modified":"2026-03-09T11:30:57","modified_gmt":"2026-03-09T10:30:57","slug":"druckluftmotor-atex-pmo900-mit-anschlussblock","status":"publish","type":"product","link":"https:\/\/ptm-mechatronics.com\/it\/product\/druckluftmotor-atex-pmo900-mit-anschlussblock\/","title":{"rendered":"Motore pneumatico ATEX, PMO900 con blocco di connessione"},"content":{"rendered":"<div id=\"tab-description\" class=\"woocommerce-Tabs-panel woocommerce-Tabs-panel--description panel entry-content active\" role=\"tabpanel\" aria-labelledby=\"tab-title-description\">\n<p>I motori pneumatici PTM sono la soluzione ideale per le applicazioni industriali pi\u00f9 esigenti, dove robustezza ed efficienza sono fondamentali. Grazie al loro design puramente meccanico e alle loro prestazioni eccezionali, sono adatti a un'ampia gamma di applicazioni, dall'integrazione in sistemi e macchine alla generazione precisa di movimenti rotatori e girevoli. Il blocco di connessione integrato garantisce una maggiore durata del prodotto per le applicazioni in un solo senso di rotazione (con il mozzo rivolto in senso antiorario).<\/p>\n<h4>I vantaggi in sintesi<\/h4>\n<ul>\n<li>Innovativo principio del pistone radiale: elevata efficienza con un consumo d'aria minimo, abbinata a una coppia elevata.<\/li>\n<li>Alternativa economica: una soluzione moderna ed economica rispetto ai motori a palette tradizionali.<\/li>\n<li>Flessibilit\u00e0 d'uso: pu\u00f2 essere utilizzato sia in senso orario che antiorario, pu\u00f2 essere caricato a vuoto.<\/li>\n<li>Design compatto: Ideale per l'uso anche in spazi limitati.<\/li>\n<\/ul>\n<h4>Per un utilizzo sicuro in ambienti potenzialmente esplosivi<\/h4>\n<p>Il modello ATEX dei motori pneumatici PTM offre una protezione affidabile contro le esplosioni e soddisfa i requisiti delle zone ATEX 1, 2, 21 e 22, rendendoli ideali per le applicazioni critiche per la sicurezza.<\/p>\n<p>I motori pneumatici PTM combinano prestazioni, efficienza e versatilit\u00e0: la scelta ideale per le moderne esigenze industriali.<\/p>\n<\/div>","protected":false},"excerpt":{"rendered":"<p>Potente motore pneumatico, efficiente dal punto di vista energetico, con basso consumo d'aria, altissima efficienza e coppia molto elevata. Protezione antideflagrante sicura nelle zone ATEX 1, 2, 21 e 22. Dotato di blocco di connessione per un funzionamento prolungato in un solo senso di rotazione.<\/p>","protected":false},"featured_media":15312,"comment_status":"open","ping_status":"closed","template":"","meta":{"_acf_changed":false},"product_brand":[],"product_cat":[428,463],"product_tag":[],"class_list":{"0":"post-12765","1":"product","2":"type-product","3":"status-publish","4":"has-post-thumbnail","6":"product_cat-antriebstechnik","7":"product_cat-druckluftmotor-atex","8":"product_shipping_class-karton-paketversand","9":"pa_antriebsart-pneumatisch","10":"pa_antriebswelle-o14mm-mit-passfeder-5n9","11":"pa_atex-zone-122122","12":"pa_dichtung-ptfe","13":"pa_durchmesser-99mm","14":"pa_ex-gas-ex-ii-2-g-ex-h-iic-t5-gb-x","15":"pa_ex-staub-ex-ii-2-d-ex-h-iiic-t100c-db-x","16":"pa_geraeuschpegel-75db","17":"pa_labs-oel-und-silikonfrei","18":"pa_material-gehaeuse-aluminium-eloxiert","19":"pa_model-pmo-900-ex","20":"pa_schutzart-ip67","21":"pa_steckverschraubung-abluft-schlauch-o10mm","22":"pa_steckverschraubung-zuluft-schlauch-o6mm","23":"pa_versorgung-5-6bar","25":"first","26":"instock","27":"taxable","28":"shipping-taxable","29":"purchasable","30":"product-type-variable"},"bundled_by":[],"bundle_stock_status":"instock","bundle_stock_quantity":null,"bundle_virtual":false,"bundle_layout":"","bundle_add_to_cart_form_location":"","bundle_editable_in_cart":false,"bundle_sold_individually_context":"","bundle_item_grouping":"","bundle_min_size":"","bundle_max_size":"","bundle_price":[],"bundled_items":[],"bundle_sell_ids":[],"exclude_global_add_ons":[],"addons":[],"acf":[],"_links":{"self":[{"href":"https:\/\/ptm-mechatronics.com\/it\/wp-json\/wp\/v2\/product\/12765","targetHints":{"allow":["GET"]}}],"collection":[{"href":"https:\/\/ptm-mechatronics.com\/it\/wp-json\/wp\/v2\/product"}],"about":[{"href":"https:\/\/ptm-mechatronics.com\/it\/wp-json\/wp\/v2\/types\/product"}],"replies":[{"embeddable":true,"href":"https:\/\/ptm-mechatronics.com\/it\/wp-json\/wp\/v2\/comments?post=12765"}],"wp:featuredmedia":[{"embeddable":true,"href":"https:\/\/ptm-mechatronics.com\/it\/wp-json\/wp\/v2\/media\/15312"}],"wp:attachment":[{"href":"https:\/\/ptm-mechatronics.com\/it\/wp-json\/wp\/v2\/media?parent=12765"}],"wp:term":[{"taxonomy":"product_brand","embeddable":true,"href":"https:\/\/ptm-mechatronics.com\/it\/wp-json\/wp\/v2\/product_brand?post=12765"},{"taxonomy":"product_cat","embeddable":true,"href":"https:\/\/ptm-mechatronics.com\/it\/wp-json\/wp\/v2\/product_cat?post=12765"},{"taxonomy":"product_tag","embeddable":true,"href":"https:\/\/ptm-mechatronics.com\/it\/wp-json\/wp\/v2\/product_tag?post=12765"}],"curies":[{"name":"wp","href":"https:\/\/api.w.org\/{rel}","templated":true}]}}