{"id":12715,"date":"2025-01-20T09:47:22","date_gmt":"2025-01-20T08:47:22","guid":{"rendered":"https:\/\/ptm-mechatronics.com\/?post_type=product&#038;p=12715"},"modified":"2026-01-28T13:59:22","modified_gmt":"2026-01-28T12:59:22","slug":"druckluftmotor-basic-pmo900-mit-anschlussblock","status":"publish","type":"product","link":"https:\/\/ptm-mechatronics.com\/it\/product\/druckluftmotor-basic-pmo900-mit-anschlussblock\/","title":{"rendered":"Motore pneumatico di base, PMO900 con blocco di collegamento"},"content":{"rendered":"<p>I motori pneumatici PTM convincono per l'estrema robustezza, la struttura puramente meccanica e le prestazioni eccezionali. Possono essere utilizzati per un'ampia gamma di applicazioni, sia come azionamento in macchine e impianti sia per generare movimenti rotatori e girevoli. Grazie al loro design sofisticato e alla tecnologia innovativa, offrono un'alternativa moderna e conveniente ai tradizionali motori a palette. La morsettiera integrata garantisce una maggiore durata del prodotto per le applicazioni in un solo senso di rotazione.<\/p>\n<h4>Efficiente tecnologia a pistoni radiali<\/h4>\n<p>I motori pneumatici PTM si basano sul principio del pistone radiale ad alta efficienza, caratterizzato da un consumo d'aria minimo e da un'efficienza straordinariamente elevata. Anche nelle applicazioni pi\u00f9 impegnative, i motori erogano una coppia eccezionale e rimangono resistenti fino all'arresto. Il funzionamento \u00e8 possibile sia in senso antiorario che orario, il che garantisce la massima flessibilit\u00e0.<\/p>\n<h4>Compatto e adattabile<\/h4>\n<p>Grazie alle loro dimensioni compatte, i motori pneumatici PTM possono essere facilmente integrati in quasi tutte le applicazioni. Si integrano perfettamente nei sistemi esistenti e offrono una soluzione salvaspazio grazie alle loro dimensioni ridotte e alle elevate prestazioni.<\/p>\n<h4>I vantaggi in sintesi:<\/h4>\n<ul>\n<li>Design robusto e puramente meccanico<\/li>\n<li>Tecnologia a pistoni radiali ad alta efficienza per un consumo d'aria ridotto<\/li>\n<li>Alta efficienza e coppia eccezionale<\/li>\n<li>Dimensioni compatte per una facile integrazione<\/li>\n<li>Rotazione in senso antiorario e orario e possibilit\u00e0 di caricare a vuoto<\/li>\n<li>Grado di protezione IP67: a prova di spruzzi e immersione<\/li>\n<\/ul>","protected":false},"excerpt":{"rendered":"<p>Potente motore pneumatico, estremamente efficiente e potente, a basso consumo d'aria, alta efficienza e coppia elevata. Dotato di blocco di collegamento per un funzionamento prolungato in un solo senso di rotazione.<\/p>","protected":false},"featured_media":15431,"comment_status":"open","ping_status":"closed","template":"","meta":{"_acf_changed":false},"product_brand":[],"product_cat":[428,429],"product_tag":[],"class_list":{"0":"post-12715","1":"product","2":"type-product","3":"status-publish","4":"has-post-thumbnail","6":"product_cat-antriebstechnik","7":"product_cat-druckluftmotor-basic","8":"product_shipping_class-karton-paketversand","9":"pa_antriebsart-pneumatisch","10":"pa_antriebswelle-o14mm-mit-passfeder-5n9","11":"pa_dichtung-nbr","12":"pa_durchmesser-99mm","13":"pa_geraeuschpegel-75db","14":"pa_labs-oel-und-silikonfrei","15":"pa_material-gehaeuse-aluminium-eloxiert","16":"pa_model-pmo-900-ba","17":"pa_schutzart-ip67","18":"pa_steckverschraubung-abluft-schlauch-o10mm","19":"pa_steckverschraubung-zuluft-schlauch-o6mm","20":"pa_versorgung-5-6bar","22":"first","23":"instock","24":"taxable","25":"shipping-taxable","26":"purchasable","27":"product-type-variable"},"bundled_by":[],"bundle_stock_status":"instock","bundle_stock_quantity":null,"bundle_virtual":false,"bundle_layout":"","bundle_add_to_cart_form_location":"","bundle_editable_in_cart":false,"bundle_sold_individually_context":"","bundle_item_grouping":"","bundle_min_size":"","bundle_max_size":"","bundle_price":[],"bundled_items":[],"bundle_sell_ids":[],"exclude_global_add_ons":[],"addons":[],"acf":[],"_links":{"self":[{"href":"https:\/\/ptm-mechatronics.com\/it\/wp-json\/wp\/v2\/product\/12715","targetHints":{"allow":["GET"]}}],"collection":[{"href":"https:\/\/ptm-mechatronics.com\/it\/wp-json\/wp\/v2\/product"}],"about":[{"href":"https:\/\/ptm-mechatronics.com\/it\/wp-json\/wp\/v2\/types\/product"}],"replies":[{"embeddable":true,"href":"https:\/\/ptm-mechatronics.com\/it\/wp-json\/wp\/v2\/comments?post=12715"}],"wp:featuredmedia":[{"embeddable":true,"href":"https:\/\/ptm-mechatronics.com\/it\/wp-json\/wp\/v2\/media\/15431"}],"wp:attachment":[{"href":"https:\/\/ptm-mechatronics.com\/it\/wp-json\/wp\/v2\/media?parent=12715"}],"wp:term":[{"taxonomy":"product_brand","embeddable":true,"href":"https:\/\/ptm-mechatronics.com\/it\/wp-json\/wp\/v2\/product_brand?post=12715"},{"taxonomy":"product_cat","embeddable":true,"href":"https:\/\/ptm-mechatronics.com\/it\/wp-json\/wp\/v2\/product_cat?post=12715"},{"taxonomy":"product_tag","embeddable":true,"href":"https:\/\/ptm-mechatronics.com\/it\/wp-json\/wp\/v2\/product_tag?post=12715"}],"curies":[{"name":"wp","href":"https:\/\/api.w.org\/{rel}","templated":true}]}}