{"id":12647,"date":"2024-12-12T10:48:18","date_gmt":"2024-12-12T09:48:18","guid":{"rendered":"https:\/\/ptm-mechatronics.com\/?post_type=product&#038;p=12647"},"modified":"2025-11-07T15:53:06","modified_gmt":"2025-11-07T14:53:06","slug":"druckluftmotor-ip67-pmo3600","status":"publish","type":"product","link":"https:\/\/ptm-mechatronics.com\/it\/product\/druckluftmotor-ip67-pmo3600\/","title":{"rendered":"Motore pneumatico IP67, PMO3600"},"content":{"rendered":"<p>I motori pneumatici PTM convincono per l'estrema robustezza, la struttura puramente meccanica e le prestazioni eccezionali. Possono essere utilizzati per un'ampia gamma di applicazioni, sia come azionamento in macchine e impianti sia per generare movimenti rotatori e girevoli. Grazie al loro design sofisticato e alla tecnologia innovativa, offrono un'alternativa moderna e conveniente ai tradizionali motori a palette.<\/p>\n<h4>Efficiente tecnologia a pistoni radiali<\/h4>\n<p>I motori pneumatici PTM si basano sul principio del pistone radiale ad alta efficienza, caratterizzato da un consumo d'aria minimo e da un'efficienza straordinariamente elevata. Anche nelle applicazioni pi\u00f9 impegnative, i motori erogano una coppia eccezionale e rimangono resistenti fino all'arresto. Il funzionamento \u00e8 possibile sia in senso antiorario che orario, il che garantisce la massima flessibilit\u00e0.<\/p>\n<h4>Compatto e adattabile<\/h4>\n<p>Grazie alle loro dimensioni compatte, i motori pneumatici PTM possono essere facilmente integrati in quasi tutte le applicazioni. Si integrano perfettamente nei sistemi esistenti e offrono una soluzione salvaspazio grazie alle loro dimensioni ridotte e alle elevate prestazioni.<\/p>\n<h4>Grado di protezione IP67: per requisiti speciali<\/h4>\n<p>Il modello IP67 offre una protezione aggiuntiva: \u00e8 resistente agli spruzzi e pu\u00f2 persino sopportare un'immersione temporanea. Ci\u00f2 lo rende perfetto per l'uso in ambienti umidi o difficili.<\/p>\n<h4>I vantaggi in sintesi:<\/h4>\n<ul>\n<li>Design robusto e puramente meccanico<\/li>\n<li>Tecnologia a pistoni radiali ad alta efficienza per un consumo d'aria ridotto<\/li>\n<li>Alta efficienza e coppia eccezionale<\/li>\n<li>Dimensioni compatte per una facile integrazione<\/li>\n<li>Rotazione in senso antiorario e orario e possibilit\u00e0 di caricare a vuoto<\/li>\n<li>Grado di protezione IP67: a prova di spruzzi e immersione<\/li>\n<\/ul>","protected":false},"excerpt":{"rendered":"<p>Motore pneumatico efficiente e potente, resistente agli spruzzi d'acqua fino a IP67, basso consumo d'aria, alta efficienza e coppia elevata.<\/p>","protected":false},"featured_media":15313,"comment_status":"open","ping_status":"closed","template":"","meta":{"_acf_changed":false},"product_brand":[],"product_cat":[496,428],"product_tag":[],"class_list":{"0":"post-12647","1":"product","2":"type-product","3":"status-publish","4":"has-post-thumbnail","6":"product_cat-druckluftmotor-ip67","7":"product_cat-antriebstechnik","8":"product_shipping_class-karton-paketversand","9":"pa_antriebsart-pneumatisch","10":"pa_antriebswelle-edelstahl-o19mm-mit-passfeder-6n9","11":"pa_dichtung-ptfe","12":"pa_durchmesser-159mm","13":"pa_geraeuschpegel-75db","14":"pa_labs-oel-und-silikonfrei","15":"pa_luftanschluesse-2xr1-8","16":"pa_material-gehaeuse-aluminium-eloxiert","17":"pa_model-pmo-3600-ip67","18":"pa_schutzart-ip67","19":"pa_versorgung-5-6bar","21":"first","22":"instock","23":"taxable","24":"shipping-taxable","25":"purchasable","26":"product-type-variable"},"bundled_by":[],"bundle_stock_status":"instock","bundle_stock_quantity":null,"bundle_virtual":false,"bundle_layout":"","bundle_add_to_cart_form_location":"","bundle_editable_in_cart":false,"bundle_sold_individually_context":"","bundle_item_grouping":"","bundle_min_size":"","bundle_max_size":"","bundle_price":[],"bundled_items":[],"bundle_sell_ids":[],"exclude_global_add_ons":[],"addons":[],"acf":[],"_links":{"self":[{"href":"https:\/\/ptm-mechatronics.com\/it\/wp-json\/wp\/v2\/product\/12647","targetHints":{"allow":["GET"]}}],"collection":[{"href":"https:\/\/ptm-mechatronics.com\/it\/wp-json\/wp\/v2\/product"}],"about":[{"href":"https:\/\/ptm-mechatronics.com\/it\/wp-json\/wp\/v2\/types\/product"}],"replies":[{"embeddable":true,"href":"https:\/\/ptm-mechatronics.com\/it\/wp-json\/wp\/v2\/comments?post=12647"}],"wp:featuredmedia":[{"embeddable":true,"href":"https:\/\/ptm-mechatronics.com\/it\/wp-json\/wp\/v2\/media\/15313"}],"wp:attachment":[{"href":"https:\/\/ptm-mechatronics.com\/it\/wp-json\/wp\/v2\/media?parent=12647"}],"wp:term":[{"taxonomy":"product_brand","embeddable":true,"href":"https:\/\/ptm-mechatronics.com\/it\/wp-json\/wp\/v2\/product_brand?post=12647"},{"taxonomy":"product_cat","embeddable":true,"href":"https:\/\/ptm-mechatronics.com\/it\/wp-json\/wp\/v2\/product_cat?post=12647"},{"taxonomy":"product_tag","embeddable":true,"href":"https:\/\/ptm-mechatronics.com\/it\/wp-json\/wp\/v2\/product_tag?post=12647"}],"curies":[{"name":"wp","href":"https:\/\/api.w.org\/{rel}","templated":true}]}}