{"id":12637,"date":"2024-12-12T10:08:02","date_gmt":"2024-12-12T09:08:02","guid":{"rendered":"https:\/\/ptm-mechatronics.com\/?post_type=product&#038;p=12637"},"modified":"2025-11-07T15:53:06","modified_gmt":"2025-11-07T14:53:06","slug":"druckluftmotor-ip67-pmo1800-mit-anschlussblock","status":"publish","type":"product","link":"https:\/\/ptm-mechatronics.com\/it\/product\/druckluftmotor-ip67-pmo1800-mit-anschlussblock\/","title":{"rendered":"Motore pneumatico IP67, PMO1800 con blocco di connessione"},"content":{"rendered":"<p>I motori pneumatici PTM convincono per l'estrema robustezza, la struttura puramente meccanica e le prestazioni eccezionali. Possono essere utilizzati per un'ampia gamma di applicazioni, sia come azionamento in macchine e impianti sia per generare movimenti rotatori e girevoli. Grazie al loro design sofisticato e alla tecnologia innovativa, offrono un'alternativa moderna e conveniente ai tradizionali motori a palette. La morsettiera integrata garantisce una maggiore durata del prodotto per le applicazioni in un solo senso di rotazione.<\/p>\n<h4>Efficiente tecnologia a pistoni radiali<\/h4>\n<p>I motori pneumatici PTM si basano sul principio del pistone radiale ad alta efficienza, caratterizzato da un consumo d'aria minimo e da un'efficienza straordinariamente elevata. Anche nelle applicazioni pi\u00f9 impegnative, i motori erogano una coppia eccezionale e rimangono resistenti fino all'arresto. Il funzionamento \u00e8 possibile sia in senso orario che antiorario, il che garantisce la massima flessibilit\u00e0. Il blocco di connessione integrato assicura una maggiore durata del prodotto per le applicazioni in un solo senso di rotazione.<\/p>\n<h4>Compatto e adattabile<\/h4>\n<p>Grazie alle loro dimensioni compatte, i motori pneumatici PTM possono essere facilmente integrati in quasi tutte le applicazioni. Si integrano perfettamente nei sistemi esistenti e offrono una soluzione salvaspazio grazie alle loro dimensioni ridotte e alle elevate prestazioni.<\/p>\n<h4>Grado di protezione IP67: per requisiti speciali<\/h4>\n<p>Il modello IP67 offre una protezione aggiuntiva: \u00e8 resistente agli spruzzi e pu\u00f2 persino sopportare un'immersione temporanea. Ci\u00f2 lo rende perfetto per l'uso in ambienti umidi o difficili.<\/p>\n<h4>I vantaggi in sintesi:<\/h4>\n<ul>\n<li>Design robusto e puramente meccanico<\/li>\n<li>Tecnologia a pistoni radiali ad alta efficienza per un consumo d'aria ridotto<\/li>\n<li>Alta efficienza e coppia eccezionale<\/li>\n<li>Dimensioni compatte per una facile integrazione<\/li>\n<li>Rotazione in senso antiorario e orario e possibilit\u00e0 di caricare a vuoto<\/li>\n<li>Grado di protezione IP67: a prova di spruzzi e immersione<\/li>\n<\/ul>","protected":false},"excerpt":{"rendered":"<p>Motore pneumatico efficiente e potente, resistente agli spruzzi d'acqua fino a IP67, basso consumo d'aria, alta efficienza e coppia elevata. Dotato di blocco di connessione per un funzionamento prolungato in un solo senso di rotazione.<\/p>","protected":false},"featured_media":15313,"comment_status":"open","ping_status":"closed","template":"","meta":{"_acf_changed":false},"product_brand":[],"product_cat":[496,428],"product_tag":[],"class_list":{"0":"post-12637","1":"product","2":"type-product","3":"status-publish","4":"has-post-thumbnail","6":"product_cat-druckluftmotor-ip67","7":"product_cat-antriebstechnik","8":"product_shipping_class-karton-paketversand","9":"pa_antriebsart-pneumatisch","10":"pa_antriebswelle-edelstahl-o19mm-mit-passfeder-6n9","11":"pa_dichtung-ptfe","12":"pa_durchmesser-159mm","13":"pa_geraeuschpegel-75db","14":"pa_labs-oel-und-silikonfrei","15":"pa_material-gehaeuse-aluminium-eloxiert","16":"pa_model-pmo-1800-ip67","17":"pa_schutzart-ip67","18":"pa_steckverschraubung-abluft-schlauch-o12mm","19":"pa_steckverschraubung-zuluft-schlauch-o8mm","20":"pa_versorgung-5-6bar","22":"first","23":"instock","24":"taxable","25":"shipping-taxable","26":"purchasable","27":"product-type-variable"},"bundled_by":[],"bundle_stock_status":"instock","bundle_stock_quantity":null,"bundle_virtual":false,"bundle_layout":"","bundle_add_to_cart_form_location":"","bundle_editable_in_cart":false,"bundle_sold_individually_context":"","bundle_item_grouping":"","bundle_min_size":"","bundle_max_size":"","bundle_price":[],"bundled_items":[],"bundle_sell_ids":[],"exclude_global_add_ons":[],"addons":[],"acf":[],"_links":{"self":[{"href":"https:\/\/ptm-mechatronics.com\/it\/wp-json\/wp\/v2\/product\/12637","targetHints":{"allow":["GET"]}}],"collection":[{"href":"https:\/\/ptm-mechatronics.com\/it\/wp-json\/wp\/v2\/product"}],"about":[{"href":"https:\/\/ptm-mechatronics.com\/it\/wp-json\/wp\/v2\/types\/product"}],"replies":[{"embeddable":true,"href":"https:\/\/ptm-mechatronics.com\/it\/wp-json\/wp\/v2\/comments?post=12637"}],"wp:featuredmedia":[{"embeddable":true,"href":"https:\/\/ptm-mechatronics.com\/it\/wp-json\/wp\/v2\/media\/15313"}],"wp:attachment":[{"href":"https:\/\/ptm-mechatronics.com\/it\/wp-json\/wp\/v2\/media?parent=12637"}],"wp:term":[{"taxonomy":"product_brand","embeddable":true,"href":"https:\/\/ptm-mechatronics.com\/it\/wp-json\/wp\/v2\/product_brand?post=12637"},{"taxonomy":"product_cat","embeddable":true,"href":"https:\/\/ptm-mechatronics.com\/it\/wp-json\/wp\/v2\/product_cat?post=12637"},{"taxonomy":"product_tag","embeddable":true,"href":"https:\/\/ptm-mechatronics.com\/it\/wp-json\/wp\/v2\/product_tag?post=12637"}],"curies":[{"name":"wp","href":"https:\/\/api.w.org\/{rel}","templated":true}]}}