{"id":13487,"date":"2025-05-05T08:49:28","date_gmt":"2025-05-05T06:49:28","guid":{"rendered":"https:\/\/ptm-mechatronics.com\/?page_id=13487"},"modified":"2025-05-05T08:50:50","modified_gmt":"2025-05-05T06:50:50","slug":"youtube-datenschutzerklaerung-impressum","status":"publish","type":"page","link":"https:\/\/ptm-mechatronics.com\/it\/youtube-datenschutzerklaerung-impressum\/","title":{"rendered":"Youtube Datenschutzerklaerung Impressum"},"content":{"rendered":"<div>\n<h1>Impronta<\/h1>\n<p>PTM mechatronics GmbH<br \/>\nParco industriale 1<br \/>\n82281 Egenhofen<br \/>\nGermania<\/p>\n<p>Telefono: 08134257970<br \/>\nE-mail: info@ptm-mechatronics.com<\/p>\n<p>Tribunale del registro: tribunale di Monaco di Baviera<br \/>\nNumero di registro: HRB 84593<\/p>\n<p>Direttore generale: Carsten Angermeyer<\/p>\n<\/div>\n<div id=\"itkanzlei_txt_copyright\">\n<div>\n<div>\n<h1>Informazioni sulla protezione dei dati<\/h1>\n<h2>1) Informazioni sulla raccolta dei dati personali e sui dati di contatto del responsabile del trattamento<\/h2>\n<p><b>1.1<\/b>\u00a0Di seguito vi informiamo sul trattamento dei vostri dati personali. Per dati personali si intendono tutti i dati con i quali \u00e8 possibile identificarvi personalmente.<\/p>\n<p>Vi preghiamo di verificare attentamente quali dati personali condividete con noi tramite YouTube. Segnaliamo espressamente che YouTube memorizza i dati dei propri utenti (ad es. informazioni personali, indirizzo IP, ecc.) e pu\u00f2 utilizzarli per scopi commerciali.<\/p>\n<p>Non abbiamo alcuna influenza sulla raccolta e sull'ulteriore elaborazione dei dati da parte di YouTube. Inoltre, non ci \u00e8 chiaro in che misura, dove e per quanto tempo i dati vengano memorizzati, in che misura YouTube adempia agli obblighi di cancellazione esistenti, quali valutazioni e collegamenti vengano effettuati con i dati e a chi i dati vengano trasmessi. Se desiderate impedire a YouTube di elaborare i dati personali che ci avete trasmesso, contattateci in altro modo. I nostri dati di contatto completi sono riportati nella nostra nota legale su YouTube.<\/p>\n<p><b>1.2<\/b>\u00a0PTM mechatronics GmbH, Gewerbepark 1, 82281 Egenhofen, Germania, telefono: 08134257970, e-mail: info@ptm-mechatronics.com, \u00e8 responsabile del trattamento dei dati ai sensi del Regolamento generale sulla protezione dei dati (GDPR), nella misura in cui trattiamo esclusivamente i dati che ci trasmettete tramite YouTube.<\/p>\n<p>Nella misura in cui i dati che ci trasmettete tramite YouTube vengono elaborati anche o esclusivamente da YouTube, Google Ireland Limited, Gordon House, 4 Barrow St, Dublino, D04 E5W5, Irlanda, \u00e8 anche responsabile del trattamento dei dati ai sensi del Regolamento generale sulla protezione dei dati (GDPR).<\/p>\n<p>Ulteriori informazioni sul trattamento dei dati da parte di Google Ireland Limited sono disponibili nell'informativa sulla privacy di Google Ireland Limited all'indirizzo <a href=\"https:\/\/policies.google.com\/privacy?hl=de&amp;gl=de\" target=\"_blank\" rel=\"noopener\">https:\/\/policies.google.com<wbr \/>\/privacy<wbr \/>hl=it<wbr \/>&amp;gl=it<\/a>. La presente informativa sulla privacy si applica a tutti i servizi offerti da Google Ireland Limited e dalle sue societ\u00e0 affiliate, compreso YouTube. Quando si utilizza YouTube, i dati personali possono anche essere trasmessi ai server di Google LLC. negli Stati Uniti.<\/p>\n<p>Per i trasferimenti di dati verso gli Stati Uniti, il fornitore ha aderito al Data Privacy Framework UE-USA, che garantisce il rispetto del livello europeo di protezione dei dati sulla base di una decisione di adeguatezza della Commissione europea.<\/p>\n<p>Il responsabile del trattamento dei dati personali \u00e8 la persona fisica o giuridica che, da sola o insieme ad altri, determina le finalit\u00e0 e i mezzi del trattamento dei dati personali.<\/p>\n<h2>2) Responsabile della protezione dei dati<\/h2>\n<p>Potete contattare il nostro responsabile della protezione dei dati come segue \u201eSarah Angermeyer, Gewerbepark 1, 82281 Egenhofen, sa@ptm-mechatronics.com\u201c<\/p>\n<h2>3) Trattamento dei dati al momento del contatto<\/h2>\n<p>Raccogliamo noi stessi i dati personali quando ci contattate, ad esempio tramite modulo di contatto o messenger. Potete vedere quali dati raccogliamo quando ci contattate tramite il modulo di contatto dal relativo modulo di contatto. Questi dati vengono memorizzati e utilizzati esclusivamente per rispondere alla vostra richiesta o per contattarvi e per la relativa amministrazione tecnica. La base giuridica per il trattamento dei dati \u00e8 il nostro legittimo interesse a rispondere alla vostra richiesta ai sensi dell'art. 6 comma 1 lett. f GDPR. Se il vostro contatto \u00e8 finalizzato alla conclusione di un contratto, l'ulteriore base giuridica per il trattamento \u00e8 l'art. 6 par. 1 lett. b GDPR. I vostri dati saranno cancellati dopo l'elaborazione finale della vostra richiesta, a condizione che non vi siano obblighi di conservazione previsti dalla legge. Riteniamo che l'elaborazione sia completa quando si pu\u00f2 dedurre dalle circostanze che la questione in questione \u00e8 stata definitivamente chiarita.<\/p>\n<h2>4) Diritti dell'interessato<\/h2>\n<p><b>4.1<\/b>\u00a0La legge applicabile in materia di protezione dei dati vi conferisce ampi diritti (diritti di accesso e di intervento) nei confronti del responsabile del trattamento dei vostri dati personali, di cui vi informiamo qui di seguito:<\/p>\n<ul>\n<li>Diritto all'informazione ai sensi dell'art. 15 GDPR;<\/li>\n<li>Diritto di rettifica ai sensi dell'art. 16 GDPR;<\/li>\n<li>Diritto alla cancellazione ai sensi dell'art. 17 GDPR;<\/li>\n<li>Diritto alla limitazione del trattamento ai sensi dell'art. 18 GDPR;<\/li>\n<li>Diritto all'informazione ai sensi dell'art. 19 GDPR;<\/li>\n<li>Diritto alla portabilit\u00e0 dei dati ai sensi dell'art. 20 GDPR;<\/li>\n<li>Diritto di revoca del consenso concesso ai sensi dell'art. 7 (3) GDPR;<\/li>\n<li>Diritto di proporre reclamo ai sensi dell'art. 77 GDPR.<\/li>\n<\/ul>\n<p><b>4.2<\/b>\u00a0DIRITTO DI OBIEZIONE<\/p>\n<p>SE TRATTIAMO I VOSTRI DATI PERSONALI NELL'AMBITO DI UNA PONDERAZIONE DI INTERESSI SULLA BASE DI UN NOSTRO INTERESSE LEGITTIMO PREVALENTE, AVETE IL DIRITTO DI OPPORVI A QUESTO TRATTAMENTO IN QUALSIASI MOMENTO CON EFFETTO PER IL FUTURO PER MOTIVI LEGATI ALLA VOSTRA SITUAZIONE PARTICOLARE.<\/p>\n<p>SE ESERCITATE IL VOSTRO DIRITTO DI OPPOSIZIONE, INTERROMPEREMO IL TRATTAMENTO DEI DATI IN QUESTIONE. TUTTAVIA, CI RISERVIAMO IL DIRITTO DI CONTINUARE L'ELABORAZIONE SE POSSIAMO DIMOSTRARE MOTIVI LEGITTIMI IMPELLENTI PER L'ELABORAZIONE CHE PREVALGONO SUI VOSTRI INTERESSI, DIRITTI E LIBERT\u00c0 FONDAMENTALI, O SE L'ELABORAZIONE SERVE PER L'ISTITUZIONE, L'ESERCIZIO O LA DIFESA DI RIVENDICAZIONI LEGALI.<\/p>\n<p>SE I VOSTRI DATI PERSONALI SONO TRATTATI DA NOI PER FINALIT\u00c0 DI MARKETING DIRETTO, AVETE IL DIRITTO DI OPPORVI IN QUALSIASI MOMENTO AL TRATTAMENTO DEI DATI PERSONALI CHE VI RIGUARDANO AI FINI DI TALE MARKETING. POTETE ESERCITARE LA VOSTRA OBIEZIONE COME DESCRITTO SOPRA.<\/p>\n<p>SE ESERCITATE IL VOSTRO DIRITTO DI OPPOSIZIONE, INTERROMPEREMO IL TRATTAMENTO DEI DATI IN QUESTIONE PER FINALIT\u00c0 DI MARKETING DIRETTO.<\/p>\n<h2>5) Durata della conservazione dei dati personali<\/h2>\n<p>La durata della conservazione dei dati personali \u00e8 determinata dalla rispettiva base giuridica, dallo scopo dell'elaborazione e, se del caso, anche dal rispettivo periodo di conservazione legale (ad esempio, i periodi di conservazione previsti dal diritto commerciale e fiscale).<\/p>\n<p>In caso di trattamento dei dati personali sulla base di un consenso espresso ai sensi dell'art. 6 par. 1 lett. a GDPR, i dati in questione saranno conservati fino alla revoca del consenso.<\/p>\n<p>Se per i dati trattati nell'ambito di obblighi legali o simili, sulla base dell'art. 6 par. 1 lett. b GDPR, esistono periodi di conservazione previsti dalla legge, questi dati saranno cancellati di routine dopo la scadenza dei periodi di conservazione, a condizione che non siano pi\u00f9 necessari per l'adempimento del contratto o per l'avvio del contratto stesso e\/o che non abbiamo pi\u00f9 un interesse legittimo alla loro ulteriore conservazione.<\/p>\n<p>In caso di trattamento dei dati personali sulla base dell'art. 6 par. 1 lett. f GDPR, questi dati saranno conservati fino all'esercizio del diritto di opposizione ai sensi dell'art. 21 par. 1 GDPR, a meno che non possiamo dimostrare motivi legittimi impellenti per il trattamento che prevalgono sui vostri interessi, diritti e libert\u00e0, o il trattamento serve per l'istituzione, l'esercizio o la difesa di rivendicazioni legali.<\/p>\n<p>In caso di trattamento dei dati personali a fini di marketing diretto ai sensi dell'art. 6 par. 1 lett. f GDPR, tali dati vengono memorizzati fino all'esercizio del diritto di opposizione ai sensi dell'art. 21 par. 2 GDPR.<\/p>\n<p>Se non diversamente indicato nelle altre informazioni contenute nella presente dichiarazione su specifiche situazioni di trattamento, i dati personali memorizzati vengono cancellati quando non sono pi\u00f9 necessari per gli scopi per i quali sono stati raccolti o altrimenti trattati.<\/p>\n<\/div>\n<div id=\"itkanzlei_txt_copyright\">\n<div><a href=\"https:\/\/www.it-recht-kanzlei.de\/\" target=\"_blank\" rel=\"noopener\"><img decoding=\"async\" id=\"itkanzlei_img_copyright\" title=\"Studio legale IT\" src=\"https:\/\/www.it-recht-kanzlei.de\/logo\/Copyright-Logo_Datenschutzerklaerung.png?i=52e98-3961a-39c8-907e-1\" alt=\"\u00a9 IT-Recht Kanzlei\" \/><\/a><\/div>\n<\/div>\n<\/div>\n<\/div>","protected":false},"excerpt":{"rendered":"<p>Impressum PTM mechatronics GmbH Gewerbepark 1 82281 Egenhofen Deutschland Tel.: 08134257970 E-Mail: info@ptm-mechatronics.com Registergericht: Amtsgericht m\u00fcnchen Registernummer: HRB 84593 Gesch\u00e4ftsf\u00fchrer: Carsten Angermeyer Informationen zum Datenschutz 1) Information \u00fcber die Erhebung personenbezogener Daten und Kontaktdaten des Verantwortlichen 1.1\u00a0Im Folgenden informieren wir Sie \u00fcber den Umgang mit Ihren personenbezogenen Daten. Hierbei sind personenbezogene Daten alle Daten, mit [&#8230;]\n","protected":false},"author":5,"featured_media":0,"parent":0,"menu_order":0,"comment_status":"closed","ping_status":"closed","template":"","meta":{"_acf_changed":false,"footnotes":""},"class_list":["post-13487","page","type-page","status-publish","hentry"],"acf":[],"_links":{"self":[{"href":"https:\/\/ptm-mechatronics.com\/it\/wp-json\/wp\/v2\/pages\/13487","targetHints":{"allow":["GET"]}}],"collection":[{"href":"https:\/\/ptm-mechatronics.com\/it\/wp-json\/wp\/v2\/pages"}],"about":[{"href":"https:\/\/ptm-mechatronics.com\/it\/wp-json\/wp\/v2\/types\/page"}],"author":[{"embeddable":true,"href":"https:\/\/ptm-mechatronics.com\/it\/wp-json\/wp\/v2\/users\/5"}],"replies":[{"embeddable":true,"href":"https:\/\/ptm-mechatronics.com\/it\/wp-json\/wp\/v2\/comments?post=13487"}],"version-history":[{"count":3,"href":"https:\/\/ptm-mechatronics.com\/it\/wp-json\/wp\/v2\/pages\/13487\/revisions"}],"predecessor-version":[{"id":13490,"href":"https:\/\/ptm-mechatronics.com\/it\/wp-json\/wp\/v2\/pages\/13487\/revisions\/13490"}],"wp:attachment":[{"href":"https:\/\/ptm-mechatronics.com\/it\/wp-json\/wp\/v2\/media?parent=13487"}],"curies":[{"name":"wp","href":"https:\/\/api.w.org\/{rel}","templated":true}]}}