{"id":11638,"date":"2024-10-07T03:25:25","date_gmt":"2024-10-07T01:25:25","guid":{"rendered":"https:\/\/ptm-mechatronics.com\/?page_id=11638"},"modified":"2024-10-07T03:25:25","modified_gmt":"2024-10-07T01:25:25","slug":"wiki","status":"publish","type":"page","link":"https:\/\/ptm-mechatronics.com\/it\/wiki\/","title":{"rendered":"Wiki"},"content":{"rendered":"<section class=\"section new-section\" id=\"section_1600724654\">\n\t\t<div class=\"section-bg fill\" >\n\t\t\t\t\t\t\t\t\t\n\t\t\t\n\n\t\t<\/div>\n\n\t\t\n\n\t\t<div class=\"section-content relative\">\n\t\t\t\n<div class=\"row\"  id=\"row-1983335762\">\n\n\t<div id=\"col-1377662538\" class=\"col small-12 large-12\"  >\n\t\t\t\t<div class=\"col-inner\"  >\n\t\t\t\n\t\t\t\n\t<div id=\"text-1255172450\" class=\"text mw-800\">\n\t\t\n<h2 class=\"ptm-heading\">Wiki<\/h2>\n\t\t\n<style>\n#text-1255172450 {\n  text-align: center;\n}\n<\/style>\n\t<\/div>\n\t\n\t<div id=\"gap-1529356500\" class=\"gap-element clearfix\" style=\"display:block; height:auto;\">\n\t\t\n<style>\n#gap-1529356500 {\n  padding-top: 2rem;\n}\n<\/style>\n\t<\/div>\n\t\n\t<div id=\"text-499869560\" class=\"text mw-800\">\n\t\t\n<p>Che cos'\u00e8 una camera bianca? Quanti litri contiene un hobbock? Dove si usano i motori senza ferrite? E la sicurezza sul lavoro? I prodotti meccatronici PTM sono richiesti in numerosi settori industriali, dove soddisfano un'ampia gamma di requisiti e sfide. Abbiamo creato una Wiki PTM affinch\u00e9 nessuna domanda rimanga senza risposta quando si visita il nostro sito web. Questa contiene i termini pi\u00f9 importanti del cosmo meccatronico di PTM ed \u00e8 destinata a servire come opera di consultazione. Perch\u00e9 non \u00e8 necessario sapere tutto, basta sapere dove trovarlo.<\/p>\n\t\t\n<style>\n#text-499869560 {\n  text-align: center;\n}\n<\/style>\n\t<\/div>\n\t\n\n    <input type=\"hidden\" value=\"https:\/\/ptm-mechatronics.com\/wp-admin\/admin-ajax.php\" name=\"ajax_url\">\n    <div class=\"wrap-blog\">                <div class=\"item dark\">\n        <div class=\"item-inner\">\n            <div class=\"img-p\">\n                <a href=\"https:\/\/ptm-mechatronics.com\/it\/grundlagen-guide\/dguv\/\">\n                    <img loading=\"lazy\" decoding=\"async\" width=\"2560\" height=\"1815\" src=\"https:\/\/ptm-mechatronics.com\/wp-content\/uploads\/2025\/06\/Arbeitssicherheit-scaled.jpg\" class=\"attachment-post-thumbnail size-post-thumbnail wp-post-image\" alt=\"\" srcset=\"https:\/\/ptm-mechatronics.com\/wp-content\/uploads\/2025\/06\/Arbeitssicherheit-scaled.jpg 2560w, https:\/\/ptm-mechatronics.com\/wp-content\/uploads\/2025\/06\/Arbeitssicherheit-300x213.jpg 300w, https:\/\/ptm-mechatronics.com\/wp-content\/uploads\/2025\/06\/Arbeitssicherheit-1024x726.jpg 1024w, https:\/\/ptm-mechatronics.com\/wp-content\/uploads\/2025\/06\/Arbeitssicherheit-768x544.jpg 768w, https:\/\/ptm-mechatronics.com\/wp-content\/uploads\/2025\/06\/Arbeitssicherheit-1536x1089.jpg 1536w, https:\/\/ptm-mechatronics.com\/wp-content\/uploads\/2025\/06\/Arbeitssicherheit-2048x1452.jpg 2048w, https:\/\/ptm-mechatronics.com\/wp-content\/uploads\/2025\/06\/Arbeitssicherheit-100x71.jpg 100w, https:\/\/ptm-mechatronics.com\/wp-content\/uploads\/2025\/06\/Arbeitssicherheit-447x317.jpg 447w, https:\/\/ptm-mechatronics.com\/wp-content\/uploads\/2025\/06\/Arbeitssicherheit-810x574.jpg 810w\" sizes=\"auto, (max-width: 2560px) 100vw, 2560px\" \/>                <\/a>\n            <\/div>\n            <div class=\"box\">\n                <h4 class=\"category-list-box\">\n                                    <\/h4>\n                <h3><a href=\"https:\/\/ptm-mechatronics.com\/it\/grundlagen-guide\/dguv\/\">DGUV<\/a><\/h3>\n                <p class='short-desc'>Cosa fa la DGUV? Come \u00e8 organizzata?<\/p>\n                <a href=\"https:\/\/ptm-mechatronics.com\/it\/grundlagen-guide\/dguv\/\" class=\"button white expand\">\n                    <span>Per saperne di pi\u00f9<\/span>\n                <\/a>\n            <\/div>\n        <\/div>\n        \n    <\/div>\n                        <div class=\"item dark\">\n        <div class=\"item-inner\">\n            <div class=\"img-p\">\n                <a href=\"https:\/\/ptm-mechatronics.com\/it\/grundlagen-guide\/not-aus\/\">\n                    <img loading=\"lazy\" decoding=\"async\" width=\"1496\" height=\"1154\" src=\"https:\/\/ptm-mechatronics.com\/wp-content\/uploads\/files\/Not-Aus.jpg\" class=\"attachment-post-thumbnail size-post-thumbnail wp-post-image\" alt=\"Not-Aus\" srcset=\"https:\/\/ptm-mechatronics.com\/wp-content\/uploads\/files\/Not-Aus.jpg 1496w, https:\/\/ptm-mechatronics.com\/wp-content\/uploads\/files\/Not-Aus-300x231.jpg 300w, https:\/\/ptm-mechatronics.com\/wp-content\/uploads\/files\/Not-Aus-768x592.jpg 768w, https:\/\/ptm-mechatronics.com\/wp-content\/uploads\/files\/Not-Aus-1024x790.jpg 1024w, https:\/\/ptm-mechatronics.com\/wp-content\/uploads\/files\/Not-Aus-100x77.jpg 100w, https:\/\/ptm-mechatronics.com\/wp-content\/uploads\/files\/Not-Aus-447x345.jpg 447w, https:\/\/ptm-mechatronics.com\/wp-content\/uploads\/files\/Not-Aus-810x625.jpg 810w, https:\/\/ptm-mechatronics.com\/wp-content\/uploads\/files\/Not-Aus-117x90.jpg 117w\" sizes=\"auto, (max-width: 1496px) 100vw, 1496px\" \/>                <\/a>\n            <\/div>\n            <div class=\"box\">\n                <h4 class=\"category-list-box\">\n                                    <\/h4>\n                <h3><a href=\"https:\/\/ptm-mechatronics.com\/it\/grundlagen-guide\/not-aus\/\">Arresto di emergenza<\/a><\/h3>\n                <p class='short-desc'>Un arresto di emergenza affidabile \u00e8 essenziale, soprattutto per gli agitatori con azionamenti potenti e recipienti di miscelazione apertamente accessibili. Non si tratta solo di... <\/p>\n                <a href=\"https:\/\/ptm-mechatronics.com\/it\/grundlagen-guide\/not-aus\/\" class=\"button white expand\">\n                    <span>Per saperne di pi\u00f9<\/span>\n                <\/a>\n            <\/div>\n        <\/div>\n        \n    <\/div>\n                        <div class=\"item dark\">\n        <div class=\"item-inner\">\n            <div class=\"img-p\">\n                <a href=\"https:\/\/ptm-mechatronics.com\/it\/grundlagen-guide\/wiederanlaufschutz\/\">\n                    <img loading=\"lazy\" decoding=\"async\" width=\"785\" height=\"585\" src=\"https:\/\/ptm-mechatronics.com\/wp-content\/uploads\/2024\/10\/Wiederanlaufschutz.jpg\" class=\"attachment-post-thumbnail size-post-thumbnail wp-post-image\" alt=\"\" srcset=\"https:\/\/ptm-mechatronics.com\/wp-content\/uploads\/2024\/10\/Wiederanlaufschutz.jpg 785w, https:\/\/ptm-mechatronics.com\/wp-content\/uploads\/2024\/10\/Wiederanlaufschutz-300x224.jpg 300w, https:\/\/ptm-mechatronics.com\/wp-content\/uploads\/2024\/10\/Wiederanlaufschutz-768x572.jpg 768w, https:\/\/ptm-mechatronics.com\/wp-content\/uploads\/2024\/10\/Wiederanlaufschutz-100x75.jpg 100w, https:\/\/ptm-mechatronics.com\/wp-content\/uploads\/2024\/10\/Wiederanlaufschutz-447x333.jpg 447w\" sizes=\"auto, (max-width: 785px) 100vw, 785px\" \/>                <\/a>\n            <\/div>\n            <div class=\"box\">\n                <h4 class=\"category-list-box\">\n                                    <\/h4>\n                <h3><a href=\"https:\/\/ptm-mechatronics.com\/it\/grundlagen-guide\/wiederanlaufschutz\/\">Riavvio della protezione<\/a><\/h3>\n                <p class='short-desc'>Nei processi industriali in cui vengono utilizzate macchine con componenti meccanici in movimento, come gli agitatori, la sicurezza \u00e8 una delle principali priorit\u00e0. <\/p>\n                <a href=\"https:\/\/ptm-mechatronics.com\/it\/grundlagen-guide\/wiederanlaufschutz\/\" class=\"button white expand\">\n                    <span>Per saperne di pi\u00f9<\/span>\n                <\/a>\n            <\/div>\n        <\/div>\n        \n    <\/div>\n                        <div class=\"item dark\">\n        <div class=\"item-inner\">\n            <div class=\"img-p\">\n                <a href=\"https:\/\/ptm-mechatronics.com\/it\/grundlagen-guide\/zweihandbedienung\/\">\n                    <img loading=\"lazy\" decoding=\"async\" width=\"785\" height=\"585\" src=\"https:\/\/ptm-mechatronics.com\/wp-content\/uploads\/2024\/10\/DGUV-Schalttafel-mit-Zwei-Hand-Bedingung.jpg\" class=\"attachment-post-thumbnail size-post-thumbnail wp-post-image\" alt=\"\" srcset=\"https:\/\/ptm-mechatronics.com\/wp-content\/uploads\/2024\/10\/DGUV-Schalttafel-mit-Zwei-Hand-Bedingung.jpg 785w, https:\/\/ptm-mechatronics.com\/wp-content\/uploads\/2024\/10\/DGUV-Schalttafel-mit-Zwei-Hand-Bedingung-300x224.jpg 300w, https:\/\/ptm-mechatronics.com\/wp-content\/uploads\/2024\/10\/DGUV-Schalttafel-mit-Zwei-Hand-Bedingung-768x572.jpg 768w, https:\/\/ptm-mechatronics.com\/wp-content\/uploads\/2024\/10\/DGUV-Schalttafel-mit-Zwei-Hand-Bedingung-100x75.jpg 100w, https:\/\/ptm-mechatronics.com\/wp-content\/uploads\/2024\/10\/DGUV-Schalttafel-mit-Zwei-Hand-Bedingung-447x333.jpg 447w\" sizes=\"auto, (max-width: 785px) 100vw, 785px\" \/>                <\/a>\n            <\/div>\n            <div class=\"box\">\n                <h4 class=\"category-list-box\">\n                                    <\/h4>\n                <h3><a href=\"https:\/\/ptm-mechatronics.com\/it\/grundlagen-guide\/zweihandbedienung\/\">Funzionamento a due mani<\/a><\/h3>\n                <p class='short-desc'>Il comando a due mani \u00e8 un'unit\u00e0 di controllo rilevante per la sicurezza che garantisce che una macchina o un sistema possano essere messi in funzione solo quando... <\/p>\n                <a href=\"https:\/\/ptm-mechatronics.com\/it\/grundlagen-guide\/zweihandbedienung\/\" class=\"button white expand\">\n                    <span>Per saperne di pi\u00f9<\/span>\n                <\/a>\n            <\/div>\n        <\/div>\n        \n    <\/div>\n                        <div class=\"item dark\">\n        <div class=\"item-inner\">\n            <div class=\"img-p\">\n                <a href=\"https:\/\/ptm-mechatronics.com\/it\/grundlagen-guide\/arbeitsplatzgrenzwert\/\">\n                    <img loading=\"lazy\" decoding=\"async\" width=\"799\" height=\"800\" src=\"https:\/\/ptm-mechatronics.com\/wp-content\/uploads\/2024\/09\/Bunte-Farben-in-Wasser-4-gedreht-1-e1530693022936-1.jpg\" class=\"attachment-post-thumbnail size-post-thumbnail wp-post-image\" alt=\"\" srcset=\"https:\/\/ptm-mechatronics.com\/wp-content\/uploads\/2024\/09\/Bunte-Farben-in-Wasser-4-gedreht-1-e1530693022936-1.jpg 799w, https:\/\/ptm-mechatronics.com\/wp-content\/uploads\/2024\/09\/Bunte-Farben-in-Wasser-4-gedreht-1-e1530693022936-1-300x300.jpg 300w, https:\/\/ptm-mechatronics.com\/wp-content\/uploads\/2024\/09\/Bunte-Farben-in-Wasser-4-gedreht-1-e1530693022936-1-150x150.jpg 150w, https:\/\/ptm-mechatronics.com\/wp-content\/uploads\/2024\/09\/Bunte-Farben-in-Wasser-4-gedreht-1-e1530693022936-1-768x769.jpg 768w, https:\/\/ptm-mechatronics.com\/wp-content\/uploads\/2024\/09\/Bunte-Farben-in-Wasser-4-gedreht-1-e1530693022936-1-100x100.jpg 100w, https:\/\/ptm-mechatronics.com\/wp-content\/uploads\/2024\/09\/Bunte-Farben-in-Wasser-4-gedreht-1-e1530693022936-1-447x448.jpg 447w\" sizes=\"auto, (max-width: 799px) 100vw, 799px\" \/>                <\/a>\n            <\/div>\n            <div class=\"box\">\n                <h4 class=\"category-list-box\">\n                                    <\/h4>\n                <h3><a href=\"https:\/\/ptm-mechatronics.com\/it\/grundlagen-guide\/arbeitsplatzgrenzwert\/\">Limite di esposizione professionale<\/a><\/h3>\n                <p class='short-desc'>Definizione Il valore limite di esposizione professionale specifica \u201ela concentrazione di una sostanza fino alla quale gli effetti nocivi acuti o cronici sulla salute... <\/p>\n                <a href=\"https:\/\/ptm-mechatronics.com\/it\/grundlagen-guide\/arbeitsplatzgrenzwert\/\" class=\"button white expand\">\n                    <span>Per saperne di pi\u00f9<\/span>\n                <\/a>\n            <\/div>\n        <\/div>\n        \n    <\/div>\n                        <div class=\"item dark\">\n        <div class=\"item-inner\">\n            <div class=\"img-p\">\n                <a href=\"https:\/\/ptm-mechatronics.com\/it\/grundlagen-guide\/atex\/\">\n                    <img loading=\"lazy\" decoding=\"async\" width=\"800\" height=\"800\" src=\"https:\/\/ptm-mechatronics.com\/wp-content\/uploads\/2024\/09\/ATEX-Logo-1.jpg\" class=\"attachment-post-thumbnail size-post-thumbnail wp-post-image\" alt=\"\" srcset=\"https:\/\/ptm-mechatronics.com\/wp-content\/uploads\/2024\/09\/ATEX-Logo-1.jpg 800w, https:\/\/ptm-mechatronics.com\/wp-content\/uploads\/2024\/09\/ATEX-Logo-1-300x300.jpg 300w, https:\/\/ptm-mechatronics.com\/wp-content\/uploads\/2024\/09\/ATEX-Logo-1-150x150.jpg 150w, https:\/\/ptm-mechatronics.com\/wp-content\/uploads\/2024\/09\/ATEX-Logo-1-768x768.jpg 768w, https:\/\/ptm-mechatronics.com\/wp-content\/uploads\/2024\/09\/ATEX-Logo-1-100x100.jpg 100w, https:\/\/ptm-mechatronics.com\/wp-content\/uploads\/2024\/09\/ATEX-Logo-1-447x447.jpg 447w\" sizes=\"auto, (max-width: 800px) 100vw, 800px\" \/>                <\/a>\n            <\/div>\n            <div class=\"box\">\n                <h4 class=\"category-list-box\">\n                                    <\/h4>\n                <h3><a href=\"https:\/\/ptm-mechatronics.com\/it\/grundlagen-guide\/atex\/\">ATEX<\/a><\/h3>\n                <p class='short-desc'>ATEX \u00e8 un certificato per dispositivi e macchine che ne autorizza l'uso in un ambiente potenzialmente esplosivo. L'abbreviazione ATEX... <\/p>\n                <a href=\"https:\/\/ptm-mechatronics.com\/it\/grundlagen-guide\/atex\/\" class=\"button white expand\">\n                    <span>Per saperne di pi\u00f9<\/span>\n                <\/a>\n            <\/div>\n        <\/div>\n        \n    <\/div>\n                        <div class=\"item dark\">\n        <div class=\"item-inner\">\n            <div class=\"img-p\">\n                <a href=\"https:\/\/ptm-mechatronics.com\/it\/grundlagen-guide\/atex-zonen\/\">\n                    <img loading=\"lazy\" decoding=\"async\" width=\"1635\" height=\"1219\" src=\"https:\/\/ptm-mechatronics.com\/wp-content\/uploads\/2024\/09\/Graph-ATEX-zones-tripod-agitator-1.jpg\" class=\"attachment-post-thumbnail size-post-thumbnail wp-post-image\" alt=\"\" srcset=\"https:\/\/ptm-mechatronics.com\/wp-content\/uploads\/2024\/09\/Graph-ATEX-zones-tripod-agitator-1.jpg 1635w, https:\/\/ptm-mechatronics.com\/wp-content\/uploads\/2024\/09\/Graph-ATEX-zones-tripod-agitator-1-300x224.jpg 300w, https:\/\/ptm-mechatronics.com\/wp-content\/uploads\/2024\/09\/Graph-ATEX-zones-tripod-agitator-1-1024x763.jpg 1024w, https:\/\/ptm-mechatronics.com\/wp-content\/uploads\/2024\/09\/Graph-ATEX-zones-tripod-agitator-1-768x573.jpg 768w, https:\/\/ptm-mechatronics.com\/wp-content\/uploads\/2024\/09\/Graph-ATEX-zones-tripod-agitator-1-1536x1145.jpg 1536w, https:\/\/ptm-mechatronics.com\/wp-content\/uploads\/2024\/09\/Graph-ATEX-zones-tripod-agitator-1-100x75.jpg 100w, https:\/\/ptm-mechatronics.com\/wp-content\/uploads\/2024\/09\/Graph-ATEX-zones-tripod-agitator-1-447x333.jpg 447w, https:\/\/ptm-mechatronics.com\/wp-content\/uploads\/2024\/09\/Graph-ATEX-zones-tripod-agitator-1-810x604.jpg 810w\" sizes=\"auto, (max-width: 1635px) 100vw, 1635px\" \/>                <\/a>\n            <\/div>\n            <div class=\"box\">\n                <h4 class=\"category-list-box\">\n                                    <\/h4>\n                <h3><a href=\"https:\/\/ptm-mechatronics.com\/it\/grundlagen-guide\/atex-zonen\/\">Zone ATEX<\/a><\/h3>\n                <p class='short-desc'>ATEX \u00e8 un certificato per dispositivi e macchine che ne autorizza l'uso in un ambiente potenzialmente esplosivo. Un ambiente potenzialmente esplosivo \u00e8 un... <\/p>\n                <a href=\"https:\/\/ptm-mechatronics.com\/it\/grundlagen-guide\/atex-zonen\/\" class=\"button white expand\">\n                    <span>Per saperne di pi\u00f9<\/span>\n                <\/a>\n            <\/div>\n        <\/div>\n        \n    <\/div>\n                        <div class=\"item dark\">\n        <div class=\"item-inner\">\n            <div class=\"img-p\">\n                <a href=\"https:\/\/ptm-mechatronics.com\/it\/grundlagen-guide\/dichtung\/\">\n                    <img loading=\"lazy\" decoding=\"async\" width=\"1200\" height=\"450\" src=\"https:\/\/ptm-mechatronics.com\/wp-content\/uploads\/2024\/09\/Dichtungen-1.jpg\" class=\"attachment-post-thumbnail size-post-thumbnail wp-post-image\" alt=\"\" srcset=\"https:\/\/ptm-mechatronics.com\/wp-content\/uploads\/2024\/09\/Dichtungen-1.jpg 1200w, https:\/\/ptm-mechatronics.com\/wp-content\/uploads\/2024\/09\/Dichtungen-1-300x113.jpg 300w, https:\/\/ptm-mechatronics.com\/wp-content\/uploads\/2024\/09\/Dichtungen-1-1024x384.jpg 1024w, https:\/\/ptm-mechatronics.com\/wp-content\/uploads\/2024\/09\/Dichtungen-1-768x288.jpg 768w, https:\/\/ptm-mechatronics.com\/wp-content\/uploads\/2024\/09\/Dichtungen-1-100x38.jpg 100w, https:\/\/ptm-mechatronics.com\/wp-content\/uploads\/2024\/09\/Dichtungen-1-447x168.jpg 447w, https:\/\/ptm-mechatronics.com\/wp-content\/uploads\/2024\/09\/Dichtungen-1-810x304.jpg 810w\" sizes=\"auto, (max-width: 1200px) 100vw, 1200px\" \/>                <\/a>\n            <\/div>\n            <div class=\"box\">\n                <h4 class=\"category-list-box\">\n                                    <\/h4>\n                <h3><a href=\"https:\/\/ptm-mechatronics.com\/it\/grundlagen-guide\/dichtung\/\">Guarnizione<\/a><\/h3>\n                <p class='short-desc'>Le guarnizioni Le guarnizioni sono componenti fondamentali di varie applicazioni tecniche. Proteggono elementi o passaggi tra componenti dall'ingresso di sostanze indesiderate.... <\/p>\n                <a href=\"https:\/\/ptm-mechatronics.com\/it\/grundlagen-guide\/dichtung\/\" class=\"button white expand\">\n                    <span>Per saperne di pi\u00f9<\/span>\n                <\/a>\n            <\/div>\n        <\/div>\n        \n    <\/div>\n                        <div class=\"item dark\">\n        <div class=\"item-inner\">\n            <div class=\"img-p\">\n                <a href=\"https:\/\/ptm-mechatronics.com\/it\/grundlagen-guide\/dispergieren-gas-fluessig\/\">\n                    <img loading=\"lazy\" decoding=\"async\" width=\"545\" height=\"394\" src=\"https:\/\/ptm-mechatronics.com\/wp-content\/uploads\/2024\/09\/Begasen-Schaubild-2-1.png\" class=\"attachment-post-thumbnail size-post-thumbnail wp-post-image\" alt=\"\" srcset=\"https:\/\/ptm-mechatronics.com\/wp-content\/uploads\/2024\/09\/Begasen-Schaubild-2-1.png 545w, https:\/\/ptm-mechatronics.com\/wp-content\/uploads\/2024\/09\/Begasen-Schaubild-2-1-300x217.png 300w, https:\/\/ptm-mechatronics.com\/wp-content\/uploads\/2024\/09\/Begasen-Schaubild-2-1-100x72.png 100w, https:\/\/ptm-mechatronics.com\/wp-content\/uploads\/2024\/09\/Begasen-Schaubild-2-1-447x323.png 447w\" sizes=\"auto, (max-width: 545px) 100vw, 545px\" \/>                <\/a>\n            <\/div>\n            <div class=\"box\">\n                <h4 class=\"category-list-box\">\n                                    <\/h4>\n                <h3><a href=\"https:\/\/ptm-mechatronics.com\/it\/grundlagen-guide\/dispergieren-gas-fluessig\/\">Dispersione gas-liquido<\/a><\/h3>\n                <p class='short-desc'>Le dispersioni gas-liquido sono miscele fini di sostanze gassose e liquide. L'obiettivo \u00e8 quello di produrre la pi\u00f9 ampia superficie di scambio di sostanze possibile...<\/p>\n                <a href=\"https:\/\/ptm-mechatronics.com\/it\/grundlagen-guide\/dispergieren-gas-fluessig\/\" class=\"button white expand\">\n                    <span>Per saperne di pi\u00f9<\/span>\n                <\/a>\n            <\/div>\n        <\/div>\n        \n    <\/div>\n                        <div class=\"item dark\">\n        <div class=\"item-inner\">\n            <div class=\"img-p\">\n                <a href=\"https:\/\/ptm-mechatronics.com\/it\/grundlagen-guide\/dispergieren-fluessig-fluessig\/\">\n                    <img loading=\"lazy\" decoding=\"async\" width=\"785\" height=\"559\" src=\"https:\/\/ptm-mechatronics.com\/wp-content\/uploads\/2024\/09\/Farbe-blau-1-1.png\" class=\"attachment-post-thumbnail size-post-thumbnail wp-post-image\" alt=\"\" srcset=\"https:\/\/ptm-mechatronics.com\/wp-content\/uploads\/2024\/09\/Farbe-blau-1-1.png 785w, https:\/\/ptm-mechatronics.com\/wp-content\/uploads\/2024\/09\/Farbe-blau-1-1-300x214.png 300w, https:\/\/ptm-mechatronics.com\/wp-content\/uploads\/2024\/09\/Farbe-blau-1-1-768x547.png 768w, https:\/\/ptm-mechatronics.com\/wp-content\/uploads\/2024\/09\/Farbe-blau-1-1-100x71.png 100w, https:\/\/ptm-mechatronics.com\/wp-content\/uploads\/2024\/09\/Farbe-blau-1-1-447x318.png 447w\" sizes=\"auto, (max-width: 785px) 100vw, 785px\" \/>                <\/a>\n            <\/div>\n            <div class=\"box\">\n                <h4 class=\"category-list-box\">\n                                    <\/h4>\n                <h3><a href=\"https:\/\/ptm-mechatronics.com\/it\/grundlagen-guide\/dispergieren-fluessig-fluessig\/\">Dispersione liquido-liquido<\/a><\/h3>\n                <p class='short-desc'>Le dispersioni liquido-liquide sono miscele di almeno due sostanze normalmente immiscibili. L'emulsione olio-acqua \u00e8 un esempio ben noto nella pratica...<\/p>\n                <a href=\"https:\/\/ptm-mechatronics.com\/it\/grundlagen-guide\/dispergieren-fluessig-fluessig\/\" class=\"button white expand\">\n                    <span>Per saperne di pi\u00f9<\/span>\n                <\/a>\n            <\/div>\n        <\/div>\n        \n    <\/div>\n                        <div class=\"item dark\">\n        <div class=\"item-inner\">\n            <div class=\"img-p\">\n                <a href=\"https:\/\/ptm-mechatronics.com\/it\/grundlagen-guide\/drehrichtung\/\">\n                    <img loading=\"lazy\" decoding=\"async\" width=\"785\" height=\"585\" src=\"https:\/\/ptm-mechatronics.com\/wp-content\/uploads\/2024\/09\/Energieeffizienter-Druckluftmotor-Basic-1-1-1.jpg\" class=\"attachment-post-thumbnail size-post-thumbnail wp-post-image\" alt=\"\" srcset=\"https:\/\/ptm-mechatronics.com\/wp-content\/uploads\/2024\/09\/Energieeffizienter-Druckluftmotor-Basic-1-1-1.jpg 785w, https:\/\/ptm-mechatronics.com\/wp-content\/uploads\/2024\/09\/Energieeffizienter-Druckluftmotor-Basic-1-1-1-300x224.jpg 300w, https:\/\/ptm-mechatronics.com\/wp-content\/uploads\/2024\/09\/Energieeffizienter-Druckluftmotor-Basic-1-1-1-768x572.jpg 768w, https:\/\/ptm-mechatronics.com\/wp-content\/uploads\/2024\/09\/Energieeffizienter-Druckluftmotor-Basic-1-1-1-100x75.jpg 100w, https:\/\/ptm-mechatronics.com\/wp-content\/uploads\/2024\/09\/Energieeffizienter-Druckluftmotor-Basic-1-1-1-447x333.jpg 447w\" sizes=\"auto, (max-width: 785px) 100vw, 785px\" \/>                <\/a>\n            <\/div>\n            <div class=\"box\">\n                <h4 class=\"category-list-box\">\n                                    <\/h4>\n                <h3><a href=\"https:\/\/ptm-mechatronics.com\/it\/grundlagen-guide\/drehrichtung\/\">Senso di rotazione<\/a><\/h3>\n                <p class='short-desc'>Poich\u00e9 la definizione del senso di rotazione di un motore come sinistro o destro dipende dal lato da cui il motore \u00e8 visto, il... <\/p>\n                <a href=\"https:\/\/ptm-mechatronics.com\/it\/grundlagen-guide\/drehrichtung\/\" class=\"button white expand\">\n                    <span>Per saperne di pi\u00f9<\/span>\n                <\/a>\n            <\/div>\n        <\/div>\n        \n    <\/div>\n                        <div class=\"item dark\">\n        <div class=\"item-inner\">\n            <div class=\"img-p\">\n                <a href=\"https:\/\/ptm-mechatronics.com\/it\/grundlagen-guide\/pharma-und-lebensmittelkonformitaet-2\/\">\n                    <img loading=\"lazy\" decoding=\"async\" width=\"785\" height=\"559\" src=\"https:\/\/ptm-mechatronics.com\/wp-content\/uploads\/2024\/09\/Farbe-blau-1-1.png\" class=\"attachment-post-thumbnail size-post-thumbnail wp-post-image\" alt=\"\" srcset=\"https:\/\/ptm-mechatronics.com\/wp-content\/uploads\/2024\/09\/Farbe-blau-1-1.png 785w, https:\/\/ptm-mechatronics.com\/wp-content\/uploads\/2024\/09\/Farbe-blau-1-1-300x214.png 300w, https:\/\/ptm-mechatronics.com\/wp-content\/uploads\/2024\/09\/Farbe-blau-1-1-768x547.png 768w, https:\/\/ptm-mechatronics.com\/wp-content\/uploads\/2024\/09\/Farbe-blau-1-1-100x71.png 100w, https:\/\/ptm-mechatronics.com\/wp-content\/uploads\/2024\/09\/Farbe-blau-1-1-447x318.png 447w\" sizes=\"auto, (max-width: 785px) 100vw, 785px\" \/>                <\/a>\n            <\/div>\n            <div class=\"box\">\n                <h4 class=\"category-list-box\">\n                                    <\/h4>\n                <h3><a href=\"https:\/\/ptm-mechatronics.com\/it\/grundlagen-guide\/pharma-und-lebensmittelkonformitaet-2\/\">Emulsionare<\/a><\/h3>\n                <p class='short-desc'>L'emulsione \u00e8 una sottocategoria della dispersione liquido-liquido. Almeno due sostanze che normalmente non sono solubili l'una nell'altra vengono mescolate. Dispersioni stabili a lungo termine... <\/p>\n                <a href=\"https:\/\/ptm-mechatronics.com\/it\/grundlagen-guide\/pharma-und-lebensmittelkonformitaet-2\/\" class=\"button white expand\">\n                    <span>Per saperne di pi\u00f9<\/span>\n                <\/a>\n            <\/div>\n        <\/div>\n        \n    <\/div>\n                        <\/div><p id=\"loading_loadmore\"><img decoding=\"async\" src=\"https:\/\/ptm-mechatronics.com\/wp-admin\/images\/loading.gif\" alt=\"Loading\"\/><\/p>\n                <input type=\"hidden\" name=\"page_number\" id=\"page_number\" value=\"1\"\/>\n                <div class=\"loadmore-wiki loadmore-blog text-center\"><a href=\"#\" class=\"button primary\" target=\"_self\"><span>Mehr anzeigen<\/span><\/a><\/div>            <\/div>\n\n\t\t<\/div>\n\t\t\t\t\n<style>\n#col-1377662538 > .col-inner {\n  padding: 30px 0px 30px 0px;\n}\n@media (min-width:850px) {\n  #col-1377662538 > .col-inner {\n    padding: 50px 0px 30px 0px;\n  }\n}\n<\/style>\n\t<\/div>\n\n\t\n<\/div>\n\t\t<\/div>\n\n\t\t\n<style>\n#section_1600724654 {\n  padding-top: 30px;\n  padding-bottom: 30px;\n  background-color: rgb(239, 239, 239);\n}\n<\/style>\n\t<\/section>","protected":false},"excerpt":{"rendered":"","protected":false},"author":51,"featured_media":0,"parent":0,"menu_order":0,"comment_status":"closed","ping_status":"closed","template":"page-blank.php","meta":{"_acf_changed":false,"footnotes":""},"class_list":["post-11638","page","type-page","status-publish","hentry"],"acf":[],"_links":{"self":[{"href":"https:\/\/ptm-mechatronics.com\/it\/wp-json\/wp\/v2\/pages\/11638","targetHints":{"allow":["GET"]}}],"collection":[{"href":"https:\/\/ptm-mechatronics.com\/it\/wp-json\/wp\/v2\/pages"}],"about":[{"href":"https:\/\/ptm-mechatronics.com\/it\/wp-json\/wp\/v2\/types\/page"}],"author":[{"embeddable":true,"href":"https:\/\/ptm-mechatronics.com\/it\/wp-json\/wp\/v2\/users\/51"}],"replies":[{"embeddable":true,"href":"https:\/\/ptm-mechatronics.com\/it\/wp-json\/wp\/v2\/comments?post=11638"}],"version-history":[{"count":1,"href":"https:\/\/ptm-mechatronics.com\/it\/wp-json\/wp\/v2\/pages\/11638\/revisions"}],"predecessor-version":[{"id":11639,"href":"https:\/\/ptm-mechatronics.com\/it\/wp-json\/wp\/v2\/pages\/11638\/revisions\/11639"}],"wp:attachment":[{"href":"https:\/\/ptm-mechatronics.com\/it\/wp-json\/wp\/v2\/media?parent=11638"}],"curies":[{"name":"wp","href":"https:\/\/api.w.org\/{rel}","templated":true}]}}