{"id":7834,"date":"2024-02-07T17:44:54","date_gmt":"2024-02-07T17:44:54","guid":{"rendered":""},"modified":"2026-05-04T12:51:39","modified_gmt":"2026-05-04T10:51:39","slug":"stativruehrwerk-fuer-60-liter-fass-antrieb-atex-zone-1","status":"publish","type":"product","link":"https:\/\/ptm-mechatronics.com\/hu\/product\/stativruehrwerk-fuer-60-liter-fass-antrieb-atex-zone-1\/","title":{"rendered":"\u00c1ll\u00f3 kever\u0151 60 literes hord\u00f3hoz - ATEX 1 z\u00f3n\u00e1s meghajt\u00e1s"},"content":{"rendered":"<h1><span style=\"font-size: 90%;\">\u00c1llv\u00e1nyos kever\u0151 100 literes hord\u00f3khoz - biztons\u00e1gos, ergonomikus \u00e9s nagy teljes\u00edtm\u00e9ny\u0171<\/span><\/h1>\n<p>A 100 literes hord\u00f3khoz val\u00f3 \u00e1llv\u00e1nykever\u0151 egy nagy teljes\u00edtm\u00e9ny\u0171 pneumatikus meghajt\u00e1sb\u00f3l, fed\u00e9llel, egy stabil \u00e1llv\u00e1nyb\u00f3l, automatikus emel\u0151szerkezettel \u00e9s vez\u00e9rl\u0151panellel, valamint egy kiv\u00e1l\u00f3 min\u0151s\u00e9g\u0171 V4A rozsdamentes ac\u00e9lb\u00f3l k\u00e9sz\u00fclt 1.4404 eco-Cup kever\u0151tengelyb\u0151l \u00e1ll. Az alkatr\u00e9szek optim\u00e1lisan illeszkednek a 100 literes hord\u00f3kban l\u00e9v\u0151 alacsony \u00e9s magas viszkozit\u00e1s\u00fa k\u00f6zegek kever\u00e9s\u00e9hez, \u00e9s megb\u00edzhat\u00f3 \u00e9s egyenletes kever\u00e9si eredm\u00e9nyeket biztos\u00edtanak.<\/p>\n<p>Az automatikus emel\u0151berendez\u00e9s ergonomikus \u00e9s biztons\u00e1gos munkav\u00e9gz\u00e9st, valamint gyors \u00e9s k\u00e9nyelmes tart\u00e1lycser\u00e9t tesz lehet\u0151v\u00e9. A kever\u00e9si folyamatot az \u00e1llv\u00e1nyon l\u00e9v\u0151 kezel\u0151panelen kereszt\u00fcl egyszer\u0171en \u00e9s egy\u00e9rtelm\u0171en lehet vez\u00e9relni.<\/p>\n<p>A tov\u00e1bbi biztons\u00e1g \u00e9rdek\u00e9ben az \u00e1ll\u00f3kever\u0151 a fed\u00e9l felemel\u00e9sekor automatikus kikapcsol\u00e1si funkci\u00f3val rendelkezik, amely megakad\u00e1lyozza, hogy mozg\u00f3 alkatr\u00e9szekbe ny\u00faljon. Leenged\u00e9skor a kever\u0151 automatikusan elindul a be\u00e9p\u00edtett ed\u00e9ny\u00e9rz\u00e9kel\u0151 rendszeren kereszt\u00fcl.<\/p>\n<p>Sz\u00e1ll\u00edt\u00e1si terjedelem dob n\u00e9lk\u00fcl.<\/p>","protected":false},"excerpt":{"rendered":"<p>Nagy teljes\u00edtm\u00e9ny\u0171 \u00e1ll\u00f3 kever\u0151 100 literes hord\u00f3hoz - ATEX 1 z\u00f3n\u00e1ra tan\u00fas\u00edtott meghajt\u00e1s - magas szint\u0171 munkav\u00e9delem.<\/p>","protected":false},"featured_media":15445,"comment_status":"open","ping_status":"closed","template":"","meta":{"_acf_changed":false},"product_brand":[],"product_cat":[595,603],"product_tag":[],"class_list":{"0":"post-7834","1":"product","2":"type-product","3":"status-publish","4":"has-post-thumbnail","6":"product_cat-ruehrwerkstechnik","7":"product_cat-fassruehrwerke","8":"product_shipping_class-europalette-speditionsversand","9":"pa_antriebsart-pneumatisch","10":"pa_atex-zone-122122","11":"pa_behaeltervolumen-60-liter","12":"pa_deckeldurchmesser-440mm","13":"pa_dichtung-ptfe","14":"pa_drehmoment-4nm","15":"pa_drehzahl-0-300-1-min","16":"pa_durchmesser-ruehrwelle-16mm","17":"pa_ex-gas-ex-ii-2-g-ex-h-iic-t5-gb-x","18":"pa_ex-staub-ex-ii-2-d-ex-h-iiic-t100c-db-x","19":"pa_geeignete-fassdurchmesser-60-liter","20":"pa_geraeuschpegel-75db","21":"pa_gesamtbreite-550mm","22":"pa_gesamthoehe-1746mm","23":"pa_gesamttiefe-700mm","24":"pa_labs-oel-und-silikonfrei","25":"pa_laenge-ruehrwelle-ca-540mm-ab-deckeloberkante","26":"pa_material-deckel-v4a-edelstahl-1-4404","27":"pa_mittlerer-luftverbrauch-25l-min","28":"pa_model-eco-station","29":"pa_ruehrorgan-becherruehrorgan-eco-cup-210mm","30":"pa_stativverfahrweg-700mm","31":"pa_typ-stativruehrwerk","32":"pa_versorgung-5-6bar","34":"first","35":"instock","36":"taxable","37":"shipping-taxable","38":"purchasable","39":"product-type-simple"},"bundled_by":[],"bundle_stock_status":"instock","bundle_stock_quantity":null,"bundle_virtual":false,"bundle_layout":"","bundle_add_to_cart_form_location":"","bundle_editable_in_cart":false,"bundle_sold_individually_context":"","bundle_item_grouping":"","bundle_min_size":"","bundle_max_size":"","bundle_price":[],"bundled_items":[],"bundle_sell_ids":[],"exclude_global_add_ons":[],"addons":[],"acf":[],"_links":{"self":[{"href":"https:\/\/ptm-mechatronics.com\/hu\/wp-json\/wp\/v2\/product\/7834","targetHints":{"allow":["GET"]}}],"collection":[{"href":"https:\/\/ptm-mechatronics.com\/hu\/wp-json\/wp\/v2\/product"}],"about":[{"href":"https:\/\/ptm-mechatronics.com\/hu\/wp-json\/wp\/v2\/types\/product"}],"replies":[{"embeddable":true,"href":"https:\/\/ptm-mechatronics.com\/hu\/wp-json\/wp\/v2\/comments?post=7834"}],"wp:featuredmedia":[{"embeddable":true,"href":"https:\/\/ptm-mechatronics.com\/hu\/wp-json\/wp\/v2\/media\/15445"}],"wp:attachment":[{"href":"https:\/\/ptm-mechatronics.com\/hu\/wp-json\/wp\/v2\/media?parent=7834"}],"wp:term":[{"taxonomy":"product_brand","embeddable":true,"href":"https:\/\/ptm-mechatronics.com\/hu\/wp-json\/wp\/v2\/product_brand?post=7834"},{"taxonomy":"product_cat","embeddable":true,"href":"https:\/\/ptm-mechatronics.com\/hu\/wp-json\/wp\/v2\/product_cat?post=7834"},{"taxonomy":"product_tag","embeddable":true,"href":"https:\/\/ptm-mechatronics.com\/hu\/wp-json\/wp\/v2\/product_tag?post=7834"}],"curies":[{"name":"wp","href":"https:\/\/api.w.org\/{rel}","templated":true}]}}