{"id":7778,"date":"2024-02-07T17:44:54","date_gmt":"2024-02-07T17:44:54","guid":{"rendered":""},"modified":"2025-11-07T15:52:23","modified_gmt":"2025-11-07T14:52:23","slug":"dguv-schalttafel","status":"publish","type":"product","link":"https:\/\/ptm-mechatronics.com\/hu\/product\/dguv-schalttafel\/","title":{"rendered":"DGUV vez\u00e9rl\u0151panel"},"content":{"rendered":"<p>Fel\u00e1r a szabv\u00e1nyos kezel\u0151panel\u00e9rt; V2A rozsdamentes ac\u00e9lb\u00f3l 1.4301 k\u00e9sz\u00fclt h\u00e1z; Biztons\u00e1gos k\u00e9tkezes vez\u00e9rl\u00e9s az EN574 IIIA szabv\u00e1ny szerint; V\u00e9szle\u00e1ll\u00edt\u00e1s vez\u00e9relt \u00fajraind\u00edt\u00e1ssal; A kezel\u0151elemek \u00e1ttekinthet\u0151 \u00e9s biztons\u00e1gos elrendez\u00e9se; Biztons\u00e1gos haszn\u00e1lat a balesetv\u00e9delmi el\u0151\u00edr\u00e1soknak megfelel\u0151en.<\/p>","protected":false},"excerpt":{"rendered":"<p>Fel\u00e1r a szabv\u00e1nyos kezel\u0151panel\u00e9rt; V2A rozsdamentes ac\u00e9lb\u00f3l 1.4301 k\u00e9sz\u00fclt h\u00e1z; Biztons\u00e1gos k\u00e9tkezes vez\u00e9rl\u00e9s az EN574 IIIA szabv\u00e1ny szerint; V\u00e9szle\u00e1ll\u00edt\u00e1s vez\u00e9relt \u00fajraind\u00edt\u00e1ssal; A kezel\u0151elemek \u00e1ttekinthet\u0151 \u00e9s biztons\u00e1gos elrendez\u00e9se; Biztons\u00e1gos haszn\u00e1lat a balesetv\u00e9delmi el\u0151\u00edr\u00e1soknak megfelel\u0151en.<\/p>","protected":false},"featured_media":15451,"comment_status":"open","ping_status":"closed","template":"","meta":{"_acf_changed":false},"product_brand":[],"product_cat":[595,1421],"product_tag":[],"class_list":{"0":"post-7778","1":"product","2":"type-product","3":"status-publish","4":"has-post-thumbnail","6":"product_cat-ruehrwerkstechnik","7":"product_cat-zubehoer-ruehrwerkstechnik","8":"product_shipping_class-karton-paketversand","10":"first","11":"instock","12":"taxable","13":"shipping-taxable","14":"purchasable","15":"product-type-simple"},"bundled_by":[],"bundle_stock_status":"instock","bundle_stock_quantity":null,"bundle_virtual":false,"bundle_layout":"","bundle_add_to_cart_form_location":"","bundle_editable_in_cart":false,"bundle_sold_individually_context":"","bundle_item_grouping":"","bundle_min_size":"","bundle_max_size":"","bundle_price":[],"bundled_items":[],"bundle_sell_ids":[],"exclude_global_add_ons":[],"addons":[],"acf":[],"_links":{"self":[{"href":"https:\/\/ptm-mechatronics.com\/hu\/wp-json\/wp\/v2\/product\/7778","targetHints":{"allow":["GET"]}}],"collection":[{"href":"https:\/\/ptm-mechatronics.com\/hu\/wp-json\/wp\/v2\/product"}],"about":[{"href":"https:\/\/ptm-mechatronics.com\/hu\/wp-json\/wp\/v2\/types\/product"}],"replies":[{"embeddable":true,"href":"https:\/\/ptm-mechatronics.com\/hu\/wp-json\/wp\/v2\/comments?post=7778"}],"wp:featuredmedia":[{"embeddable":true,"href":"https:\/\/ptm-mechatronics.com\/hu\/wp-json\/wp\/v2\/media\/15451"}],"wp:attachment":[{"href":"https:\/\/ptm-mechatronics.com\/hu\/wp-json\/wp\/v2\/media?parent=7778"}],"wp:term":[{"taxonomy":"product_brand","embeddable":true,"href":"https:\/\/ptm-mechatronics.com\/hu\/wp-json\/wp\/v2\/product_brand?post=7778"},{"taxonomy":"product_cat","embeddable":true,"href":"https:\/\/ptm-mechatronics.com\/hu\/wp-json\/wp\/v2\/product_cat?post=7778"},{"taxonomy":"product_tag","embeddable":true,"href":"https:\/\/ptm-mechatronics.com\/hu\/wp-json\/wp\/v2\/product_tag?post=7778"}],"curies":[{"name":"wp","href":"https:\/\/api.w.org\/{rel}","templated":true}]}}