{"id":7666,"date":"2024-02-07T17:44:21","date_gmt":"2024-02-07T17:44:21","guid":{"rendered":"https:\/\/ptm-mechatronics.com\/product\/pneumatisches-stativruehrwerk-fuer-30-liter-fass-atex\/"},"modified":"2026-05-04T12:55:50","modified_gmt":"2026-05-04T10:55:50","slug":"pneumatisches-stativruehrwerk-fuer-30-liter-fass-atex","status":"publish","type":"product","link":"https:\/\/ptm-mechatronics.com\/hu\/product\/pneumatisches-stativruehrwerk-fuer-30-liter-fass-atex\/","title":{"rendered":"Pneumatikus \u00e1llv\u00e1nykever\u0151 30 literes hord\u00f3hoz - ATEX"},"content":{"rendered":"<p data-start=\"372\" data-end=\"913\"><span class=\"_fadeIn_m1hgl_8\">A <\/span><span class=\"_fadeIn_m1hgl_8\">\u00c1ll\u00f3 kever\u0151 <\/span><span class=\"_fadeIn_m1hgl_8\">3 f\u0151 r\u00e9sz\u00e9re<\/span><span class=\"_fadeIn_m1hgl_8\">0-<\/span><span class=\"_fadeIn_m1hgl_8\">Liter<\/span><span class=\"_fadeIn_m1hgl_8\">Hord\u00f3k<\/span> <span class=\"_fadeIn_m1hgl_8\">volt <\/span><span class=\"_fadeIn_m1hgl_8\">a  oldalon. <\/span><span class=\"_fadeIn_m1hgl_8\">a <\/span><span class=\"_fadeIn_m1hgl_8\">hat\u00e9kony <\/span><span class=\"_fadeIn_m1hgl_8\">\u00e9s <\/span><span class=\"_fadeIn_m1hgl_8\">biztons\u00e1gos <\/span><span class=\"_fadeIn_m1hgl_8\">Feldolgoz\u00e1s <\/span><span class=\"_fadeIn_m1hgl_8\">alacsony <\/span><span class=\"_fadeIn_m1hgl_8\">am\u00edg <\/span><span class=\"_fadeIn_m1hgl_8\">nagy viszkozit\u00e1s\u00fa <\/span><span class=\"_fadeIn_m1hgl_8\">ATEX 1 vagy 0\/1 z\u00f3n\u00e1ban l\u00e9v\u0151 adathordoz\u00f3k<\/span> <span class=\"_fadeIn_m1hgl_8\">kifejlesztett. <\/span><span class=\"_fadeIn_m1hgl_8\">Ez <\/span><span class=\"_fadeIn_m1hgl_8\">l\u00e9tezik <\/span><span class=\"_fadeIn_m1hgl_8\">a  c\u00edmr\u0151l <\/span><span class=\"_fadeIn_m1hgl_8\">egy <\/span><span class=\"_fadeIn_m1hgl_8\">er\u0151s, <\/span><span class=\"_fadeIn_m1hgl_8\">pneumatikus <\/span><span class=\"_fadeIn_m1hgl_8\">Hajt\u00f3m\u0171<\/span><span class=\"_fadeIn_m1hgl_8\">, <\/span><span class=\"_fadeIn_m1hgl_8\">egy <\/span><span class=\"_fadeIn_m1hgl_8\">massz\u00edv <\/span><span class=\"_fadeIn_m1hgl_8\">Rozsdamentes ac\u00e9l<\/span><span class=\"_fadeIn_m1hgl_8\">Fed\u00e9l<\/span><span class=\"_fadeIn_m1hgl_8\">, <\/span><span class=\"_fadeIn_m1hgl_8\">egy <\/span><span class=\"_fadeIn_m1hgl_8\">Kever\u0151tengely <\/span><span class=\"_fadeIn_m1hgl_8\">a  c\u00edmen <\/span><span class=\"_fadeIn_m1hgl_8\">Kever\u0151g\u00e9p<\/span>\u00a0<span class=\"_fadeIn_m1hgl_8\">\u00e9s <\/span><span class=\"_fadeIn_m1hgl_8\">egy <\/span><span class=\"_fadeIn_m1hgl_8\">\u00c1llv\u00e1ny <\/span><span class=\"_fadeIn_m1hgl_8\">a  c\u00edmen <\/span><span class=\"_fadeIn_m1hgl_8\">automatikusabb <\/span><span class=\"_fadeIn_m1hgl_8\">Emel\u0151berendez\u00e9s <\/span><span class=\"_fadeIn_m1hgl_8\">\u00e9s <\/span><span class=\"_fadeIn_m1hgl_8\">Vez\u00e9rl\u0151panel<\/span><span class=\"_fadeIn_m1hgl_8\">. <\/span><span class=\"_fadeIn_m1hgl_8\">Minden <\/span><span class=\"_fadeIn_m1hgl_8\">m\u00e9dia\u00e9rint\u00e9s <\/span><span class=\"_fadeIn_m1hgl_8\">Alkatr\u00e9szek - <\/span><span class=\"_fadeIn_m1hgl_8\">Kever\u0151tengely <\/span><span class=\"_fadeIn_m1hgl_8\">\u00e9s <\/span><span class=\"_fadeIn_m1hgl_8\">Kever\u0151g\u00e9p<\/span><span class=\"_fadeIn_m1hgl_8\"> \u2013 <\/span><span class=\"_fadeIn_m1hgl_8\">a <\/span><span class=\"_fadeIn_m1hgl_8\">a  c\u00edmr\u0151l <\/span><span class=\"_fadeIn_m1hgl_8\">V4A <\/span><span class=\"_fadeIn_m1hgl_8\">Rozsdamentes ac\u00e9l (<\/span><span class=\"_fadeIn_m1hgl_8\">1.4404)<\/span> <span class=\"_fadeIn_m1hgl_8\">gy\u00e1rtott <\/span><span class=\"_fadeIn_m1hgl_8\">\u00e9s <\/span><span class=\"_fadeIn_m1hgl_8\">magas sz\u00ednvonal\u00fa <\/span><span class=\"_fadeIn_m1hgl_8\">Higi\u00e9nia <\/span><span class=\"_fadeIn_m1hgl_8\">\u00e9s <\/span><span class=\"_fadeIn_m1hgl_8\">Korr\u00f3zi\u00f3\u00e1ll\u00f3s\u00e1g.<\/span><\/p>\n<p data-start=\"915\" data-end=\"1293\"><span class=\"_fadeIn_m1hgl_8\">A <\/span><span class=\"_fadeIn_m1hgl_8\">Kever\u0151g\u00e9p <\/span><span class=\"_fadeIn_m1hgl_8\">a <\/span><span class=\"_fadeIn_m1hgl_8\">teljes <\/span><span class=\"_fadeIn_m1hgl_8\">a  oldalon <\/span><span class=\"_fadeIn_m1hgl_8\">a <\/span><span class=\"_fadeIn_m1hgl_8\">Haszn\u00e1lja a  c\u00edmet. <\/span><span class=\"_fadeIn_m1hgl_8\">a  oldalon. <\/span><span class=\"_fadeIn_m1hgl_8\">szabv\u00e1nyos\u00edtott 3<\/span><span class=\"_fadeIn_m1hgl_8\">0-<\/span><span class=\"_fadeIn_m1hgl_8\">Liter<\/span><span class=\"_fadeIn_m1hgl_8\">Hord\u00f3k<\/span> <span class=\"_fadeIn_m1hgl_8\">harmoniz\u00e1lt <\/span><span class=\"_fadeIn_m1hgl_8\">\u00e9s <\/span><span class=\"_fadeIn_m1hgl_8\">aj\u00e1nlatok <\/span><span class=\"_fadeIn_m1hgl_8\">egy <\/span><span class=\"_fadeIn_m1hgl_8\">m\u00e9g, <\/span><span class=\"_fadeIn_m1hgl_8\">homog\u00e9n <\/span><span class=\"_fadeIn_m1hgl_8\">Kavar\u00f3 eredm\u00e9ny<\/span><span class=\"_fadeIn_m1hgl_8\">, <\/span><span class=\"_fadeIn_m1hgl_8\">maga <\/span><span class=\"_fadeIn_m1hgl_8\">a  c\u00edmen <\/span><span class=\"_fadeIn_m1hgl_8\">kem\u00e9ny, <\/span><span class=\"_fadeIn_m1hgl_8\">viszk\u00f3zus <\/span><span class=\"_fadeIn_m1hgl_8\">Anyagok. <\/span><span class=\"_fadeIn_m1hgl_8\">A <\/span><span class=\"_fadeIn_m1hgl_8\">automatikus <\/span><span class=\"_fadeIn_m1hgl_8\">Emel\u0151berendez\u00e9s<\/span> <span class=\"_fadeIn_m1hgl_8\">megk\u00f6nny\u00edti a <\/span><span class=\"_fadeIn_m1hgl_8\">a <\/span><span class=\"_fadeIn_m1hgl_8\">Emel\u00e9s <\/span><span class=\"_fadeIn_m1hgl_8\">\u00e9s <\/span><span class=\"_fadeIn_m1hgl_8\">A  c\u00edmre t\u00f6rt\u00e9n\u0151 leenged\u00e9s <\/span><span class=\"_fadeIn_m1hgl_8\">a <\/span><span class=\"_fadeIn_m1hgl_8\">kever\u0151, <\/span><span class=\"_fadeIn_m1hgl_8\">biztos\u00edtja a <\/span><span class=\"_fadeIn_m1hgl_8\">a  oldalon. <\/span><span class=\"_fadeIn_m1hgl_8\">egy <\/span><span class=\"_fadeIn_m1hgl_8\">biztons\u00e1gos <\/span><span class=\"_fadeIn_m1hgl_8\">Kont\u00e9nercsere <\/span><span class=\"_fadeIn_m1hgl_8\">\u00e9s <\/span><span class=\"_fadeIn_m1hgl_8\">cs\u00f6kkentett <\/span><span class=\"_fadeIn_m1hgl_8\">fizikai <\/span><span class=\"_fadeIn_m1hgl_8\">Terhel\u00e9s <\/span><span class=\"_fadeIn_m1hgl_8\">a <\/span><span class=\"_fadeIn_m1hgl_8\">Mindennapi munka.<\/span><\/p>\n<p data-start=\"1295\" data-end=\"1572\"><span class=\"_fadeIn_m1hgl_8\">A  oldalon. <\/span><span class=\"_fadeIn_m1hgl_8\">maximum <\/span><span class=\"_fadeIn_m1hgl_8\">Munkahelyi biztons\u00e1g <\/span><span class=\"_fadeIn_m1hgl_8\">van <\/span><span class=\"_fadeIn_m1hgl_8\">a <\/span><span class=\"_fadeIn_m1hgl_8\">Kever\u0151g\u00e9p <\/span><span class=\"_fadeIn_m1hgl_8\">a  honlapr\u00f3l <\/span><span class=\"_fadeIn_m1hgl_8\">egy <\/span><span class=\"_fadeIn_m1hgl_8\">automatikus <\/span><span class=\"_fadeIn_m1hgl_8\">Kikapcsol\u00e1s <\/span><span class=\"_fadeIn_m1hgl_8\">a <\/span><span class=\"_fadeIn_m1hgl_8\">Emel\u00e9s <\/span><span class=\"_fadeIn_m1hgl_8\">a <\/span><span class=\"_fadeIn_m1hgl_8\">Fedelek<\/span><span class=\"_fadeIn_m1hgl_8\">, <\/span><span class=\"_fadeIn_m1hgl_8\">a  c\u00edmen. <\/span><span class=\"_fadeIn_m1hgl_8\">Beavatkoz\u00e1sok <\/span><span class=\"_fadeIn_m1hgl_8\">a  oldalon. <\/span><span class=\"_fadeIn_m1hgl_8\">mozgathat\u00f3 <\/span><span class=\"_fadeIn_m1hgl_8\">Alkatr\u00e9szek <\/span><span class=\"_fadeIn_m1hgl_8\">a  c\u00edmre. <\/span><span class=\"_fadeIn_m1hgl_8\">megel\u0151zni. <\/span><span class=\"_fadeIn_m1hgl_8\">A <\/span><span class=\"_fadeIn_m1hgl_8\">Kever\u00e9si folyamat <\/span><span class=\"_fadeIn_m1hgl_8\">elindul <\/span><span class=\"_fadeIn_m1hgl_8\">ism\u00e9t <\/span><span class=\"_fadeIn_m1hgl_8\">automatikusan <\/span><span class=\"_fadeIn_m1hgl_8\">a  honlapr\u00f3l <\/span><span class=\"_fadeIn_m1hgl_8\">egy <\/span><span class=\"_fadeIn_m1hgl_8\">Kont\u00e9ner \u00e9szlel\u00e9s<\/span> <span class=\"_fadeIn_m1hgl_8\">a <\/span><span class=\"_fadeIn_m1hgl_8\">Leenged\u00e9s - <\/span><span class=\"_fadeIn_m1hgl_8\">hat\u00e9kony <\/span><span class=\"_fadeIn_m1hgl_8\">\u00e9s <\/span><span class=\"_fadeIn_m1hgl_8\">biztons\u00e1gos.<\/span><\/p>\n<h3 data-start=\"1337\" data-end=\"1549\"><span class=\"_fadeIn_m1hgl_8\">Az \u00d6n lehet\u0151s\u00e9gei:<\/span><\/h3>\n<p>ATEX 1. z\u00f3na:<br \/>\nEx II 2 G Ex h IIC T5 Gb X<br \/>\nEx II 2 D Ex h IIIC T100\u00b0C Db X vagy<br \/>\nATEX 0\/1 z\u00f3na:<br \/>\nEx II 1\/2 G Ex h IIC T5 Ga\/Gb<br \/>\nEx II 1\/2 D Ex h IIIC T100\u00b0C Da\/Db<\/p>\n<p>A kever\u0151tengely gyorscser\u00e9l\u0151 rendszere:<br \/>\nA <a href=\"https:\/\/youtu.be\/TjagGW4DoyA?feature=shared\" target=\"_blank\" rel=\"noopener\">eco-Quick gyorscser\u00e9l\u0151 rendszer<\/a> gyors \u00e9s tiszta kever\u0151tengely-cser\u00e9t k\u00edn\u00e1l m\u00e1sodpercek alatt, tov\u00e1bbi szersz\u00e1mok n\u00e9lk\u00fcl.<\/p>\n<p>Cs\u00e9sze kever\u0151 eco-Cup vagy ferde peng\u00e9s kever\u0151:<br \/>\n<span class=\"_fadeIn_m1hgl_8\">A <\/span><span class=\"_fadeIn_m1hgl_8\">eco-<\/span><span class=\"_fadeIn_m1hgl_8\">Cs\u00e9sze <\/span><span class=\"_fadeIn_m1hgl_8\">Kever\u0151 cs\u00e9sze<\/span> <span class=\"_fadeIn_m1hgl_8\">aj\u00e1nlatok <\/span><span class=\"_fadeIn_m1hgl_8\">a  oldalon kereszt\u00fcl <\/span><span class=\"_fadeIn_m1hgl_8\">legyen <\/span><span class=\"_fadeIn_m1hgl_8\">lamin\u00e1ris <\/span><span class=\"_fadeIn_m1hgl_8\">Kavar\u00f3 viselked\u00e9s<\/span> <span class=\"_fadeIn_m1hgl_8\">egy <\/span><span class=\"_fadeIn_m1hgl_8\">homog\u00e9n <\/span><span class=\"_fadeIn_m1hgl_8\">Kever\u00e9s<\/span><span class=\"_fadeIn_m1hgl_8\"> \u2013 <\/span><span class=\"_fadeIn_m1hgl_8\">maga <\/span><span class=\"_fadeIn_m1hgl_8\">a  c\u00edmen <\/span><span class=\"_fadeIn_m1hgl_8\">ig\u00e9nyes, <\/span><span class=\"_fadeIn_m1hgl_8\">nagy viszkozit\u00e1s\u00fa <\/span><span class=\"_fadeIn_m1hgl_8\">M\u00e9dia <\/span><span class=\"_fadeIn_m1hgl_8\">mint a <\/span><span class=\"_fadeIn_m1hgl_8\">Paszt\u00e1k, <\/span><span class=\"_fadeIn_m1hgl_8\">Felf\u00fcggeszt\u00e9sek <\/span><span class=\"_fadeIn_m1hgl_8\">vagy <\/span><span class=\"_fadeIn_m1hgl_8\">Emulzi\u00f3k.<\/span><\/p>\n<p data-start=\"1337\" data-end=\"1549\">A ferde lap\u00e1tos kever\u0151 leny\u0171g\u00f6z\u0151 axi\u00e1lis sz\u00e1ll\u00edt\u00e1si tulajdons\u00e1gokkal rendelkezik, enyh\u00e9n radi\u00e1lis komponenssel, \u00e9s turbulens \u00e1raml\u00e1st hoz l\u00e9tre, amely k\u00fcl\u00f6n\u00f6sen hat\u00e9kony kever\u00e9st tesz lehet\u0151v\u00e9. Robusztus kialak\u00edt\u00e1s\u00e1nak k\u00f6sz\u00f6nhet\u0151en ide\u00e1lis a nagy viszkozit\u00e1s\u00fa anyagokhoz.<\/p>\n<p data-start=\"1337\" data-end=\"1549\">M\u0171k\u00f6d\u00e9si koncepci\u00f3:<br \/>\nAz \u00e1ll\u00f3kever\u0151 opcion\u00e1lisan kaphat\u00f3 standard kezel\u0151panellel, holtpontos foganty\u00faval vagy <a href=\"https:\/\/ptm-mechatronics.com\/hu\/product\/dguv-schalttafel\/\" target=\"_blank\" rel=\"noopener\">DGUV vez\u00e9rl\u0151panel<\/a> a  c\u00edmen <a href=\"https:\/\/ptm-mechatronics.com\/hu\/grundlagen-guide\/not-aus\/\" target=\"_blank\" rel=\"noopener\">V\u00e9szle\u00e1ll\u00e1s<\/a> \u00e9s <a href=\"https:\/\/ptm-mechatronics.com\/hu\/grundlagen-guide\/zweihandbedienung\/\" target=\"_blank\" rel=\"noopener\">K\u00e9tkezes m\u0171k\u00f6d\u00e9s<\/a>.<\/p>\n<p data-start=\"1337\" data-end=\"1549\">R\u00f6gz\u00edt\u00e9s:<br \/>\nAz \u00e1llv\u00e1nykever\u0151 falra \u00e9s padl\u00f3ra szerelhet\u0151.<\/p>\n<p data-start=\"1617\" data-end=\"1648\"><span class=\"_fadeIn_m1hgl_8\">El\u0151ny\u00f6k <\/span><span class=\"_fadeIn_m1hgl_8\">a  oldalon <\/span><span class=\"_fadeIn_m1hgl_8\">egy <\/span><span class=\"_fadeIn_m1hgl_8\">N\u00e9zet:<\/span><\/p>\n<ul>\n<li data-start=\"1651\" data-end=\"1697\"><span class=\"_fadeIn_m1hgl_8\">Pneumatikus <\/span><span class=\"_fadeIn_m1hgl_8\">Hajt\u00f3m\u0171 <\/span><span class=\"_fadeIn_m1hgl_8\">a  oldalon. <\/span><span class=\"_fadeIn_m1hgl_8\">er\u0151s <\/span><span class=\"_fadeIn_m1hgl_8\">Keverj\u00fck \u00f6ssze<\/span><\/li>\n<li data-start=\"1651\" data-end=\"1697\">ATEX-tan\u00fas\u00edtv\u00e1ny az 1. vagy 0\/1. z\u00f3n\u00e1hoz<\/li>\n<li data-start=\"1651\" data-end=\"1697\"><span class=\"_fadeIn_m1hgl_8\">A 3.<\/span><span class=\"_fadeIn_m1hgl_8\">0-<\/span><span class=\"_fadeIn_m1hgl_8\">Liter<\/span><span class=\"_fadeIn_m1hgl_8\">Hord\u00f3k <\/span><span class=\"_fadeIn_m1hgl_8\">optimaliz\u00e1lt<\/span><\/li>\n<li data-start=\"1651\" data-end=\"1697\"><span class=\"_fadeIn_m1hgl_8\">Kever\u0151tengely &amp; <\/span><span class=\"_fadeIn_m1hgl_8\">eco-<\/span><span class=\"_fadeIn_m1hgl_8\">Cs\u00e9sze <\/span><span class=\"_fadeIn_m1hgl_8\">a  c\u00edmr\u0151l <\/span><span class=\"_fadeIn_m1hgl_8\">V4A <\/span><span class=\"_fadeIn_m1hgl_8\">Rozsdamentes ac\u00e9l<\/span><\/li>\n<li data-start=\"1651\" data-end=\"1697\"><span class=\"_fadeIn_m1hgl_8\">Automatikus <\/span><span class=\"_fadeIn_m1hgl_8\">Emel\u0151berendez\u00e9s <\/span><span class=\"_fadeIn_m1hgl_8\">a  oldalon. <\/span><span class=\"_fadeIn_m1hgl_8\">ergonomikus <\/span><span class=\"_fadeIn_m1hgl_8\">Munkav\u00e9gz\u00e9s<\/span><\/li>\n<li data-start=\"1651\" data-end=\"1697\"><span class=\"_fadeIn_m1hgl_8\">Vez\u00e9rl\u0151panel <\/span><span class=\"_fadeIn_m1hgl_8\">a <\/span><span class=\"_fadeIn_m1hgl_8\">egyszer\u0171 <\/span><span class=\"_fadeIn_m1hgl_8\">Vez\u00e9rl\u0151rendszer<\/span><\/li>\n<li data-start=\"1651\" data-end=\"1697\"><span class=\"_fadeIn_m1hgl_8\">Biztons\u00e1gi le\u00e1ll\u00e1s <\/span><span class=\"_fadeIn_m1hgl_8\">a  c\u00edmen <\/span><span class=\"_fadeIn_m1hgl_8\">Fed\u00e9l felemel\u00e9se<\/span><\/li>\n<li data-start=\"1651\" data-end=\"1697\"><span class=\"_fadeIn_m1hgl_8\">Automatikus <\/span><span class=\"_fadeIn_m1hgl_8\">\u00dajraind\u00edt\u00e1s <\/span><span class=\"_fadeIn_m1hgl_8\">a  oldalon kereszt\u00fcl <\/span><span class=\"_fadeIn_m1hgl_8\">Kont\u00e9ner \u00e9szlel\u00e9s<\/span><\/li>\n<li data-start=\"1651\" data-end=\"1697\"><span class=\"_fadeIn_m1hgl_8\">A  oldalon. <\/span><span class=\"_fadeIn_m1hgl_8\">alacsony <\/span><span class=\"_fadeIn_m1hgl_8\">am\u00edg <\/span><span class=\"_fadeIn_m1hgl_8\">magas viszkozit\u00e1s <\/span><span class=\"_fadeIn_m1hgl_8\">M\u00e9dia<\/span><\/li>\n<li data-start=\"1651\" data-end=\"1697\"><span class=\"_fadeIn_m1hgl_8\">Higi\u00e9nikus, <\/span><span class=\"_fadeIn_m1hgl_8\">biztons\u00e1gos, <\/span><span class=\"_fadeIn_m1hgl_8\">ipari felhaszn\u00e1l\u00e1sra alkalmas<\/span><\/li>\n<\/ul>","protected":false},"excerpt":{"rendered":"<p><span class=\"_fadeIn_m1hgl_8\">ATEX \u00e1ll\u00f3 kever\u0151 <\/span><span class=\"_fadeIn_m1hgl_8\">3 f\u0151 r\u00e9sz\u00e9re<\/span><span class=\"_fadeIn_m1hgl_8\">0-<\/span><span class=\"_fadeIn_m1hgl_8\">Liter<\/span><span class=\"_fadeIn_m1hgl_8\">Hord\u00f3k <\/span><span class=\"_fadeIn_m1hgl_8\">a  c\u00edmen <\/span><span class=\"_fadeIn_m1hgl_8\">pneumatikus <\/span><span class=\"_fadeIn_m1hgl_8\">Hajt\u00e1s, <\/span><span class=\"_fadeIn_m1hgl_8\">V4A-<\/span><span class=\"_fadeIn_m1hgl_8\">Alkatr\u00e9szek, <\/span><span class=\"_fadeIn_m1hgl_8\">automatikusabb <\/span><span class=\"_fadeIn_m1hgl_8\">Emel\u0151berendez\u00e9s, <\/span><span class=\"_fadeIn_m1hgl_8\">Biztons\u00e1gi le\u00e1ll\u00e1s <\/span><span class=\"_fadeIn_m1hgl_8\">\u00e9s <\/span><span class=\"_fadeIn_m1hgl_8\">Kever\u0151g\u00e9p<\/span><span class=\"_fadeIn_m1hgl_8\">\u00a0<\/span><span class=\"_fadeIn_m1hgl_8\">a  oldalon. <\/span><span class=\"_fadeIn_m1hgl_8\">hat\u00e9kony, <\/span><span class=\"_fadeIn_m1hgl_8\">biztons\u00e1gos <\/span><span class=\"_fadeIn_m1hgl_8\">Keverj\u00fck \u00f6ssze <\/span><span class=\"_fadeIn_m1hgl_8\">a  c\u00edmen <\/span><span class=\"_fadeIn_m1hgl_8\">minden <\/span><span class=\"_fadeIn_m1hgl_8\">viszkozit\u00e1sok, falra vagy padl\u00f3ra szerelhet\u0151.<\/span><\/p>","protected":false},"featured_media":15447,"comment_status":"open","ping_status":"closed","template":"","meta":{"_acf_changed":false},"product_brand":[],"product_cat":[595,612],"product_tag":[2893,2939,2950,2966,2977,2978,2979,2980],"class_list":{"0":"post-7666","1":"product","2":"type-product","3":"status-publish","4":"has-post-thumbnail","6":"product_cat-ruehrwerkstechnik","7":"product_cat-kleingebinderuehrwerke","8":"product_tag-ruehrwerk-mit-hebevorrichtung","9":"product_tag-pneumatischer-ruehrantrieb-atex","10":"product_tag-hygienisches-fassruehrwerk","11":"product_tag-v4a-ruehrwelle-eco-cup","12":"product_tag-stativruehrwerk-30-liter","13":"product_tag-ruehrwerk-edelstahl-30l","14":"product_tag-edelstahl-ruehrsystem-30-liter","15":"product_tag-bedienpult-ruehrwerk","16":"product_shipping_class-europalette-speditionsversand","17":"pa_antriebsart-pneumatisch","18":"pa_atex-fuer-atex-zone-1","19":"pa_atex-fuer-atex-zone-0-1","20":"pa_bedienkonzept-standardschalttafel","21":"pa_bedienkonzept-dguv-schalttafel","22":"pa_befestigung-mit-bodenbefestigung","23":"pa_befestigung-mit-wandbefestigung","24":"pa_behaeltervolumen-30-liter","25":"pa_deckeldurchmesser-380mm","26":"pa_dichtung-ptfe","27":"pa_drehmoment-4nm","28":"pa_drehzahl-0-300-1-min","29":"pa_durchmesser-ruehrwelle-16mm","30":"pa_geeignete-fassdurchmesser-30-liter","31":"pa_geraeuschpegel-75db","32":"pa_gesamtbreite-440mm","33":"pa_gesamthoehe-1335mm","34":"pa_labs-oel-und-silikonfrei","35":"pa_laenge-ruehrwelle-ca-360mm-ab-deckeloberkante","36":"pa_material-deckel-v4a-edelstahl-1-4404","37":"pa_mittlerer-luftverbrauch-25l-min","38":"pa_model-eco-station-30","39":"pa_ruehrorgan-schraegblattmischer-175mm","40":"pa_ruehrorgan-becherruehrorgan-eco-cup-170mm","41":"pa_schnellwechselsystem-mit-gewindeverbindung","42":"pa_schnellwechselsystem-mit-schnellwechselsystem","43":"pa_stativverfahrweg-500mm","44":"pa_typ-stativruehrwerk","45":"pa_versorgung-5-6bar","47":"first","48":"instock","49":"taxable","50":"shipping-taxable","51":"purchasable","52":"product-type-variable"},"bundled_by":[],"bundle_stock_status":"instock","bundle_stock_quantity":null,"bundle_virtual":false,"bundle_layout":"","bundle_add_to_cart_form_location":"","bundle_editable_in_cart":false,"bundle_sold_individually_context":"","bundle_item_grouping":"","bundle_min_size":"","bundle_max_size":"","bundle_price":[],"bundled_items":[],"bundle_sell_ids":[],"exclude_global_add_ons":[],"addons":[],"acf":[],"_links":{"self":[{"href":"https:\/\/ptm-mechatronics.com\/hu\/wp-json\/wp\/v2\/product\/7666","targetHints":{"allow":["GET"]}}],"collection":[{"href":"https:\/\/ptm-mechatronics.com\/hu\/wp-json\/wp\/v2\/product"}],"about":[{"href":"https:\/\/ptm-mechatronics.com\/hu\/wp-json\/wp\/v2\/types\/product"}],"replies":[{"embeddable":true,"href":"https:\/\/ptm-mechatronics.com\/hu\/wp-json\/wp\/v2\/comments?post=7666"}],"wp:featuredmedia":[{"embeddable":true,"href":"https:\/\/ptm-mechatronics.com\/hu\/wp-json\/wp\/v2\/media\/15447"}],"wp:attachment":[{"href":"https:\/\/ptm-mechatronics.com\/hu\/wp-json\/wp\/v2\/media?parent=7666"}],"wp:term":[{"taxonomy":"product_brand","embeddable":true,"href":"https:\/\/ptm-mechatronics.com\/hu\/wp-json\/wp\/v2\/product_brand?post=7666"},{"taxonomy":"product_cat","embeddable":true,"href":"https:\/\/ptm-mechatronics.com\/hu\/wp-json\/wp\/v2\/product_cat?post=7666"},{"taxonomy":"product_tag","embeddable":true,"href":"https:\/\/ptm-mechatronics.com\/hu\/wp-json\/wp\/v2\/product_tag?post=7666"}],"curies":[{"name":"wp","href":"https:\/\/api.w.org\/{rel}","templated":true}]}}