{"id":7660,"date":"2024-02-07T17:44:21","date_gmt":"2024-02-07T17:44:21","guid":{"rendered":""},"modified":"2026-03-09T10:27:09","modified_gmt":"2026-03-09T09:27:09","slug":"stativruehrwerk-fuer-100-liter-fass-antrieb-atex-zone-1","status":"publish","type":"product","link":"https:\/\/ptm-mechatronics.com\/hu\/product\/stativruehrwerk-fuer-100-liter-fass-antrieb-atex-zone-1\/","title":{"rendered":"\u00c1ll\u00f3 kever\u0151 100 literes hord\u00f3hoz - ATEX 1 z\u00f3n\u00e1s meghajt\u00e1s"},"content":{"rendered":"<p data-start=\"372\" data-end=\"913\"><span class=\"_fadeIn_m1hgl_8\">A <\/span><span class=\"_fadeIn_m1hgl_8\">\u00c1ll\u00f3 kever\u0151 <\/span><span class=\"_fadeIn_m1hgl_8\">1 f\u0151 eset\u00e9ben<\/span><span class=\"_fadeIn_m1hgl_8\">00-<\/span><span class=\"_fadeIn_m1hgl_8\">Liter<\/span><span class=\"_fadeIn_m1hgl_8\">Hord\u00f3k<\/span> <span class=\"_fadeIn_m1hgl_8\">volt <\/span><span class=\"_fadeIn_m1hgl_8\">a  oldalon. <\/span><span class=\"_fadeIn_m1hgl_8\">a <\/span><span class=\"_fadeIn_m1hgl_8\">hat\u00e9kony <\/span><span class=\"_fadeIn_m1hgl_8\">\u00e9s <\/span><span class=\"_fadeIn_m1hgl_8\">biztons\u00e1gos <\/span><span class=\"_fadeIn_m1hgl_8\">Feldolgoz\u00e1s <\/span><span class=\"_fadeIn_m1hgl_8\">alacsony <\/span><span class=\"_fadeIn_m1hgl_8\">am\u00edg <\/span><span class=\"_fadeIn_m1hgl_8\">nagy viszkozit\u00e1s\u00fa <\/span><span class=\"_fadeIn_m1hgl_8\">M\u00e9dia<\/span> <span class=\"_fadeIn_m1hgl_8\">kifejlesztett. <\/span><span class=\"_fadeIn_m1hgl_8\">Ez <\/span><span class=\"_fadeIn_m1hgl_8\">l\u00e9tezik <\/span><span class=\"_fadeIn_m1hgl_8\">a  c\u00edmr\u0151l <\/span><span class=\"_fadeIn_m1hgl_8\">egy <\/span><span class=\"_fadeIn_m1hgl_8\">er\u0151s, <\/span><span class=\"_fadeIn_m1hgl_8\">pneumatikus <\/span><span class=\"_fadeIn_m1hgl_8\">Hajt\u00f3m\u0171<\/span><span class=\"_fadeIn_m1hgl_8\">, <\/span><span class=\"_fadeIn_m1hgl_8\">egy <\/span><span class=\"_fadeIn_m1hgl_8\">massz\u00edv <\/span><span class=\"_fadeIn_m1hgl_8\">Rozsdamentes ac\u00e9l<\/span><span class=\"_fadeIn_m1hgl_8\">Fed\u00e9l<\/span><span class=\"_fadeIn_m1hgl_8\">, <\/span><span class=\"_fadeIn_m1hgl_8\">egy <\/span><span class=\"_fadeIn_m1hgl_8\">Kever\u0151tengely <\/span><span class=\"_fadeIn_m1hgl_8\">a  c\u00edmen <\/span><span class=\"_fadeIn_m1hgl_8\">Kever\u0151 cs\u00e9sze <\/span><span class=\"_fadeIn_m1hgl_8\">eco-<\/span><span class=\"_fadeIn_m1hgl_8\">Cs\u00e9sze<\/span> <span class=\"_fadeIn_m1hgl_8\">\u00e9s <\/span><span class=\"_fadeIn_m1hgl_8\">egy <\/span><span class=\"_fadeIn_m1hgl_8\">\u00c1llv\u00e1ny <\/span><span class=\"_fadeIn_m1hgl_8\">a  c\u00edmen <\/span><span class=\"_fadeIn_m1hgl_8\">automatikusabb <\/span><span class=\"_fadeIn_m1hgl_8\">Emel\u0151berendez\u00e9s <\/span><span class=\"_fadeIn_m1hgl_8\">\u00e9s <\/span><span class=\"_fadeIn_m1hgl_8\">Vez\u00e9rl\u0151panel<\/span><span class=\"_fadeIn_m1hgl_8\">. <\/span><span class=\"_fadeIn_m1hgl_8\">Minden <\/span><span class=\"_fadeIn_m1hgl_8\">m\u00e9dia\u00e9rint\u00e9s <\/span><span class=\"_fadeIn_m1hgl_8\">Alkatr\u00e9szek - <\/span><span class=\"_fadeIn_m1hgl_8\">Kever\u0151tengely <\/span><span class=\"_fadeIn_m1hgl_8\">\u00e9s <\/span><span class=\"_fadeIn_m1hgl_8\">Kever\u0151g\u00e9p<\/span><span class=\"_fadeIn_m1hgl_8\"> \u2013 <\/span><span class=\"_fadeIn_m1hgl_8\">a <\/span><span class=\"_fadeIn_m1hgl_8\">a  c\u00edmr\u0151l <\/span><span class=\"_fadeIn_m1hgl_8\">V4A <\/span><span class=\"_fadeIn_m1hgl_8\">Rozsdamentes ac\u00e9l (<\/span><span class=\"_fadeIn_m1hgl_8\">1.4404)<\/span> <span class=\"_fadeIn_m1hgl_8\">gy\u00e1rtott <\/span><span class=\"_fadeIn_m1hgl_8\">\u00e9s <\/span><span class=\"_fadeIn_m1hgl_8\">magas sz\u00ednvonal\u00fa <\/span><span class=\"_fadeIn_m1hgl_8\">Higi\u00e9nia <\/span><span class=\"_fadeIn_m1hgl_8\">\u00e9s <\/span><span class=\"_fadeIn_m1hgl_8\">Korr\u00f3zi\u00f3\u00e1ll\u00f3s\u00e1g.<\/span><\/p>\n<p data-start=\"915\" data-end=\"1293\"><span class=\"_fadeIn_m1hgl_8\">A <\/span><span class=\"_fadeIn_m1hgl_8\">Kever\u0151g\u00e9p <\/span><span class=\"_fadeIn_m1hgl_8\">a <\/span><span class=\"_fadeIn_m1hgl_8\">teljes <\/span><span class=\"_fadeIn_m1hgl_8\">a  oldalon <\/span><span class=\"_fadeIn_m1hgl_8\">a <\/span><span class=\"_fadeIn_m1hgl_8\">Haszn\u00e1lja a  c\u00edmet. <\/span><span class=\"_fadeIn_m1hgl_8\">a  oldalon. <\/span><span class=\"_fadeIn_m1hgl_8\">szabv\u00e1nyos\u00edtott 1<\/span><span class=\"_fadeIn_m1hgl_8\">00-<\/span><span class=\"_fadeIn_m1hgl_8\">Liter<\/span><span class=\"_fadeIn_m1hgl_8\">Hord\u00f3k<\/span> <span class=\"_fadeIn_m1hgl_8\">harmoniz\u00e1lt <\/span><span class=\"_fadeIn_m1hgl_8\">\u00e9s <\/span><span class=\"_fadeIn_m1hgl_8\">aj\u00e1nlatok <\/span><span class=\"_fadeIn_m1hgl_8\">egy <\/span><span class=\"_fadeIn_m1hgl_8\">m\u00e9g, <\/span><span class=\"_fadeIn_m1hgl_8\">homog\u00e9n <\/span><span class=\"_fadeIn_m1hgl_8\">Kavar\u00f3 eredm\u00e9ny<\/span><span class=\"_fadeIn_m1hgl_8\">, <\/span><span class=\"_fadeIn_m1hgl_8\">maga <\/span><span class=\"_fadeIn_m1hgl_8\">a  c\u00edmen <\/span><span class=\"_fadeIn_m1hgl_8\">kem\u00e9ny, <\/span><span class=\"_fadeIn_m1hgl_8\">viszk\u00f3zus <\/span><span class=\"_fadeIn_m1hgl_8\">Anyagok. <\/span><span class=\"_fadeIn_m1hgl_8\">A <\/span><span class=\"_fadeIn_m1hgl_8\">automatikus <\/span><span class=\"_fadeIn_m1hgl_8\">Emel\u0151berendez\u00e9s<\/span> <span class=\"_fadeIn_m1hgl_8\">megk\u00f6nny\u00edti a <\/span><span class=\"_fadeIn_m1hgl_8\">a <\/span><span class=\"_fadeIn_m1hgl_8\">Emel\u00e9s <\/span><span class=\"_fadeIn_m1hgl_8\">\u00e9s <\/span><span class=\"_fadeIn_m1hgl_8\">A  c\u00edmre t\u00f6rt\u00e9n\u0151 leenged\u00e9s <\/span><span class=\"_fadeIn_m1hgl_8\">a <\/span><span class=\"_fadeIn_m1hgl_8\">kever\u0151, <\/span><span class=\"_fadeIn_m1hgl_8\">biztos\u00edtja a <\/span><span class=\"_fadeIn_m1hgl_8\">a  oldalon. <\/span><span class=\"_fadeIn_m1hgl_8\">egy <\/span><span class=\"_fadeIn_m1hgl_8\">biztons\u00e1gos <\/span><span class=\"_fadeIn_m1hgl_8\">Kont\u00e9nercsere <\/span><span class=\"_fadeIn_m1hgl_8\">\u00e9s <\/span><span class=\"_fadeIn_m1hgl_8\">cs\u00f6kkentett <\/span><span class=\"_fadeIn_m1hgl_8\">fizikai <\/span><span class=\"_fadeIn_m1hgl_8\">Terhel\u00e9s <\/span><span class=\"_fadeIn_m1hgl_8\">a <\/span><span class=\"_fadeIn_m1hgl_8\">Mindennapi munka.<\/span><\/p>\n<p data-start=\"1295\" data-end=\"1572\"><span class=\"_fadeIn_m1hgl_8\">A  oldalon. <\/span><span class=\"_fadeIn_m1hgl_8\">maximum <\/span><span class=\"_fadeIn_m1hgl_8\">Munkahelyi biztons\u00e1g <\/span><span class=\"_fadeIn_m1hgl_8\">van <\/span><span class=\"_fadeIn_m1hgl_8\">a <\/span><span class=\"_fadeIn_m1hgl_8\">Kever\u0151g\u00e9p <\/span><span class=\"_fadeIn_m1hgl_8\">a  honlapr\u00f3l <\/span><span class=\"_fadeIn_m1hgl_8\">egy <\/span><span class=\"_fadeIn_m1hgl_8\">automatikus <\/span><span class=\"_fadeIn_m1hgl_8\">Kikapcsol\u00e1s <\/span><span class=\"_fadeIn_m1hgl_8\">a <\/span><span class=\"_fadeIn_m1hgl_8\">Emel\u00e9s <\/span><span class=\"_fadeIn_m1hgl_8\">a <\/span><span class=\"_fadeIn_m1hgl_8\">Fedelek<\/span><span class=\"_fadeIn_m1hgl_8\">, <\/span><span class=\"_fadeIn_m1hgl_8\">a  c\u00edmen. <\/span><span class=\"_fadeIn_m1hgl_8\">Beavatkoz\u00e1sok <\/span><span class=\"_fadeIn_m1hgl_8\">a  oldalon. <\/span><span class=\"_fadeIn_m1hgl_8\">mozgathat\u00f3 <\/span><span class=\"_fadeIn_m1hgl_8\">Alkatr\u00e9szek <\/span><span class=\"_fadeIn_m1hgl_8\">a  c\u00edmre. <\/span><span class=\"_fadeIn_m1hgl_8\">megel\u0151zni. <\/span><span class=\"_fadeIn_m1hgl_8\">A <\/span><span class=\"_fadeIn_m1hgl_8\">Kever\u00e9si folyamat <\/span><span class=\"_fadeIn_m1hgl_8\">elindul <\/span><span class=\"_fadeIn_m1hgl_8\">ism\u00e9t <\/span><span class=\"_fadeIn_m1hgl_8\">automatikusan <\/span><span class=\"_fadeIn_m1hgl_8\">a  honlapr\u00f3l <\/span><span class=\"_fadeIn_m1hgl_8\">egy <\/span><span class=\"_fadeIn_m1hgl_8\">Kont\u00e9ner \u00e9szlel\u00e9s<\/span> <span class=\"_fadeIn_m1hgl_8\">a <\/span><span class=\"_fadeIn_m1hgl_8\">Leenged\u00e9s - <\/span><span class=\"_fadeIn_m1hgl_8\">hat\u00e9kony <\/span><span class=\"_fadeIn_m1hgl_8\">\u00e9s <\/span><span class=\"_fadeIn_m1hgl_8\">biztons\u00e1gos.<\/span><\/p>\n<p data-start=\"1295\" data-end=\"1572\">Az \u00e1llv\u00e1nykever\u0151 falra \u00e9s padl\u00f3ra szerelhet\u0151.<\/p>\n<p data-start=\"1574\" data-end=\"1615\"><span class=\"_fadeIn_m1hgl_8\">Megjegyz\u00e9s: <\/span><span class=\"_fadeIn_m1hgl_8\">sz\u00e1ll\u00edt\u00e1s <\/span><span class=\"_fadeIn_m1hgl_8\">megt\u00f6rt\u00e9nik <\/span><span class=\"_fadeIn_m1hgl_8\">n\u00e9lk\u00fcl <\/span><span class=\"_fadeIn_m1hgl_8\">Hord\u00f3.<\/span><\/p>\n<p data-start=\"1617\" data-end=\"1648\"><span class=\"_fadeIn_m1hgl_8\">El\u0151ny\u00f6k <\/span><span class=\"_fadeIn_m1hgl_8\">a  oldalon <\/span><span class=\"_fadeIn_m1hgl_8\">egy <\/span><span class=\"_fadeIn_m1hgl_8\">N\u00e9zet:<\/span><\/p>\n<ul>\n<li data-start=\"1651\" data-end=\"1697\"><span class=\"_fadeIn_m1hgl_8\">Pneumatikus <\/span><span class=\"_fadeIn_m1hgl_8\">Hajt\u00f3m\u0171 <\/span><span class=\"_fadeIn_m1hgl_8\">a  oldalon. <\/span><span class=\"_fadeIn_m1hgl_8\">er\u0151s <\/span><span class=\"_fadeIn_m1hgl_8\">Keverj\u00fck \u00f6ssze<\/span><\/li>\n<li data-start=\"1651\" data-end=\"1697\"><span class=\"_fadeIn_m1hgl_8\">1 f\u0151 r\u00e9sz\u00e9re<\/span><span class=\"_fadeIn_m1hgl_8\">00-<\/span><span class=\"_fadeIn_m1hgl_8\">Liter<\/span><span class=\"_fadeIn_m1hgl_8\">Hord\u00f3k <\/span><span class=\"_fadeIn_m1hgl_8\">optimaliz\u00e1lt<\/span><\/li>\n<li data-start=\"1651\" data-end=\"1697\"><span class=\"_fadeIn_m1hgl_8\">Kever\u0151tengely &amp; <\/span><span class=\"_fadeIn_m1hgl_8\">eco-<\/span><span class=\"_fadeIn_m1hgl_8\">Cs\u00e9sze <\/span><span class=\"_fadeIn_m1hgl_8\">a  c\u00edmr\u0151l <\/span><span class=\"_fadeIn_m1hgl_8\">V4A <\/span><span class=\"_fadeIn_m1hgl_8\">Rozsdamentes ac\u00e9l<\/span><\/li>\n<li data-start=\"1651\" data-end=\"1697\"><span class=\"_fadeIn_m1hgl_8\">Automatikus <\/span><span class=\"_fadeIn_m1hgl_8\">Emel\u0151berendez\u00e9s <\/span><span class=\"_fadeIn_m1hgl_8\">a  oldalon. <\/span><span class=\"_fadeIn_m1hgl_8\">ergonomikus <\/span><span class=\"_fadeIn_m1hgl_8\">Munkav\u00e9gz\u00e9s<\/span><\/li>\n<li data-start=\"1651\" data-end=\"1697\"><span class=\"_fadeIn_m1hgl_8\">Vez\u00e9rl\u0151panel <\/span><span class=\"_fadeIn_m1hgl_8\">a <\/span><span class=\"_fadeIn_m1hgl_8\">egyszer\u0171 <\/span><span class=\"_fadeIn_m1hgl_8\">Vez\u00e9rl\u0151rendszer<\/span><\/li>\n<li data-start=\"1651\" data-end=\"1697\"><span class=\"_fadeIn_m1hgl_8\">Biztons\u00e1gi le\u00e1ll\u00e1s <\/span><span class=\"_fadeIn_m1hgl_8\">a  c\u00edmen <\/span><span class=\"_fadeIn_m1hgl_8\">Fed\u00e9l felemel\u00e9se<\/span><\/li>\n<li data-start=\"1651\" data-end=\"1697\"><span class=\"_fadeIn_m1hgl_8\">Automatikus <\/span><span class=\"_fadeIn_m1hgl_8\">\u00dajraind\u00edt\u00e1s <\/span><span class=\"_fadeIn_m1hgl_8\">a  oldalon kereszt\u00fcl <\/span><span class=\"_fadeIn_m1hgl_8\">Kont\u00e9ner \u00e9szlel\u00e9s<\/span><\/li>\n<li data-start=\"1651\" data-end=\"1697\"><span class=\"_fadeIn_m1hgl_8\">A  oldalon. <\/span><span class=\"_fadeIn_m1hgl_8\">alacsony <\/span><span class=\"_fadeIn_m1hgl_8\">am\u00edg <\/span><span class=\"_fadeIn_m1hgl_8\">magas viszkozit\u00e1s <\/span><span class=\"_fadeIn_m1hgl_8\">M\u00e9dia<\/span><\/li>\n<li data-start=\"1651\" data-end=\"1697\"><span class=\"_fadeIn_m1hgl_8\">Higi\u00e9nikus, <\/span><span class=\"_fadeIn_m1hgl_8\">biztons\u00e1gos, <\/span><span class=\"_fadeIn_m1hgl_8\">ipari felhaszn\u00e1l\u00e1sra alkalmas<\/span><\/li>\n<\/ul>","protected":false},"excerpt":{"rendered":"<p><span class=\"_fadeIn_m1hgl_8\">\u00c1ll\u00f3 kever\u0151 <\/span><span class=\"_fadeIn_m1hgl_8\">1 f\u0151 eset\u00e9ben<\/span><span class=\"_fadeIn_m1hgl_8\">00-<\/span><span class=\"_fadeIn_m1hgl_8\">Liter<\/span><span class=\"_fadeIn_m1hgl_8\">Hord\u00f3k <\/span><span class=\"_fadeIn_m1hgl_8\">a  c\u00edmen <\/span><span class=\"_fadeIn_m1hgl_8\">pneumatikus <\/span><span class=\"_fadeIn_m1hgl_8\">Hajt\u00e1s, <\/span><span class=\"_fadeIn_m1hgl_8\">V4A-<\/span><span class=\"_fadeIn_m1hgl_8\">Alkatr\u00e9szek, <\/span><span class=\"_fadeIn_m1hgl_8\">automatikusabb <\/span><span class=\"_fadeIn_m1hgl_8\">Emel\u0151berendez\u00e9s, <\/span><span class=\"_fadeIn_m1hgl_8\">Biztons\u00e1gi le\u00e1ll\u00e1s <\/span><span class=\"_fadeIn_m1hgl_8\">\u00e9s <\/span><span class=\"_fadeIn_m1hgl_8\">eco-<\/span><span class=\"_fadeIn_m1hgl_8\">Cs\u00e9sze <\/span><span class=\"_fadeIn_m1hgl_8\">a  oldalon. <\/span><span class=\"_fadeIn_m1hgl_8\">hat\u00e9kony, <\/span><span class=\"_fadeIn_m1hgl_8\">biztons\u00e1gos <\/span><span class=\"_fadeIn_m1hgl_8\">Keverj\u00fck \u00f6ssze <\/span><span class=\"_fadeIn_m1hgl_8\">a  c\u00edmen <\/span><span class=\"_fadeIn_m1hgl_8\">minden <\/span><span class=\"_fadeIn_m1hgl_8\">viszkozit\u00e1sok, falra vagy padl\u00f3ra szerelhet\u0151.<\/span><\/p>","protected":false},"featured_media":15445,"comment_status":"open","ping_status":"closed","template":"","meta":{"_acf_changed":false},"product_brand":[],"product_cat":[595,603],"product_tag":[2975,2976,2893,2895,2939,2960,2971,2972,2973,2974],"class_list":{"0":"post-7660","1":"product","2":"type-product","3":"status-publish","4":"has-post-thumbnail","6":"product_cat-ruehrwerkstechnik","7":"product_cat-fassruehrwerke","8":"product_tag-fassruehrwerk-industrie","9":"product_tag-hygienisches-ruehrwerk-100-liter","10":"product_tag-ruehrwerk-mit-hebevorrichtung","11":"product_tag-ruehrwerk-mit-sicherheitsabschaltung","12":"product_tag-pneumatischer-ruehrantrieb-atex","13":"product_tag-fassruehrwerk-edelstahl","14":"product_tag-bedienpult-ruehrtechnik","15":"product_tag-stativruehrwerk-100-liter","16":"product_tag-v4a-ruehrwerk-eco-cup","17":"product_tag-edelstahl-ruehrsystem-100l","18":"product_shipping_class-europalette-speditionsversand","19":"pa_antriebsart-pneumatisch","20":"pa_atex-zone-122122","21":"pa_behaeltervolumen-100-liter","22":"pa_deckeldurchmesser-440mm","23":"pa_dichtung-ptfe","24":"pa_drehmoment-8nm","25":"pa_drehzahl-0-300-1-min","26":"pa_durchmesser-ruehrwelle-20mm","27":"pa_ex-gas-ex-ii-2-g-ex-h-iic-t5-gb-x","28":"pa_ex-staub-ex-ii-2-d-ex-h-iiic-t100c-db-x","29":"pa_geeignete-fassdurchmesser-100-liter","30":"pa_geraeuschpegel-75db","31":"pa_gesamtbreite-550mm","32":"pa_gesamthoehe-1746mm","33":"pa_gesamttiefe-700mm","34":"pa_labs-oel-und-silikonfrei","35":"pa_laenge-ruehrwelle-ca-740mm-ab-deckeloberkante","36":"pa_material-deckel-v4a-edelstahl-1-4404","37":"pa_mittlerer-luftverbrauch-50l-min","38":"pa_model-eco-station-100","39":"pa_ruehrorgan-becherruehrorgan-eco-cup-260mm","40":"pa_stativverfahrweg-700mm","41":"pa_typ-stativruehrwerk","42":"pa_versorgung-5-6bar","44":"first","45":"instock","46":"taxable","47":"shipping-taxable","48":"purchasable","49":"product-type-variable"},"bundled_by":[],"bundle_stock_status":"instock","bundle_stock_quantity":null,"bundle_virtual":false,"bundle_layout":"","bundle_add_to_cart_form_location":"","bundle_editable_in_cart":false,"bundle_sold_individually_context":"","bundle_item_grouping":"","bundle_min_size":"","bundle_max_size":"","bundle_price":[],"bundled_items":[],"bundle_sell_ids":[],"exclude_global_add_ons":[],"addons":[],"acf":[],"_links":{"self":[{"href":"https:\/\/ptm-mechatronics.com\/hu\/wp-json\/wp\/v2\/product\/7660","targetHints":{"allow":["GET"]}}],"collection":[{"href":"https:\/\/ptm-mechatronics.com\/hu\/wp-json\/wp\/v2\/product"}],"about":[{"href":"https:\/\/ptm-mechatronics.com\/hu\/wp-json\/wp\/v2\/types\/product"}],"replies":[{"embeddable":true,"href":"https:\/\/ptm-mechatronics.com\/hu\/wp-json\/wp\/v2\/comments?post=7660"}],"wp:featuredmedia":[{"embeddable":true,"href":"https:\/\/ptm-mechatronics.com\/hu\/wp-json\/wp\/v2\/media\/15445"}],"wp:attachment":[{"href":"https:\/\/ptm-mechatronics.com\/hu\/wp-json\/wp\/v2\/media?parent=7660"}],"wp:term":[{"taxonomy":"product_brand","embeddable":true,"href":"https:\/\/ptm-mechatronics.com\/hu\/wp-json\/wp\/v2\/product_brand?post=7660"},{"taxonomy":"product_cat","embeddable":true,"href":"https:\/\/ptm-mechatronics.com\/hu\/wp-json\/wp\/v2\/product_cat?post=7660"},{"taxonomy":"product_tag","embeddable":true,"href":"https:\/\/ptm-mechatronics.com\/hu\/wp-json\/wp\/v2\/product_tag?post=7660"}],"curies":[{"name":"wp","href":"https:\/\/api.w.org\/{rel}","templated":true}]}}