{"id":7643,"date":"2024-02-07T17:44:21","date_gmt":"2024-02-07T17:44:21","guid":{"rendered":""},"modified":"2025-11-07T15:52:15","modified_gmt":"2025-11-07T14:52:15","slug":"ruehrwerk-mit-traverse-fuer-100-liter-fass-antrieb-atex-zone-1","status":"publish","type":"product","link":"https:\/\/ptm-mechatronics.com\/hu\/product\/ruehrwerk-mit-traverse-fuer-100-liter-fass-antrieb-atex-zone-1\/","title":{"rendered":"100 literes hord\u00f3hoz val\u00f3 kever\u0151g\u00e9p traverzzel - ATEX 1 z\u00f3n\u00e1s meghajt\u00e1s"},"content":{"rendered":"<p>A kever\u0151berendez\u00e9s energiatakar\u00e9kos \u00e9s nagy teljes\u00edtm\u00e9ny\u0171 pneumatikus meghajt\u00e1sb\u00f3l \u00e1ll, amely ATEX tan\u00fas\u00edtv\u00e1nnyal rendelkezik az ATEX 1. z\u00f3na sz\u00e1m\u00e1ra, valamint kever\u0151tengelyb\u0151l, eco-Cup kever\u0151vel \u00e9s keresztgerend\u00e1val. A kever\u0151tengely, a kever\u0151elem \u00e9s a traverz kiv\u00e1l\u00f3 min\u0151s\u00e9g\u0171 V4A rozsdamentes ac\u00e9lb\u00f3l 1.4404 k\u00e9sz\u00fcl. A k\u00e9t szor\u00edt\u00f3szerkezettel ell\u00e1tott traverz 100 literes, 400-500 mm \u00e1tm\u00e9r\u0151j\u0171 szabv\u00e1nyos hord\u00f3khoz illeszkedik.<br \/>\nA kever\u0151 megb\u00edzhat\u00f3an keveri az alacsony \u00e9s a magas viszkozit\u00e1s\u00fa k\u00f6zegeket is. Alkatr\u00e9szeit m\u00e1r optimaliz\u00e1lt\u00e1k a megb\u00edzhat\u00f3 \u00e9s biztons\u00e1gos kever\u00e9si folyamathoz 100 literes hord\u00f3kban. A sz\u00e1ll\u00edt\u00e1si terjedelemhez tartoz\u00f3 eco-Cup kever\u0151 k\u00edm\u00e9letes kever\u00e9si viselked\u00e9ssel rendelkezik, \u00e9s homog\u00e9n kever\u00e9si eredm\u00e9nyt biztos\u00edt.<\/p>","protected":false},"excerpt":{"rendered":"<p>Er\u0151teljes kever\u0151g\u00e9p teljesen felszerelve traverzzel, kever\u0151tengellyel \u00e9s kever\u0151elemmel 100 literes hord\u00f3hoz - ATEX Zone 1 meghajt\u00e1s<\/p>","protected":false},"featured_media":15340,"comment_status":"open","ping_status":"closed","template":"","meta":{"_acf_changed":false},"product_brand":[],"product_cat":[595,603],"product_tag":[],"class_list":{"0":"post-7643","1":"product","2":"type-product","3":"status-publish","4":"has-post-thumbnail","6":"product_cat-ruehrwerkstechnik","7":"product_cat-fassruehrwerke","8":"product_shipping_class-karton-paketversand","9":"pa_antriebsart-pneumatisch","10":"pa_atex-zone-122122","11":"pa_behaeltervolumen-100-liter","12":"pa_dichtung-ptfe","13":"pa_drehmoment-8nm","14":"pa_drehzahl-0-300-1-min","15":"pa_durchmesser-ruehrwelle-20mm","16":"pa_ex-gas-ex-ii-2-g-ex-h-iic-t5-gb-x","17":"pa_ex-staub-ex-ii-2-d-ex-h-iiic-t100c-db-x","18":"pa_geeignete-fassdurchmesser-400-500mm","19":"pa_geraeuschpegel-75db","20":"pa_labs-oel-und-silikonfrei","21":"pa_laenge-ruehrwelle-ca-740mm-ab-deckeloberkante","22":"pa_material-gehaeuse-aluminium-eloxiert","23":"pa_material-traverse-v4a-edelstahl-1-4404","24":"pa_mittlerer-luftverbrauch-50l-min","25":"pa_ruehrorgan-becherruehrorgan-eco-cup-260mm","26":"pa_schutzart-ip67","27":"pa_steckverschraubung-abluft-schlauch-o10mm","28":"pa_steckverschraubung-zuluft-schlauch-o6mm","29":"pa_typ-traversenruehrwerk","30":"pa_versorgung-5-6bar","32":"first","33":"instock","34":"taxable","35":"shipping-taxable","36":"purchasable","37":"product-type-simple"},"bundled_by":[],"bundle_stock_status":"instock","bundle_stock_quantity":null,"bundle_virtual":false,"bundle_layout":"","bundle_add_to_cart_form_location":"","bundle_editable_in_cart":false,"bundle_sold_individually_context":"","bundle_item_grouping":"","bundle_min_size":"","bundle_max_size":"","bundle_price":[],"bundled_items":[],"bundle_sell_ids":[],"exclude_global_add_ons":[],"addons":[],"acf":[],"_links":{"self":[{"href":"https:\/\/ptm-mechatronics.com\/hu\/wp-json\/wp\/v2\/product\/7643","targetHints":{"allow":["GET"]}}],"collection":[{"href":"https:\/\/ptm-mechatronics.com\/hu\/wp-json\/wp\/v2\/product"}],"about":[{"href":"https:\/\/ptm-mechatronics.com\/hu\/wp-json\/wp\/v2\/types\/product"}],"replies":[{"embeddable":true,"href":"https:\/\/ptm-mechatronics.com\/hu\/wp-json\/wp\/v2\/comments?post=7643"}],"wp:featuredmedia":[{"embeddable":true,"href":"https:\/\/ptm-mechatronics.com\/hu\/wp-json\/wp\/v2\/media\/15340"}],"wp:attachment":[{"href":"https:\/\/ptm-mechatronics.com\/hu\/wp-json\/wp\/v2\/media?parent=7643"}],"wp:term":[{"taxonomy":"product_brand","embeddable":true,"href":"https:\/\/ptm-mechatronics.com\/hu\/wp-json\/wp\/v2\/product_brand?post=7643"},{"taxonomy":"product_cat","embeddable":true,"href":"https:\/\/ptm-mechatronics.com\/hu\/wp-json\/wp\/v2\/product_cat?post=7643"},{"taxonomy":"product_tag","embeddable":true,"href":"https:\/\/ptm-mechatronics.com\/hu\/wp-json\/wp\/v2\/product_tag?post=7643"}],"curies":[{"name":"wp","href":"https:\/\/api.w.org\/{rel}","templated":true}]}}