{"id":7617,"date":"2024-02-07T17:44:20","date_gmt":"2024-02-07T17:44:20","guid":{"rendered":""},"modified":"2025-11-07T15:52:13","modified_gmt":"2025-11-07T14:52:13","slug":"handruehrer-atex-eco-up-900g","status":"publish","type":"product","link":"https:\/\/ptm-mechatronics.com\/hu\/product\/handruehrer-atex-eco-up-900g\/","title":{"rendered":"ATEX eco-Up 900G k\u00e9zi mixer"},"content":{"rendered":"<p data-start=\"164\" data-end=\"221\"><span class=\"_fadeIn_m1hgl_8\">K\u00e9zi mixer <\/span><span class=\"_fadeIn_m1hgl_8\">eco-<\/span><span class=\"_fadeIn_m1hgl_8\">Fel - <\/span><span class=\"_fadeIn_m1hgl_8\">ergonomikus, <\/span><span class=\"_fadeIn_m1hgl_8\">er\u0151s, <\/span><span class=\"_fadeIn_m1hgl_8\">biztons\u00e1gos<\/span><\/p>\n<p data-start=\"223\" data-end=\"575\"><span class=\"_fadeIn_m1hgl_8\">A  c\u00edmen <\/span><span class=\"_fadeIn_m1hgl_8\">a <\/span><span class=\"_fadeIn_m1hgl_8\">K\u00e9zi mixer <\/span><span class=\"_fadeIn_m1hgl_8\">eco-<\/span><span class=\"_fadeIn_m1hgl_8\">Fel<\/span> <span class=\"_fadeIn_m1hgl_8\">hagyja <\/span><span class=\"_fadeIn_m1hgl_8\">maga <\/span><span class=\"_fadeIn_m1hgl_8\">folyad\u00e9k <\/span><span class=\"_fadeIn_m1hgl_8\">\u00e9s <\/span><span class=\"_fadeIn_m1hgl_8\">magas viszkozit\u00e1s <\/span><span class=\"_fadeIn_m1hgl_8\">Anyagok<\/span> <span class=\"_fadeIn_m1hgl_8\">biztons\u00e1gos, <\/span><span class=\"_fadeIn_m1hgl_8\">Er\u0151teljes <\/span><span class=\"_fadeIn_m1hgl_8\">\u00e9s <\/span><span class=\"_fadeIn_m1hgl_8\">k\u00e9nyelmes <\/span><span class=\"_fadeIn_m1hgl_8\">felkavarni. <\/span><span class=\"_fadeIn_m1hgl_8\">A <\/span><span class=\"_fadeIn_m1hgl_8\">Eszk\u00f6z <\/span><span class=\"_fadeIn_m1hgl_8\">volt <\/span><span class=\"_fadeIn_m1hgl_8\">k\u00fcl\u00f6n\u00f6sen a <\/span><span class=\"_fadeIn_m1hgl_8\">a  oldalon. <\/span><span class=\"_fadeIn_m1hgl_8\">a <\/span><span class=\"_fadeIn_m1hgl_8\">ergonomikus <\/span><span class=\"_fadeIn_m1hgl_8\">K\u00e9tkezes m\u0171k\u00f6d\u00e9s<\/span> <span class=\"_fadeIn_m1hgl_8\">tervezett <\/span><span class=\"_fadeIn_m1hgl_8\">\u00e9s <\/span><span class=\"_fadeIn_m1hgl_8\">meggy\u0151z\u0151d\u00e9ses <\/span><span class=\"_fadeIn_m1hgl_8\">a  oldalon kereszt\u00fcl <\/span><span class=\"_fadeIn_m1hgl_8\">egy <\/span><span class=\"_fadeIn_m1hgl_8\">stabil, <\/span><span class=\"_fadeIn_m1hgl_8\">felhaszn\u00e1l\u00f3bar\u00e1t <\/span><span class=\"_fadeIn_m1hgl_8\">A  kezel\u00e9se<\/span><span class=\"_fadeIn_m1hgl_8\"> \u2013 <\/span><span class=\"_fadeIn_m1hgl_8\">ide\u00e1lis <\/span><span class=\"_fadeIn_m1hgl_8\">a  oldalon. <\/span><span class=\"_fadeIn_m1hgl_8\">a <\/span><span class=\"_fadeIn_m1hgl_8\">Haszn\u00e1lja a  c\u00edmet. <\/span><span class=\"_fadeIn_m1hgl_8\">a  oldalon. <\/span><span class=\"_fadeIn_m1hgl_8\">Termel\u00e9s \u00e9s <\/span><span class=\"_fadeIn_m1hgl_8\">Ipar\u00e1g.<\/span><\/p>\n<p data-start=\"577\" data-end=\"952\"><span class=\"_fadeIn_m1hgl_8\">K\u00f6sz\u00f6n\u00f6m <\/span><span class=\"_fadeIn_m1hgl_8\">a <\/span><span class=\"_fadeIn_m1hgl_8\">Ergonomikus <\/span><span class=\"_fadeIn_m1hgl_8\">form\u00e1zott <\/span><span class=\"_fadeIn_m1hgl_8\">Foganty\u00fak<\/span> <span class=\"_fadeIn_m1hgl_8\">a  oldalon. <\/span><span class=\"_fadeIn_m1hgl_8\">mindkett\u0151 <\/span><span class=\"_fadeIn_m1hgl_8\">Kezek <\/span><span class=\"_fadeIn_m1hgl_8\">a <\/span><span class=\"_fadeIn_m1hgl_8\">egy <\/span><span class=\"_fadeIn_m1hgl_8\">biztons\u00e1gosabb <\/span><span class=\"_fadeIn_m1hgl_8\">Stand <\/span><span class=\"_fadeIn_m1hgl_8\">a <\/span><span class=\"_fadeIn_m1hgl_8\">Keverj\u00fck \u00f6ssze <\/span><span class=\"_fadeIn_m1hgl_8\">garant\u00e1lt. <\/span><span class=\"_fadeIn_m1hgl_8\">A <\/span><span class=\"_fadeIn_m1hgl_8\">Emel\u00e9s, <\/span><span class=\"_fadeIn_m1hgl_8\">Tartsa a  c\u00edmet. <\/span><span class=\"_fadeIn_m1hgl_8\">\u00e9s <\/span><span class=\"_fadeIn_m1hgl_8\">Lead <\/span><span class=\"_fadeIn_m1hgl_8\">a <\/span><span class=\"_fadeIn_m1hgl_8\">Eszk\u00f6z <\/span><span class=\"_fadeIn_m1hgl_8\">megt\u00f6rt\u00e9nik <\/span><span class=\"_fadeIn_m1hgl_8\">k\u00f6nnyed\u00e9n <\/span><span class=\"_fadeIn_m1hgl_8\">\u00e9s <\/span><span class=\"_fadeIn_m1hgl_8\">lehet\u0151v\u00e9 teszi a <\/span><span class=\"_fadeIn_m1hgl_8\">a <\/span><span class=\"_fadeIn_m1hgl_8\">Felhaszn\u00e1l\u00f3k <\/span><span class=\"_fadeIn_m1hgl_8\">egy <\/span><span class=\"_fadeIn_m1hgl_8\">ellen\u0151rz\u00f6tt, <\/span><span class=\"_fadeIn_m1hgl_8\">er\u0151s <\/span><span class=\"_fadeIn_m1hgl_8\">Mozg\u00e1s<\/span><span class=\"_fadeIn_m1hgl_8\">, <\/span><span class=\"_fadeIn_m1hgl_8\">maga <\/span><span class=\"_fadeIn_m1hgl_8\">a  c\u00edmen <\/span><span class=\"_fadeIn_m1hgl_8\">kem\u00e9ny <\/span><span class=\"_fadeIn_m1hgl_8\">M\u00e9dia. <\/span><span class=\"_fadeIn_m1hgl_8\">A folyamat sor\u00e1n <\/span><span class=\"_fadeIn_m1hgl_8\">marad <\/span><span class=\"_fadeIn_m1hgl_8\">a <\/span><span class=\"_fadeIn_m1hgl_8\">M\u0171velet <\/span><span class=\"_fadeIn_m1hgl_8\">b\u00e1rmikor <\/span><span class=\"_fadeIn_m1hgl_8\">biztons\u00e1gos <\/span><span class=\"_fadeIn_m1hgl_8\">\u00e9s <\/span><span class=\"_fadeIn_m1hgl_8\">egyszer\u0171<\/span><span class=\"_fadeIn_m1hgl_8\">, <\/span><span class=\"_fadeIn_m1hgl_8\">n\u00e9lk\u00fcl <\/span><span class=\"_fadeIn_m1hgl_8\">a  oldalon <\/span><span class=\"_fadeIn_m1hgl_8\">fontos <\/span><span class=\"_fadeIn_m1hgl_8\">Biztons\u00e1gi jellemz\u0151k <\/span><span class=\"_fadeIn_m1hgl_8\">a  c\u00edmre. <\/span><span class=\"_fadeIn_m1hgl_8\">n\u00e9lk\u00fcl\u00f6zni.<\/span><\/p>\n<p data-start=\"954\" data-end=\"1186\"><span class=\"_fadeIn_m1hgl_8\">Kisz\u00e1ll\u00edtva <\/span><span class=\"_fadeIn_m1hgl_8\">lesz <\/span><span class=\"_fadeIn_m1hgl_8\">a <\/span><span class=\"_fadeIn_m1hgl_8\">eco-<\/span><span class=\"_fadeIn_m1hgl_8\">Fel <\/span><span class=\"_fadeIn_m1hgl_8\">K\u00e9zi mixer <\/span><span class=\"_fadeIn_m1hgl_8\">a  c\u00edmen <\/span><span class=\"_fadeIn_m1hgl_8\">egy <\/span><span class=\"_fadeIn_m1hgl_8\">lefel\u00e9 mutat\u00f3 <\/span><span class=\"_fadeIn_m1hgl_8\">Spir\u00e1lis kever\u0151<\/span><span class=\"_fadeIn_m1hgl_8\">, <\/span><span class=\"_fadeIn_m1hgl_8\">a <\/span><span class=\"_fadeIn_m1hgl_8\">egy <\/span><span class=\"_fadeIn_m1hgl_8\">k\u00fcl\u00f6n\u00f6sen a <\/span><span class=\"_fadeIn_m1hgl_8\">hat\u00e9kony <\/span><span class=\"_fadeIn_m1hgl_8\">\u00e9s <\/span><span class=\"_fadeIn_m1hgl_8\">m\u00e9g <\/span><span class=\"_fadeIn_m1hgl_8\">Kever\u00e9s <\/span><span class=\"_fadeIn_m1hgl_8\">a legv\u00e1ltozatosabb <\/span><span class=\"_fadeIn_m1hgl_8\">M\u00e9dia <\/span><span class=\"_fadeIn_m1hgl_8\">garant\u00e1ltan - <\/span><span class=\"_fadeIn_m1hgl_8\">a  c\u00edmr\u0151l <\/span><span class=\"_fadeIn_m1hgl_8\">alacsony viszkozit\u00e1s <\/span><span class=\"_fadeIn_m1hgl_8\">am\u00edg <\/span><span class=\"_fadeIn_m1hgl_8\">nagy viszkozit\u00e1s\u00fa <\/span><span class=\"_fadeIn_m1hgl_8\">Anyagok.<\/span><\/p>\n<p data-start=\"1188\" data-end=\"1219\"><span class=\"_fadeIn_m1hgl_8\">El\u0151ny\u00f6k <\/span><span class=\"_fadeIn_m1hgl_8\">a  oldalon <\/span><span class=\"_fadeIn_m1hgl_8\">egy <\/span><span class=\"_fadeIn_m1hgl_8\">N\u00e9zet:<\/span><\/p>\n<ul>\n<li data-start=\"1222\" data-end=\"1270\"><span class=\"_fadeIn_m1hgl_8\">Ergonomikus <\/span><span class=\"_fadeIn_m1hgl_8\">K\u00e9tkezes eszk\u00f6z <\/span><span class=\"_fadeIn_m1hgl_8\">a  oldalon. <\/span><span class=\"_fadeIn_m1hgl_8\">biztons\u00e1gos <\/span><span class=\"_fadeIn_m1hgl_8\">Stand<\/span><\/li>\n<li data-start=\"1222\" data-end=\"1270\"><span class=\"_fadeIn_m1hgl_8\">Er\u0151teljes <\/span><span class=\"_fadeIn_m1hgl_8\">k\u00e9zi <\/span><span class=\"_fadeIn_m1hgl_8\">Keverj\u00fck \u00f6ssze <\/span><span class=\"_fadeIn_m1hgl_8\">a legv\u00e1ltozatosabb <\/span><span class=\"_fadeIn_m1hgl_8\">M\u00e9dia<\/span><\/li>\n<li data-start=\"1222\" data-end=\"1270\"><span class=\"_fadeIn_m1hgl_8\">Ide\u00e1lis <\/span><span class=\"_fadeIn_m1hgl_8\">a  oldalon. <\/span><span class=\"_fadeIn_m1hgl_8\">magas viszkozit\u00e1s <\/span><span class=\"_fadeIn_m1hgl_8\">\u00e9s <\/span><span class=\"_fadeIn_m1hgl_8\">folyad\u00e9k <\/span><span class=\"_fadeIn_m1hgl_8\">Anyagok<\/span><\/li>\n<li data-start=\"1222\" data-end=\"1270\"><span class=\"_fadeIn_m1hgl_8\">Egyszer\u0171, <\/span><span class=\"_fadeIn_m1hgl_8\">biztons\u00e1gos <\/span><span class=\"_fadeIn_m1hgl_8\">A  kezel\u00e9se <\/span><span class=\"_fadeIn_m1hgl_8\">a  c\u00edmen <\/span><span class=\"_fadeIn_m1hgl_8\">mindkett\u0151 <\/span><span class=\"_fadeIn_m1hgl_8\">kezek<\/span><\/li>\n<li data-start=\"1222\" data-end=\"1270\"><span class=\"_fadeIn_m1hgl_8\">Tartalmazza a <\/span><span class=\"_fadeIn_m1hgl_8\">lefel\u00e9 <\/span><span class=\"_fadeIn_m1hgl_8\">Spir\u00e1lis kever\u0151<\/span><\/li>\n<li data-start=\"1222\" data-end=\"1270\"><span class=\"_fadeIn_m1hgl_8\">Mobil, <\/span><span class=\"_fadeIn_m1hgl_8\">Rugalmas <\/span><span class=\"_fadeIn_m1hgl_8\">\u00e9s <\/span><span class=\"_fadeIn_m1hgl_8\">Sokoldal\u00fa <\/span><span class=\"_fadeIn_m1hgl_8\">alkalmazand\u00f3<\/span><\/li>\n<li data-start=\"1222\" data-end=\"1270\"><span class=\"_fadeIn_m1hgl_8\">Megfelel\u0151 <\/span><span class=\"_fadeIn_m1hgl_8\">a  oldalon. <\/span><span class=\"_fadeIn_m1hgl_8\">Termel\u00e9s<\/span> <span class=\"_fadeIn_m1hgl_8\">\u00e9s <\/span><span class=\"_fadeIn_m1hgl_8\">Ipar\u00e1g<\/span><\/li>\n<\/ul>","protected":false},"excerpt":{"rendered":"<p><span class=\"_fadeIn_m1hgl_8\">E<\/span><span class=\"_fadeIn_m1hgl_8\">rgonomic <\/span><span class=\"_fadeIn_m1hgl_8\">K\u00e9zi mixer <\/span><span class=\"_fadeIn_m1hgl_8\">eco-<\/span><span class=\"_fadeIn_m1hgl_8\">Fel <\/span><span class=\"_fadeIn_m1hgl_8\">a  oldalon. <\/span><span class=\"_fadeIn_m1hgl_8\">biztons\u00e1gos <\/span><span class=\"_fadeIn_m1hgl_8\">\u00e9s <\/span><span class=\"_fadeIn_m1hgl_8\">er\u0151s <\/span><span class=\"_fadeIn_m1hgl_8\">Keverj\u00fck \u00f6ssze <\/span><span class=\"_fadeIn_m1hgl_8\">a  c\u00edmr\u0151l <\/span><span class=\"_fadeIn_m1hgl_8\">folyad\u00e9k <\/span><span class=\"_fadeIn_m1hgl_8\">am\u00edg <\/span><span class=\"_fadeIn_m1hgl_8\">nagy viszkozit\u00e1s\u00fa <\/span><span class=\"_fadeIn_m1hgl_8\">M\u00e9dia <\/span><span class=\"_fadeIn_m1hgl_8\">per <\/span><span class=\"_fadeIn_m1hgl_8\">K\u00e9tkezes m\u0171k\u00f6dtet\u00e9s - <\/span><span class=\"_fadeIn_m1hgl_8\">inkluz\u00edv <\/span><span class=\"_fadeIn_m1hgl_8\">Spir\u00e1lis kever\u0151 <\/span><span class=\"_fadeIn_m1hgl_8\">a  oldalon. <\/span><span class=\"_fadeIn_m1hgl_8\">hat\u00e9kony <\/span><span class=\"_fadeIn_m1hgl_8\">Kever\u00e9s.<\/span><\/p>","protected":false},"featured_media":15441,"comment_status":"open","ping_status":"closed","template":"","meta":{"_acf_changed":false},"product_brand":[],"product_cat":[595,600],"product_tag":[2899,2900,2901,2902,2903,2904,2905,2906,2907,2908],"class_list":{"0":"post-7617","1":"product","2":"type-product","3":"status-publish","4":"has-post-thumbnail","6":"product_cat-ruehrwerkstechnik","7":"product_cat-handruehrer","8":"product_tag-handruehrgeraet-industrie","9":"product_tag-handruehrer-eco-up","10":"product_tag-zweihandruehrer-kaufen","11":"product_tag-ergonomischer-handruehrer","12":"product_tag-manuelles-ruehrgeraet","13":"product_tag-ruehrgeraet-hochviskose-medien","14":"product_tag-ruehrgeraet-fuer-labor","15":"product_tag-handruehrer-mit-wendelruehrorgan","16":"product_tag-manuelles-ruehrwerkzeug","17":"product_tag-fluessigkeiten-manuell-ruehren","18":"product_shipping_class-karton-paketversand","19":"pa_anschluss-schnellkupplung-nw7-2","20":"pa_antriebsart-pneumatisch","21":"pa_atex-zone-122122","22":"pa_aufnahme-fuer-ruehrorgan-m14-gewinde","23":"pa_dichtung-ptfe","24":"pa_drehmoment-4nm","25":"pa_drehzahl-0-600-1-min","26":"pa_ex-gas-ex-ii-2-g-ex-h-iic-t5-gb-x","27":"pa_ex-staub-ex-ii-2-d-ex-h-iiic-t100c-db-x","28":"pa_geraeuschpegel-75db","29":"pa_labs-oel-und-silikonfrei","30":"pa_material-gehaeuse-aluminium-eloxiert","31":"pa_mittlerer-luftverbrauch-25l-min","32":"pa_model-eco-up-900g","33":"pa_schutzart-ip67","34":"pa_versorgung-5-6bar","36":"first","37":"instock","38":"taxable","39":"shipping-taxable","40":"purchasable","41":"product-type-simple"},"bundled_by":[],"bundle_stock_status":"instock","bundle_stock_quantity":null,"bundle_virtual":false,"bundle_layout":"","bundle_add_to_cart_form_location":"","bundle_editable_in_cart":false,"bundle_sold_individually_context":"","bundle_item_grouping":"","bundle_min_size":"","bundle_max_size":"","bundle_price":[],"bundled_items":[],"bundle_sell_ids":[],"exclude_global_add_ons":[],"addons":[],"acf":[],"_links":{"self":[{"href":"https:\/\/ptm-mechatronics.com\/hu\/wp-json\/wp\/v2\/product\/7617","targetHints":{"allow":["GET"]}}],"collection":[{"href":"https:\/\/ptm-mechatronics.com\/hu\/wp-json\/wp\/v2\/product"}],"about":[{"href":"https:\/\/ptm-mechatronics.com\/hu\/wp-json\/wp\/v2\/types\/product"}],"replies":[{"embeddable":true,"href":"https:\/\/ptm-mechatronics.com\/hu\/wp-json\/wp\/v2\/comments?post=7617"}],"wp:featuredmedia":[{"embeddable":true,"href":"https:\/\/ptm-mechatronics.com\/hu\/wp-json\/wp\/v2\/media\/15441"}],"wp:attachment":[{"href":"https:\/\/ptm-mechatronics.com\/hu\/wp-json\/wp\/v2\/media?parent=7617"}],"wp:term":[{"taxonomy":"product_brand","embeddable":true,"href":"https:\/\/ptm-mechatronics.com\/hu\/wp-json\/wp\/v2\/product_brand?post=7617"},{"taxonomy":"product_cat","embeddable":true,"href":"https:\/\/ptm-mechatronics.com\/hu\/wp-json\/wp\/v2\/product_cat?post=7617"},{"taxonomy":"product_tag","embeddable":true,"href":"https:\/\/ptm-mechatronics.com\/hu\/wp-json\/wp\/v2\/product_tag?post=7617"}],"curies":[{"name":"wp","href":"https:\/\/api.w.org\/{rel}","templated":true}]}}