{"id":4273,"date":"2024-02-07T17:44:52","date_gmt":"2024-02-07T17:44:52","guid":{"rendered":""},"modified":"2025-11-07T15:54:51","modified_gmt":"2025-11-07T14:54:51","slug":"abluftfilter-paket","status":"publish","type":"product","link":"https:\/\/ptm-mechatronics.com\/hu\/product\/abluftfilter-paket\/","title":{"rendered":"Kipufog\u00f3g\u00e1zsz\u0171r\u0151 csomag PTM meghajt\u00f3khoz"},"content":{"rendered":"<h2 data-start=\"211\" data-end=\"306\"><span style=\"font-size: 75%;\">Kipufog\u00f3g\u00e1zsz\u0171r\u0151 csomag a PTM s\u0171r\u00edtett leveg\u0151s hajt\u00e1sokhoz - zajcs\u00f6kkent\u00e9s \u00e9s biztons\u00e1gos kipufog\u00f3g\u00e1zvezet\u00e9s<\/span><\/h2>\n<p data-start=\"308\" data-end=\"642\">A PTM s\u0171r\u00edtett leveg\u0151s hajt\u00e1sokhoz val\u00f3 elsz\u00edv\u00f3leveg\u0151-sz\u0171r\u0151csomag a hat\u00e9kony zajcs\u00f6kkent\u00e9st a s\u0171r\u00edtett leveg\u0151 kipufog\u00f3g\u00e1z\u00e1nak biztons\u00e1gos elvezet\u00e9s\u00e9vel kombin\u00e1lja. Be\u00e9p\u00edtett hangtomp\u00edt\u00f3val felszerelve megb\u00edzhat\u00f3an mind\u00f6ssze 50 dB(A)-ra cs\u00f6kkenti a zajszintet - ide\u00e1lis a zaj\u00e9rz\u00e9keny gy\u00e1rt\u00e1si ter\u00fcleteken \u00e9s munkak\u00f6rnyezetekben.<\/p>\n<p data-start=\"644\" data-end=\"1007\">A rendszer az elsz\u00edvott leveg\u0151 szelekt\u00edv elvezet\u00e9s\u00e9vel megv\u00e9di a szomsz\u00e9dos folyamatokat a nem k\u00edv\u00e1nt l\u00e9g\u00f6rv\u00e9nyekt\u0151l, nedvess\u00e9gt\u0151l vagy szennyez\u0151d\u00e9sekt\u0151l. A sz\u0171r\u0151csomag k\u00f6nnyen csatlakoztathat\u00f3 a megl\u00e9v\u0151 PTM-meghajt\u00e1sokhoz, \u00e9s a napi \u00fczemeltet\u00e9s sor\u00e1n hat\u00e9kony \u00e9s alacsony karbantart\u00e1si ig\u00e9ny\u0171.<\/p>","protected":false},"excerpt":{"rendered":"<p>A PTM s\u0171r\u00edtett leveg\u0151s hajt\u00e1sokhoz val\u00f3 elsz\u00edv\u00f3leveg\u0151-sz\u0171r\u0151csomag 50 dB(A)-ra cs\u00f6kkenti a m\u0171k\u00f6d\u00e9si zajt, \u00e9s biztons\u00e1gosan elvezeti a s\u0171r\u00edtett leveg\u0151t - ide\u00e1lis a tiszta, csendes \u00e9s biztons\u00e1gos munkak\u00f6rnyezethez.<\/p>","protected":false},"featured_media":15418,"comment_status":"open","ping_status":"closed","template":"","meta":{"_acf_changed":false},"product_brand":[],"product_cat":[595,1421],"product_tag":[3033,3034,3035,3036,3037,3038,3039,3030,3031,3032],"class_list":{"0":"post-4273","1":"product","2":"type-product","3":"status-publish","4":"has-post-thumbnail","6":"product_cat-ruehrwerkstechnik","7":"product_cat-zubehoer-ruehrwerkstechnik","8":"product_tag-filterpaket-ptm-motor","9":"product_tag-geraeuschreduzierung-druckluft","10":"product_tag-druckluftfilter-50-db","11":"product_tag-schalldaempfer-ruehrwerksantrieb","12":"product_tag-druckluftzubehoer-ptm","13":"product_tag-druckluftmotor-filter","14":"product_tag-druckluft-schalldaempfer-atex","15":"product_tag-abluftfilter-druckluftmotor","16":"product_tag-schalldaempfer-ptm","17":"product_tag-abluftfuehrung-druckluftantrieb","18":"product_shipping_class-karton-paketversand","19":"pa_schlauchlaenge-50mm","21":"first","22":"instock","23":"taxable","24":"shipping-taxable","25":"purchasable","26":"product-type-variable"},"bundled_by":[],"bundle_stock_status":"instock","bundle_stock_quantity":null,"bundle_virtual":false,"bundle_layout":"","bundle_add_to_cart_form_location":"","bundle_editable_in_cart":false,"bundle_sold_individually_context":"","bundle_item_grouping":"","bundle_min_size":"","bundle_max_size":"","bundle_price":[],"bundled_items":[],"bundle_sell_ids":[],"exclude_global_add_ons":[],"addons":[],"acf":[],"_links":{"self":[{"href":"https:\/\/ptm-mechatronics.com\/hu\/wp-json\/wp\/v2\/product\/4273","targetHints":{"allow":["GET"]}}],"collection":[{"href":"https:\/\/ptm-mechatronics.com\/hu\/wp-json\/wp\/v2\/product"}],"about":[{"href":"https:\/\/ptm-mechatronics.com\/hu\/wp-json\/wp\/v2\/types\/product"}],"replies":[{"embeddable":true,"href":"https:\/\/ptm-mechatronics.com\/hu\/wp-json\/wp\/v2\/comments?post=4273"}],"wp:featuredmedia":[{"embeddable":true,"href":"https:\/\/ptm-mechatronics.com\/hu\/wp-json\/wp\/v2\/media\/15418"}],"wp:attachment":[{"href":"https:\/\/ptm-mechatronics.com\/hu\/wp-json\/wp\/v2\/media?parent=4273"}],"wp:term":[{"taxonomy":"product_brand","embeddable":true,"href":"https:\/\/ptm-mechatronics.com\/hu\/wp-json\/wp\/v2\/product_brand?post=4273"},{"taxonomy":"product_cat","embeddable":true,"href":"https:\/\/ptm-mechatronics.com\/hu\/wp-json\/wp\/v2\/product_cat?post=4273"},{"taxonomy":"product_tag","embeddable":true,"href":"https:\/\/ptm-mechatronics.com\/hu\/wp-json\/wp\/v2\/product_tag?post=4273"}],"curies":[{"name":"wp","href":"https:\/\/api.w.org\/{rel}","templated":true}]}}