{"id":4016,"date":"2024-02-07T17:44:43","date_gmt":"2024-02-07T17:44:43","guid":{"rendered":""},"modified":"2025-11-27T16:33:44","modified_gmt":"2025-11-27T15:33:44","slug":"drehzahlanzeige-atex-zone-1","status":"publish","type":"product","link":"https:\/\/ptm-mechatronics.com\/hu\/product\/drehzahlanzeige-atex-zone-1\/","title":{"rendered":"Sebess\u00e9gkijelz\u0151 ATEX 1 z\u00f3na"},"content":{"rendered":"<h2 data-start=\"190\" data-end=\"266\"><span style=\"font-size: 75%\">Sebess\u00e9gjelz\u0151 ATEX 1 z\u00f3n\u00e1hoz - pontos, biztons\u00e1gos, robban\u00e1sbiztos<\/span><\/h2>\n<p data-start=\"268\" data-end=\"641\">Az ATEX 1. z\u00f3na sebess\u00e9gjelz\u0151j\u00e9t kifejezetten a PTM kever\u0151k sebess\u00e9g\u00e9nek megb\u00edzhat\u00f3 \u00e9s biztons\u00e1gos ellen\u0151rz\u00e9s\u00e9re fejlesztett\u00e9k ki robban\u00e1svesz\u00e9lyes k\u00f6rnyezetben. Lehet\u0151v\u00e9 teszi a kever\u0151 sebess\u00e9g\u00e9nek pontos kijelz\u00e9s\u00e9t, \u00e9s \u00edgy t\u00e1mogatja a pontos folyamatszab\u00e1lyoz\u00e1st, m\u00e9g olyan \u00e9rz\u00e9keny gy\u00e1rt\u00e1si k\u00f6rnyezetben is, mint a vegyipar, a gy\u00f3gyszeripar vagy az \u00e9lelmiszeripar.<\/p>\n<p data-start=\"643\" data-end=\"1006\">Robusztus \u00e9s robusztus robban\u00e1sbiztos kialak\u00edt\u00e1s\u00e1nak k\u00f6sz\u00f6nhet\u0151en a sebess\u00e9gjelz\u0151 t\u00f6k\u00e9letesen megfelel az ATEX 1. z\u00f3n\u00e1nak, \u00e9s a g\u00e1z- vagy porrobban\u00e1svesz\u00e9lyes ter\u00fcleteken val\u00f3 m\u0171k\u00f6d\u00e9sre vonatkoz\u00f3 legmagasabb biztons\u00e1gi el\u0151\u00edr\u00e1soknak. A megl\u00e9v\u0151 PTM kever\u0151rendszerekbe t\u00f6rt\u00e9n\u0151 egyszer\u0171 integr\u00e1l\u00e1s gyors telep\u00edt\u00e9st \u00e9s z\u00f6kken\u0151mentes m\u0171k\u00f6d\u00e9st biztos\u00edt.<\/p>\n<p data-start=\"1008\" data-end=\"1243\">A kijelz\u0151 pontos, val\u00f3s idej\u0171 \u00e9rt\u00e9keket mutat, amelyek t\u00e1mogatj\u00e1k a felhaszn\u00e1l\u00f3t a kever\u00e9si folyamatok vez\u00e9rl\u00e9s\u00e9ben \u00e9s optimaliz\u00e1l\u00e1s\u00e1ban. Ez nemcsak a folyamat megb\u00edzhat\u00f3s\u00e1g\u00e1t, hanem a term\u00e9kmin\u0151s\u00e9get \u00e9s a reproduk\u00e1lhat\u00f3s\u00e1got is n\u00f6veli.<\/p>","protected":false},"excerpt":{"rendered":"<p>Robban\u00e1sbiztos fordulatsz\u00e1mjelz\u0151 az ATEX 1. z\u00f3na sz\u00e1m\u00e1ra a PTM kever\u0151k fordulatsz\u00e1m\u00e1nak pontos ellen\u0151rz\u00e9s\u00e9re a maxim\u00e1lis folyamatbiztons\u00e1g \u00e9rdek\u00e9ben vesz\u00e9lyes gy\u00e1rt\u00e1si k\u00f6rnyezetben.<\/p>","protected":false},"featured_media":15410,"comment_status":"open","ping_status":"closed","template":"","meta":{"_acf_changed":false},"product_brand":[],"product_cat":[603,612,614,1421,595,596],"product_tag":[3111,3112,3113,3114,3115,3106,3107,3108,3109,3110],"class_list":{"0":"post-4016","1":"product","2":"type-product","3":"status-publish","4":"has-post-thumbnail","6":"product_cat-fassruehrwerke","7":"product_cat-kleingebinderuehrwerke","8":"product_cat-containerruehrwerke","9":"product_cat-zubehoer-ruehrwerkstechnik","10":"product_cat-ruehrwerkstechnik","11":"product_cat-laborruehrer","12":"product_tag-ruehrwerksanzeige-zone-1","13":"product_tag-drehzahlmessung-atex","14":"product_tag-prozessueberwachung-ruehrwerk","15":"product_tag-atex-drehzahlkontrolle","16":"product_tag-explosionsgeschuetztes-zubehoer-ruehrwerk","17":"product_tag-drehzahlanzeige-atex","18":"product_tag-atex-zone-1-anzeige","19":"product_tag-drehzahlueberwachung-ruehrwerk","20":"product_tag-explosionsgeschuetzte-anzeige","21":"product_tag-ptm-drehzahlanzeige","22":"product_shipping_class-karton-paketversand","24":"first","25":"instock","26":"taxable","27":"shipping-taxable","28":"purchasable","29":"product-type-simple"},"bundled_by":[],"bundle_stock_status":"instock","bundle_stock_quantity":null,"bundle_virtual":false,"bundle_layout":"","bundle_add_to_cart_form_location":"","bundle_editable_in_cart":false,"bundle_sold_individually_context":"","bundle_item_grouping":"","bundle_min_size":"","bundle_max_size":"","bundle_price":[],"bundled_items":[],"bundle_sell_ids":[],"exclude_global_add_ons":[],"addons":[],"acf":[],"_links":{"self":[{"href":"https:\/\/ptm-mechatronics.com\/hu\/wp-json\/wp\/v2\/product\/4016","targetHints":{"allow":["GET"]}}],"collection":[{"href":"https:\/\/ptm-mechatronics.com\/hu\/wp-json\/wp\/v2\/product"}],"about":[{"href":"https:\/\/ptm-mechatronics.com\/hu\/wp-json\/wp\/v2\/types\/product"}],"replies":[{"embeddable":true,"href":"https:\/\/ptm-mechatronics.com\/hu\/wp-json\/wp\/v2\/comments?post=4016"}],"wp:featuredmedia":[{"embeddable":true,"href":"https:\/\/ptm-mechatronics.com\/hu\/wp-json\/wp\/v2\/media\/15410"}],"wp:attachment":[{"href":"https:\/\/ptm-mechatronics.com\/hu\/wp-json\/wp\/v2\/media?parent=4016"}],"wp:term":[{"taxonomy":"product_brand","embeddable":true,"href":"https:\/\/ptm-mechatronics.com\/hu\/wp-json\/wp\/v2\/product_brand?post=4016"},{"taxonomy":"product_cat","embeddable":true,"href":"https:\/\/ptm-mechatronics.com\/hu\/wp-json\/wp\/v2\/product_cat?post=4016"},{"taxonomy":"product_tag","embeddable":true,"href":"https:\/\/ptm-mechatronics.com\/hu\/wp-json\/wp\/v2\/product_tag?post=4016"}],"curies":[{"name":"wp","href":"https:\/\/api.w.org\/{rel}","templated":true}]}}