{"id":3996,"date":"2024-02-07T17:44:43","date_gmt":"2024-02-07T17:44:43","guid":{"rendered":""},"modified":"2025-11-07T15:51:31","modified_gmt":"2025-11-07T14:51:31","slug":"deckel-ibc-light","status":"publish","type":"product","link":"https:\/\/ptm-mechatronics.com\/hu\/product\/deckel-ibc-light\/","title":{"rendered":"Fed\u00e9l IBC f\u00e9ny"},"content":{"rendered":"<p>Az eco-Light fed\u00e9llel a kever\u0151k egyszer\u0171en r\u00e1csavarozhat\u00f3k az IBC-kont\u00e9nerekre. Ez nagyon megk\u00f6nny\u00edti a kezel\u00e9st \u00e9s minimaliz\u00e1lja a s\u00falyt. A tart\u00e1ly a be\u00e9p\u00edtett t\u00f6m\u00edt\u00e9snek k\u00f6sz\u00f6nhet\u0151en l\u00e9gmentesen lez\u00e1rhat\u00f3.<\/p>","protected":false},"excerpt":{"rendered":"<p>Pecs\u00e9ttel ell\u00e1tott fed\u00e9l a kever\u0151 k\u00f6zvetlen\u00fcl a tart\u00e1ly ny\u00edl\u00e1s\u00e1ra t\u00f6rt\u00e9n\u0151 csavaroz\u00e1shoz<\/p>","protected":false},"featured_media":15401,"comment_status":"open","ping_status":"closed","template":"","meta":{"_acf_changed":false},"product_brand":[],"product_cat":[594,595,614],"product_tag":[],"class_list":{"0":"post-3996","1":"product","2":"type-product","3":"status-publish","4":"has-post-thumbnail","6":"product_cat-zubehoer","7":"product_cat-ruehrwerkstechnik","8":"product_cat-containerruehrwerke","9":"product_shipping_class-karton-paketversand","10":"pa_behaeltervolumen-ibc","11":"pa_geeignete-ibc-groessen-600-1200-liter","12":"pa_oeffnung-dn160-und-dn225","14":"first","15":"instock","16":"taxable","17":"shipping-taxable","18":"purchasable","19":"product-type-simple"},"bundled_by":["4330"],"bundle_stock_status":"instock","bundle_stock_quantity":null,"bundle_virtual":false,"bundle_layout":"","bundle_add_to_cart_form_location":"","bundle_editable_in_cart":false,"bundle_sold_individually_context":"","bundle_item_grouping":"","bundle_min_size":"","bundle_max_size":"","bundle_price":[],"bundled_items":[],"bundle_sell_ids":[],"exclude_global_add_ons":[],"addons":[],"acf":[],"_links":{"self":[{"href":"https:\/\/ptm-mechatronics.com\/hu\/wp-json\/wp\/v2\/product\/3996","targetHints":{"allow":["GET"]}}],"collection":[{"href":"https:\/\/ptm-mechatronics.com\/hu\/wp-json\/wp\/v2\/product"}],"about":[{"href":"https:\/\/ptm-mechatronics.com\/hu\/wp-json\/wp\/v2\/types\/product"}],"replies":[{"embeddable":true,"href":"https:\/\/ptm-mechatronics.com\/hu\/wp-json\/wp\/v2\/comments?post=3996"}],"wp:featuredmedia":[{"embeddable":true,"href":"https:\/\/ptm-mechatronics.com\/hu\/wp-json\/wp\/v2\/media\/15401"}],"wp:attachment":[{"href":"https:\/\/ptm-mechatronics.com\/hu\/wp-json\/wp\/v2\/media?parent=3996"}],"wp:term":[{"taxonomy":"product_brand","embeddable":true,"href":"https:\/\/ptm-mechatronics.com\/hu\/wp-json\/wp\/v2\/product_brand?post=3996"},{"taxonomy":"product_cat","embeddable":true,"href":"https:\/\/ptm-mechatronics.com\/hu\/wp-json\/wp\/v2\/product_cat?post=3996"},{"taxonomy":"product_tag","embeddable":true,"href":"https:\/\/ptm-mechatronics.com\/hu\/wp-json\/wp\/v2\/product_tag?post=3996"}],"curies":[{"name":"wp","href":"https:\/\/api.w.org\/{rel}","templated":true}]}}