{"id":3981,"date":"2024-02-07T17:44:42","date_gmt":"2024-02-07T17:44:42","guid":{"rendered":""},"modified":"2025-11-07T15:51:29","modified_gmt":"2025-11-07T14:51:29","slug":"deckel-eco-cap-30-fuer-30-liter-bzw-25-kg-hobbocks","status":"publish","type":"product","link":"https:\/\/ptm-mechatronics.com\/hu\/product\/deckel-eco-cap-30-fuer-30-liter-bzw-25-kg-hobbocks\/","title":{"rendered":"eco-Cap 30 fed\u00e9l 30 literes vagy 25 kg-os hobbockokhoz"},"content":{"rendered":"<h1 data-start=\"317\" data-end=\"393\"><span style=\"font-size: 75%;\"><span class=\"_fadeIn_m1hgl_8\">Rozsdamentes ac\u00e9l fed\u00e9l <\/span><span class=\"_fadeIn_m1hgl_8\">a  c\u00edmen <\/span><span class=\"_fadeIn_m1hgl_8\">Megtekint\u00e9s lap\u00e1t - <\/span><span class=\"_fadeIn_m1hgl_8\">biztons\u00e1gos, <\/span><span class=\"_fadeIn_m1hgl_8\">Rugalmas <\/span><span class=\"_fadeIn_m1hgl_8\">\u00e9s <\/span><span class=\"_fadeIn_m1hgl_8\">folyamatorient\u00e1lt<\/span><\/span><\/h1>\n<p data-start=\"395\" data-end=\"709\"><span class=\"_fadeIn_m1hgl_8\">A <\/span><span class=\"_fadeIn_m1hgl_8\">magas min\u0151s\u00e9g <\/span><span class=\"_fadeIn_m1hgl_8\">Fed\u00e9l <\/span><span class=\"_fadeIn_m1hgl_8\">a  c\u00edmr\u0151l <\/span><span class=\"_fadeIn_m1hgl_8\">V4A <\/span><span class=\"_fadeIn_m1hgl_8\">Rozsdamentes ac\u00e9l (<\/span><span class=\"_fadeIn_m1hgl_8\">1.4404)<\/span> <span class=\"_fadeIn_m1hgl_8\">volt <\/span><span class=\"_fadeIn_m1hgl_8\">k\u00fcl\u00f6n\u00f6sen a <\/span><span class=\"_fadeIn_m1hgl_8\">a  oldalon. <\/span><span class=\"_fadeIn_m1hgl_8\">a <\/span><span class=\"_fadeIn_m1hgl_8\">biztons\u00e1gos <\/span><span class=\"_fadeIn_m1hgl_8\">Bor\u00edt\u00f3 <\/span><span class=\"_fadeIn_m1hgl_8\">a  c\u00edmr\u0151l <\/span><span class=\"_fadeIn_m1hgl_8\">Hord\u00f3k <\/span><span class=\"_fadeIn_m1hgl_8\">\u00e9s <\/span><span class=\"_fadeIn_m1hgl_8\">kont\u00e9nerek <\/span><span class=\"_fadeIn_m1hgl_8\">a  c\u00edmen <\/span><span class=\"_fadeIn_m1hgl_8\">egy <\/span><span class=\"_fadeIn_m1hgl_8\">\u00c1tm\u00e9r\u0151 <\/span><span class=\"_fadeIn_m1hgl_8\">3-t\u00f3l<\/span><span class=\"_fadeIn_m1hgl_8\">00 <\/span><span class=\"_fadeIn_m1hgl_8\">legfeljebb 4<\/span><span class=\"_fadeIn_m1hgl_8\">00 mm<\/span> <span class=\"_fadeIn_m1hgl_8\">kifejlesztett. <\/span><span class=\"_fadeIn_m1hgl_8\">Az \u0151 <\/span><span class=\"_fadeIn_m1hgl_8\">robusztus <\/span><span class=\"_fadeIn_m1hgl_8\">\u00e9s <\/span><span class=\"_fadeIn_m1hgl_8\">higi\u00e9nikus <\/span><span class=\"_fadeIn_m1hgl_8\">\u00c9p\u00edt\u00e9si m\u00f3dszer <\/span><span class=\"_fadeIn_m1hgl_8\">a  honlapon tal\u00e1lhat\u00f3. <\/span><span class=\"_fadeIn_m1hgl_8\">\u0151t <\/span><span class=\"_fadeIn_m1hgl_8\">ide\u00e1lis <\/span><span class=\"_fadeIn_m1hgl_8\">a  oldalon. <\/span><span class=\"_fadeIn_m1hgl_8\">Alkalmaz\u00e1sok <\/span><span class=\"_fadeIn_m1hgl_8\">a  oldalon. <\/span><span class=\"_fadeIn_m1hgl_8\">a <\/span><span class=\"_fadeIn_m1hgl_8\">\u00c9tel.., <\/span><span class=\"_fadeIn_m1hgl_8\">Gy\u00f3gyszerek, <\/span><span class=\"_fadeIn_m1hgl_8\">Kozmetikumok <\/span><span class=\"_fadeIn_m1hgl_8\">\u00e9s <\/span><span class=\"_fadeIn_m1hgl_8\">Vegyipar<\/span><span class=\"_fadeIn_m1hgl_8\">.<\/span><\/p>\n<p data-start=\"711\" data-end=\"1189\"><span class=\"_fadeIn_m1hgl_8\">Felszerelt <\/span><span class=\"_fadeIn_m1hgl_8\">a  c\u00edmen <\/span><span class=\"_fadeIn_m1hgl_8\">k\u00e9t <\/span><span class=\"_fadeIn_m1hgl_8\">\u00e1ll\u00edthat\u00f3 <\/span><span class=\"_fadeIn_m1hgl_8\">Szor\u00edt\u00f3eszk\u00f6z\u00f6k<\/span><span class=\"_fadeIn_m1hgl_8\">, <\/span><span class=\"_fadeIn_m1hgl_8\">levelek <\/span><span class=\"_fadeIn_m1hgl_8\">maga <\/span><span class=\"_fadeIn_m1hgl_8\">a <\/span><span class=\"_fadeIn_m1hgl_8\">Fed\u00e9l <\/span><span class=\"_fadeIn_m1hgl_8\">gyors <\/span><span class=\"_fadeIn_m1hgl_8\">\u00e9s <\/span><span class=\"_fadeIn_m1hgl_8\">biztons\u00e1gos <\/span><span class=\"_fadeIn_m1hgl_8\">a  oldalon <\/span><span class=\"_fadeIn_m1hgl_8\">k\u00fcl\u00f6nb\u00f6z\u0151 <\/span><span class=\"_fadeIn_m1hgl_8\">Kont\u00e9nerm\u00e9retek <\/span><span class=\"_fadeIn_m1hgl_8\">fix - <\/span><span class=\"_fadeIn_m1hgl_8\">eg\u00e9sz <\/span><span class=\"_fadeIn_m1hgl_8\">n\u00e9lk\u00fcl <\/span><span class=\"_fadeIn_m1hgl_8\">Eszk\u00f6z. <\/span><span class=\"_fadeIn_m1hgl_8\">A <\/span><span class=\"_fadeIn_m1hgl_8\">k\u00fcl\u00f6nleges <\/span><span class=\"_fadeIn_m1hgl_8\">Kiemel\u00e9s <\/span><span class=\"_fadeIn_m1hgl_8\">a <\/span><span class=\"_fadeIn_m1hgl_8\">a <\/span><span class=\"_fadeIn_m1hgl_8\">integr\u00e1lt <\/span><span class=\"_fadeIn_m1hgl_8\">\u00bc-<\/span><span class=\"_fadeIn_m1hgl_8\">Megtekint\u00e9si lap\u00e1t <\/span><span class=\"_fadeIn_m1hgl_8\">a  c\u00edmen <\/span><span class=\"_fadeIn_m1hgl_8\">Biztons\u00e1gi r\u00e1cs<\/span><span class=\"_fadeIn_m1hgl_8\">, <\/span><span class=\"_fadeIn_m1hgl_8\">a <\/span><span class=\"_fadeIn_m1hgl_8\">egy <\/span><span class=\"_fadeIn_m1hgl_8\">biztons\u00e1gos <\/span><span class=\"_fadeIn_m1hgl_8\">vizu\u00e1lis <\/span><span class=\"_fadeIn_m1hgl_8\">Folyamatir\u00e1ny\u00edt\u00e1s <\/span><span class=\"_fadeIn_m1hgl_8\">lehet\u0151v\u00e9 tette, <\/span><span class=\"_fadeIn_m1hgl_8\">n\u00e9lk\u00fcl <\/span><span class=\"_fadeIn_m1hgl_8\">a <\/span><span class=\"_fadeIn_m1hgl_8\">Fed\u00e9l <\/span><span class=\"_fadeIn_m1hgl_8\">T\u00e1vol\u00edtsa el a <\/span><span class=\"_fadeIn_m1hgl_8\">a  c\u00edmre. <\/span><span class=\"_fadeIn_m1hgl_8\">kell. <\/span><span class=\"_fadeIn_m1hgl_8\">Teh\u00e1t <\/span><span class=\"_fadeIn_m1hgl_8\">hagyja <\/span><span class=\"_fadeIn_m1hgl_8\">maga <\/span><span class=\"_fadeIn_m1hgl_8\">Vegyes <\/span><span class=\"_fadeIn_m1hgl_8\">vagy <\/span><span class=\"_fadeIn_m1hgl_8\">Kever\u00e9si folyamatok <\/span><span class=\"_fadeIn_m1hgl_8\">k\u00e9nyelmes <\/span><span class=\"_fadeIn_m1hgl_8\">monitor, <\/span><span class=\"_fadeIn_m1hgl_8\">m\u00edg a <\/span><span class=\"_fadeIn_m1hgl_8\">egyidej\u0171leg <\/span><span class=\"_fadeIn_m1hgl_8\">a <\/span><span class=\"_fadeIn_m1hgl_8\">V\u00e9delem <\/span><span class=\"_fadeIn_m1hgl_8\">a  el\u0151tt <\/span><span class=\"_fadeIn_m1hgl_8\">mozgathat\u00f3 <\/span><span class=\"_fadeIn_m1hgl_8\">Megoszt\u00e1s <\/span><span class=\"_fadeIn_m1hgl_8\">garant\u00e1lt <\/span><span class=\"_fadeIn_m1hgl_8\">marad.<\/span><\/p>\n<p data-start=\"1191\" data-end=\"1222\"><span class=\"_fadeIn_m1hgl_8\">El\u0151ny\u00f6k <\/span><span class=\"_fadeIn_m1hgl_8\">a  oldalon <\/span><span class=\"_fadeIn_m1hgl_8\">egy <\/span><span class=\"_fadeIn_m1hgl_8\">N\u00e9zet:<\/span><\/p>\n<ul>\n<li data-start=\"1225\" data-end=\"1266\"><span class=\"_fadeIn_m1hgl_8\">A  c\u00edmr\u0151l <\/span><span class=\"_fadeIn_m1hgl_8\">magas min\u0151s\u00e9g <\/span><span class=\"_fadeIn_m1hgl_8\">V4A <\/span><span class=\"_fadeIn_m1hgl_8\">Rozsdamentes ac\u00e9l (<\/span><span class=\"_fadeIn_m1hgl_8\">1.4404)<\/span><\/li>\n<li data-start=\"1225\" data-end=\"1266\"><span class=\"_fadeIn_m1hgl_8\">Befog\u00e1si tartom\u00e1ny <\/span><span class=\"_fadeIn_m1hgl_8\">3 f\u0151 r\u00e9sz\u00e9re<\/span><span class=\"_fadeIn_m1hgl_8\">00-4<\/span><span class=\"_fadeIn_m1hgl_8\">00 mm <\/span><span class=\"_fadeIn_m1hgl_8\">\u00c1tm\u00e9r\u0151<\/span><\/li>\n<li data-start=\"1225\" data-end=\"1266\"><span class=\"_fadeIn_m1hgl_8\">K\u00e9t <\/span><span class=\"_fadeIn_m1hgl_8\">Szor\u00edt\u00f3eszk\u00f6z\u00f6k <\/span><span class=\"_fadeIn_m1hgl_8\">a  oldalon. <\/span><span class=\"_fadeIn_m1hgl_8\">szil\u00e1rd <\/span><span class=\"_fadeIn_m1hgl_8\">Stop<\/span><\/li>\n<li data-start=\"1225\" data-end=\"1266\"><span class=\"_fadeIn_m1hgl_8\">A  c\u00edmen <\/span><span class=\"_fadeIn_m1hgl_8\">integr\u00e1lt \u00bc-<\/span><span class=\"_fadeIn_m1hgl_8\">Megtekint\u00e9si lap\u00e1t<\/span><\/li>\n<li data-start=\"1225\" data-end=\"1266\"><span class=\"_fadeIn_m1hgl_8\">Biztons\u00e1gi r\u00e1cs <\/span><span class=\"_fadeIn_m1hgl_8\">a  oldalon. <\/span><span class=\"_fadeIn_m1hgl_8\">V\u00e9delem <\/span><span class=\"_fadeIn_m1hgl_8\">a  c\u00edmen <\/span><span class=\"_fadeIn_m1hgl_8\">fut\u00f3 <\/span><span class=\"_fadeIn_m1hgl_8\">M\u0171velet<\/span><\/li>\n<li data-start=\"1225\" data-end=\"1266\"><span class=\"_fadeIn_m1hgl_8\">Higi\u00e9niai <\/span><span class=\"_fadeIn_m1hgl_8\">\u00e9s <\/span><span class=\"_fadeIn_m1hgl_8\">k\u00f6nny\u0171 <\/span><span class=\"_fadeIn_m1hgl_8\">a  c\u00edmre. <\/span><span class=\"_fadeIn_m1hgl_8\">tiszta<\/span><\/li>\n<li data-start=\"1225\" data-end=\"1266\"><span class=\"_fadeIn_m1hgl_8\">Ide\u00e1lis <\/span><span class=\"_fadeIn_m1hgl_8\">a  oldalon. <\/span><span class=\"_fadeIn_m1hgl_8\">Termel\u00e9s, <\/span><span class=\"_fadeIn_m1hgl_8\">Laborat\u00f3rium <\/span><span class=\"_fadeIn_m1hgl_8\">\u00e9s <\/span><span class=\"_fadeIn_m1hgl_8\">Kever\u00e9si folyamatok<\/span><\/li>\n<li data-start=\"1225\" data-end=\"1266\"><span class=\"_fadeIn_m1hgl_8\">Szerel\u00e9s <\/span><span class=\"_fadeIn_m1hgl_8\">a  oldalon. <\/span><span class=\"_fadeIn_m1hgl_8\">k\u00fcl\u00f6nb\u00f6z\u0151 <\/span><span class=\"_fadeIn_m1hgl_8\">Hord\u00f3 <\/span><span class=\"_fadeIn_m1hgl_8\">\u00e9s <\/span><span class=\"_fadeIn_m1hgl_8\">Kont\u00e9nerm\u00e9retek<\/span><\/li>\n<\/ul>","protected":false},"excerpt":{"rendered":"<p><span class=\"_fadeIn_m1hgl_8\">V4A-<\/span><span class=\"_fadeIn_m1hgl_8\">Rozsdamentes ac\u00e9l fed\u00e9l <\/span><span class=\"_fadeIn_m1hgl_8\">a  c\u00edmen <\/span><span class=\"_fadeIn_m1hgl_8\">Szor\u00edt\u00f3eszk\u00f6z <\/span><span class=\"_fadeIn_m1hgl_8\">a  oldalon. <\/span><span class=\"_fadeIn_m1hgl_8\">Hord\u00f3k <\/span><span class=\"_fadeIn_m1hgl_8\">3<\/span><span class=\"_fadeIn_m1hgl_8\">00-4<\/span><span class=\"_fadeIn_m1hgl_8\">00 mm <\/span><span class=\"_fadeIn_m1hgl_8\">\u00e1tm\u00e9r\u0151j\u0171 (130 literes vagy 25 kg-os hobbockok),<\/span><span class=\"_fadeIn_m1hgl_8\"> a  c\u00edmen <\/span><span class=\"_fadeIn_m1hgl_8\">integr\u00e1lt \u00bc-<\/span><span class=\"_fadeIn_m1hgl_8\">Megtekint\u00e9si lap\u00e1t <\/span><span class=\"_fadeIn_m1hgl_8\">a  c\u00edmen <\/span><span class=\"_fadeIn_m1hgl_8\">Biztons\u00e1gi r\u00e1cs <\/span><span class=\"_fadeIn_m1hgl_8\">a <\/span><span class=\"_fadeIn_m1hgl_8\">biztons\u00e1gos <\/span><span class=\"_fadeIn_m1hgl_8\">Folyamatfigyel\u00e9s.<\/span><\/p>","protected":false},"featured_media":15398,"comment_status":"open","ping_status":"closed","template":"","meta":{"_acf_changed":false},"product_brand":[],"product_cat":[594,595,612],"product_tag":[],"class_list":{"0":"post-3981","1":"product","2":"type-product","3":"status-publish","4":"has-post-thumbnail","6":"product_cat-zubehoer","7":"product_cat-ruehrwerkstechnik","8":"product_cat-kleingebinderuehrwerke","9":"product_shipping_class-karton-paketversand","10":"pa_behaeltervolumen-30-liter","11":"pa_mgl-fassdurchmesser-300-400mm","13":"first","14":"instock","15":"taxable","16":"shipping-taxable","17":"purchasable","18":"product-type-simple"},"bundled_by":["4331"],"bundle_stock_status":"instock","bundle_stock_quantity":null,"bundle_virtual":false,"bundle_layout":"","bundle_add_to_cart_form_location":"","bundle_editable_in_cart":false,"bundle_sold_individually_context":"","bundle_item_grouping":"","bundle_min_size":"","bundle_max_size":"","bundle_price":[],"bundled_items":[],"bundle_sell_ids":[],"exclude_global_add_ons":[],"addons":[],"acf":[],"_links":{"self":[{"href":"https:\/\/ptm-mechatronics.com\/hu\/wp-json\/wp\/v2\/product\/3981","targetHints":{"allow":["GET"]}}],"collection":[{"href":"https:\/\/ptm-mechatronics.com\/hu\/wp-json\/wp\/v2\/product"}],"about":[{"href":"https:\/\/ptm-mechatronics.com\/hu\/wp-json\/wp\/v2\/types\/product"}],"replies":[{"embeddable":true,"href":"https:\/\/ptm-mechatronics.com\/hu\/wp-json\/wp\/v2\/comments?post=3981"}],"wp:featuredmedia":[{"embeddable":true,"href":"https:\/\/ptm-mechatronics.com\/hu\/wp-json\/wp\/v2\/media\/15398"}],"wp:attachment":[{"href":"https:\/\/ptm-mechatronics.com\/hu\/wp-json\/wp\/v2\/media?parent=3981"}],"wp:term":[{"taxonomy":"product_brand","embeddable":true,"href":"https:\/\/ptm-mechatronics.com\/hu\/wp-json\/wp\/v2\/product_brand?post=3981"},{"taxonomy":"product_cat","embeddable":true,"href":"https:\/\/ptm-mechatronics.com\/hu\/wp-json\/wp\/v2\/product_cat?post=3981"},{"taxonomy":"product_tag","embeddable":true,"href":"https:\/\/ptm-mechatronics.com\/hu\/wp-json\/wp\/v2\/product_tag?post=3981"}],"curies":[{"name":"wp","href":"https:\/\/api.w.org\/{rel}","templated":true}]}}