{"id":3977,"date":"2024-02-07T17:44:42","date_gmt":"2024-02-07T17:44:42","guid":{"rendered":""},"modified":"2025-11-27T16:32:24","modified_gmt":"2025-11-27T15:32:24","slug":"traverse-ibc-container","status":"publish","type":"product","link":"https:\/\/ptm-mechatronics.com\/hu\/product\/traverse-ibc-container\/","title":{"rendered":"Traverse IBC kont\u00e9ner"},"content":{"rendered":"<p>A keresztr\u00fad kiv\u00e1l\u00f3 min\u0151s\u00e9g\u0171 V4A rozsdamentes ac\u00e9lb\u00f3l 1.4404 k\u00e9sz\u00fcl. K\u00e9t szor\u00edt\u00f3szerkezettel rendelkezik az IBC-kont\u00e9nerhez val\u00f3 biztons\u00e1gos r\u00f6gz\u00edt\u00e9shez. Teljesen lefedi a DN160-as \u00e9s 225-\u00f6s ny\u00edl\u00e1sokat. A keresztr\u00fad mindk\u00e9t oldal\u00e1n k\u00e9t t\u00e1maszt\u00f3 horonnyal rendelkezik. A bels\u0151 tart\u00f3hornyot (750 mm t\u00e1vols\u00e1gban) 300, 600 \u00e9s 800 literes IBC-khez, a k\u00fcls\u0151 hornyot (960 mm t\u00e1vols\u00e1gban) 1000 \u00e9s 1200 literes IBC-khez tervezt\u00e9k. Ez a keresztr\u00fad teh\u00e1t az \u00f6sszes szabv\u00e1nyos IBC-kont\u00e9nert lefedi.<\/p>","protected":false},"excerpt":{"rendered":"<p>Kiv\u00e1l\u00f3 min\u0151s\u00e9g\u0171 V4A rozsdamentes ac\u00e9lb\u00f3l k\u00e9sz\u00fclt keresztr\u00fad 1.4404 IBC kont\u00e9nerekhez<\/p>","protected":false},"featured_media":15396,"comment_status":"open","ping_status":"closed","template":"","meta":{"_acf_changed":false},"product_brand":[],"product_cat":[594,595,614],"product_tag":[],"class_list":{"0":"post-3977","1":"product","2":"type-product","3":"status-publish","4":"has-post-thumbnail","6":"product_cat-zubehoer","7":"product_cat-ruehrwerkstechnik","8":"product_cat-containerruehrwerke","9":"product_shipping_class-karton-paketversand","10":"pa_auflageabstand-gross-960mm","11":"pa_auflageabstand-klein-750mm","12":"pa_behaeltervolumen-ibc","13":"pa_breite-290mm","14":"pa_laenge-1020mm","16":"first","17":"instock","18":"taxable","19":"shipping-taxable","20":"purchasable","21":"product-type-simple"},"bundled_by":["4330"],"bundle_stock_status":"instock","bundle_stock_quantity":null,"bundle_virtual":false,"bundle_layout":"","bundle_add_to_cart_form_location":"","bundle_editable_in_cart":false,"bundle_sold_individually_context":"","bundle_item_grouping":"","bundle_min_size":"","bundle_max_size":"","bundle_price":[],"bundled_items":[],"bundle_sell_ids":[],"exclude_global_add_ons":[],"addons":[],"acf":[],"_links":{"self":[{"href":"https:\/\/ptm-mechatronics.com\/hu\/wp-json\/wp\/v2\/product\/3977","targetHints":{"allow":["GET"]}}],"collection":[{"href":"https:\/\/ptm-mechatronics.com\/hu\/wp-json\/wp\/v2\/product"}],"about":[{"href":"https:\/\/ptm-mechatronics.com\/hu\/wp-json\/wp\/v2\/types\/product"}],"replies":[{"embeddable":true,"href":"https:\/\/ptm-mechatronics.com\/hu\/wp-json\/wp\/v2\/comments?post=3977"}],"wp:featuredmedia":[{"embeddable":true,"href":"https:\/\/ptm-mechatronics.com\/hu\/wp-json\/wp\/v2\/media\/15396"}],"wp:attachment":[{"href":"https:\/\/ptm-mechatronics.com\/hu\/wp-json\/wp\/v2\/media?parent=3977"}],"wp:term":[{"taxonomy":"product_brand","embeddable":true,"href":"https:\/\/ptm-mechatronics.com\/hu\/wp-json\/wp\/v2\/product_brand?post=3977"},{"taxonomy":"product_cat","embeddable":true,"href":"https:\/\/ptm-mechatronics.com\/hu\/wp-json\/wp\/v2\/product_cat?post=3977"},{"taxonomy":"product_tag","embeddable":true,"href":"https:\/\/ptm-mechatronics.com\/hu\/wp-json\/wp\/v2\/product_tag?post=3977"}],"curies":[{"name":"wp","href":"https:\/\/api.w.org\/{rel}","templated":true}]}}