{"id":3969,"date":"2024-02-07T17:44:42","date_gmt":"2024-02-07T17:44:42","guid":{"rendered":""},"modified":"2025-11-07T15:51:28","modified_gmt":"2025-11-07T14:51:28","slug":"traverse-fuer-30-100-liter-fass","status":"publish","type":"product","link":"https:\/\/ptm-mechatronics.com\/hu\/product\/traverse-fuer-30-100-liter-fass\/","title":{"rendered":"Traverz 30-100 literes hord\u00f3hoz"},"content":{"rendered":"<p>A keresztr\u00fad kiv\u00e1l\u00f3 min\u0151s\u00e9g\u0171 V4A rozsdamentes ac\u00e9lb\u00f3l 1.4404 k\u00e9sz\u00fcl. K\u00e9t szor\u00edt\u00f3szerkezettel rendelkezik a dobhoz val\u00f3 biztons\u00e1gos r\u00f6gz\u00edt\u00e9shez. A rugalmas r\u00f6gz\u00edt\u0151eszk\u00f6z\u00f6knek k\u00f6sz\u00f6nhet\u0151en az emel\u0151gerenda 300 \u00e9s 490 mm k\u00f6z\u00f6tti \u00e1tm\u00e9r\u0151j\u0171 dobokhoz \u00e1ll\u00edthat\u00f3.<\/p>","protected":false},"excerpt":{"rendered":"<p>Kiv\u00e1l\u00f3 min\u0151s\u00e9g\u0171 V4A rozsdamentes ac\u00e9lb\u00f3l k\u00e9sz\u00fclt keresztgerenda 1.4404 30-100 literes hord\u00f3khoz<\/p>","protected":false},"featured_media":15394,"comment_status":"open","ping_status":"closed","template":"","meta":{"_acf_changed":false},"product_brand":[],"product_cat":[594,595,603,612],"product_tag":[],"class_list":{"0":"post-3969","1":"product","2":"type-product","3":"status-publish","4":"has-post-thumbnail","6":"product_cat-zubehoer","7":"product_cat-ruehrwerkstechnik","8":"product_cat-fassruehrwerke","9":"product_cat-kleingebinderuehrwerke","10":"product_shipping_class-karton-paketversand","11":"pa_behaeltervolumen-60-liter","12":"pa_behaeltervolumen-30-liter","13":"pa_behaeltervolumen-100-liter","14":"pa_breite-120mm","15":"pa_hoehe-20mm","16":"pa_laenge-500mm","17":"pa_mgl-fassdurchmesser-300-490mm","19":"first","20":"instock","21":"taxable","22":"shipping-taxable","23":"purchasable","24":"product-type-simple"},"bundled_by":["4312","4331"],"bundle_stock_status":"instock","bundle_stock_quantity":null,"bundle_virtual":false,"bundle_layout":"","bundle_add_to_cart_form_location":"","bundle_editable_in_cart":false,"bundle_sold_individually_context":"","bundle_item_grouping":"","bundle_min_size":"","bundle_max_size":"","bundle_price":[],"bundled_items":[],"bundle_sell_ids":[],"exclude_global_add_ons":[],"addons":[],"acf":[],"_links":{"self":[{"href":"https:\/\/ptm-mechatronics.com\/hu\/wp-json\/wp\/v2\/product\/3969","targetHints":{"allow":["GET"]}}],"collection":[{"href":"https:\/\/ptm-mechatronics.com\/hu\/wp-json\/wp\/v2\/product"}],"about":[{"href":"https:\/\/ptm-mechatronics.com\/hu\/wp-json\/wp\/v2\/types\/product"}],"replies":[{"embeddable":true,"href":"https:\/\/ptm-mechatronics.com\/hu\/wp-json\/wp\/v2\/comments?post=3969"}],"wp:featuredmedia":[{"embeddable":true,"href":"https:\/\/ptm-mechatronics.com\/hu\/wp-json\/wp\/v2\/media\/15394"}],"wp:attachment":[{"href":"https:\/\/ptm-mechatronics.com\/hu\/wp-json\/wp\/v2\/media?parent=3969"}],"wp:term":[{"taxonomy":"product_brand","embeddable":true,"href":"https:\/\/ptm-mechatronics.com\/hu\/wp-json\/wp\/v2\/product_brand?post=3969"},{"taxonomy":"product_cat","embeddable":true,"href":"https:\/\/ptm-mechatronics.com\/hu\/wp-json\/wp\/v2\/product_cat?post=3969"},{"taxonomy":"product_tag","embeddable":true,"href":"https:\/\/ptm-mechatronics.com\/hu\/wp-json\/wp\/v2\/product_tag?post=3969"}],"curies":[{"name":"wp","href":"https:\/\/api.w.org\/{rel}","templated":true}]}}