{"id":3961,"date":"2024-02-07T17:44:42","date_gmt":"2024-02-07T17:44:42","guid":{"rendered":""},"modified":"2026-02-03T10:32:55","modified_gmt":"2026-02-03T09:32:55","slug":"luftversorgungsmodul-mit-absperrventil-filterregler-und-manometer-fuer-ptm-ruehrwerksantriebe","status":"publish","type":"product","link":"https:\/\/ptm-mechatronics.com\/hu\/product\/luftversorgungsmodul-mit-absperrventil-filterregler-und-manometer-fuer-ptm-ruehrwerksantriebe\/","title":{"rendered":"Leveg\u0151ell\u00e1t\u00f3 modul elz\u00e1r\u00f3szeleppel, sz\u0171r\u0151szab\u00e1lyoz\u00f3val \u00e9s nyom\u00e1sm\u00e9r\u0151vel a PTM kever\u0151hajt\u00e1sokhoz"},"content":{"rendered":"<p>A leveg\u0151ell\u00e1t\u00f3 modul tartalmazza a kever\u0151hajt\u00e1s s\u0171r\u00edtettleveg\u0151-rendszerhez val\u00f3 csatlakoztat\u00e1s\u00e1hoz sz\u00fcks\u00e9ges \u00f6sszes alkatr\u00e9szt: t\u00f6ml\u0151szettet, elz\u00e1r\u00f3szelepet \u00e9s sz\u0171r\u0151vel ell\u00e1tott karbantart\u00f3 egys\u00e9get. Ez biztos\u00edtja a megb\u00edzhat\u00f3 s\u0171r\u00edtettleveg\u0151-ell\u00e1t\u00e1st a s\u0171r\u00edtettleveg\u0151-rendszerb\u0151l a kever\u0151hajt\u00e1shoz, \u00e9s hossz\u00fa \u00e9lettartamot biztos\u00edt.<\/p>","protected":false},"excerpt":{"rendered":"<p>Leveg\u0151ell\u00e1t\u00f3 modul sz\u0171r\u0151szab\u00e1lyoz\u00f3val, nyom\u00e1sm\u00e9r\u0151vel, elz\u00e1r\u00f3szeleppel, s\u0171r\u00edtett leveg\u0151s csatlakoz\u00f3 dug\u00f3val PTM kever\u0151kh\u00f6z<\/p>","protected":false},"featured_media":15392,"comment_status":"open","ping_status":"closed","template":"","meta":{"_acf_changed":false},"product_brand":[],"product_cat":[595,603,614,1421],"product_tag":[],"class_list":{"0":"post-3961","1":"product","2":"type-product","3":"status-publish","4":"has-post-thumbnail","6":"product_cat-ruehrwerkstechnik","7":"product_cat-fassruehrwerke","8":"product_cat-containerruehrwerke","9":"product_cat-zubehoer-ruehrwerkstechnik","10":"product_shipping_class-karton-paketversand","11":"pa_filter-5m","12":"pa_schnellkupplung-nw7","14":"first","15":"instock","16":"taxable","17":"shipping-taxable","18":"purchasable","19":"product-type-simple"},"bundled_by":[],"bundle_stock_status":"instock","bundle_stock_quantity":null,"bundle_virtual":false,"bundle_layout":"","bundle_add_to_cart_form_location":"","bundle_editable_in_cart":false,"bundle_sold_individually_context":"","bundle_item_grouping":"","bundle_min_size":"","bundle_max_size":"","bundle_price":[],"bundled_items":[],"bundle_sell_ids":[],"exclude_global_add_ons":[],"addons":[],"acf":[],"_links":{"self":[{"href":"https:\/\/ptm-mechatronics.com\/hu\/wp-json\/wp\/v2\/product\/3961","targetHints":{"allow":["GET"]}}],"collection":[{"href":"https:\/\/ptm-mechatronics.com\/hu\/wp-json\/wp\/v2\/product"}],"about":[{"href":"https:\/\/ptm-mechatronics.com\/hu\/wp-json\/wp\/v2\/types\/product"}],"replies":[{"embeddable":true,"href":"https:\/\/ptm-mechatronics.com\/hu\/wp-json\/wp\/v2\/comments?post=3961"}],"wp:featuredmedia":[{"embeddable":true,"href":"https:\/\/ptm-mechatronics.com\/hu\/wp-json\/wp\/v2\/media\/15392"}],"wp:attachment":[{"href":"https:\/\/ptm-mechatronics.com\/hu\/wp-json\/wp\/v2\/media?parent=3961"}],"wp:term":[{"taxonomy":"product_brand","embeddable":true,"href":"https:\/\/ptm-mechatronics.com\/hu\/wp-json\/wp\/v2\/product_brand?post=3961"},{"taxonomy":"product_cat","embeddable":true,"href":"https:\/\/ptm-mechatronics.com\/hu\/wp-json\/wp\/v2\/product_cat?post=3961"},{"taxonomy":"product_tag","embeddable":true,"href":"https:\/\/ptm-mechatronics.com\/hu\/wp-json\/wp\/v2\/product_tag?post=3961"}],"curies":[{"name":"wp","href":"https:\/\/api.w.org\/{rel}","templated":true}]}}