{"id":3952,"date":"2024-02-07T17:44:42","date_gmt":"2024-02-07T17:44:42","guid":{"rendered":""},"modified":"2025-11-07T15:51:25","modified_gmt":"2025-11-07T14:51:25","slug":"drehzahlsensor-namur-3-leiter","status":"publish","type":"product","link":"https:\/\/ptm-mechatronics.com\/hu\/product\/drehzahlsensor-namur-3-leiter\/","title":{"rendered":"Sebess\u00e9g\u00e9rz\u00e9kel\u0151 NAMUR 3 vezet\u00e9kes, 5 m-es k\u00e1bellel, IP68, ATEX II 3GD 2. z\u00f3na;22"},"content":{"rendered":"<p data-start=\"182\" data-end=\"257\">NAMUR sebess\u00e9g\u00e9rz\u00e9kel\u0151 - pontos, robusztus, ATEX-tan\u00fas\u00edtv\u00e1ny a 2\/22-es z\u00f3n\u00e1hoz<\/p>\n<p data-start=\"259\" data-end=\"632\">A NAMUR 3 vezet\u00e9kes sebess\u00e9g\u00e9rz\u00e9kel\u0151t 5 m csatlakoz\u00f3k\u00e1bellel, IP68 v\u00e9detts\u00e9gi oszt\u00e1llyal \u00e9s II 3GD ATEX j\u00f3v\u00e1hagy\u00e1ssal kifejezetten a 2. \u00e9s 22. z\u00f3na robban\u00e1svesz\u00e9lyes l\u00e9gter\u00e9ben t\u00f6rt\u00e9n\u0151 haszn\u00e1latra tervezt\u00e9k. Megb\u00edzhat\u00f3, folyamatos sebess\u00e9gfel\u00fcgyeletet tesz lehet\u0151v\u00e9 ipari alkalmaz\u00e1sokban, p\u00e9ld\u00e1ul hajt\u00e1stechnik\u00e1ban, kever\u0151rendszerekben \u00e9s sz\u00e1ll\u00edt\u00f3rendszerekben.<\/p>\n<p data-start=\"634\" data-end=\"999\">A h\u00e1romvezet\u00e9kes NAMUR-technol\u00f3gi\u00e1nak k\u00f6sz\u00f6nhet\u0151en az \u00e9rz\u00e9kel\u0151 z\u00f6kken\u0151mentesen integr\u00e1lhat\u00f3 a megl\u00e9v\u0151 vez\u00e9rl\u00e9si koncepci\u00f3kba, \u00e9s pontos jeleket szolg\u00e1ltat a folyamatszab\u00e1lyoz\u00e1shoz. Az IP68 tan\u00fas\u00edtv\u00e1nnyal rendelkez\u0151 robusztus h\u00e1z megb\u00edzhat\u00f3 v\u00e9delmet ny\u00fajt a por \u00e9s a v\u00edz ellen - ide\u00e1lis az ig\u00e9nyes k\u00f6rnyezetekhez a folyamattechnika, az \u00e9lelmiszer-, a vegyipar \u00e9s a gy\u00f3gyszeripar ter\u00fclet\u00e9n.<\/p>\n<p data-start=\"1001\" data-end=\"1272\">Az 5 m hossz\u00fa k\u00e1bellel az \u00e9rz\u00e9kel\u0151 rugalmasan felszerelhet\u0151, \u00e9s ide\u00e1lis a PTM l\u00e9gmotorokkal \u00e9s meghajt\u00e1si rendszerekkel val\u00f3 kombin\u00e1l\u00e1shoz. Az \u00e9rz\u00e9kel\u0151 megfelel a forg\u00f3mozg\u00e1s hossz\u00fa t\u00e1v\u00fa, biztons\u00e1gos \u00e9s alacsony karbantart\u00e1si ig\u00e9ny\u0171 ellen\u0151rz\u00e9s\u00e9nek minden k\u00f6vetelm\u00e9ny\u00e9nek.<\/p>","protected":false},"excerpt":{"rendered":"<p>A robusztus NAMUR sebess\u00e9g\u00e9rz\u00e9kel\u0151 3 vezet\u00e9kes technol\u00f3gi\u00e1val, 5 m-es k\u00e1bellel, IP68 v\u00e9detts\u00e9ggel \u00e9s ATEX j\u00f3v\u00e1hagy\u00e1ssal a 2\/22-es z\u00f3n\u00e1ra lehet\u0151v\u00e9 teszi a pontos \u00e9s biztons\u00e1gos sebess\u00e9gfel\u00fcgyeletet robban\u00e1svesz\u00e9lyes ipari k\u00f6rnyezetben.<\/p>","protected":false},"featured_media":15390,"comment_status":"open","ping_status":"closed","template":"","meta":{"_acf_changed":false},"product_brand":[],"product_cat":[428,1421,594,595,1906],"product_tag":[2998,2999,3000,3001,3002,3003,3004,3005,2995,3006,2996,2997],"class_list":{"0":"post-3952","1":"product","2":"type-product","3":"status-publish","4":"has-post-thumbnail","6":"product_cat-antriebstechnik","7":"product_cat-zubehoer-ruehrwerkstechnik","8":"product_cat-zubehoer","9":"product_cat-ruehrwerkstechnik","10":"product_cat-zubehoer-druckluftmotor","11":"product_tag-zone-0-20-sensor","12":"product_tag-ip68-sensor","13":"product_tag-explosionsgeschuetzter-drehzahlsensor","14":"product_tag-namur-signalgeber","15":"product_tag-drehzahlueberwachung-atex","16":"product_tag-sensor-mit-5m-kabel","17":"product_tag-namur-sensor-zone-0","18":"product_tag-ptm-drehzahlsensor","19":"product_tag-drehzahlsensor-namur","20":"product_tag-namur-messwertgeber","21":"product_tag-namur-sensor-3-leiter","22":"product_tag-atex-drehzahlsensor","23":"product_shipping_class-karton-paketversand","24":"pa_anzahl-leiter-732","25":"pa_art-namur","26":"pa_atex-gas-ex-ll-3g-eex-na-iic-t6-x","27":"pa_atex-staub-ex-ii-3d-ip67-t80c-x","28":"pa_gewinde-m8x1","29":"pa_kabellaenge-5m","30":"pa_schutzart-ip68","31":"pa_spannung-7--30-vdc","33":"first","34":"instock","35":"taxable","36":"shipping-taxable","37":"purchasable","38":"product-type-simple"},"bundled_by":["4335","4344","4345"],"bundle_stock_status":"instock","bundle_stock_quantity":null,"bundle_virtual":false,"bundle_layout":"","bundle_add_to_cart_form_location":"","bundle_editable_in_cart":false,"bundle_sold_individually_context":"","bundle_item_grouping":"","bundle_min_size":"","bundle_max_size":"","bundle_price":[],"bundled_items":[],"bundle_sell_ids":[],"exclude_global_add_ons":[],"addons":[],"acf":[],"_links":{"self":[{"href":"https:\/\/ptm-mechatronics.com\/hu\/wp-json\/wp\/v2\/product\/3952","targetHints":{"allow":["GET"]}}],"collection":[{"href":"https:\/\/ptm-mechatronics.com\/hu\/wp-json\/wp\/v2\/product"}],"about":[{"href":"https:\/\/ptm-mechatronics.com\/hu\/wp-json\/wp\/v2\/types\/product"}],"replies":[{"embeddable":true,"href":"https:\/\/ptm-mechatronics.com\/hu\/wp-json\/wp\/v2\/comments?post=3952"}],"wp:featuredmedia":[{"embeddable":true,"href":"https:\/\/ptm-mechatronics.com\/hu\/wp-json\/wp\/v2\/media\/15390"}],"wp:attachment":[{"href":"https:\/\/ptm-mechatronics.com\/hu\/wp-json\/wp\/v2\/media?parent=3952"}],"wp:term":[{"taxonomy":"product_brand","embeddable":true,"href":"https:\/\/ptm-mechatronics.com\/hu\/wp-json\/wp\/v2\/product_brand?post=3952"},{"taxonomy":"product_cat","embeddable":true,"href":"https:\/\/ptm-mechatronics.com\/hu\/wp-json\/wp\/v2\/product_cat?post=3952"},{"taxonomy":"product_tag","embeddable":true,"href":"https:\/\/ptm-mechatronics.com\/hu\/wp-json\/wp\/v2\/product_tag?post=3952"}],"curies":[{"name":"wp","href":"https:\/\/api.w.org\/{rel}","templated":true}]}}